{"id":18868,"date":"2014-03-20T17:03:19","date_gmt":"2014-03-20T21:03:19","guid":{"rendered":"https:\/\/martinluther.ca\/?page_id=18868"},"modified":"2026-04-10T20:32:00","modified_gmt":"2026-04-11T00:32:00","slug":"ueber-uns","status":"publish","type":"page","link":"https:\/\/martinluther.ca\/de\/ueber-uns\/","title":{"rendered":"\u00dcber uns"},"content":{"rendered":"<p><img loading=\"lazy\" decoding=\"async\" class=\"alignright size-medium wp-image-19991\" src=\"https:\/\/martinluther.ca\/wp-content\/uploads\/2014\/11\/2013-Martin-Luther-Lutheran-Church-sidewalk-300x225.jpg\" alt=\"Geb\u00e4ude Martin Luther Evangelische Kirche Toronto\" width=\"300\" height=\"225\" srcset=\"https:\/\/martinluther.ca\/wp-content\/uploads\/2014\/11\/2013-Martin-Luther-Lutheran-Church-sidewalk-300x225.jpg 300w, https:\/\/martinluther.ca\/wp-content\/uploads\/2014\/11\/2013-Martin-Luther-Lutheran-Church-sidewalk-1024x768.jpg 1024w\" sizes=\"auto, (max-width: 300px) 100vw, 300px\" \/><\/p>\n<p><span style=\"font-size: 18px;\"><strong>Lutheraner am See, Glauben feiern, Menschen dienen und inspirieren<\/strong><\/span><\/p>\n<p>Die Gemeinde wurde von deutschsprachigen Einwanderern aus Europa gegr\u00fcndet.<\/p>\n<p>Wir sind eine zweisprachige lutherische Gemeinde, die der kanadischen und deutschen Gemeinde in Toronto dient. Wir unterst\u00fctzen auch eine Tagesbetreuung f\u00fcr 72 Kinder und sind stolz darauf, viele ausgezeichnete Beziehungen zu Organisationen und Kirchen in der Gegend zu haben. Wir sind Teil der <strong>Evangelical Lutheran Church in Canada (ELCIC)<\/strong> und der <strong>Evangelischen Kirche Deutschlands (EKD). <\/strong><\/p>\n<p>Wir haben jeden Sonntag eine <strong>Radioandacht<\/strong> in deutscher Sprache auf einem multikulturellen Radiosender AM530 und <strong>Gottesdienste<\/strong> in deutscher Sprache um 11:00 Uhr und in englischer Sprache um 9:45 Uhr.<\/p>\n<p>Unser Fokus liegt auf dem Sonntagsgottesdienst, bei dem wir Gott mit Gebet und Liedern auf Deutsch und Englisch preisen. Das Heilige Abendmahl wird jeden dritten Sonntag im Monat gefeiert, sofern nicht anders angegeben ist.<\/p>\n<p>Wir veranstalten Sonntagsschule jeden zweiten Sonntag. Die lutherischen Gottesdienste drehen sich um das Wort Gottes und werden durch Musik mit Energie versorgt. Sie dr\u00fccken den Glauben an die Sprache der Menschen aus.<\/p>\n<p>Wir glauben, dass Anbetung, Studium und Bildung wichtig sind, um unseren pers\u00f6nlichen Glauben zu entwickeln. Unsere starke kirchliche Gemeinschaft unterst\u00fctzt alle, w\u00e4hrend wir unseren Glauben st\u00e4rken. Wir glauben auch, dass Gemeinschaft und Versammlungszeiten wichtig sind, um zu lernen oder einfach Spa\u00df zu haben. Wir sind eine mittelgro\u00dfe Gemeinde, die viele Gelegenheiten bietet, Menschen die M\u00f6glichkeit zu geben, zu feiern, zu dienen und sich inspirieren zu lassen. Die Gemeinde besteht seit Generationen aus Mitgliedern, die weit verstreut im Gro\u00dfraum Toronto leben.<\/p>\n<p><strong>Gottesdienst<\/strong><\/p>\n<p>Sonntags versammeln wir uns, um traditionelle Hymnen und zeitgen\u00f6ssische Lieder zu singen oder zu h\u00f6ren, w\u00e4hrend wir uns versammeln, um Gott zu preisen. Wir h\u00f6ren auf das Wort Gottes, das in den heiligen Schriften und in der Predigt dargelegt wird. Wir bringen unsere Gaben zu Gott und empfangen Gottes Geschenk der Heiligen Kommunion. Einmal im Monat findet ein spezieller zweisprachiger gemeinsamer Gottesdienst statt. W\u00e4hrend der Fastenzeit und zu besonderen Anl\u00e4ssen werden auch Dienstleistungen zur Wochenmitte angeboten. Wir bieten auch Hochzeiten, Konfirmationen, Taufen, Familienfeiern, Urlaubsproduktionen und mehr an.<\/p>\n<p><strong>\u00dcber Lutheraner<\/strong><br \/>\nMartin Luther, ein deutscher M\u00f6nch und Theologe, nach dem unsere Gemeinde benannt ist, war ein bedeutender F\u00fchrer der protestantischen Reformation in der Reformation des 15. Jahrhunderts. Er ist eine der Hauptfiguren des Christentums und hatte einen gro\u00dfen Einfluss auf die Entwicklung der westlichen Gesellschaft, n\u00e4mlich die Einf\u00fchrung der Demokratie.<\/p>\n<p>F\u00fcr eine Zusammenfassung aus historischer Perspektive siehe Encyclopaedia Britannica <a href=\"https:\/\/www.britannica.com\/biography\/Martin-Luther\" target=\"_blank\" rel=\"noopener\">https:\/\/www.britannica.com\/biography\/Martin-Luther<\/a>\u00a0 (in Englisch)<\/p>\n<p><strong>Filme:<\/strong><br \/>\n&#8222;Luther&#8220; (in Deutsch; Englische Version auf der Englischen Seite) <a href=\"https:\/\/youtu.be\/INhzjwkNwjg\" target=\"_blank\" rel=\"noopener\">https:\/\/youtu.be\/INhzjwkNwjg<\/a><br \/>\nA 2003 Film \u00fcber das Wirken Martin Luthers unter anderem mit Sir Peter Ustinov, Mathieu Carri\u00e8re, Uwe Ochsenknecht und Joseph Fiennes. Im fr\u00fchen 16. Jahrhundert beginnt der idealistische deutsche M\u00f6nch Martin Luther, angewidert vom Materialismus in der Kirche, den Dialog, der zur protestantischen Reformation f\u00fchren wird. Gezeigt werden die Meilensteine aus dem Leben des Reformators mit einigen historischen Ungenauigkeiten. -2 Stunden.<\/p>\n<p>\u201eMartin Luther\u201c von Mitwirkenden Niall MacGinnis (Schauspieler), John Ruddock (Schauspieler) \u2013 Ein Lutherfilm von 1953 in Schwarz-Wei\u00df-Englisch unter <a href=\"https:\/\/youtu.be\/yvYZHZtNwLw\" target=\"_blank\" rel=\"noopener\">https:\/\/youtu.be\/yvYZHZtNwLw<\/a> Das Leben des deutschen Priesters Martin Luther von 1505 bis 1530 A.D., und die Geburt der protestantischen Reformationsbewegung. -1 Stunde und 45 Minuten.<\/p>\n","protected":false},"excerpt":{"rendered":"<p>Lutheraner am See, Glauben feiern, Menschen dienen und inspirieren Die Gemeinde wurde von deutschsprachigen Einwanderern aus Europa gegr\u00fcndet. Wir sind eine zweisprachige lutherische Gemeinde, die der kanadischen und deutschen Gemeinde in Toronto dient. Wir unterst\u00fctzen auch eine Tagesbetreuung f\u00fcr 72 Kinder und sind stolz darauf, viele ausgezeichnete Beziehungen zu Organisationen und Kirchen in der Gegend&hellip;<\/p>\n","protected":false},"author":5,"featured_media":0,"parent":0,"menu_order":0,"comment_status":"open","ping_status":"closed","template":"","meta":{"footnotes":""},"class_list":["post-18868","page","type-page","status-publish","hentry","entry","no-media"],"yoast_head":"<!-- This site is optimized with the Yoast SEO plugin v27.4 - https:\/\/yoast.com\/product\/yoast-seo-wordpress\/ -->\n<title>\u00dcber uns | Evangelische Martin Luther Kirche Toronto<\/title>\n<meta name=\"description\" content=\"Wir sind seit 1955 eine lebendige Kirchengemeinde im Westen Torontos. Wir feiern Gottesdienste in Deutsch und Englisch und betreiben eine Kindertagesst\u00e4tte.\" \/>\n<meta name=\"robots\" content=\"index, follow, max-snippet:-1, max-image-preview:large, max-video-preview:-1\" \/>\n<link rel=\"canonical\" href=\"https:\/\/martinluther.ca\/de\/ueber-uns\/\" \/>\n<meta property=\"og:locale\" content=\"de_DE\" \/>\n<meta property=\"og:type\" content=\"article\" \/>\n<meta property=\"og:title\" content=\"\u00dcber uns | Evangelische Martin Luther Kirche Toronto\" \/>\n<meta property=\"og:description\" content=\"Wir sind seit 1955 eine lebendige Kirchengemeinde im Westen Torontos. Wir feiern Gottesdienste in Deutsch und Englisch und betreiben eine Kindertagesst\u00e4tte.\" \/>\n<meta property=\"og:url\" content=\"https:\/\/martinluther.ca\/de\/ueber-uns\/\" \/>\n<meta property=\"og:site_name\" content=\"Martin Luther Evangelische Kirche Toronto\" \/>\n<meta property=\"article:publisher\" content=\"https:\/\/www.facebook.com\/martinlutherchurchtoronto\" \/>\n<meta property=\"article:modified_time\" content=\"2026-04-11T00:32:00+00:00\" \/>\n<meta property=\"og:image\" content=\"https:\/\/martinluther.ca\/wp-content\/uploads\/2014\/11\/2013-Martin-Luther-Lutheran-Church-sidewalk.jpg\" \/>\n\t<meta property=\"og:image:width\" content=\"2448\" \/>\n\t<meta property=\"og:image:height\" content=\"1836\" \/>\n\t<meta property=\"og:image:type\" content=\"image\/jpeg\" \/>\n<meta name=\"twitter:card\" content=\"summary_large_image\" \/>\n<meta name=\"twitter:label1\" content=\"Gesch\u00e4tzte Lesezeit\" \/>\n\t<meta name=\"twitter:data1\" content=\"3\u00a0Minuten\" \/>\n<script type=\"application\/ld+json\" class=\"yoast-schema-graph\">{\"@context\":\"https:\\\/\\\/schema.org\",\"@graph\":[{\"@type\":\"WebPage\",\"@id\":\"https:\\\/\\\/martinluther.ca\\\/de\\\/ueber-uns\\\/\",\"url\":\"https:\\\/\\\/martinluther.ca\\\/de\\\/ueber-uns\\\/\",\"name\":\"\u00dcber uns | Evangelische Martin Luther Kirche Toronto\",\"isPartOf\":{\"@id\":\"https:\\\/\\\/martinluther.ca\\\/de\\\/#website\"},\"primaryImageOfPage\":{\"@id\":\"https:\\\/\\\/martinluther.ca\\\/de\\\/ueber-uns\\\/#primaryimage\"},\"image\":{\"@id\":\"https:\\\/\\\/martinluther.ca\\\/de\\\/ueber-uns\\\/#primaryimage\"},\"thumbnailUrl\":\"https:\\\/\\\/martinluther.ca\\\/wp-content\\\/uploads\\\/2014\\\/11\\\/2013-Martin-Luther-Lutheran-Church-sidewalk-300x225.jpg\",\"datePublished\":\"2014-03-20T21:03:19+00:00\",\"dateModified\":\"2026-04-11T00:32:00+00:00\",\"description\":\"Wir sind seit 1955 eine lebendige Kirchengemeinde im Westen Torontos. Wir feiern Gottesdienste in Deutsch und Englisch und betreiben eine Kindertagesst\u00e4tte.\",\"breadcrumb\":{\"@id\":\"https:\\\/\\\/martinluther.ca\\\/de\\\/ueber-uns\\\/#breadcrumb\"},\"inLanguage\":\"de\",\"potentialAction\":[{\"@type\":\"ReadAction\",\"target\":[\"https:\\\/\\\/martinluther.ca\\\/de\\\/ueber-uns\\\/\"]}]},{\"@type\":\"ImageObject\",\"inLanguage\":\"de\",\"@id\":\"https:\\\/\\\/martinluther.ca\\\/de\\\/ueber-uns\\\/#primaryimage\",\"url\":\"https:\\\/\\\/martinluther.ca\\\/wp-content\\\/uploads\\\/2014\\\/11\\\/2013-Martin-Luther-Lutheran-Church-sidewalk-300x225.jpg\",\"contentUrl\":\"https:\\\/\\\/martinluther.ca\\\/wp-content\\\/uploads\\\/2014\\\/11\\\/2013-Martin-Luther-Lutheran-Church-sidewalk-300x225.jpg\"},{\"@type\":\"BreadcrumbList\",\"@id\":\"https:\\\/\\\/martinluther.ca\\\/de\\\/ueber-uns\\\/#breadcrumb\",\"itemListElement\":[{\"@type\":\"ListItem\",\"position\":1,\"name\":\"Home\",\"item\":\"https:\\\/\\\/martinluther.ca\\\/de\\\/\"},{\"@type\":\"ListItem\",\"position\":2,\"name\":\"\u00dcber uns\"}]},{\"@type\":\"WebSite\",\"@id\":\"https:\\\/\\\/martinluther.ca\\\/de\\\/#website\",\"url\":\"https:\\\/\\\/martinluther.ca\\\/de\\\/\",\"name\":\"Martin Luther Evangelical Church Toronto\",\"description\":\"Deutsch &amp; Englisch\",\"publisher\":{\"@id\":\"https:\\\/\\\/martinluther.ca\\\/de\\\/#organization\"},\"potentialAction\":[{\"@type\":\"SearchAction\",\"target\":{\"@type\":\"EntryPoint\",\"urlTemplate\":\"https:\\\/\\\/martinluther.ca\\\/de\\\/?s={search_term_string}\"},\"query-input\":{\"@type\":\"PropertyValueSpecification\",\"valueRequired\":true,\"valueName\":\"search_term_string\"}}],\"inLanguage\":\"de\"},{\"@type\":\"Organization\",\"@id\":\"https:\\\/\\\/martinluther.ca\\\/de\\\/#organization\",\"name\":\"Martin Luther Evangelical Church Toronto\",\"url\":\"https:\\\/\\\/martinluther.ca\\\/de\\\/\",\"logo\":{\"@type\":\"ImageObject\",\"inLanguage\":\"de\",\"@id\":\"https:\\\/\\\/martinluther.ca\\\/de\\\/#\\\/schema\\\/logo\\\/image\\\/\",\"url\":\"https:\\\/\\\/martinluther.ca\\\/wp-content\\\/uploads\\\/2016\\\/12\\\/ml-logo-300.png\",\"contentUrl\":\"https:\\\/\\\/martinluther.ca\\\/wp-content\\\/uploads\\\/2016\\\/12\\\/ml-logo-300.png\",\"width\":300,\"height\":150,\"caption\":\"Martin Luther Evangelical Church Toronto\"},\"image\":{\"@id\":\"https:\\\/\\\/martinluther.ca\\\/de\\\/#\\\/schema\\\/logo\\\/image\\\/\"},\"sameAs\":[\"https:\\\/\\\/www.facebook.com\\\/martinlutherchurchtoronto\",\"https:\\\/\\\/www.instagram.com\\\/lutheransbythelake\\\/\",\"https:\\\/\\\/www.youtube.com\\\/MartinLutherChurchToronto\"]}]}<\/script>\n<!-- \/ Yoast SEO plugin. -->","yoast_head_json":{"title":"\u00dcber uns | Evangelische Martin Luther Kirche Toronto","description":"Wir sind seit 1955 eine lebendige Kirchengemeinde im Westen Torontos. Wir feiern Gottesdienste in Deutsch und Englisch und betreiben eine Kindertagesst\u00e4tte.","robots":{"index":"index","follow":"follow","max-snippet":"max-snippet:-1","max-image-preview":"max-image-preview:large","max-video-preview":"max-video-preview:-1"},"canonical":"https:\/\/martinluther.ca\/de\/ueber-uns\/","og_locale":"de_DE","og_type":"article","og_title":"\u00dcber uns | Evangelische Martin Luther Kirche Toronto","og_description":"Wir sind seit 1955 eine lebendige Kirchengemeinde im Westen Torontos. Wir feiern Gottesdienste in Deutsch und Englisch und betreiben eine Kindertagesst\u00e4tte.","og_url":"https:\/\/martinluther.ca\/de\/ueber-uns\/","og_site_name":"Martin Luther Evangelische Kirche Toronto","article_publisher":"https:\/\/www.facebook.com\/martinlutherchurchtoronto","article_modified_time":"2026-04-11T00:32:00+00:00","og_image":[{"width":2448,"height":1836,"url":"https:\/\/martinluther.ca\/wp-content\/uploads\/2014\/11\/2013-Martin-Luther-Lutheran-Church-sidewalk.jpg","type":"image\/jpeg"}],"twitter_card":"summary_large_image","twitter_misc":{"Gesch\u00e4tzte Lesezeit":"3\u00a0Minuten"},"schema":{"@context":"https:\/\/schema.org","@graph":[{"@type":"WebPage","@id":"https:\/\/martinluther.ca\/de\/ueber-uns\/","url":"https:\/\/martinluther.ca\/de\/ueber-uns\/","name":"\u00dcber uns | Evangelische Martin Luther Kirche Toronto","isPartOf":{"@id":"https:\/\/martinluther.ca\/de\/#website"},"primaryImageOfPage":{"@id":"https:\/\/martinluther.ca\/de\/ueber-uns\/#primaryimage"},"image":{"@id":"https:\/\/martinluther.ca\/de\/ueber-uns\/#primaryimage"},"thumbnailUrl":"https:\/\/martinluther.ca\/wp-content\/uploads\/2014\/11\/2013-Martin-Luther-Lutheran-Church-sidewalk-300x225.jpg","datePublished":"2014-03-20T21:03:19+00:00","dateModified":"2026-04-11T00:32:00+00:00","description":"Wir sind seit 1955 eine lebendige Kirchengemeinde im Westen Torontos. Wir feiern Gottesdienste in Deutsch und Englisch und betreiben eine Kindertagesst\u00e4tte.","breadcrumb":{"@id":"https:\/\/martinluther.ca\/de\/ueber-uns\/#breadcrumb"},"inLanguage":"de","potentialAction":[{"@type":"ReadAction","target":["https:\/\/martinluther.ca\/de\/ueber-uns\/"]}]},{"@type":"ImageObject","inLanguage":"de","@id":"https:\/\/martinluther.ca\/de\/ueber-uns\/#primaryimage","url":"https:\/\/martinluther.ca\/wp-content\/uploads\/2014\/11\/2013-Martin-Luther-Lutheran-Church-sidewalk-300x225.jpg","contentUrl":"https:\/\/martinluther.ca\/wp-content\/uploads\/2014\/11\/2013-Martin-Luther-Lutheran-Church-sidewalk-300x225.jpg"},{"@type":"BreadcrumbList","@id":"https:\/\/martinluther.ca\/de\/ueber-uns\/#breadcrumb","itemListElement":[{"@type":"ListItem","position":1,"name":"Home","item":"https:\/\/martinluther.ca\/de\/"},{"@type":"ListItem","position":2,"name":"\u00dcber uns"}]},{"@type":"WebSite","@id":"https:\/\/martinluther.ca\/de\/#website","url":"https:\/\/martinluther.ca\/de\/","name":"Martin Luther Evangelical Church Toronto","description":"Deutsch &amp; Englisch","publisher":{"@id":"https:\/\/martinluther.ca\/de\/#organization"},"potentialAction":[{"@type":"SearchAction","target":{"@type":"EntryPoint","urlTemplate":"https:\/\/martinluther.ca\/de\/?s={search_term_string}"},"query-input":{"@type":"PropertyValueSpecification","valueRequired":true,"valueName":"search_term_string"}}],"inLanguage":"de"},{"@type":"Organization","@id":"https:\/\/martinluther.ca\/de\/#organization","name":"Martin Luther Evangelical Church Toronto","url":"https:\/\/martinluther.ca\/de\/","logo":{"@type":"ImageObject","inLanguage":"de","@id":"https:\/\/martinluther.ca\/de\/#\/schema\/logo\/image\/","url":"https:\/\/martinluther.ca\/wp-content\/uploads\/2016\/12\/ml-logo-300.png","contentUrl":"https:\/\/martinluther.ca\/wp-content\/uploads\/2016\/12\/ml-logo-300.png","width":300,"height":150,"caption":"Martin Luther Evangelical Church Toronto"},"image":{"@id":"https:\/\/martinluther.ca\/de\/#\/schema\/logo\/image\/"},"sameAs":["https:\/\/www.facebook.com\/martinlutherchurchtoronto","https:\/\/www.instagram.com\/lutheransbythelake\/","https:\/\/www.youtube.com\/MartinLutherChurchToronto"]}]}},"_links":{"self":[{"href":"https:\/\/martinluther.ca\/de\/wp-json\/wp\/v2\/pages\/18868","targetHints":{"allow":["GET"]}}],"collection":[{"href":"https:\/\/martinluther.ca\/de\/wp-json\/wp\/v2\/pages"}],"about":[{"href":"https:\/\/martinluther.ca\/de\/wp-json\/wp\/v2\/types\/page"}],"author":[{"embeddable":true,"href":"https:\/\/martinluther.ca\/de\/wp-json\/wp\/v2\/users\/5"}],"replies":[{"embeddable":true,"href":"https:\/\/martinluther.ca\/de\/wp-json\/wp\/v2\/comments?post=18868"}],"version-history":[{"count":17,"href":"https:\/\/martinluther.ca\/de\/wp-json\/wp\/v2\/pages\/18868\/revisions"}],"predecessor-version":[{"id":55670,"href":"https:\/\/martinluther.ca\/de\/wp-json\/wp\/v2\/pages\/18868\/revisions\/55670"}],"wp:attachment":[{"href":"https:\/\/martinluther.ca\/de\/wp-json\/wp\/v2\/media?parent=18868"}],"curies":[{"name":"wp","href":"https:\/\/api.w.org\/{rel}","templated":true}]}}