{"id":18878,"date":"2014-03-20T17:13:42","date_gmt":"2014-03-20T21:13:42","guid":{"rendered":"https:\/\/martinluther.ca\/?page_id=18878"},"modified":"2026-02-27T17:54:01","modified_gmt":"2026-02-27T22:54:01","slug":"unsere-zugehoerigkeit","status":"publish","type":"page","link":"https:\/\/martinluther.ca\/de\/uber-uns\/unsere-zugehoerigkeit\/","title":{"rendered":"Unsere Zugeh\u00f6rigkeit"},"content":{"rendered":"<h3><strong>Zugeh\u00f6rigkeit<\/strong><\/h3>\n<p><strong>The Eastern Synod<\/strong><\/p>\n<p><a href=\"http:\/\/www.easternsynod.org\" target=\"_blank\" rel=\"noopener noreferrer\">www.easternsynod.org<\/a><\/p>\n<p><img loading=\"lazy\" decoding=\"async\" class=\"alignright wp-image-20605\" src=\"https:\/\/martinluther.ca\/wp-content\/uploads\/2015\/01\/Eastern-Synod-Logo-287x300.jpg\" alt=\"Eastern Synod Logo\" width=\"84\" height=\"88\" srcset=\"https:\/\/martinluther.ca\/wp-content\/uploads\/2015\/01\/Eastern-Synod-Logo-287x300.jpg 287w, https:\/\/martinluther.ca\/wp-content\/uploads\/2015\/01\/Eastern-Synod-Logo.jpg 450w\" sizes=\"auto, (max-width: 84px) 100vw, 84px\" \/><\/p>\n<p>Die Eastern Synod ist eine von f\u00fcnf Synoden der ELCIC und umfasst derzeit 78 000 getaufte Mitglieder in 208 Gemeinden. Der Bereich der Eastern Synod reicht von Sault Ste. Marie, Ontario, bis nach Halifax, Nova Scotia.<a href=\"http:\/\/www.easternsynod.org\" target=\"_blank\" rel=\"noopener noreferrer\">\u00a0<\/a><\/p>\n<p><strong>Evangelical Lutheran Church in Canada &#8211; ELCIC<\/strong><\/p>\n<p><a href=\"http:\/\/www.elcic.ca\" target=\"_blank\" rel=\"noopener noreferrer\">www.elcic.ca<\/a><\/p>\n<p><img loading=\"lazy\" decoding=\"async\" class=\"alignright size-medium wp-image-54438\" src=\"https:\/\/martinluther.ca\/wp-content\/uploads\/2025\/09\/ELCIC-Logo-Horizontal-Theme-Line-CMYK-as-of-2024-300x112.jpg\" alt=\"\" width=\"300\" height=\"112\" \/>Die ELCIC ist die gr\u00f6\u00dfte lutherische Kirche Kanadas.<\/p>\n<p>Sie gliedert sich regional in die sogenannten Synoden. Die einzelnen Kirchengemeinden arbeiten lokal in sogenannten &#8222;Areas&#8220; zusammen.<a href=\"http:\/\/www.elcic.ca\" target=\"_blank\" rel=\"noopener noreferrer\">\u00a0<\/a><\/p>\n<p>&nbsp;<\/p>\n<p><strong>DELKINA (Deutsche Evangelisch-Lutherische Konferenz in Nord-Amerika)<\/strong><\/p>\n<p><a href=\"http:\/\/www.delkina.org\" target=\"_blank\" rel=\"noopener noreferrer\">www.delkina.org<\/a><\/p>\n<p>Die DELKINA ist eine Dachorganisation f\u00fcr kirchliche Arbeit mit Menschen deutscher Sprache und\/oder Herkunft in Nordamerika. Ihr Bekenntnis ist evangelisch-lutherisch. Sie ist zugleich offen f\u00fcr die Zusammenarbeit mit anderen Synoden und Kirchen. Mit ihrem Dienst f\u00fcr Menschen, deren Muttersprache nicht englisch ist, versteht sie sich als Teil der multikulturellen Mission der lutherischen Kirche in Nordmerika.<\/p>\n<p>Als anerkannter Interessenverband arbeitet sie sowohl mit den lutherischen Kirchen Nordamerikas als auch mit den evangelischen Kirchen in Deutschland zusammen. Sie wird unterst\u00fctzt und gef\u00f6rdert durch die Synoden der Evangelical Lutheran Church in America (ELCA) und der Evangelical Lutheran Church in Canada (ELCIC) sowie der Evangelischen Kirche in Deutschland (EKD).<\/p>\n<p><strong><img loading=\"lazy\" decoding=\"async\" class=\"alignright size-medium wp-image-59030\" src=\"https:\/\/martinluther.ca\/wp-content\/uploads\/2026\/02\/EKD-Logo-violett-quer-4c-300x95.jpg\" alt=\"\" width=\"300\" height=\"95\" \/>Evangelische Kirche in Deutschland (EKD)<\/strong><\/p>\n<p><a href=\"http:\/\/www.ekd.de\" target=\"_blank\" rel=\"noopener noreferrer\">http:\/\/www.ekd.de<\/a><\/p>\n<p>Die Evangelische Kirche in Deutschland ist der Zusammenschluss der 20 weithin selbst\u00e4ndigen lutherischen, reformierten und unierten Landeskirchen in der Bundesrepublik Deutschland. Von der Geamtbev\u00f6lkerung geh\u00f6rten Ende 2005 rund 25,4 Millionen Christen den Landeskirchen mit ihren 16 100 rechtlich selbst\u00e4ndigen Kirchengemeinden an.<\/p>\n<p><img loading=\"lazy\" decoding=\"async\" class=\"alignleft size-medium wp-image-59031\" src=\"https:\/\/martinluther.ca\/wp-content\/uploads\/2026\/02\/Cover-EKD-Faltblatt-DE-updated-Jan-2026-139x300.jpg\" alt=\"\" width=\"139\" height=\"300\" \/><\/p>\n<p>Der neue Flyer \u201e<strong>Die Evangelische Kirche in Deutschland \u2013 Wer wir sind und was wir tun<\/strong>\u201c erkl\u00e4rt kompakt Aufbau, Aufgaben und Finanzierung der EKD. Er gibt Einblick in zentrale Arbeitsfelder und macht deutlich: Die EKD ist eine Kirche zum Mitmachen. Ideal f\u00fcr Gemeinden, Einrichtungen und alle, die sich schnell informieren m\u00f6chten.<\/p>\n<div id=\"gallery-1\" class=\"wpex-gallery wpex-grid wpex-grid-cols-3 wpex-gap-20 wpex-lightbox-group wpex-mb-20\"><figure class=\"gallery-item\"><a href=\"https:\/\/martinluther.ca\/wp-content\/uploads\/2026\/02\/EKD-Flyer-Faltblatt-DE-updated-Jan-2026_Page_1B-7x5-1.jpg\" class=\"wpex-lightbox-group-item\"><img loading=\"lazy\" decoding=\"async\" src=\"https:\/\/martinluther.ca\/wp-content\/uploads\/2026\/02\/EKD-Flyer-Faltblatt-DE-updated-Jan-2026_Page_1B-7x5-1-300x214.jpg\" alt=\"\" srcset=\"https:\/\/martinluther.ca\/wp-content\/uploads\/2026\/02\/EKD-Flyer-Faltblatt-DE-updated-Jan-2026_Page_1B-7x5-1-300x214.jpg 300w, https:\/\/martinluther.ca\/wp-content\/uploads\/2026\/02\/EKD-Flyer-Faltblatt-DE-updated-Jan-2026_Page_1B-7x5-1-1024x731.jpg 1024w, https:\/\/martinluther.ca\/wp-content\/uploads\/2026\/02\/EKD-Flyer-Faltblatt-DE-updated-Jan-2026_Page_1B-7x5-1-768x549.jpg 768w, https:\/\/martinluther.ca\/wp-content\/uploads\/2026\/02\/EKD-Flyer-Faltblatt-DE-updated-Jan-2026_Page_1B-7x5-1-1536x1097.jpg 1536w, https:\/\/martinluther.ca\/wp-content\/uploads\/2026\/02\/EKD-Flyer-Faltblatt-DE-updated-Jan-2026_Page_1B-7x5-1-2048x1463.jpg 2048w\" width=\"300\" height=\"214\"><\/a><\/figure><figure class=\"gallery-item\"><a href=\"https:\/\/martinluther.ca\/wp-content\/uploads\/2026\/02\/EKD-Flyer-Faltblatt-DE-updated-Jan-2026_Page_1A-7x5-1.jpg\" class=\"wpex-lightbox-group-item\"><img loading=\"lazy\" decoding=\"async\" src=\"https:\/\/martinluther.ca\/wp-content\/uploads\/2026\/02\/EKD-Flyer-Faltblatt-DE-updated-Jan-2026_Page_1A-7x5-1-300x214.jpg\" alt=\"\" srcset=\"https:\/\/martinluther.ca\/wp-content\/uploads\/2026\/02\/EKD-Flyer-Faltblatt-DE-updated-Jan-2026_Page_1A-7x5-1-300x214.jpg 300w, https:\/\/martinluther.ca\/wp-content\/uploads\/2026\/02\/EKD-Flyer-Faltblatt-DE-updated-Jan-2026_Page_1A-7x5-1-1024x731.jpg 1024w, https:\/\/martinluther.ca\/wp-content\/uploads\/2026\/02\/EKD-Flyer-Faltblatt-DE-updated-Jan-2026_Page_1A-7x5-1-768x549.jpg 768w, https:\/\/martinluther.ca\/wp-content\/uploads\/2026\/02\/EKD-Flyer-Faltblatt-DE-updated-Jan-2026_Page_1A-7x5-1-1536x1097.jpg 1536w, https:\/\/martinluther.ca\/wp-content\/uploads\/2026\/02\/EKD-Flyer-Faltblatt-DE-updated-Jan-2026_Page_1A-7x5-1-2048x1463.jpg 2048w\" width=\"300\" height=\"214\"><\/a><\/figure><figure class=\"gallery-item\"><a href=\"https:\/\/martinluther.ca\/wp-content\/uploads\/2026\/02\/EKD-Flyer-Faltblatt-DE-updated-Jan-2026_Page_2-scaled.jpg\" class=\"wpex-lightbox-group-item\"><img loading=\"lazy\" decoding=\"async\" src=\"https:\/\/martinluther.ca\/wp-content\/uploads\/2026\/02\/EKD-Flyer-Faltblatt-DE-updated-Jan-2026_Page_2-scaled-212x300.jpg\" alt=\"\" srcset=\"https:\/\/martinluther.ca\/wp-content\/uploads\/2026\/02\/EKD-Flyer-Faltblatt-DE-updated-Jan-2026_Page_2-scaled-212x300.jpg 212w, https:\/\/martinluther.ca\/wp-content\/uploads\/2026\/02\/EKD-Flyer-Faltblatt-DE-updated-Jan-2026_Page_2-724x1024.jpg 724w, https:\/\/martinluther.ca\/wp-content\/uploads\/2026\/02\/EKD-Flyer-Faltblatt-DE-updated-Jan-2026_Page_2-768x1086.jpg 768w, https:\/\/martinluther.ca\/wp-content\/uploads\/2026\/02\/EKD-Flyer-Faltblatt-DE-updated-Jan-2026_Page_2-1086x1536.jpg 1086w, https:\/\/martinluther.ca\/wp-content\/uploads\/2026\/02\/EKD-Flyer-Faltblatt-DE-updated-Jan-2026_Page_2-1448x2048.jpg 1448w, https:\/\/martinluther.ca\/wp-content\/uploads\/2026\/02\/EKD-Flyer-Faltblatt-DE-updated-Jan-2026_Page_2-scaled.jpg 1810w\" width=\"212\" height=\"300\"><\/a><\/figure><\/div>\n\n<h3><\/h3>\n<h3>******************************<\/h3>\n<h3><strong>Hilfswerke f\u00fcr Mission<\/strong><\/h3>\n<p><strong>Canadian Lutheran World Relief<\/strong><\/p>\n<p><a href=\"http:\/\/www.clwr.org\" target=\"_blank\" rel=\"noopener noreferrer\">www.clwr.org<\/a><\/p>\n<p>CLWR ist eine der \u00e4ltesten Hilfs- und Entwicklungsorganisationen Kanadas und wurde 1946 als Reaktion auf die humanit\u00e4re Krise im Nachkriegseuropa gegr\u00fcndet. Der Schwerpunkt liegt nun auf vier Bereichen: humanit\u00e4re Hilfe, Ern\u00e4hrungssicherheit und Lebensunterhalt, Bildung und Qualifikationen sowie Neuansiedlung von Fl\u00fcchtlingen. CLWR f\u00fchrt \u00fcber die kanadische Regierung ein Umsiedlungsprogramm durch, das Kirchen dabei hilft, Familien in dringender Not einen Neuanfang zu erm\u00f6glichen. Unsere Kirche hat mit CLWR zusammengearbeitet und im letzten Jahrzehnt erfolgreich einen detaillierten Siedlungsplan f\u00fcr eine Reihe von Familien umgesetzt. Besuchen Sie unsere Webseite zur <a href=\"https:\/\/martinluther.ca\/de\/programme-und-dienste\/betreuungs-team-fuer-syrische-familien\/\">Fl\u00fcchtlingsunterst\u00fctzung<\/a>.<\/p>\n","protected":false},"excerpt":{"rendered":"<p>Zugeh\u00f6rigkeit The Eastern Synod www.easternsynod.org Die Eastern Synod ist eine von f\u00fcnf Synoden der ELCIC und umfasst derzeit 78 000 getaufte Mitglieder in 208 Gemeinden. Der Bereich der Eastern Synod reicht von Sault Ste. Marie, Ontario, bis nach Halifax, Nova Scotia.\u00a0 Evangelical Lutheran Church in Canada &#8211; ELCIC www.elcic.ca Die ELCIC ist die gr\u00f6\u00dfte lutherische&hellip;<\/p>\n","protected":false},"author":5,"featured_media":0,"parent":18902,"menu_order":0,"comment_status":"open","ping_status":"closed","template":"","meta":{"footnotes":""},"class_list":["post-18878","page","type-page","status-publish","hentry","entry","no-media"],"yoast_head":"<!-- This site is optimized with the Yoast SEO plugin v27.4 - https:\/\/yoast.com\/product\/yoast-seo-wordpress\/ -->\n<title>Unsere Zugeh\u00f6rigkeit - Martin Luther Evangelische Kirche Toronto<\/title>\n<meta name=\"robots\" content=\"index, follow, max-snippet:-1, max-image-preview:large, max-video-preview:-1\" \/>\n<link rel=\"canonical\" href=\"https:\/\/martinluther.ca\/de\/uber-uns\/unsere-zugehoerigkeit\/\" \/>\n<meta property=\"og:locale\" content=\"de_DE\" \/>\n<meta property=\"og:type\" content=\"article\" \/>\n<meta property=\"og:title\" content=\"Unsere Zugeh\u00f6rigkeit - Martin Luther Evangelische Kirche Toronto\" \/>\n<meta property=\"og:description\" content=\"Zugeh\u00f6rigkeit The Eastern Synod www.easternsynod.org Die Eastern Synod ist eine von f\u00fcnf Synoden der ELCIC und umfasst derzeit 78 000 getaufte Mitglieder in 208 Gemeinden. Der Bereich der Eastern Synod reicht von Sault Ste. Marie, Ontario, bis nach Halifax, Nova Scotia.\u00a0 Evangelical Lutheran Church in Canada &#8211; ELCIC www.elcic.ca Die ELCIC ist die gr\u00f6\u00dfte lutherische&hellip;\" \/>\n<meta property=\"og:url\" content=\"https:\/\/martinluther.ca\/de\/uber-uns\/unsere-zugehoerigkeit\/\" \/>\n<meta property=\"og:site_name\" content=\"Martin Luther Evangelische Kirche Toronto\" \/>\n<meta property=\"article:publisher\" content=\"https:\/\/www.facebook.com\/martinlutherchurchtoronto\" \/>\n<meta property=\"article:modified_time\" content=\"2026-02-27T22:54:01+00:00\" \/>\n<meta property=\"og:image\" content=\"https:\/\/martinluther.ca\/wp-content\/uploads\/2026\/02\/EKD-Flyer-Faltblatt-DE-updated-Jan-2026_Page_1B-7x5-1-300x214.jpg\" \/>\n<meta name=\"twitter:card\" content=\"summary_large_image\" \/>\n<meta name=\"twitter:label1\" content=\"Gesch\u00e4tzte Lesezeit\" \/>\n\t<meta name=\"twitter:data1\" content=\"3\u00a0Minuten\" \/>\n<script type=\"application\/ld+json\" class=\"yoast-schema-graph\">{\"@context\":\"https:\\\/\\\/schema.org\",\"@graph\":[{\"@type\":\"WebPage\",\"@id\":\"https:\\\/\\\/martinluther.ca\\\/de\\\/uber-uns\\\/unsere-zugehoerigkeit\\\/\",\"url\":\"https:\\\/\\\/martinluther.ca\\\/de\\\/uber-uns\\\/unsere-zugehoerigkeit\\\/\",\"name\":\"Unsere Zugeh\u00f6rigkeit - Martin Luther Evangelische Kirche Toronto\",\"isPartOf\":{\"@id\":\"https:\\\/\\\/martinluther.ca\\\/de\\\/#website\"},\"primaryImageOfPage\":{\"@id\":\"https:\\\/\\\/martinluther.ca\\\/de\\\/uber-uns\\\/unsere-zugehoerigkeit\\\/#primaryimage\"},\"image\":{\"@id\":\"https:\\\/\\\/martinluther.ca\\\/de\\\/uber-uns\\\/unsere-zugehoerigkeit\\\/#primaryimage\"},\"thumbnailUrl\":\"https:\\\/\\\/martinluther.ca\\\/wp-content\\\/uploads\\\/2015\\\/01\\\/Eastern-Synod-Logo-287x300.jpg\",\"datePublished\":\"2014-03-20T21:13:42+00:00\",\"dateModified\":\"2026-02-27T22:54:01+00:00\",\"breadcrumb\":{\"@id\":\"https:\\\/\\\/martinluther.ca\\\/de\\\/uber-uns\\\/unsere-zugehoerigkeit\\\/#breadcrumb\"},\"inLanguage\":\"de\",\"potentialAction\":[{\"@type\":\"ReadAction\",\"target\":[\"https:\\\/\\\/martinluther.ca\\\/de\\\/uber-uns\\\/unsere-zugehoerigkeit\\\/\"]}]},{\"@type\":\"ImageObject\",\"inLanguage\":\"de\",\"@id\":\"https:\\\/\\\/martinluther.ca\\\/de\\\/uber-uns\\\/unsere-zugehoerigkeit\\\/#primaryimage\",\"url\":\"https:\\\/\\\/martinluther.ca\\\/wp-content\\\/uploads\\\/2015\\\/01\\\/Eastern-Synod-Logo-287x300.jpg\",\"contentUrl\":\"https:\\\/\\\/martinluther.ca\\\/wp-content\\\/uploads\\\/2015\\\/01\\\/Eastern-Synod-Logo-287x300.jpg\"},{\"@type\":\"BreadcrumbList\",\"@id\":\"https:\\\/\\\/martinluther.ca\\\/de\\\/uber-uns\\\/unsere-zugehoerigkeit\\\/#breadcrumb\",\"itemListElement\":[{\"@type\":\"ListItem\",\"position\":1,\"name\":\"Home\",\"item\":\"https:\\\/\\\/martinluther.ca\\\/de\\\/\"},{\"@type\":\"ListItem\",\"position\":2,\"name\":\"\u016aber Uns\",\"item\":\"https:\\\/\\\/martinluther.ca\\\/de\\\/?page_id=18902\"},{\"@type\":\"ListItem\",\"position\":3,\"name\":\"Unsere Zugeh\u00f6rigkeit\"}]},{\"@type\":\"WebSite\",\"@id\":\"https:\\\/\\\/martinluther.ca\\\/de\\\/#website\",\"url\":\"https:\\\/\\\/martinluther.ca\\\/de\\\/\",\"name\":\"Martin Luther Evangelical Church Toronto\",\"description\":\"Deutsch &amp; Englisch\",\"publisher\":{\"@id\":\"https:\\\/\\\/martinluther.ca\\\/de\\\/#organization\"},\"potentialAction\":[{\"@type\":\"SearchAction\",\"target\":{\"@type\":\"EntryPoint\",\"urlTemplate\":\"https:\\\/\\\/martinluther.ca\\\/de\\\/?s={search_term_string}\"},\"query-input\":{\"@type\":\"PropertyValueSpecification\",\"valueRequired\":true,\"valueName\":\"search_term_string\"}}],\"inLanguage\":\"de\"},{\"@type\":\"Organization\",\"@id\":\"https:\\\/\\\/martinluther.ca\\\/de\\\/#organization\",\"name\":\"Martin Luther Evangelical Church Toronto\",\"url\":\"https:\\\/\\\/martinluther.ca\\\/de\\\/\",\"logo\":{\"@type\":\"ImageObject\",\"inLanguage\":\"de\",\"@id\":\"https:\\\/\\\/martinluther.ca\\\/de\\\/#\\\/schema\\\/logo\\\/image\\\/\",\"url\":\"https:\\\/\\\/martinluther.ca\\\/wp-content\\\/uploads\\\/2016\\\/12\\\/ml-logo-300.png\",\"contentUrl\":\"https:\\\/\\\/martinluther.ca\\\/wp-content\\\/uploads\\\/2016\\\/12\\\/ml-logo-300.png\",\"width\":300,\"height\":150,\"caption\":\"Martin Luther Evangelical Church Toronto\"},\"image\":{\"@id\":\"https:\\\/\\\/martinluther.ca\\\/de\\\/#\\\/schema\\\/logo\\\/image\\\/\"},\"sameAs\":[\"https:\\\/\\\/www.facebook.com\\\/martinlutherchurchtoronto\",\"https:\\\/\\\/www.instagram.com\\\/lutheransbythelake\\\/\",\"https:\\\/\\\/www.youtube.com\\\/MartinLutherChurchToronto\"]}]}<\/script>\n<!-- \/ Yoast SEO plugin. -->","yoast_head_json":{"title":"Unsere Zugeh\u00f6rigkeit - Martin Luther Evangelische Kirche Toronto","robots":{"index":"index","follow":"follow","max-snippet":"max-snippet:-1","max-image-preview":"max-image-preview:large","max-video-preview":"max-video-preview:-1"},"canonical":"https:\/\/martinluther.ca\/de\/uber-uns\/unsere-zugehoerigkeit\/","og_locale":"de_DE","og_type":"article","og_title":"Unsere Zugeh\u00f6rigkeit - Martin Luther Evangelische Kirche Toronto","og_description":"Zugeh\u00f6rigkeit The Eastern Synod www.easternsynod.org Die Eastern Synod ist eine von f\u00fcnf Synoden der ELCIC und umfasst derzeit 78 000 getaufte Mitglieder in 208 Gemeinden. Der Bereich der Eastern Synod reicht von Sault Ste. Marie, Ontario, bis nach Halifax, Nova Scotia.\u00a0 Evangelical Lutheran Church in Canada &#8211; ELCIC www.elcic.ca Die ELCIC ist die gr\u00f6\u00dfte lutherische&hellip;","og_url":"https:\/\/martinluther.ca\/de\/uber-uns\/unsere-zugehoerigkeit\/","og_site_name":"Martin Luther Evangelische Kirche Toronto","article_publisher":"https:\/\/www.facebook.com\/martinlutherchurchtoronto","article_modified_time":"2026-02-27T22:54:01+00:00","og_image":[{"url":"https:\/\/martinluther.ca\/wp-content\/uploads\/2026\/02\/EKD-Flyer-Faltblatt-DE-updated-Jan-2026_Page_1B-7x5-1-300x214.jpg","type":"","width":"","height":""}],"twitter_card":"summary_large_image","twitter_misc":{"Gesch\u00e4tzte Lesezeit":"3\u00a0Minuten"},"schema":{"@context":"https:\/\/schema.org","@graph":[{"@type":"WebPage","@id":"https:\/\/martinluther.ca\/de\/uber-uns\/unsere-zugehoerigkeit\/","url":"https:\/\/martinluther.ca\/de\/uber-uns\/unsere-zugehoerigkeit\/","name":"Unsere Zugeh\u00f6rigkeit - Martin Luther Evangelische Kirche Toronto","isPartOf":{"@id":"https:\/\/martinluther.ca\/de\/#website"},"primaryImageOfPage":{"@id":"https:\/\/martinluther.ca\/de\/uber-uns\/unsere-zugehoerigkeit\/#primaryimage"},"image":{"@id":"https:\/\/martinluther.ca\/de\/uber-uns\/unsere-zugehoerigkeit\/#primaryimage"},"thumbnailUrl":"https:\/\/martinluther.ca\/wp-content\/uploads\/2015\/01\/Eastern-Synod-Logo-287x300.jpg","datePublished":"2014-03-20T21:13:42+00:00","dateModified":"2026-02-27T22:54:01+00:00","breadcrumb":{"@id":"https:\/\/martinluther.ca\/de\/uber-uns\/unsere-zugehoerigkeit\/#breadcrumb"},"inLanguage":"de","potentialAction":[{"@type":"ReadAction","target":["https:\/\/martinluther.ca\/de\/uber-uns\/unsere-zugehoerigkeit\/"]}]},{"@type":"ImageObject","inLanguage":"de","@id":"https:\/\/martinluther.ca\/de\/uber-uns\/unsere-zugehoerigkeit\/#primaryimage","url":"https:\/\/martinluther.ca\/wp-content\/uploads\/2015\/01\/Eastern-Synod-Logo-287x300.jpg","contentUrl":"https:\/\/martinluther.ca\/wp-content\/uploads\/2015\/01\/Eastern-Synod-Logo-287x300.jpg"},{"@type":"BreadcrumbList","@id":"https:\/\/martinluther.ca\/de\/uber-uns\/unsere-zugehoerigkeit\/#breadcrumb","itemListElement":[{"@type":"ListItem","position":1,"name":"Home","item":"https:\/\/martinluther.ca\/de\/"},{"@type":"ListItem","position":2,"name":"\u016aber Uns","item":"https:\/\/martinluther.ca\/de\/?page_id=18902"},{"@type":"ListItem","position":3,"name":"Unsere Zugeh\u00f6rigkeit"}]},{"@type":"WebSite","@id":"https:\/\/martinluther.ca\/de\/#website","url":"https:\/\/martinluther.ca\/de\/","name":"Martin Luther Evangelical Church Toronto","description":"Deutsch &amp; Englisch","publisher":{"@id":"https:\/\/martinluther.ca\/de\/#organization"},"potentialAction":[{"@type":"SearchAction","target":{"@type":"EntryPoint","urlTemplate":"https:\/\/martinluther.ca\/de\/?s={search_term_string}"},"query-input":{"@type":"PropertyValueSpecification","valueRequired":true,"valueName":"search_term_string"}}],"inLanguage":"de"},{"@type":"Organization","@id":"https:\/\/martinluther.ca\/de\/#organization","name":"Martin Luther Evangelical Church Toronto","url":"https:\/\/martinluther.ca\/de\/","logo":{"@type":"ImageObject","inLanguage":"de","@id":"https:\/\/martinluther.ca\/de\/#\/schema\/logo\/image\/","url":"https:\/\/martinluther.ca\/wp-content\/uploads\/2016\/12\/ml-logo-300.png","contentUrl":"https:\/\/martinluther.ca\/wp-content\/uploads\/2016\/12\/ml-logo-300.png","width":300,"height":150,"caption":"Martin Luther Evangelical Church Toronto"},"image":{"@id":"https:\/\/martinluther.ca\/de\/#\/schema\/logo\/image\/"},"sameAs":["https:\/\/www.facebook.com\/martinlutherchurchtoronto","https:\/\/www.instagram.com\/lutheransbythelake\/","https:\/\/www.youtube.com\/MartinLutherChurchToronto"]}]}},"_links":{"self":[{"href":"https:\/\/martinluther.ca\/de\/wp-json\/wp\/v2\/pages\/18878","targetHints":{"allow":["GET"]}}],"collection":[{"href":"https:\/\/martinluther.ca\/de\/wp-json\/wp\/v2\/pages"}],"about":[{"href":"https:\/\/martinluther.ca\/de\/wp-json\/wp\/v2\/types\/page"}],"author":[{"embeddable":true,"href":"https:\/\/martinluther.ca\/de\/wp-json\/wp\/v2\/users\/5"}],"replies":[{"embeddable":true,"href":"https:\/\/martinluther.ca\/de\/wp-json\/wp\/v2\/comments?post=18878"}],"version-history":[{"count":31,"href":"https:\/\/martinluther.ca\/de\/wp-json\/wp\/v2\/pages\/18878\/revisions"}],"predecessor-version":[{"id":59038,"href":"https:\/\/martinluther.ca\/de\/wp-json\/wp\/v2\/pages\/18878\/revisions\/59038"}],"up":[{"embeddable":true,"href":"https:\/\/martinluther.ca\/de\/wp-json\/wp\/v2\/pages\/18902"}],"wp:attachment":[{"href":"https:\/\/martinluther.ca\/de\/wp-json\/wp\/v2\/media?parent=18878"}],"curies":[{"name":"wp","href":"https:\/\/api.w.org\/{rel}","templated":true}]}}