{"id":18900,"date":"2014-03-20T17:02:55","date_gmt":"2014-03-20T21:02:55","guid":{"rendered":"https:\/\/martinluther.ca\/?page_id=18900"},"modified":"2025-11-19T16:08:20","modified_gmt":"2025-11-19T21:08:20","slug":"kindertagesstaette-martin-luther-child-care","status":"publish","type":"page","link":"https:\/\/martinluther.ca\/de\/ueber-uns\/kindertagesstaette-martin-luther-child-care\/","title":{"rendered":"Kindertagesst\u00e4tte (Martin Luther Child Care)"},"content":{"rendered":"<p><a href=\"https:\/\/martinluther.ca\/wp-content\/uploads\/2022\/01\/MLC-Child-Care-Logo_colour.jpg\"><img loading=\"lazy\" decoding=\"async\" class=\"alignright wp-image-40365 size-medium\" src=\"https:\/\/martinluther.ca\/wp-content\/uploads\/2022\/01\/MLC-Child-Care-Logo_colour-300x128.jpg\" alt=\"\" width=\"300\" height=\"128\" srcset=\"https:\/\/martinluther.ca\/wp-content\/uploads\/2022\/01\/MLC-Child-Care-Logo_colour-300x128.jpg 300w, https:\/\/martinluther.ca\/wp-content\/uploads\/2022\/01\/MLC-Child-Care-Logo_colour-1024x438.jpg 1024w, https:\/\/martinluther.ca\/wp-content\/uploads\/2022\/01\/MLC-Child-Care-Logo_colour-768x329.jpg 768w, https:\/\/martinluther.ca\/wp-content\/uploads\/2022\/01\/MLC-Child-Care-Logo_colour.jpg 1056w\" sizes=\"auto, (max-width: 300px) 100vw, 300px\" \/><\/a><\/p>\n<p><strong>Martin Luther Child Care: A Non-Profit Child Care serving the Community Since 1979<\/strong><\/p>\n<p>5 Superior Ave., Toronto, ON M8V 2M1<br \/>\n2379 Lake Shore Blvd. W, Toronto ON M8V 1B7<br \/>\nTel: 416-259-2861 ,\u00a0 <a href=\"mailto:office@martinlutherchildcare.ca\">office@martinlutherchildcare.ca<\/a><br \/>\n<strong>Visit the Daycare website: <a href=\"http:\/\/martinlutherdaycare.ca\" target=\"_blank\" rel=\"noopener noreferrer\">martinlutherchildcare.ca<\/a><\/strong><\/p>\n<p><strong>Die Geschichte eines Fliederbaums<\/strong><\/p>\n<figure id=\"attachment_30196\" aria-describedby=\"caption-attachment-30196\" style=\"width: 300px\" class=\"wp-caption alignright\"><a href=\"https:\/\/martinluther.ca\/wp-content\/uploads\/2015\/07\/Daycare-at-Opening-BB.jpg\"><img loading=\"lazy\" decoding=\"async\" class=\"wp-image-30196 size-medium\" src=\"https:\/\/martinluther.ca\/wp-content\/uploads\/2015\/07\/Daycare-at-Opening-BB-300x225.jpg\" alt=\"\" width=\"300\" height=\"225\" srcset=\"https:\/\/martinluther.ca\/wp-content\/uploads\/2015\/07\/Daycare-at-Opening-BB-300x225.jpg 300w, https:\/\/martinluther.ca\/wp-content\/uploads\/2015\/07\/Daycare-at-Opening-BB-1024x769.jpg 1024w, https:\/\/martinluther.ca\/wp-content\/uploads\/2015\/07\/Daycare-at-Opening-BB.jpg 1203w\" sizes=\"auto, (max-width: 300px) 100vw, 300px\" \/><\/a><figcaption id=\"caption-attachment-30196\" class=\"wp-caption-text\">Child Centre Opening Day May 1970<\/figcaption><\/figure>\n<p>&#8222;Es begann mit einem lila Baum&#8220;, hei\u00dft es in dem Artikel von Toronto Star, der am 8. Mai 1970 ver\u00f6ffentlicht wurde, als die Kindertagesst\u00e4tte er\u00f6ffnet wurde. Die Idee f\u00fcr die Kindertagesst\u00e4tte kam urspr\u00fcnglich der Gemeinde der Martin-Luther-Kirche unter Pastor Eberhard W. Schwantes mit dem Ziel, den Kindern in der Nachbarschaft einen sicheren Ort zum Spielen zu bieten. Sein Sohn Michael Schwantes erinnert sich, dass die Idee zu seinem Vater kam, als er vom Kirchenb\u00fcro aus aus dem Fenster schaute. &#8222;Es war, weil er die Kinder auf dem Parkplatz spielen sah und sie nirgendwo hingehen konnten&#8220;, erkl\u00e4rt er, &#8222;er sagte &#8230; sie brauchten einen Ort, an den sie gehen konnten.&#8220;<\/p>\n<p>Es w\u00fcrde ein langes Jahr der Arbeit dauern, bis die Kindertagesst\u00e4tte die Kinder des Stadtteils Mimico willkommen hei\u00dfen k\u00f6nnte &#8211; wie der Artikel von Toronto Star aus dem Jahr 1970 sagt: \u201eDann kam das Ellbogenfett f\u00fcr die Operation.\u201c<\/p>\n<p>Im Mai 1970 \u00f6ffnete das Geb\u00e4ude seine T\u00fcren f\u00fcr die gesamte Gemeinde und begann, 26 Kinder aus der Nachbarschaft zu betreuen.<\/p>\n<p>Es dauerte nicht lange, bis die Kindertagesst\u00e4tte eine Vorschule, ein Kleinkind sowie ein Programm vor und nach der Schule umfasste und sich sogar auf den Keller der Kirche am Lake Shore Boulevard West 2379 ausbreitete. Heute betreut die Organisation 56 Kinder, und in der Mimico-Gemeinde besteht ebenso, wenn nicht sogar mehr Bedarf an einer voll funktionsf\u00e4higen Kindertagesst\u00e4tte.<\/p>\n<p>M\u00f6chten Sie noch mehr erfahren? Details \u00fcber den Begin der Kita bis zu den neuesten Entwicklungen finden Sie in unserem Blog.<\/p>\n<p><strong>Zeitkapsel 1970 &#8211; Einweihung des Kindergartens &#8211; <a href=\"https:\/\/martinluther.ca\/de\/kirchennachrichten\/gemeindebriefe-und-unsere-publikationen\/50-jahre-martin-luther-kirche-toronto-veroeffentlicht-in-2006\/\" target=\"_blank\" rel=\"noopener\">Auszug aus unserem Geschichtsbuch<\/a><\/strong><\/p>\n<p>Mit unerm\u00fcdlichem Eifer wird der Kindergarten durch den amtierenden Bauunternehmer, Egon Schmaltz, und das Baukomitee (Theo Betke, Hugo Redmann, Olaf Weigelin) und viele Helfer renoviert und eingerichtet. So kann am 19. April 1970 im Beisein von Ehrengast Pastor Dr. Otto Reble der neu gestaltete Kindergarten eingeweiht werden. Die Provinz Ontario erkennt die neue Einrichtung als staatlich gepr\u00fcften Kindergarten an und finanziert einige Kindergartenpl\u00e4tze. Durch Spendeneingang entstehen keine weiteren Schulden. Kindergartenkomitee: Olaf Weigelin, Arthur Neukom, Karl Seelke mit Pastor Eberhard W. Schwantes als Direktor. Das Personal besteht aus drei Kinderg\u00e4rtnerinnen und zwei Stundenhilfen.<\/p>\n<p>Der Karitative Frauenkreis hilft bei der Einrichtung des Kindergartens: Schleifen und Polieren von Baukl\u00f6tzen, N\u00e4hen von Steppdecken und Bettt\u00fcchern, Sammlung von Kinderb\u00fcchern und Spielsachen.<\/p>\n<p>&nbsp;<\/p>\n<p><strong>Fotogallerie<\/strong><\/p>\n<div id=\"gallery-1\" class=\"wpex-gallery wpex-grid wpex-grid-cols-3 wpex-gap-20 wpex-lightbox-group wpex-mb-20\"><figure class=\"gallery-item\"><a href=\"https:\/\/martinluther.ca\/wp-content\/uploads\/2016\/05\/IMG_20160504_132534738-small.jpg\" class=\"wpex-lightbox-group-item\"><img loading=\"lazy\" decoding=\"async\" src=\"https:\/\/martinluther.ca\/wp-content\/uploads\/2016\/05\/IMG_20160504_132534738-small-225x300.jpg\" alt=\"\" srcset=\"https:\/\/martinluther.ca\/wp-content\/uploads\/2016\/05\/IMG_20160504_132534738-small-225x300.jpg 225w, https:\/\/martinluther.ca\/wp-content\/uploads\/2016\/05\/IMG_20160504_132534738-small.jpg 675w\" width=\"225\" height=\"300\"><\/a><\/figure><figure class=\"gallery-item\"><a href=\"https:\/\/martinluther.ca\/wp-content\/uploads\/2016\/10\/2016-MLC-Day-Care-2-1200.jpg\" class=\"wpex-lightbox-group-item\"><img loading=\"lazy\" decoding=\"async\" src=\"https:\/\/martinluther.ca\/wp-content\/uploads\/2016\/10\/2016-MLC-Day-Care-2-1200-300x225.jpg\" alt=\"\" srcset=\"https:\/\/martinluther.ca\/wp-content\/uploads\/2016\/10\/2016-MLC-Day-Care-2-1200-300x225.jpg 300w, https:\/\/martinluther.ca\/wp-content\/uploads\/2016\/10\/2016-MLC-Day-Care-2-1200-1024x768.jpg 1024w, https:\/\/martinluther.ca\/wp-content\/uploads\/2016\/10\/2016-MLC-Day-Care-2-1200.jpg 1200w\" width=\"300\" height=\"225\"><\/a><\/figure><figure class=\"gallery-item\"><a href=\"https:\/\/martinluther.ca\/wp-content\/uploads\/2016\/05\/IMG_20160504_132758697.jpg\" class=\"wpex-lightbox-group-item\"><img loading=\"lazy\" decoding=\"async\" src=\"https:\/\/martinluther.ca\/wp-content\/uploads\/2016\/05\/IMG_20160504_132758697-225x300.jpg\" alt=\"\" srcset=\"https:\/\/martinluther.ca\/wp-content\/uploads\/2016\/05\/IMG_20160504_132758697-225x300.jpg 225w, https:\/\/martinluther.ca\/wp-content\/uploads\/2016\/05\/IMG_20160504_132758697-768x1024.jpg 768w, https:\/\/martinluther.ca\/wp-content\/uploads\/2016\/05\/IMG_20160504_132758697.jpg 900w\" width=\"225\" height=\"300\"><\/a><\/figure><figure class=\"gallery-item\"><a href=\"https:\/\/martinluther.ca\/wp-content\/uploads\/2016\/10\/2016-MLC-Day-Care-6-1200.jpg\" class=\"wpex-lightbox-group-item\"><img loading=\"lazy\" decoding=\"async\" src=\"https:\/\/martinluther.ca\/wp-content\/uploads\/2016\/10\/2016-MLC-Day-Care-6-1200-300x225.jpg\" alt=\"\" srcset=\"https:\/\/martinluther.ca\/wp-content\/uploads\/2016\/10\/2016-MLC-Day-Care-6-1200-300x225.jpg 300w, https:\/\/martinluther.ca\/wp-content\/uploads\/2016\/10\/2016-MLC-Day-Care-6-1200-1024x768.jpg 1024w, https:\/\/martinluther.ca\/wp-content\/uploads\/2016\/10\/2016-MLC-Day-Care-6-1200.jpg 1200w\" width=\"300\" height=\"225\"><\/a><\/figure><figure class=\"gallery-item\"><a href=\"https:\/\/martinluther.ca\/wp-content\/uploads\/2016\/05\/IMG_20160506_113409580-small.jpg\" class=\"wpex-lightbox-group-item\"><img loading=\"lazy\" decoding=\"async\" src=\"https:\/\/martinluther.ca\/wp-content\/uploads\/2016\/05\/IMG_20160506_113409580-small-300x225.jpg\" alt=\"\" srcset=\"https:\/\/martinluther.ca\/wp-content\/uploads\/2016\/05\/IMG_20160506_113409580-small-300x225.jpg 300w, https:\/\/martinluther.ca\/wp-content\/uploads\/2016\/05\/IMG_20160506_113409580-small-1024x768.jpg 1024w, https:\/\/martinluther.ca\/wp-content\/uploads\/2016\/05\/IMG_20160506_113409580-small.jpg 1200w\" width=\"300\" height=\"225\"><\/a><\/figure><figure class=\"gallery-item\"><a href=\"https:\/\/martinluther.ca\/wp-content\/uploads\/2016\/05\/IMG_20160506_113500039-small.jpg\" class=\"wpex-lightbox-group-item\"><img loading=\"lazy\" decoding=\"async\" src=\"https:\/\/martinluther.ca\/wp-content\/uploads\/2016\/05\/IMG_20160506_113500039-small-300x225.jpg\" alt=\"\" srcset=\"https:\/\/martinluther.ca\/wp-content\/uploads\/2016\/05\/IMG_20160506_113500039-small-300x225.jpg 300w, https:\/\/martinluther.ca\/wp-content\/uploads\/2016\/05\/IMG_20160506_113500039-small-1024x768.jpg 1024w, https:\/\/martinluther.ca\/wp-content\/uploads\/2016\/05\/IMG_20160506_113500039-small.jpg 1200w\" width=\"300\" height=\"225\"><\/a><\/figure><figure class=\"gallery-item\"><a href=\"https:\/\/martinluther.ca\/wp-content\/uploads\/2016\/10\/2016-MLC-Day-Care-8-1200.jpg\" class=\"wpex-lightbox-group-item\"><img loading=\"lazy\" decoding=\"async\" src=\"https:\/\/martinluther.ca\/wp-content\/uploads\/2016\/10\/2016-MLC-Day-Care-8-1200-300x225.jpg\" alt=\"\" srcset=\"https:\/\/martinluther.ca\/wp-content\/uploads\/2016\/10\/2016-MLC-Day-Care-8-1200-300x225.jpg 300w, https:\/\/martinluther.ca\/wp-content\/uploads\/2016\/10\/2016-MLC-Day-Care-8-1200-1024x768.jpg 1024w, https:\/\/martinluther.ca\/wp-content\/uploads\/2016\/10\/2016-MLC-Day-Care-8-1200.jpg 1071w\" width=\"300\" height=\"225\"><\/a><\/figure><figure class=\"gallery-item\"><a href=\"https:\/\/martinluther.ca\/wp-content\/uploads\/2015\/09\/2015-Day-Care-Open-House-Sep1st-06BB.jpg\" class=\"wpex-lightbox-group-item\"><img loading=\"lazy\" decoding=\"async\" src=\"https:\/\/martinluther.ca\/wp-content\/uploads\/2015\/09\/2015-Day-Care-Open-House-Sep1st-06BB-300x225.jpg\" alt=\"\" srcset=\"https:\/\/martinluther.ca\/wp-content\/uploads\/2015\/09\/2015-Day-Care-Open-House-Sep1st-06BB-300x225.jpg 300w, https:\/\/martinluther.ca\/wp-content\/uploads\/2015\/09\/2015-Day-Care-Open-House-Sep1st-06BB.jpg 1024w\" width=\"300\" height=\"225\"><\/a><\/figure><\/div>\n\n","protected":false},"excerpt":{"rendered":"<p>Martin Luther Child Care: A Non-Profit Child Care serving the Community Since 1979 5 Superior Ave., Toronto, ON M8V 2M1 2379 Lake Shore Blvd. W, Toronto ON M8V 1B7 Tel: 416-259-2861 ,\u00a0 office@martinlutherchildcare.ca Visit the Daycare website: martinlutherchildcare.ca Die Geschichte eines Fliederbaums &#8222;Es begann mit einem lila Baum&#8220;, hei\u00dft es in dem Artikel von Toronto&hellip;<\/p>\n","protected":false},"author":5,"featured_media":0,"parent":18868,"menu_order":0,"comment_status":"open","ping_status":"closed","template":"","meta":{"footnotes":""},"class_list":["post-18900","page","type-page","status-publish","hentry","entry","no-media"],"yoast_head":"<!-- This site is optimized with the Yoast SEO plugin v27.4 - https:\/\/yoast.com\/product\/yoast-seo-wordpress\/ -->\n<title>Kindertagesst\u00e4tte (Martin Luther Child Care) - Martin Luther Evangelische Kirche Toronto<\/title>\n<meta name=\"robots\" content=\"index, follow, max-snippet:-1, max-image-preview:large, max-video-preview:-1\" \/>\n<link rel=\"canonical\" href=\"https:\/\/martinluther.ca\/de\/ueber-uns\/kindertagesstaette-martin-luther-child-care\/\" \/>\n<meta property=\"og:locale\" content=\"de_DE\" \/>\n<meta property=\"og:type\" content=\"article\" \/>\n<meta property=\"og:title\" content=\"Kindertagesst\u00e4tte (Martin Luther Child Care) - Martin Luther Evangelische Kirche Toronto\" \/>\n<meta property=\"og:description\" content=\"Martin Luther Child Care: A Non-Profit Child Care serving the Community Since 1979 5 Superior Ave., Toronto, ON M8V 2M1 2379 Lake Shore Blvd. W, Toronto ON M8V 1B7 Tel: 416-259-2861 ,\u00a0 office@martinlutherchildcare.ca Visit the Daycare website: martinlutherchildcare.ca Die Geschichte eines Fliederbaums &#8222;Es begann mit einem lila Baum&#8220;, hei\u00dft es in dem Artikel von Toronto&hellip;\" \/>\n<meta property=\"og:url\" content=\"https:\/\/martinluther.ca\/de\/ueber-uns\/kindertagesstaette-martin-luther-child-care\/\" \/>\n<meta property=\"og:site_name\" content=\"Martin Luther Evangelische Kirche Toronto\" \/>\n<meta property=\"article:publisher\" content=\"https:\/\/www.facebook.com\/martinlutherchurchtoronto\" \/>\n<meta property=\"article:modified_time\" content=\"2025-11-19T21:08:20+00:00\" \/>\n<meta property=\"og:image\" content=\"https:\/\/martinluther.ca\/wp-content\/uploads\/2015\/09\/2015-Day-Care-Open-House-Sep1st-06BB-300x225.jpg\" \/>\n<meta name=\"twitter:card\" content=\"summary_large_image\" \/>\n<meta name=\"twitter:label1\" content=\"Gesch\u00e4tzte Lesezeit\" \/>\n\t<meta name=\"twitter:data1\" content=\"3\u00a0Minuten\" \/>\n<script type=\"application\/ld+json\" class=\"yoast-schema-graph\">{\"@context\":\"https:\\\/\\\/schema.org\",\"@graph\":[{\"@type\":\"WebPage\",\"@id\":\"https:\\\/\\\/martinluther.ca\\\/de\\\/ueber-uns\\\/kindertagesstaette-martin-luther-child-care\\\/\",\"url\":\"https:\\\/\\\/martinluther.ca\\\/de\\\/ueber-uns\\\/kindertagesstaette-martin-luther-child-care\\\/\",\"name\":\"Kindertagesst\u00e4tte (Martin Luther Child Care) - Martin Luther Evangelische Kirche Toronto\",\"isPartOf\":{\"@id\":\"https:\\\/\\\/martinluther.ca\\\/de\\\/#website\"},\"primaryImageOfPage\":{\"@id\":\"https:\\\/\\\/martinluther.ca\\\/de\\\/ueber-uns\\\/kindertagesstaette-martin-luther-child-care\\\/#primaryimage\"},\"image\":{\"@id\":\"https:\\\/\\\/martinluther.ca\\\/de\\\/ueber-uns\\\/kindertagesstaette-martin-luther-child-care\\\/#primaryimage\"},\"thumbnailUrl\":\"https:\\\/\\\/martinluther.ca\\\/wp-content\\\/uploads\\\/2022\\\/01\\\/MLC-Child-Care-Logo_colour-300x128.jpg\",\"datePublished\":\"2014-03-20T21:02:55+00:00\",\"dateModified\":\"2025-11-19T21:08:20+00:00\",\"breadcrumb\":{\"@id\":\"https:\\\/\\\/martinluther.ca\\\/de\\\/ueber-uns\\\/kindertagesstaette-martin-luther-child-care\\\/#breadcrumb\"},\"inLanguage\":\"de\",\"potentialAction\":[{\"@type\":\"ReadAction\",\"target\":[\"https:\\\/\\\/martinluther.ca\\\/de\\\/ueber-uns\\\/kindertagesstaette-martin-luther-child-care\\\/\"]}]},{\"@type\":\"ImageObject\",\"inLanguage\":\"de\",\"@id\":\"https:\\\/\\\/martinluther.ca\\\/de\\\/ueber-uns\\\/kindertagesstaette-martin-luther-child-care\\\/#primaryimage\",\"url\":\"https:\\\/\\\/martinluther.ca\\\/wp-content\\\/uploads\\\/2022\\\/01\\\/MLC-Child-Care-Logo_colour-300x128.jpg\",\"contentUrl\":\"https:\\\/\\\/martinluther.ca\\\/wp-content\\\/uploads\\\/2022\\\/01\\\/MLC-Child-Care-Logo_colour-300x128.jpg\"},{\"@type\":\"BreadcrumbList\",\"@id\":\"https:\\\/\\\/martinluther.ca\\\/de\\\/ueber-uns\\\/kindertagesstaette-martin-luther-child-care\\\/#breadcrumb\",\"itemListElement\":[{\"@type\":\"ListItem\",\"position\":1,\"name\":\"Home\",\"item\":\"https:\\\/\\\/martinluther.ca\\\/de\\\/\"},{\"@type\":\"ListItem\",\"position\":2,\"name\":\"\u00dcber uns\",\"item\":\"https:\\\/\\\/martinluther.ca\\\/de\\\/ueber-uns\\\/\"},{\"@type\":\"ListItem\",\"position\":3,\"name\":\"Kindertagesst\u00e4tte (Martin Luther Child Care)\"}]},{\"@type\":\"WebSite\",\"@id\":\"https:\\\/\\\/martinluther.ca\\\/de\\\/#website\",\"url\":\"https:\\\/\\\/martinluther.ca\\\/de\\\/\",\"name\":\"Martin Luther Evangelical Church Toronto\",\"description\":\"Deutsch &amp; Englisch\",\"publisher\":{\"@id\":\"https:\\\/\\\/martinluther.ca\\\/de\\\/#organization\"},\"potentialAction\":[{\"@type\":\"SearchAction\",\"target\":{\"@type\":\"EntryPoint\",\"urlTemplate\":\"https:\\\/\\\/martinluther.ca\\\/de\\\/?s={search_term_string}\"},\"query-input\":{\"@type\":\"PropertyValueSpecification\",\"valueRequired\":true,\"valueName\":\"search_term_string\"}}],\"inLanguage\":\"de\"},{\"@type\":\"Organization\",\"@id\":\"https:\\\/\\\/martinluther.ca\\\/de\\\/#organization\",\"name\":\"Martin Luther Evangelical Church Toronto\",\"url\":\"https:\\\/\\\/martinluther.ca\\\/de\\\/\",\"logo\":{\"@type\":\"ImageObject\",\"inLanguage\":\"de\",\"@id\":\"https:\\\/\\\/martinluther.ca\\\/de\\\/#\\\/schema\\\/logo\\\/image\\\/\",\"url\":\"https:\\\/\\\/martinluther.ca\\\/wp-content\\\/uploads\\\/2016\\\/12\\\/ml-logo-300.png\",\"contentUrl\":\"https:\\\/\\\/martinluther.ca\\\/wp-content\\\/uploads\\\/2016\\\/12\\\/ml-logo-300.png\",\"width\":300,\"height\":150,\"caption\":\"Martin Luther Evangelical Church Toronto\"},\"image\":{\"@id\":\"https:\\\/\\\/martinluther.ca\\\/de\\\/#\\\/schema\\\/logo\\\/image\\\/\"},\"sameAs\":[\"https:\\\/\\\/www.facebook.com\\\/martinlutherchurchtoronto\",\"https:\\\/\\\/www.instagram.com\\\/lutheransbythelake\\\/\",\"https:\\\/\\\/www.youtube.com\\\/MartinLutherChurchToronto\"]}]}<\/script>\n<!-- \/ Yoast SEO plugin. -->","yoast_head_json":{"title":"Kindertagesst\u00e4tte (Martin Luther Child Care) - Martin Luther Evangelische Kirche Toronto","robots":{"index":"index","follow":"follow","max-snippet":"max-snippet:-1","max-image-preview":"max-image-preview:large","max-video-preview":"max-video-preview:-1"},"canonical":"https:\/\/martinluther.ca\/de\/ueber-uns\/kindertagesstaette-martin-luther-child-care\/","og_locale":"de_DE","og_type":"article","og_title":"Kindertagesst\u00e4tte (Martin Luther Child Care) - Martin Luther Evangelische Kirche Toronto","og_description":"Martin Luther Child Care: A Non-Profit Child Care serving the Community Since 1979 5 Superior Ave., Toronto, ON M8V 2M1 2379 Lake Shore Blvd. W, Toronto ON M8V 1B7 Tel: 416-259-2861 ,\u00a0 office@martinlutherchildcare.ca Visit the Daycare website: martinlutherchildcare.ca Die Geschichte eines Fliederbaums &#8222;Es begann mit einem lila Baum&#8220;, hei\u00dft es in dem Artikel von Toronto&hellip;","og_url":"https:\/\/martinluther.ca\/de\/ueber-uns\/kindertagesstaette-martin-luther-child-care\/","og_site_name":"Martin Luther Evangelische Kirche Toronto","article_publisher":"https:\/\/www.facebook.com\/martinlutherchurchtoronto","article_modified_time":"2025-11-19T21:08:20+00:00","og_image":[{"url":"https:\/\/martinluther.ca\/wp-content\/uploads\/2015\/09\/2015-Day-Care-Open-House-Sep1st-06BB-300x225.jpg","type":"","width":"","height":""}],"twitter_card":"summary_large_image","twitter_misc":{"Gesch\u00e4tzte Lesezeit":"3\u00a0Minuten"},"schema":{"@context":"https:\/\/schema.org","@graph":[{"@type":"WebPage","@id":"https:\/\/martinluther.ca\/de\/ueber-uns\/kindertagesstaette-martin-luther-child-care\/","url":"https:\/\/martinluther.ca\/de\/ueber-uns\/kindertagesstaette-martin-luther-child-care\/","name":"Kindertagesst\u00e4tte (Martin Luther Child Care) - Martin Luther Evangelische Kirche Toronto","isPartOf":{"@id":"https:\/\/martinluther.ca\/de\/#website"},"primaryImageOfPage":{"@id":"https:\/\/martinluther.ca\/de\/ueber-uns\/kindertagesstaette-martin-luther-child-care\/#primaryimage"},"image":{"@id":"https:\/\/martinluther.ca\/de\/ueber-uns\/kindertagesstaette-martin-luther-child-care\/#primaryimage"},"thumbnailUrl":"https:\/\/martinluther.ca\/wp-content\/uploads\/2022\/01\/MLC-Child-Care-Logo_colour-300x128.jpg","datePublished":"2014-03-20T21:02:55+00:00","dateModified":"2025-11-19T21:08:20+00:00","breadcrumb":{"@id":"https:\/\/martinluther.ca\/de\/ueber-uns\/kindertagesstaette-martin-luther-child-care\/#breadcrumb"},"inLanguage":"de","potentialAction":[{"@type":"ReadAction","target":["https:\/\/martinluther.ca\/de\/ueber-uns\/kindertagesstaette-martin-luther-child-care\/"]}]},{"@type":"ImageObject","inLanguage":"de","@id":"https:\/\/martinluther.ca\/de\/ueber-uns\/kindertagesstaette-martin-luther-child-care\/#primaryimage","url":"https:\/\/martinluther.ca\/wp-content\/uploads\/2022\/01\/MLC-Child-Care-Logo_colour-300x128.jpg","contentUrl":"https:\/\/martinluther.ca\/wp-content\/uploads\/2022\/01\/MLC-Child-Care-Logo_colour-300x128.jpg"},{"@type":"BreadcrumbList","@id":"https:\/\/martinluther.ca\/de\/ueber-uns\/kindertagesstaette-martin-luther-child-care\/#breadcrumb","itemListElement":[{"@type":"ListItem","position":1,"name":"Home","item":"https:\/\/martinluther.ca\/de\/"},{"@type":"ListItem","position":2,"name":"\u00dcber uns","item":"https:\/\/martinluther.ca\/de\/ueber-uns\/"},{"@type":"ListItem","position":3,"name":"Kindertagesst\u00e4tte (Martin Luther Child Care)"}]},{"@type":"WebSite","@id":"https:\/\/martinluther.ca\/de\/#website","url":"https:\/\/martinluther.ca\/de\/","name":"Martin Luther Evangelical Church Toronto","description":"Deutsch &amp; Englisch","publisher":{"@id":"https:\/\/martinluther.ca\/de\/#organization"},"potentialAction":[{"@type":"SearchAction","target":{"@type":"EntryPoint","urlTemplate":"https:\/\/martinluther.ca\/de\/?s={search_term_string}"},"query-input":{"@type":"PropertyValueSpecification","valueRequired":true,"valueName":"search_term_string"}}],"inLanguage":"de"},{"@type":"Organization","@id":"https:\/\/martinluther.ca\/de\/#organization","name":"Martin Luther Evangelical Church Toronto","url":"https:\/\/martinluther.ca\/de\/","logo":{"@type":"ImageObject","inLanguage":"de","@id":"https:\/\/martinluther.ca\/de\/#\/schema\/logo\/image\/","url":"https:\/\/martinluther.ca\/wp-content\/uploads\/2016\/12\/ml-logo-300.png","contentUrl":"https:\/\/martinluther.ca\/wp-content\/uploads\/2016\/12\/ml-logo-300.png","width":300,"height":150,"caption":"Martin Luther Evangelical Church Toronto"},"image":{"@id":"https:\/\/martinluther.ca\/de\/#\/schema\/logo\/image\/"},"sameAs":["https:\/\/www.facebook.com\/martinlutherchurchtoronto","https:\/\/www.instagram.com\/lutheransbythelake\/","https:\/\/www.youtube.com\/MartinLutherChurchToronto"]}]}},"_links":{"self":[{"href":"https:\/\/martinluther.ca\/de\/wp-json\/wp\/v2\/pages\/18900","targetHints":{"allow":["GET"]}}],"collection":[{"href":"https:\/\/martinluther.ca\/de\/wp-json\/wp\/v2\/pages"}],"about":[{"href":"https:\/\/martinluther.ca\/de\/wp-json\/wp\/v2\/types\/page"}],"author":[{"embeddable":true,"href":"https:\/\/martinluther.ca\/de\/wp-json\/wp\/v2\/users\/5"}],"replies":[{"embeddable":true,"href":"https:\/\/martinluther.ca\/de\/wp-json\/wp\/v2\/comments?post=18900"}],"version-history":[{"count":58,"href":"https:\/\/martinluther.ca\/de\/wp-json\/wp\/v2\/pages\/18900\/revisions"}],"predecessor-version":[{"id":54603,"href":"https:\/\/martinluther.ca\/de\/wp-json\/wp\/v2\/pages\/18900\/revisions\/54603"}],"up":[{"embeddable":true,"href":"https:\/\/martinluther.ca\/de\/wp-json\/wp\/v2\/pages\/18868"}],"wp:attachment":[{"href":"https:\/\/martinluther.ca\/de\/wp-json\/wp\/v2\/media?parent=18900"}],"curies":[{"name":"wp","href":"https:\/\/api.w.org\/{rel}","templated":true}]}}