{"id":18904,"date":"2014-03-20T17:08:57","date_gmt":"2014-03-20T21:08:57","guid":{"rendered":"https:\/\/martinluther.ca\/?page_id=18904"},"modified":"2025-11-19T16:08:09","modified_gmt":"2025-11-19T21:08:09","slug":"werde-mitglied","status":"publish","type":"page","link":"https:\/\/martinluther.ca\/de\/uber-uns\/werde-mitglied\/","title":{"rendered":"Werde Mitglied"},"content":{"rendered":"<p><img loading=\"lazy\" decoding=\"async\" class=\"alignright size-medium wp-image-49242\" src=\"https:\/\/martinluther.ca\/wp-content\/uploads\/2024\/06\/2024-05-09-Church-front-01-300x225.jpg\" alt=\"\" width=\"300\" height=\"225\" srcset=\"https:\/\/martinluther.ca\/wp-content\/uploads\/2024\/06\/2024-05-09-Church-front-01-300x225.jpg 300w, https:\/\/martinluther.ca\/wp-content\/uploads\/2024\/06\/2024-05-09-Church-front-01-1024x768.jpg 1024w, https:\/\/martinluther.ca\/wp-content\/uploads\/2024\/06\/2024-05-09-Church-front-01-768x576.jpg 768w, https:\/\/martinluther.ca\/wp-content\/uploads\/2024\/06\/2024-05-09-Church-front-01-1536x1152.jpg 1536w, https:\/\/martinluther.ca\/wp-content\/uploads\/2024\/06\/2024-05-09-Church-front-01-2048x1536.jpg 2048w\" sizes=\"auto, (max-width: 300px) 100vw, 300px\" \/>M\u00f6chten Sie Mitglied der Martin-Luther-Kirche werden? Bitte lesen Sie die folgenden Informationen:<\/p>\n<p><strong>Welche Voraussetzungen sind f\u00fcr eine Mitgliedschaft erforderlich?<\/strong><br \/>\nDer wichtigste Schritt zur Mitgliedschaft ist die Taufe. Sie k\u00f6nnen sich in jedem Alter taufen lassen. Wenn Sie sich als Erwachsener taufen lassen m\u00f6chten, haben Sie vor Ihrer offiziellen Taufe die M\u00f6glichkeit, in Gespr\u00e4chen mit unserem Pfarrer mehr \u00fcber den christlichen Glauben zu erfahren.<\/p>\n<p>Wenn Sie getauft sind, k\u00f6nnen Sie durch die Konfirmation, ein Glaubensbekenntnis oder einen Wechsel aus einer anderen lutherischen Gemeinde Mitglied werden. Der Gemeinderat nimmt Sie dann im Rahmen eines Gottesdienstes in die Kirche auf (keine Sorge, Sie m\u00fcssen keine Rede halten).<\/p>\n<p><strong>Mitgliedsantrag <a href=\"https:\/\/martinluther.ca\/wp-content\/uploads\/2014\/08\/CHURCH-MEMBERSHIP-FORM-new-font.pdf\" target=\"_blank\" rel=\"noopener\">herunterladen<\/a><\/strong><br \/>\n<strong>Taufantrag f\u00fcr Kinder herunterladen<\/strong><br \/>\n<strong>Taufantrag f\u00fcr Erwachsene herunterladen<\/strong><\/p>\n<p><strong>Welche Rechte und Pflichten sind mit der Mitgliedschaft verbunden?<\/strong><br \/>\nMitglieder unserer Gemeinde sind bestrebt, den Gottesdienst und das Gemeindeleben zu unterst\u00fctzen und daran teilzunehmen. Regelm\u00e4\u00dfiger Gottesdienstbesuch und die Kommunikation mit dem Kirchenb\u00fcro und der Kirchenleitung (z. B. Gemeinderat\/Pastor) sind sehr erw\u00fcnscht. Mindestens einmal j\u00e4hrlich nehmen Sie am Abendmahl teil. (* Bitte vereinbaren Sie einen Besuch durch den Pastor, wenn Sie nicht pers\u00f6nlich am Gottesdienst teilnehmen k\u00f6nnen.)<\/p>\n<p>Vielleicht finden Sie auch einen Bereich unserer Gemeinde, in dem Sie sich gerne engagieren m\u00f6chten. Gibt es ein Programm, das Sie interessiert? Eine Gemeinde lebt von den Menschen, die sie \u2013 basierend auf ihren pers\u00f6nlichen St\u00e4rken \u2013 gestalten. Wir sind dankbar f\u00fcr die Zeit und die Talente unserer Mitglieder, die zum Gedeihen unserer Gemeinde beitragen.<\/p>\n<p>Als aktives Mitglied unserer Gemeinde k\u00f6nnen Sie \u00fcber das Leben unserer Gemeinde entscheiden, den Gemeinderat w\u00e4hlen oder sich selbst auf der Jahreshauptversammlung nominieren lassen. Laut unserer Satzung m\u00fcssen Sie mindestens 18 Jahre alt sein, um w\u00e4hlen zu d\u00fcrfen.<\/p>\n<p><strong>Gibt es einen Mitgliedsbeitrag?<\/strong><br \/>\nEs gibt keinen Mitgliedsbeitrag oder einen festen Spendenbetrag. Dennoch sind wir auf Spenden unserer Mitglieder und Freunde angewiesen, um unsere Programme weiterhin anbieten zu k\u00f6nnen.<\/p>\n<p>Wir unterst\u00fctzen die Arbeit unserer Gemeinde vor allem durch die Vorabautorisierung (Pre-authorized Remittance = PAR) und die Kollekte w\u00e4hrend der Gottesdienste. Weitere M\u00f6glichkeiten finden Sie auf unserer Spendenseite.<\/p>\n<p>Wir sind als gemeinn\u00fctzige Organisation registriert, Ihre Spenden sind daher steuerlich absetzbar.<\/p>\n<p><strong>Wenn Sie in Deutschland keine Steuern zahlen, \u2026<\/strong><br \/>\n\u2026dann m\u00fcssen Sie in Kanada auch keine Kirchensteuer zahlen. Wenn Sie in Deutschland Kirchensteuer zahlen, k\u00f6nnen Sie den gleichen Betrag auch an Ihre Kirche in Kanada spenden.<\/p>\n<p>Zu Ihrer Information: Die Kirchensteuer betr\u00e4gt in Deutschland je nach Region in der Regel 7\u20139 % Ihres Gehalts bzw. Ihrer Einkommensteuer.<\/p>\n<p><img loading=\"lazy\" decoding=\"async\" class=\"alignleft wp-image-52284 size-full\" src=\"https:\/\/martinluther.ca\/wp-content\/uploads\/2025\/04\/2025-04-18-Good-Friday-11-Holy-Communion-Linda-piano-scaled.jpg\" alt=\"\" width=\"2560\" height=\"1762\" srcset=\"https:\/\/martinluther.ca\/wp-content\/uploads\/2025\/04\/2025-04-18-Good-Friday-11-Holy-Communion-Linda-piano-scaled.jpg 2560w, https:\/\/martinluther.ca\/wp-content\/uploads\/2025\/04\/2025-04-18-Good-Friday-11-Holy-Communion-Linda-piano-300x206.jpg 300w, https:\/\/martinluther.ca\/wp-content\/uploads\/2025\/04\/2025-04-18-Good-Friday-11-Holy-Communion-Linda-piano-scaled-1024x705.jpg 1024w, https:\/\/martinluther.ca\/wp-content\/uploads\/2025\/04\/2025-04-18-Good-Friday-11-Holy-Communion-Linda-piano-768x529.jpg 768w, https:\/\/martinluther.ca\/wp-content\/uploads\/2025\/04\/2025-04-18-Good-Friday-11-Holy-Communion-Linda-piano-1536x1057.jpg 1536w, https:\/\/martinluther.ca\/wp-content\/uploads\/2025\/04\/2025-04-18-Good-Friday-11-Holy-Communion-Linda-piano-2048x1410.jpg 2048w\" sizes=\"auto, (max-width: 2560px) 100vw, 2560px\" \/><img loading=\"lazy\" decoding=\"async\" class=\"alignleft size-full wp-image-30954\" src=\"https:\/\/martinluther.ca\/wp-content\/uploads\/2018\/06\/2018-Confirmation-43-3x4-1200-1.jpg\" alt=\"\" width=\"1200\" height=\"900\" srcset=\"https:\/\/martinluther.ca\/wp-content\/uploads\/2018\/06\/2018-Confirmation-43-3x4-1200-1.jpg 1200w, https:\/\/martinluther.ca\/wp-content\/uploads\/2018\/06\/2018-Confirmation-43-3x4-1200-1-300x225.jpg 300w, https:\/\/martinluther.ca\/wp-content\/uploads\/2018\/06\/2018-Confirmation-43-3x4-1200-1-768x576.jpg 768w, https:\/\/martinluther.ca\/wp-content\/uploads\/2018\/06\/2018-Confirmation-43-3x4-1200-1-1024x768.jpg 1024w\" sizes=\"auto, (max-width: 1200px) 100vw, 1200px\" \/><\/p>\n<p>&nbsp;<\/p>\n<p>&nbsp;<\/p>\n","protected":false},"excerpt":{"rendered":"<p>M\u00f6chten Sie Mitglied der Martin-Luther-Kirche werden? Bitte lesen Sie die folgenden Informationen: Welche Voraussetzungen sind f\u00fcr eine Mitgliedschaft erforderlich? Der wichtigste Schritt zur Mitgliedschaft ist die Taufe. Sie k\u00f6nnen sich in jedem Alter taufen lassen. Wenn Sie sich als Erwachsener taufen lassen m\u00f6chten, haben Sie vor Ihrer offiziellen Taufe die M\u00f6glichkeit, in Gespr\u00e4chen mit unserem&hellip;<\/p>\n","protected":false},"author":5,"featured_media":0,"parent":18902,"menu_order":0,"comment_status":"open","ping_status":"closed","template":"","meta":{"footnotes":""},"class_list":["post-18904","page","type-page","status-publish","hentry","entry","no-media"],"yoast_head":"<!-- This site is optimized with the Yoast SEO plugin v27.4 - https:\/\/yoast.com\/product\/yoast-seo-wordpress\/ -->\n<title>Werde Mitglied - Martin Luther Evangelische Kirche Toronto<\/title>\n<meta name=\"robots\" content=\"index, follow, max-snippet:-1, max-image-preview:large, max-video-preview:-1\" \/>\n<link rel=\"canonical\" href=\"https:\/\/martinluther.ca\/get-involved\/become-a-member\/\" \/>\n<meta property=\"og:locale\" content=\"de_DE\" \/>\n<meta property=\"og:type\" content=\"article\" \/>\n<meta property=\"og:title\" content=\"Werde Mitglied - Martin Luther Evangelische Kirche Toronto\" \/>\n<meta property=\"og:description\" content=\"M\u00f6chten Sie Mitglied der Martin-Luther-Kirche werden? Bitte lesen Sie die folgenden Informationen: Welche Voraussetzungen sind f\u00fcr eine Mitgliedschaft erforderlich? Der wichtigste Schritt zur Mitgliedschaft ist die Taufe. Sie k\u00f6nnen sich in jedem Alter taufen lassen. Wenn Sie sich als Erwachsener taufen lassen m\u00f6chten, haben Sie vor Ihrer offiziellen Taufe die M\u00f6glichkeit, in Gespr\u00e4chen mit unserem&hellip;\" \/>\n<meta property=\"og:url\" content=\"https:\/\/martinluther.ca\/get-involved\/become-a-member\/\" \/>\n<meta property=\"og:site_name\" content=\"Martin Luther Evangelische Kirche Toronto\" \/>\n<meta property=\"article:publisher\" content=\"https:\/\/www.facebook.com\/martinlutherchurchtoronto\" \/>\n<meta property=\"article:modified_time\" content=\"2025-11-19T21:08:09+00:00\" \/>\n<meta property=\"og:image\" content=\"https:\/\/martinluther.ca\/wp-content\/uploads\/2024\/06\/2024-05-09-Church-front-01-300x225.jpg\" \/>\n<meta name=\"twitter:card\" content=\"summary_large_image\" \/>\n<meta name=\"twitter:label1\" content=\"Gesch\u00e4tzte Lesezeit\" \/>\n\t<meta name=\"twitter:data1\" content=\"3\u00a0Minuten\" \/>\n<script type=\"application\/ld+json\" class=\"yoast-schema-graph\">{\"@context\":\"https:\\\/\\\/schema.org\",\"@graph\":[{\"@type\":\"WebPage\",\"@id\":\"https:\\\/\\\/martinluther.ca\\\/get-involved\\\/become-a-member\\\/\",\"url\":\"https:\\\/\\\/martinluther.ca\\\/get-involved\\\/become-a-member\\\/\",\"name\":\"Werde Mitglied - Martin Luther Evangelische Kirche Toronto\",\"isPartOf\":{\"@id\":\"https:\\\/\\\/martinluther.ca\\\/de\\\/#website\"},\"primaryImageOfPage\":{\"@id\":\"https:\\\/\\\/martinluther.ca\\\/get-involved\\\/become-a-member\\\/#primaryimage\"},\"image\":{\"@id\":\"https:\\\/\\\/martinluther.ca\\\/get-involved\\\/become-a-member\\\/#primaryimage\"},\"thumbnailUrl\":\"https:\\\/\\\/martinluther.ca\\\/wp-content\\\/uploads\\\/2024\\\/06\\\/2024-05-09-Church-front-01-300x225.jpg\",\"datePublished\":\"2014-03-20T21:08:57+00:00\",\"dateModified\":\"2025-11-19T21:08:09+00:00\",\"breadcrumb\":{\"@id\":\"https:\\\/\\\/martinluther.ca\\\/get-involved\\\/become-a-member\\\/#breadcrumb\"},\"inLanguage\":\"de\",\"potentialAction\":[{\"@type\":\"ReadAction\",\"target\":[\"https:\\\/\\\/martinluther.ca\\\/get-involved\\\/become-a-member\\\/\"]}]},{\"@type\":\"ImageObject\",\"inLanguage\":\"de\",\"@id\":\"https:\\\/\\\/martinluther.ca\\\/get-involved\\\/become-a-member\\\/#primaryimage\",\"url\":\"https:\\\/\\\/martinluther.ca\\\/wp-content\\\/uploads\\\/2024\\\/06\\\/2024-05-09-Church-front-01-300x225.jpg\",\"contentUrl\":\"https:\\\/\\\/martinluther.ca\\\/wp-content\\\/uploads\\\/2024\\\/06\\\/2024-05-09-Church-front-01-300x225.jpg\"},{\"@type\":\"BreadcrumbList\",\"@id\":\"https:\\\/\\\/martinluther.ca\\\/get-involved\\\/become-a-member\\\/#breadcrumb\",\"itemListElement\":[{\"@type\":\"ListItem\",\"position\":1,\"name\":\"Home\",\"item\":\"https:\\\/\\\/martinluther.ca\\\/de\\\/\"},{\"@type\":\"ListItem\",\"position\":2,\"name\":\"\u016aber Uns\",\"item\":\"https:\\\/\\\/martinluther.ca\\\/de\\\/?page_id=18902\"},{\"@type\":\"ListItem\",\"position\":3,\"name\":\"Werde Mitglied\"}]},{\"@type\":\"WebSite\",\"@id\":\"https:\\\/\\\/martinluther.ca\\\/de\\\/#website\",\"url\":\"https:\\\/\\\/martinluther.ca\\\/de\\\/\",\"name\":\"Martin Luther Evangelical Church Toronto\",\"description\":\"Deutsch &amp; Englisch\",\"publisher\":{\"@id\":\"https:\\\/\\\/martinluther.ca\\\/de\\\/#organization\"},\"potentialAction\":[{\"@type\":\"SearchAction\",\"target\":{\"@type\":\"EntryPoint\",\"urlTemplate\":\"https:\\\/\\\/martinluther.ca\\\/de\\\/?s={search_term_string}\"},\"query-input\":{\"@type\":\"PropertyValueSpecification\",\"valueRequired\":true,\"valueName\":\"search_term_string\"}}],\"inLanguage\":\"de\"},{\"@type\":\"Organization\",\"@id\":\"https:\\\/\\\/martinluther.ca\\\/de\\\/#organization\",\"name\":\"Martin Luther Evangelical Church Toronto\",\"url\":\"https:\\\/\\\/martinluther.ca\\\/de\\\/\",\"logo\":{\"@type\":\"ImageObject\",\"inLanguage\":\"de\",\"@id\":\"https:\\\/\\\/martinluther.ca\\\/de\\\/#\\\/schema\\\/logo\\\/image\\\/\",\"url\":\"https:\\\/\\\/martinluther.ca\\\/wp-content\\\/uploads\\\/2016\\\/12\\\/ml-logo-300.png\",\"contentUrl\":\"https:\\\/\\\/martinluther.ca\\\/wp-content\\\/uploads\\\/2016\\\/12\\\/ml-logo-300.png\",\"width\":300,\"height\":150,\"caption\":\"Martin Luther Evangelical Church Toronto\"},\"image\":{\"@id\":\"https:\\\/\\\/martinluther.ca\\\/de\\\/#\\\/schema\\\/logo\\\/image\\\/\"},\"sameAs\":[\"https:\\\/\\\/www.facebook.com\\\/martinlutherchurchtoronto\",\"https:\\\/\\\/www.instagram.com\\\/lutheransbythelake\\\/\",\"https:\\\/\\\/www.youtube.com\\\/MartinLutherChurchToronto\"]}]}<\/script>\n<!-- \/ Yoast SEO plugin. -->","yoast_head_json":{"title":"Werde Mitglied - Martin Luther Evangelische Kirche Toronto","robots":{"index":"index","follow":"follow","max-snippet":"max-snippet:-1","max-image-preview":"max-image-preview:large","max-video-preview":"max-video-preview:-1"},"canonical":"https:\/\/martinluther.ca\/get-involved\/become-a-member\/","og_locale":"de_DE","og_type":"article","og_title":"Werde Mitglied - Martin Luther Evangelische Kirche Toronto","og_description":"M\u00f6chten Sie Mitglied der Martin-Luther-Kirche werden? Bitte lesen Sie die folgenden Informationen: Welche Voraussetzungen sind f\u00fcr eine Mitgliedschaft erforderlich? Der wichtigste Schritt zur Mitgliedschaft ist die Taufe. Sie k\u00f6nnen sich in jedem Alter taufen lassen. Wenn Sie sich als Erwachsener taufen lassen m\u00f6chten, haben Sie vor Ihrer offiziellen Taufe die M\u00f6glichkeit, in Gespr\u00e4chen mit unserem&hellip;","og_url":"https:\/\/martinluther.ca\/get-involved\/become-a-member\/","og_site_name":"Martin Luther Evangelische Kirche Toronto","article_publisher":"https:\/\/www.facebook.com\/martinlutherchurchtoronto","article_modified_time":"2025-11-19T21:08:09+00:00","og_image":[{"url":"https:\/\/martinluther.ca\/wp-content\/uploads\/2024\/06\/2024-05-09-Church-front-01-300x225.jpg","type":"","width":"","height":""}],"twitter_card":"summary_large_image","twitter_misc":{"Gesch\u00e4tzte Lesezeit":"3\u00a0Minuten"},"schema":{"@context":"https:\/\/schema.org","@graph":[{"@type":"WebPage","@id":"https:\/\/martinluther.ca\/get-involved\/become-a-member\/","url":"https:\/\/martinluther.ca\/get-involved\/become-a-member\/","name":"Werde Mitglied - Martin Luther Evangelische Kirche Toronto","isPartOf":{"@id":"https:\/\/martinluther.ca\/de\/#website"},"primaryImageOfPage":{"@id":"https:\/\/martinluther.ca\/get-involved\/become-a-member\/#primaryimage"},"image":{"@id":"https:\/\/martinluther.ca\/get-involved\/become-a-member\/#primaryimage"},"thumbnailUrl":"https:\/\/martinluther.ca\/wp-content\/uploads\/2024\/06\/2024-05-09-Church-front-01-300x225.jpg","datePublished":"2014-03-20T21:08:57+00:00","dateModified":"2025-11-19T21:08:09+00:00","breadcrumb":{"@id":"https:\/\/martinluther.ca\/get-involved\/become-a-member\/#breadcrumb"},"inLanguage":"de","potentialAction":[{"@type":"ReadAction","target":["https:\/\/martinluther.ca\/get-involved\/become-a-member\/"]}]},{"@type":"ImageObject","inLanguage":"de","@id":"https:\/\/martinluther.ca\/get-involved\/become-a-member\/#primaryimage","url":"https:\/\/martinluther.ca\/wp-content\/uploads\/2024\/06\/2024-05-09-Church-front-01-300x225.jpg","contentUrl":"https:\/\/martinluther.ca\/wp-content\/uploads\/2024\/06\/2024-05-09-Church-front-01-300x225.jpg"},{"@type":"BreadcrumbList","@id":"https:\/\/martinluther.ca\/get-involved\/become-a-member\/#breadcrumb","itemListElement":[{"@type":"ListItem","position":1,"name":"Home","item":"https:\/\/martinluther.ca\/de\/"},{"@type":"ListItem","position":2,"name":"\u016aber Uns","item":"https:\/\/martinluther.ca\/de\/?page_id=18902"},{"@type":"ListItem","position":3,"name":"Werde Mitglied"}]},{"@type":"WebSite","@id":"https:\/\/martinluther.ca\/de\/#website","url":"https:\/\/martinluther.ca\/de\/","name":"Martin Luther Evangelical Church Toronto","description":"Deutsch &amp; Englisch","publisher":{"@id":"https:\/\/martinluther.ca\/de\/#organization"},"potentialAction":[{"@type":"SearchAction","target":{"@type":"EntryPoint","urlTemplate":"https:\/\/martinluther.ca\/de\/?s={search_term_string}"},"query-input":{"@type":"PropertyValueSpecification","valueRequired":true,"valueName":"search_term_string"}}],"inLanguage":"de"},{"@type":"Organization","@id":"https:\/\/martinluther.ca\/de\/#organization","name":"Martin Luther Evangelical Church Toronto","url":"https:\/\/martinluther.ca\/de\/","logo":{"@type":"ImageObject","inLanguage":"de","@id":"https:\/\/martinluther.ca\/de\/#\/schema\/logo\/image\/","url":"https:\/\/martinluther.ca\/wp-content\/uploads\/2016\/12\/ml-logo-300.png","contentUrl":"https:\/\/martinluther.ca\/wp-content\/uploads\/2016\/12\/ml-logo-300.png","width":300,"height":150,"caption":"Martin Luther Evangelical Church Toronto"},"image":{"@id":"https:\/\/martinluther.ca\/de\/#\/schema\/logo\/image\/"},"sameAs":["https:\/\/www.facebook.com\/martinlutherchurchtoronto","https:\/\/www.instagram.com\/lutheransbythelake\/","https:\/\/www.youtube.com\/MartinLutherChurchToronto"]}]}},"_links":{"self":[{"href":"https:\/\/martinluther.ca\/de\/wp-json\/wp\/v2\/pages\/18904","targetHints":{"allow":["GET"]}}],"collection":[{"href":"https:\/\/martinluther.ca\/de\/wp-json\/wp\/v2\/pages"}],"about":[{"href":"https:\/\/martinluther.ca\/de\/wp-json\/wp\/v2\/types\/page"}],"author":[{"embeddable":true,"href":"https:\/\/martinluther.ca\/de\/wp-json\/wp\/v2\/users\/5"}],"replies":[{"embeddable":true,"href":"https:\/\/martinluther.ca\/de\/wp-json\/wp\/v2\/comments?post=18904"}],"version-history":[{"count":16,"href":"https:\/\/martinluther.ca\/de\/wp-json\/wp\/v2\/pages\/18904\/revisions"}],"predecessor-version":[{"id":54287,"href":"https:\/\/martinluther.ca\/de\/wp-json\/wp\/v2\/pages\/18904\/revisions\/54287"}],"up":[{"embeddable":true,"href":"https:\/\/martinluther.ca\/de\/wp-json\/wp\/v2\/pages\/18902"}],"wp:attachment":[{"href":"https:\/\/martinluther.ca\/de\/wp-json\/wp\/v2\/media?parent=18904"}],"curies":[{"name":"wp","href":"https:\/\/api.w.org\/{rel}","templated":true}]}}