{"id":18906,"date":"2014-03-20T17:10:31","date_gmt":"2014-03-20T21:10:31","guid":{"rendered":"https:\/\/martinluther.ca\/?page_id=18906"},"modified":"2025-11-19T16:08:04","modified_gmt":"2025-11-19T21:08:04","slug":"unterstuetze-uns-als-freiwilliger","status":"publish","type":"page","link":"https:\/\/martinluther.ca\/de\/uber-uns\/unterstuetze-uns-als-freiwilliger\/","title":{"rendered":"Unterst\u00fctze uns als Freiwilliger"},"content":{"rendered":"<h3><strong>Es gibt viele M\u00f6glichkeiten, in der Martin Luther Kirche aktiv zu werden<\/strong><\/h3>\n<p>\u00dcberlegen Sie einfach, was Sie gerne tun m\u00f6chten, wieviel Zeit Sie einbringen m\u00f6chten und welche F\u00e4higkeiten Sie mitbringen. Sie suchen nach Anregungen? Dann sprechen Sie uns an, beim Kirchenkaffee oder per E-Mail: <a href=\"mailto:office@martinluther.ca\" target=\"_blank\" rel=\"noopener\">office@martinluther.ca<\/a><br \/>\n<strong><br \/>\nDas sind nur einige von vielen M\u00f6glichkeiten:<\/strong><\/p>\n<ul>\n<li>Sie k\u00f6nnen im Kirchenchor singen<\/li>\n<li>Sie k\u00f6nnen Gastfreundschaft pflegen im Kirchenkaffee-Dienst nach dem Gottesdienst.<\/li>\n<li>Sie k\u00f6nnen bei der Gartenarbeit helfen.<\/li>\n<\/ul>\n<p>Wir suchen dringend G\u00e4rtner f\u00fcr unsere Gr\u00fcnfl\u00e4chen (einschlie\u00dflich eines Hochbeets f\u00fcr Gem\u00fcse und Kr\u00e4uter), K\u00f6che\/B\u00e4cker f\u00fcr unseren Lebensmittelseelsorge und Leute, die bei der technischen Unterst\u00fctzung (Videoaufnahmen, Fotografieren unserer Gottesdienste und Veranstaltungen) und der Instandhaltung der Kirche helfen , und \u00dcbersetzung (Englisch-Deutsch, Deutsch-Englisch mit https:\/\/deepl.com).<\/p>\n<p>Unsere <strong>Gruppen, Kreisen und Eventorganisations-teams<\/strong> bieten eine gro\u00dfe Auswahl an freiwilligen und sozialen Aktivit\u00e4ten f\u00fcr alle Altersgruppen. Wenn Sie suchen contakt zu machen mit Menschen, die aktiv zum Leben unserer Kirche beitragen. Wenn Sie suchen eine lohnende Sache in Ihrer Nachbarschaft, um zu unterst\u00fctzen. Dann sind Sie bei der richtigen Adresse.<\/p>\n<p>Im moment haben wir:<\/p>\n<p><strong><img loading=\"lazy\" decoding=\"async\" class=\"alignright size-medium wp-image-52326\" src=\"https:\/\/martinluther.ca\/wp-content\/uploads\/2025\/04\/2025-04-20-Easter-58-altar-cross-no-people-223x300.jpg\" alt=\"\" width=\"223\" height=\"300\" srcset=\"https:\/\/martinluther.ca\/wp-content\/uploads\/2025\/04\/2025-04-20-Easter-58-altar-cross-no-people-223x300.jpg 223w, https:\/\/martinluther.ca\/wp-content\/uploads\/2025\/04\/2025-04-20-Easter-58-altar-cross-no-people-scaled-762x1024.jpg 762w, https:\/\/martinluther.ca\/wp-content\/uploads\/2025\/04\/2025-04-20-Easter-58-altar-cross-no-people-768x1032.jpg 768w, https:\/\/martinluther.ca\/wp-content\/uploads\/2025\/04\/2025-04-20-Easter-58-altar-cross-no-people-1143x1536.jpg 1143w, https:\/\/martinluther.ca\/wp-content\/uploads\/2025\/04\/2025-04-20-Easter-58-altar-cross-no-people-1524x2048.jpg 1524w, https:\/\/martinluther.ca\/wp-content\/uploads\/2025\/04\/2025-04-20-Easter-58-altar-cross-no-people-scaled.jpg 1905w\" sizes=\"auto, (max-width: 223px) 100vw, 223px\" \/>Altar-Gilde<\/strong><br \/>\nKontakt: Annette Rowles via Kirchbuero. Mehreres\u00a0 Altar-Gilde<\/p>\n<p><strong>Geb\u00e4udewartungsteam<\/strong><br \/>\nKontakt: Dan Sommerfeld<\/p>\n<p><strong>Gartenpflege-Team<\/strong><br \/>\nKontakt: Iris Schweiger<\/p>\n<p><strong>\u00dcbersetzungsteam<\/strong><br \/>\nKontakt: Marlena Muller <a href=\"mailto:office@martinluther.ca\" target=\"_blank\" rel=\"noopener\">office@martinluther.ca<\/a><\/p>\n<p><strong>Tech-Team (Videos und Fotografie)<\/strong><br \/>\nKontakt: Andy oder Alex Boettcher <a href=\"mailto:techteam@martinluther.ca\" target=\"_blank\" rel=\"noopener\">techteam@martinluther.ca<\/a><\/p>\n<p><strong>Website-Team<\/strong><br \/>\nKontakt: Mona Kakoschke &#8211; Frantzke <a href=\"mailto:webmaster@martinluther.ca\">webmaster@martinluther.ca<\/a><\/p>\n<p><strong><img loading=\"lazy\" decoding=\"async\" class=\"alignright size-medium wp-image-48741\" src=\"https:\/\/martinluther.ca\/wp-content\/uploads\/2024\/03\/2024-03-31-Easter-Sunday-39ab-choir-300x225.jpg\" alt=\"\" width=\"300\" height=\"225\" srcset=\"https:\/\/martinluther.ca\/wp-content\/uploads\/2024\/03\/2024-03-31-Easter-Sunday-39ab-choir-300x225.jpg 300w, https:\/\/martinluther.ca\/wp-content\/uploads\/2024\/03\/2024-03-31-Easter-Sunday-39ab-choir-1024x768.jpg 1024w, https:\/\/martinluther.ca\/wp-content\/uploads\/2024\/03\/2024-03-31-Easter-Sunday-39ab-choir-768x576.jpg 768w, https:\/\/martinluther.ca\/wp-content\/uploads\/2024\/03\/2024-03-31-Easter-Sunday-39ab-choir-1536x1152.jpg 1536w, https:\/\/martinluther.ca\/wp-content\/uploads\/2024\/03\/2024-03-31-Easter-Sunday-39ab-choir.jpg 2016w\" sizes=\"auto, (max-width: 300px) 100vw, 300px\" \/>Kirchenchor<\/strong><br \/>\nContact: Linda Marcinkus, organist and choir director \u00a0Mehreres Kirchenchor<\/p>\n<p><strong>Fl\u00fcchtlingsunterst\u00fctzungsteam<\/strong><br \/>\nContact: vacancy. Mehreres Fl\u00fcchtlingsunterst\u00fctzungsteam<\/p>\n<p><strong>Seniorenkreis<br \/>\n<\/strong>Kontakt: Irene Zielke. Mehreres Seniorenkreis<\/p>\n<p><strong>und Event-organisation teams<\/strong><\/p>\n<ul>\n<li>Osterfr\u00fchfr\u00fchst\u00fcck, Aufr\u00e4umarbeiten in der Kirche, Kirchenpicknick, Christmas Market (<a href=\"mailto:bazaar@martinluther.ca\">bazaar@martinluther.ca<\/a>),<\/li>\n<\/ul>\n<h3>Freiwillige Stunden<\/h3>\n<p><span style=\"font-weight: 400;\">Au\u00dferdem bieten wir Oberstufensch\u00fclern (High School in Ontario) die M\u00f6glichkeit, ihre 40 Freiwilligenstunden zu erf\u00fcllen! Voraussetzung f\u00fcr ein Abitur in Ontario.<\/span><\/p>\n<h1>Danke f\u00fcr Ihre Unterst\u00fctzung!<\/h1>\n<p>Wir freuen uns sehr, dass Sie die Arbeit der Martin Luther Kirche unterst\u00fctzen: Lebendig Glauben feiern, unseren Mitmenschen dienen und ihnen Inspiration geben f\u00fcr ihr Leben. Das ist es, was uns am Herzen liegt. Danke, dass Sie helfen diese Vision Wirklichkeit werden zu lassen und der Hoffnung Gestalt zu geben in Toronto und dar\u00fcber hinaus.<\/p>\n<p>Bleiben Sie uns verbunden.<\/p>\n<p><strong>M\u00f6ge Gottes Segen Sie begleiten und m\u00f6gen Sie weiter anderen zum Segen sein.<\/strong><\/p>\n","protected":false},"excerpt":{"rendered":"<p>Es gibt viele M\u00f6glichkeiten, in der Martin Luther Kirche aktiv zu werden \u00dcberlegen Sie einfach, was Sie gerne tun m\u00f6chten, wieviel Zeit Sie einbringen m\u00f6chten und welche F\u00e4higkeiten Sie mitbringen. Sie suchen nach Anregungen? Dann sprechen Sie uns an, beim Kirchenkaffee oder per E-Mail: office@martinluther.ca Das sind nur einige von vielen M\u00f6glichkeiten: Sie k\u00f6nnen im&hellip;<\/p>\n","protected":false},"author":5,"featured_media":0,"parent":18902,"menu_order":0,"comment_status":"open","ping_status":"closed","template":"","meta":{"footnotes":""},"class_list":["post-18906","page","type-page","status-publish","hentry","entry","no-media"],"yoast_head":"<!-- This site is optimized with the Yoast SEO plugin v27.4 - https:\/\/yoast.com\/product\/yoast-seo-wordpress\/ -->\n<title>Unterst\u00fctze uns als Freiwilliger - Martin Luther Evangelische Kirche Toronto<\/title>\n<meta name=\"robots\" content=\"index, follow, max-snippet:-1, max-image-preview:large, max-video-preview:-1\" \/>\n<link rel=\"canonical\" href=\"https:\/\/martinluther.ca\/de\/uber-uns\/unterstuetze-uns-als-freiwilliger\/\" \/>\n<meta property=\"og:locale\" content=\"de_DE\" \/>\n<meta property=\"og:type\" content=\"article\" \/>\n<meta property=\"og:title\" content=\"Unterst\u00fctze uns als Freiwilliger - Martin Luther Evangelische Kirche Toronto\" \/>\n<meta property=\"og:description\" content=\"Es gibt viele M\u00f6glichkeiten, in der Martin Luther Kirche aktiv zu werden \u00dcberlegen Sie einfach, was Sie gerne tun m\u00f6chten, wieviel Zeit Sie einbringen m\u00f6chten und welche F\u00e4higkeiten Sie mitbringen. Sie suchen nach Anregungen? Dann sprechen Sie uns an, beim Kirchenkaffee oder per E-Mail: office@martinluther.ca Das sind nur einige von vielen M\u00f6glichkeiten: Sie k\u00f6nnen im&hellip;\" \/>\n<meta property=\"og:url\" content=\"https:\/\/martinluther.ca\/de\/uber-uns\/unterstuetze-uns-als-freiwilliger\/\" \/>\n<meta property=\"og:site_name\" content=\"Martin Luther Evangelische Kirche Toronto\" \/>\n<meta property=\"article:publisher\" content=\"https:\/\/www.facebook.com\/martinlutherchurchtoronto\" \/>\n<meta property=\"article:modified_time\" content=\"2025-11-19T21:08:04+00:00\" \/>\n<meta property=\"og:image\" content=\"https:\/\/martinluther.ca\/wp-content\/uploads\/2025\/04\/2025-04-20-Easter-58-altar-cross-no-people-223x300.jpg\" \/>\n<meta name=\"twitter:card\" content=\"summary_large_image\" \/>\n<meta name=\"twitter:label1\" content=\"Gesch\u00e4tzte Lesezeit\" \/>\n\t<meta name=\"twitter:data1\" content=\"2\u00a0Minuten\" \/>\n<script type=\"application\/ld+json\" class=\"yoast-schema-graph\">{\"@context\":\"https:\\\/\\\/schema.org\",\"@graph\":[{\"@type\":\"WebPage\",\"@id\":\"https:\\\/\\\/martinluther.ca\\\/de\\\/uber-uns\\\/unterstuetze-uns-als-freiwilliger\\\/\",\"url\":\"https:\\\/\\\/martinluther.ca\\\/de\\\/uber-uns\\\/unterstuetze-uns-als-freiwilliger\\\/\",\"name\":\"Unterst\u00fctze uns als Freiwilliger - Martin Luther Evangelische Kirche Toronto\",\"isPartOf\":{\"@id\":\"https:\\\/\\\/martinluther.ca\\\/de\\\/#website\"},\"primaryImageOfPage\":{\"@id\":\"https:\\\/\\\/martinluther.ca\\\/de\\\/uber-uns\\\/unterstuetze-uns-als-freiwilliger\\\/#primaryimage\"},\"image\":{\"@id\":\"https:\\\/\\\/martinluther.ca\\\/de\\\/uber-uns\\\/unterstuetze-uns-als-freiwilliger\\\/#primaryimage\"},\"thumbnailUrl\":\"https:\\\/\\\/martinluther.ca\\\/wp-content\\\/uploads\\\/2025\\\/04\\\/2025-04-20-Easter-58-altar-cross-no-people-223x300.jpg\",\"datePublished\":\"2014-03-20T21:10:31+00:00\",\"dateModified\":\"2025-11-19T21:08:04+00:00\",\"breadcrumb\":{\"@id\":\"https:\\\/\\\/martinluther.ca\\\/de\\\/uber-uns\\\/unterstuetze-uns-als-freiwilliger\\\/#breadcrumb\"},\"inLanguage\":\"de\",\"potentialAction\":[{\"@type\":\"ReadAction\",\"target\":[\"https:\\\/\\\/martinluther.ca\\\/de\\\/uber-uns\\\/unterstuetze-uns-als-freiwilliger\\\/\"]}]},{\"@type\":\"ImageObject\",\"inLanguage\":\"de\",\"@id\":\"https:\\\/\\\/martinluther.ca\\\/de\\\/uber-uns\\\/unterstuetze-uns-als-freiwilliger\\\/#primaryimage\",\"url\":\"https:\\\/\\\/martinluther.ca\\\/wp-content\\\/uploads\\\/2025\\\/04\\\/2025-04-20-Easter-58-altar-cross-no-people-223x300.jpg\",\"contentUrl\":\"https:\\\/\\\/martinluther.ca\\\/wp-content\\\/uploads\\\/2025\\\/04\\\/2025-04-20-Easter-58-altar-cross-no-people-223x300.jpg\"},{\"@type\":\"BreadcrumbList\",\"@id\":\"https:\\\/\\\/martinluther.ca\\\/de\\\/uber-uns\\\/unterstuetze-uns-als-freiwilliger\\\/#breadcrumb\",\"itemListElement\":[{\"@type\":\"ListItem\",\"position\":1,\"name\":\"Home\",\"item\":\"https:\\\/\\\/martinluther.ca\\\/de\\\/\"},{\"@type\":\"ListItem\",\"position\":2,\"name\":\"\u016aber Uns\",\"item\":\"https:\\\/\\\/martinluther.ca\\\/de\\\/?page_id=18902\"},{\"@type\":\"ListItem\",\"position\":3,\"name\":\"Unterst\u00fctze uns als Freiwilliger\"}]},{\"@type\":\"WebSite\",\"@id\":\"https:\\\/\\\/martinluther.ca\\\/de\\\/#website\",\"url\":\"https:\\\/\\\/martinluther.ca\\\/de\\\/\",\"name\":\"Martin Luther Evangelical Church Toronto\",\"description\":\"Deutsch &amp; Englisch\",\"publisher\":{\"@id\":\"https:\\\/\\\/martinluther.ca\\\/de\\\/#organization\"},\"potentialAction\":[{\"@type\":\"SearchAction\",\"target\":{\"@type\":\"EntryPoint\",\"urlTemplate\":\"https:\\\/\\\/martinluther.ca\\\/de\\\/?s={search_term_string}\"},\"query-input\":{\"@type\":\"PropertyValueSpecification\",\"valueRequired\":true,\"valueName\":\"search_term_string\"}}],\"inLanguage\":\"de\"},{\"@type\":\"Organization\",\"@id\":\"https:\\\/\\\/martinluther.ca\\\/de\\\/#organization\",\"name\":\"Martin Luther Evangelical Church Toronto\",\"url\":\"https:\\\/\\\/martinluther.ca\\\/de\\\/\",\"logo\":{\"@type\":\"ImageObject\",\"inLanguage\":\"de\",\"@id\":\"https:\\\/\\\/martinluther.ca\\\/de\\\/#\\\/schema\\\/logo\\\/image\\\/\",\"url\":\"https:\\\/\\\/martinluther.ca\\\/wp-content\\\/uploads\\\/2016\\\/12\\\/ml-logo-300.png\",\"contentUrl\":\"https:\\\/\\\/martinluther.ca\\\/wp-content\\\/uploads\\\/2016\\\/12\\\/ml-logo-300.png\",\"width\":300,\"height\":150,\"caption\":\"Martin Luther Evangelical Church Toronto\"},\"image\":{\"@id\":\"https:\\\/\\\/martinluther.ca\\\/de\\\/#\\\/schema\\\/logo\\\/image\\\/\"},\"sameAs\":[\"https:\\\/\\\/www.facebook.com\\\/martinlutherchurchtoronto\",\"https:\\\/\\\/www.instagram.com\\\/lutheransbythelake\\\/\",\"https:\\\/\\\/www.youtube.com\\\/MartinLutherChurchToronto\"]}]}<\/script>\n<!-- \/ Yoast SEO plugin. -->","yoast_head_json":{"title":"Unterst\u00fctze uns als Freiwilliger - Martin Luther Evangelische Kirche Toronto","robots":{"index":"index","follow":"follow","max-snippet":"max-snippet:-1","max-image-preview":"max-image-preview:large","max-video-preview":"max-video-preview:-1"},"canonical":"https:\/\/martinluther.ca\/de\/uber-uns\/unterstuetze-uns-als-freiwilliger\/","og_locale":"de_DE","og_type":"article","og_title":"Unterst\u00fctze uns als Freiwilliger - Martin Luther Evangelische Kirche Toronto","og_description":"Es gibt viele M\u00f6glichkeiten, in der Martin Luther Kirche aktiv zu werden \u00dcberlegen Sie einfach, was Sie gerne tun m\u00f6chten, wieviel Zeit Sie einbringen m\u00f6chten und welche F\u00e4higkeiten Sie mitbringen. Sie suchen nach Anregungen? Dann sprechen Sie uns an, beim Kirchenkaffee oder per E-Mail: office@martinluther.ca Das sind nur einige von vielen M\u00f6glichkeiten: Sie k\u00f6nnen im&hellip;","og_url":"https:\/\/martinluther.ca\/de\/uber-uns\/unterstuetze-uns-als-freiwilliger\/","og_site_name":"Martin Luther Evangelische Kirche Toronto","article_publisher":"https:\/\/www.facebook.com\/martinlutherchurchtoronto","article_modified_time":"2025-11-19T21:08:04+00:00","og_image":[{"url":"https:\/\/martinluther.ca\/wp-content\/uploads\/2025\/04\/2025-04-20-Easter-58-altar-cross-no-people-223x300.jpg","type":"","width":"","height":""}],"twitter_card":"summary_large_image","twitter_misc":{"Gesch\u00e4tzte Lesezeit":"2\u00a0Minuten"},"schema":{"@context":"https:\/\/schema.org","@graph":[{"@type":"WebPage","@id":"https:\/\/martinluther.ca\/de\/uber-uns\/unterstuetze-uns-als-freiwilliger\/","url":"https:\/\/martinluther.ca\/de\/uber-uns\/unterstuetze-uns-als-freiwilliger\/","name":"Unterst\u00fctze uns als Freiwilliger - Martin Luther Evangelische Kirche Toronto","isPartOf":{"@id":"https:\/\/martinluther.ca\/de\/#website"},"primaryImageOfPage":{"@id":"https:\/\/martinluther.ca\/de\/uber-uns\/unterstuetze-uns-als-freiwilliger\/#primaryimage"},"image":{"@id":"https:\/\/martinluther.ca\/de\/uber-uns\/unterstuetze-uns-als-freiwilliger\/#primaryimage"},"thumbnailUrl":"https:\/\/martinluther.ca\/wp-content\/uploads\/2025\/04\/2025-04-20-Easter-58-altar-cross-no-people-223x300.jpg","datePublished":"2014-03-20T21:10:31+00:00","dateModified":"2025-11-19T21:08:04+00:00","breadcrumb":{"@id":"https:\/\/martinluther.ca\/de\/uber-uns\/unterstuetze-uns-als-freiwilliger\/#breadcrumb"},"inLanguage":"de","potentialAction":[{"@type":"ReadAction","target":["https:\/\/martinluther.ca\/de\/uber-uns\/unterstuetze-uns-als-freiwilliger\/"]}]},{"@type":"ImageObject","inLanguage":"de","@id":"https:\/\/martinluther.ca\/de\/uber-uns\/unterstuetze-uns-als-freiwilliger\/#primaryimage","url":"https:\/\/martinluther.ca\/wp-content\/uploads\/2025\/04\/2025-04-20-Easter-58-altar-cross-no-people-223x300.jpg","contentUrl":"https:\/\/martinluther.ca\/wp-content\/uploads\/2025\/04\/2025-04-20-Easter-58-altar-cross-no-people-223x300.jpg"},{"@type":"BreadcrumbList","@id":"https:\/\/martinluther.ca\/de\/uber-uns\/unterstuetze-uns-als-freiwilliger\/#breadcrumb","itemListElement":[{"@type":"ListItem","position":1,"name":"Home","item":"https:\/\/martinluther.ca\/de\/"},{"@type":"ListItem","position":2,"name":"\u016aber Uns","item":"https:\/\/martinluther.ca\/de\/?page_id=18902"},{"@type":"ListItem","position":3,"name":"Unterst\u00fctze uns als Freiwilliger"}]},{"@type":"WebSite","@id":"https:\/\/martinluther.ca\/de\/#website","url":"https:\/\/martinluther.ca\/de\/","name":"Martin Luther Evangelical Church Toronto","description":"Deutsch &amp; Englisch","publisher":{"@id":"https:\/\/martinluther.ca\/de\/#organization"},"potentialAction":[{"@type":"SearchAction","target":{"@type":"EntryPoint","urlTemplate":"https:\/\/martinluther.ca\/de\/?s={search_term_string}"},"query-input":{"@type":"PropertyValueSpecification","valueRequired":true,"valueName":"search_term_string"}}],"inLanguage":"de"},{"@type":"Organization","@id":"https:\/\/martinluther.ca\/de\/#organization","name":"Martin Luther Evangelical Church Toronto","url":"https:\/\/martinluther.ca\/de\/","logo":{"@type":"ImageObject","inLanguage":"de","@id":"https:\/\/martinluther.ca\/de\/#\/schema\/logo\/image\/","url":"https:\/\/martinluther.ca\/wp-content\/uploads\/2016\/12\/ml-logo-300.png","contentUrl":"https:\/\/martinluther.ca\/wp-content\/uploads\/2016\/12\/ml-logo-300.png","width":300,"height":150,"caption":"Martin Luther Evangelical Church Toronto"},"image":{"@id":"https:\/\/martinluther.ca\/de\/#\/schema\/logo\/image\/"},"sameAs":["https:\/\/www.facebook.com\/martinlutherchurchtoronto","https:\/\/www.instagram.com\/lutheransbythelake\/","https:\/\/www.youtube.com\/MartinLutherChurchToronto"]}]}},"_links":{"self":[{"href":"https:\/\/martinluther.ca\/de\/wp-json\/wp\/v2\/pages\/18906","targetHints":{"allow":["GET"]}}],"collection":[{"href":"https:\/\/martinluther.ca\/de\/wp-json\/wp\/v2\/pages"}],"about":[{"href":"https:\/\/martinluther.ca\/de\/wp-json\/wp\/v2\/types\/page"}],"author":[{"embeddable":true,"href":"https:\/\/martinluther.ca\/de\/wp-json\/wp\/v2\/users\/5"}],"replies":[{"embeddable":true,"href":"https:\/\/martinluther.ca\/de\/wp-json\/wp\/v2\/comments?post=18906"}],"version-history":[{"count":17,"href":"https:\/\/martinluther.ca\/de\/wp-json\/wp\/v2\/pages\/18906\/revisions"}],"predecessor-version":[{"id":54604,"href":"https:\/\/martinluther.ca\/de\/wp-json\/wp\/v2\/pages\/18906\/revisions\/54604"}],"up":[{"embeddable":true,"href":"https:\/\/martinluther.ca\/de\/wp-json\/wp\/v2\/pages\/18902"}],"wp:attachment":[{"href":"https:\/\/martinluther.ca\/de\/wp-json\/wp\/v2\/media?parent=18906"}],"curies":[{"name":"wp","href":"https:\/\/api.w.org\/{rel}","templated":true}]}}