{"id":18915,"date":"2014-03-20T17:06:59","date_gmt":"2014-03-20T21:06:59","guid":{"rendered":"https:\/\/martinluther.ca\/?page_id=18915"},"modified":"2025-11-19T16:07:11","modified_gmt":"2025-11-19T21:07:11","slug":"sommercamp","status":"publish","type":"page","link":"https:\/\/martinluther.ca\/de\/programme-und-dienste\/sommercamp\/","title":{"rendered":"Sommercamp"},"content":{"rendered":"<p><strong><img loading=\"lazy\" decoding=\"async\" class=\"alignright wp-image-35622 size-medium\" src=\"https:\/\/martinluther.ca\/wp-content\/uploads\/2020\/08\/CampLutherlynLogo-website-300x225.png\" alt=\"MLC at Camp Lutherlyn Logo\" width=\"300\" height=\"225\" srcset=\"https:\/\/martinluther.ca\/wp-content\/uploads\/2020\/08\/CampLutherlynLogo-website-300x225.png 300w, https:\/\/martinluther.ca\/wp-content\/uploads\/2020\/08\/CampLutherlynLogo-website-1024x767.png 1024w, https:\/\/martinluther.ca\/wp-content\/uploads\/2020\/08\/CampLutherlynLogo-website-768x576.png 768w, https:\/\/martinluther.ca\/wp-content\/uploads\/2020\/08\/CampLutherlynLogo-website-1536x1151.png 1536w, https:\/\/martinluther.ca\/wp-content\/uploads\/2020\/08\/CampLutherlynLogo-website-2048x1535.png 2048w\" sizes=\"auto, (max-width: 300px) 100vw, 300px\" \/><\/strong>In den vergangenen Sommern fuhr unsere Kirchenfamilie jahrelang zum Sommerlager im <strong>Camp Lutherlyn, Golden Lake<\/strong> (\u00f6stlich des Algonquin Parks, Ontario), um dort eine Woche lang Kanu zu fahren, zu schwimmen, Andachten zu feiern und Gemeinschaft und Natur zu erleben.<\/p>\n<p>Camp Lutherlyn ist ein Au\u00dfendienst der \u00d6stlichen Synode der Evangelisch-Lutherischen Kirche in Kanada. Hoch aufragende Kiefern, h\u00fcgelige Wiesen, Sandstr\u00e4nde in der wundersch\u00f6nen Gegend von Golden Lake! Camp Lutherlyn ist ein idealer Zufluchtsort f\u00fcr Erholung, Erneuerung und Lernen. Unvergessliche Erfahrungen garantiert!<\/p>\n<p><img loading=\"lazy\" decoding=\"async\" class=\"alignright wp-image-39873\" src=\"https:\/\/martinluther.ca\/wp-content\/uploads\/2021\/11\/camp-lutherlyn-round-logo-2021-300x300.png\" alt=\"camp lutherlyn round logo 2021\" width=\"184\" height=\"184\" srcset=\"https:\/\/martinluther.ca\/wp-content\/uploads\/2021\/11\/camp-lutherlyn-round-logo-2021-300x300.png 300w, https:\/\/martinluther.ca\/wp-content\/uploads\/2021\/11\/camp-lutherlyn-round-logo-2021-150x150.png 150w, https:\/\/martinluther.ca\/wp-content\/uploads\/2021\/11\/camp-lutherlyn-round-logo-2021.png 569w\" sizes=\"auto, (max-width: 184px) 100vw, 184px\" \/><\/p>\n<p>Es ist ein wundersch\u00f6nes Anwesen mit einem See und vielen Unterbringungsm\u00f6glichkeiten, von Etagenbetten bis hin zu Schlafzimmern. Wer noch nicht dort war, kann es sich hier anschauen &#8211;\u00a0 <a href=\"https:\/\/www.lutherlyncamp.ca\/\" target=\"_blank\" rel=\"noopener\">https:\/\/www.lutherlyncamp.ca\/<\/a>.<\/p>\n<p>Es gibt verschiedene \u00dcbernachtungsm\u00f6glichkeiten f\u00fcr jeden Geldbeutel und Komfortlevel (vom Zelt bis zur eigenen H\u00fctte).<\/p>\n<p>-Pastorin Annika Klappert, Mobil: (416) 567-2487 <a href=\"mailto:pastor@martinluther.ca\" target=\"_blank\" rel=\"noopener\">pastor@martinluther.ca<\/a><\/p>\n<p><img loading=\"lazy\" decoding=\"async\" class=\"alignleft size-full wp-image-44007\" src=\"https:\/\/martinluther.ca\/wp-content\/uploads\/2023\/01\/2023-Summer-Camp-8.5-\u00d7-5.5-in.png\" alt=\"\" width=\"2000\" height=\"1294\" srcset=\"https:\/\/martinluther.ca\/wp-content\/uploads\/2023\/01\/2023-Summer-Camp-8.5-\u00d7-5.5-in.png 2000w, https:\/\/martinluther.ca\/wp-content\/uploads\/2023\/01\/2023-Summer-Camp-8.5-\u00d7-5.5-in-300x194.png 300w, https:\/\/martinluther.ca\/wp-content\/uploads\/2023\/01\/2023-Summer-Camp-8.5-\u00d7-5.5-in-1024x663.png 1024w, https:\/\/martinluther.ca\/wp-content\/uploads\/2023\/01\/2023-Summer-Camp-8.5-\u00d7-5.5-in-768x497.png 768w, https:\/\/martinluther.ca\/wp-content\/uploads\/2023\/01\/2023-Summer-Camp-8.5-\u00d7-5.5-in-1536x994.png 1536w\" sizes=\"auto, (max-width: 2000px) 100vw, 2000px\" \/><\/p>\n<p>&nbsp;<\/p>\n<p><img loading=\"lazy\" decoding=\"async\" class=\"wp-image-21815 size-medium alignleft\" src=\"https:\/\/martinluther.ca\/wp-content\/uploads\/2015\/05\/2015-Camp-Lutherlyn-Tshirt-Colours-white-300x225.png\" alt=\"MLC at Camp Lutherlyn Tshirt\" width=\"300\" height=\"225\" srcset=\"https:\/\/martinluther.ca\/wp-content\/uploads\/2015\/05\/2015-Camp-Lutherlyn-Tshirt-Colours-white-300x225.png 300w, https:\/\/martinluther.ca\/wp-content\/uploads\/2015\/05\/2015-Camp-Lutherlyn-Tshirt-Colours-white.png 1024w\" sizes=\"auto, (max-width: 300px) 100vw, 300px\" \/><\/p>\n<p><strong>Bestelle Dein eigenes MLC Camp Lutherlyn T-Shirt!<\/strong> 1 Preis, 4 tolle Farben und 13 Gr\u00f6\u00dfen. &#8222;Martin Luther Church in Camp Lutherlyn&#8220; steht auf dem Shirt.<\/p>\n<p><strong>MLC Camp Lutherlyn T-shirt Order form <\/strong><strong><span style=\"color: #0066cc;\"><a title=\"MLC at Camp Lutherlyn Order Form 2015\" href=\"https:\/\/martinluther.ca\/wp-content\/uploads\/2015\/05\/CampLutherlynTshirtOrderForm_2015.pdf\" target=\"_blank\" rel=\"noopener noreferrer\">[Herunterladen<\/a>]\u00a0<\/span><\/strong>$10.00\/Shirt<br \/>\nYouth Sizes : XS (2-4), S (6-8), M (10-12), L (14-16), XL (18-20) Adult Sizes: S, M, L , XL, XXL, XXXL, XXXL<\/p>\n<p>&nbsp;<\/p>\n<p>&nbsp;<\/p>\n<p>Fotogalerie auf der Webseite der <strong><a href=\"https:\/\/martinluther.ca\/de\/programme-und-dienste\/sommercamp\/sommercamp-fotogalerie\/\" target=\"_blank\" rel=\"noopener noreferrer\">Sommercamp Fotogalerie<\/a>.<\/strong><\/p>\n","protected":false},"excerpt":{"rendered":"<p>In den vergangenen Sommern fuhr unsere Kirchenfamilie jahrelang zum Sommerlager im Camp Lutherlyn, Golden Lake (\u00f6stlich des Algonquin Parks, Ontario), um dort eine Woche lang Kanu zu fahren, zu schwimmen, Andachten zu feiern und Gemeinschaft und Natur zu erleben. Camp Lutherlyn ist ein Au\u00dfendienst der \u00d6stlichen Synode der Evangelisch-Lutherischen Kirche in Kanada. Hoch aufragende Kiefern,&hellip;<\/p>\n","protected":false},"author":9,"featured_media":0,"parent":18913,"menu_order":0,"comment_status":"open","ping_status":"closed","template":"","meta":{"footnotes":""},"class_list":["post-18915","page","type-page","status-publish","hentry","entry","no-media"],"yoast_head":"<!-- This site is optimized with the Yoast SEO plugin v27.4 - https:\/\/yoast.com\/product\/yoast-seo-wordpress\/ -->\n<title>Sommercamp - Martin Luther Evangelische Kirche Toronto<\/title>\n<meta name=\"robots\" content=\"index, follow, max-snippet:-1, max-image-preview:large, max-video-preview:-1\" \/>\n<link rel=\"canonical\" href=\"https:\/\/martinluther.ca\/programs-and-services\/summer-camp\/\" \/>\n<meta property=\"og:locale\" content=\"de_DE\" \/>\n<meta property=\"og:type\" content=\"article\" \/>\n<meta property=\"og:title\" content=\"Sommercamp - Martin Luther Evangelische Kirche Toronto\" \/>\n<meta property=\"og:description\" content=\"In den vergangenen Sommern fuhr unsere Kirchenfamilie jahrelang zum Sommerlager im Camp Lutherlyn, Golden Lake (\u00f6stlich des Algonquin Parks, Ontario), um dort eine Woche lang Kanu zu fahren, zu schwimmen, Andachten zu feiern und Gemeinschaft und Natur zu erleben. Camp Lutherlyn ist ein Au\u00dfendienst der \u00d6stlichen Synode der Evangelisch-Lutherischen Kirche in Kanada. Hoch aufragende Kiefern,&hellip;\" \/>\n<meta property=\"og:url\" content=\"https:\/\/martinluther.ca\/programs-and-services\/summer-camp\/\" \/>\n<meta property=\"og:site_name\" content=\"Martin Luther Evangelische Kirche Toronto\" \/>\n<meta property=\"article:publisher\" content=\"https:\/\/www.facebook.com\/martinlutherchurchtoronto\" \/>\n<meta property=\"article:modified_time\" content=\"2025-11-19T21:07:11+00:00\" \/>\n<meta property=\"og:image\" content=\"https:\/\/martinluther.ca\/wp-content\/uploads\/2020\/08\/CampLutherlynLogo-website-300x225.png\" \/>\n<meta name=\"twitter:card\" content=\"summary_large_image\" \/>\n<meta name=\"twitter:label1\" content=\"Gesch\u00e4tzte Lesezeit\" \/>\n\t<meta name=\"twitter:data1\" content=\"2\u00a0Minuten\" \/>\n<script type=\"application\/ld+json\" class=\"yoast-schema-graph\">{\"@context\":\"https:\\\/\\\/schema.org\",\"@graph\":[{\"@type\":\"WebPage\",\"@id\":\"https:\\\/\\\/martinluther.ca\\\/programs-and-services\\\/summer-camp\\\/\",\"url\":\"https:\\\/\\\/martinluther.ca\\\/programs-and-services\\\/summer-camp\\\/\",\"name\":\"Sommercamp - Martin Luther Evangelische Kirche Toronto\",\"isPartOf\":{\"@id\":\"https:\\\/\\\/martinluther.ca\\\/de\\\/#website\"},\"primaryImageOfPage\":{\"@id\":\"https:\\\/\\\/martinluther.ca\\\/programs-and-services\\\/summer-camp\\\/#primaryimage\"},\"image\":{\"@id\":\"https:\\\/\\\/martinluther.ca\\\/programs-and-services\\\/summer-camp\\\/#primaryimage\"},\"thumbnailUrl\":\"https:\\\/\\\/martinluther.ca\\\/wp-content\\\/uploads\\\/2020\\\/08\\\/CampLutherlynLogo-website-300x225.png\",\"datePublished\":\"2014-03-20T21:06:59+00:00\",\"dateModified\":\"2025-11-19T21:07:11+00:00\",\"breadcrumb\":{\"@id\":\"https:\\\/\\\/martinluther.ca\\\/programs-and-services\\\/summer-camp\\\/#breadcrumb\"},\"inLanguage\":\"de\",\"potentialAction\":[{\"@type\":\"ReadAction\",\"target\":[\"https:\\\/\\\/martinluther.ca\\\/programs-and-services\\\/summer-camp\\\/\"]}]},{\"@type\":\"ImageObject\",\"inLanguage\":\"de\",\"@id\":\"https:\\\/\\\/martinluther.ca\\\/programs-and-services\\\/summer-camp\\\/#primaryimage\",\"url\":\"https:\\\/\\\/martinluther.ca\\\/wp-content\\\/uploads\\\/2020\\\/08\\\/CampLutherlynLogo-website-300x225.png\",\"contentUrl\":\"https:\\\/\\\/martinluther.ca\\\/wp-content\\\/uploads\\\/2020\\\/08\\\/CampLutherlynLogo-website-300x225.png\"},{\"@type\":\"BreadcrumbList\",\"@id\":\"https:\\\/\\\/martinluther.ca\\\/programs-and-services\\\/summer-camp\\\/#breadcrumb\",\"itemListElement\":[{\"@type\":\"ListItem\",\"position\":1,\"name\":\"Home\",\"item\":\"https:\\\/\\\/martinluther.ca\\\/de\\\/\"},{\"@type\":\"ListItem\",\"position\":2,\"name\":\"Programme und Dienste\",\"item\":\"https:\\\/\\\/martinluther.ca\\\/de\\\/programme-und-dienste\\\/\"},{\"@type\":\"ListItem\",\"position\":3,\"name\":\"Sommercamp\"}]},{\"@type\":\"WebSite\",\"@id\":\"https:\\\/\\\/martinluther.ca\\\/de\\\/#website\",\"url\":\"https:\\\/\\\/martinluther.ca\\\/de\\\/\",\"name\":\"Martin Luther Evangelical Church Toronto\",\"description\":\"Deutsch &amp; Englisch\",\"publisher\":{\"@id\":\"https:\\\/\\\/martinluther.ca\\\/de\\\/#organization\"},\"potentialAction\":[{\"@type\":\"SearchAction\",\"target\":{\"@type\":\"EntryPoint\",\"urlTemplate\":\"https:\\\/\\\/martinluther.ca\\\/de\\\/?s={search_term_string}\"},\"query-input\":{\"@type\":\"PropertyValueSpecification\",\"valueRequired\":true,\"valueName\":\"search_term_string\"}}],\"inLanguage\":\"de\"},{\"@type\":\"Organization\",\"@id\":\"https:\\\/\\\/martinluther.ca\\\/de\\\/#organization\",\"name\":\"Martin Luther Evangelical Church Toronto\",\"url\":\"https:\\\/\\\/martinluther.ca\\\/de\\\/\",\"logo\":{\"@type\":\"ImageObject\",\"inLanguage\":\"de\",\"@id\":\"https:\\\/\\\/martinluther.ca\\\/de\\\/#\\\/schema\\\/logo\\\/image\\\/\",\"url\":\"https:\\\/\\\/martinluther.ca\\\/wp-content\\\/uploads\\\/2016\\\/12\\\/ml-logo-300.png\",\"contentUrl\":\"https:\\\/\\\/martinluther.ca\\\/wp-content\\\/uploads\\\/2016\\\/12\\\/ml-logo-300.png\",\"width\":300,\"height\":150,\"caption\":\"Martin Luther Evangelical Church Toronto\"},\"image\":{\"@id\":\"https:\\\/\\\/martinluther.ca\\\/de\\\/#\\\/schema\\\/logo\\\/image\\\/\"},\"sameAs\":[\"https:\\\/\\\/www.facebook.com\\\/martinlutherchurchtoronto\",\"https:\\\/\\\/www.instagram.com\\\/lutheransbythelake\\\/\",\"https:\\\/\\\/www.youtube.com\\\/MartinLutherChurchToronto\"]}]}<\/script>\n<!-- \/ Yoast SEO plugin. -->","yoast_head_json":{"title":"Sommercamp - Martin Luther Evangelische Kirche Toronto","robots":{"index":"index","follow":"follow","max-snippet":"max-snippet:-1","max-image-preview":"max-image-preview:large","max-video-preview":"max-video-preview:-1"},"canonical":"https:\/\/martinluther.ca\/programs-and-services\/summer-camp\/","og_locale":"de_DE","og_type":"article","og_title":"Sommercamp - Martin Luther Evangelische Kirche Toronto","og_description":"In den vergangenen Sommern fuhr unsere Kirchenfamilie jahrelang zum Sommerlager im Camp Lutherlyn, Golden Lake (\u00f6stlich des Algonquin Parks, Ontario), um dort eine Woche lang Kanu zu fahren, zu schwimmen, Andachten zu feiern und Gemeinschaft und Natur zu erleben. Camp Lutherlyn ist ein Au\u00dfendienst der \u00d6stlichen Synode der Evangelisch-Lutherischen Kirche in Kanada. Hoch aufragende Kiefern,&hellip;","og_url":"https:\/\/martinluther.ca\/programs-and-services\/summer-camp\/","og_site_name":"Martin Luther Evangelische Kirche Toronto","article_publisher":"https:\/\/www.facebook.com\/martinlutherchurchtoronto","article_modified_time":"2025-11-19T21:07:11+00:00","og_image":[{"url":"https:\/\/martinluther.ca\/wp-content\/uploads\/2020\/08\/CampLutherlynLogo-website-300x225.png","type":"","width":"","height":""}],"twitter_card":"summary_large_image","twitter_misc":{"Gesch\u00e4tzte Lesezeit":"2\u00a0Minuten"},"schema":{"@context":"https:\/\/schema.org","@graph":[{"@type":"WebPage","@id":"https:\/\/martinluther.ca\/programs-and-services\/summer-camp\/","url":"https:\/\/martinluther.ca\/programs-and-services\/summer-camp\/","name":"Sommercamp - Martin Luther Evangelische Kirche Toronto","isPartOf":{"@id":"https:\/\/martinluther.ca\/de\/#website"},"primaryImageOfPage":{"@id":"https:\/\/martinluther.ca\/programs-and-services\/summer-camp\/#primaryimage"},"image":{"@id":"https:\/\/martinluther.ca\/programs-and-services\/summer-camp\/#primaryimage"},"thumbnailUrl":"https:\/\/martinluther.ca\/wp-content\/uploads\/2020\/08\/CampLutherlynLogo-website-300x225.png","datePublished":"2014-03-20T21:06:59+00:00","dateModified":"2025-11-19T21:07:11+00:00","breadcrumb":{"@id":"https:\/\/martinluther.ca\/programs-and-services\/summer-camp\/#breadcrumb"},"inLanguage":"de","potentialAction":[{"@type":"ReadAction","target":["https:\/\/martinluther.ca\/programs-and-services\/summer-camp\/"]}]},{"@type":"ImageObject","inLanguage":"de","@id":"https:\/\/martinluther.ca\/programs-and-services\/summer-camp\/#primaryimage","url":"https:\/\/martinluther.ca\/wp-content\/uploads\/2020\/08\/CampLutherlynLogo-website-300x225.png","contentUrl":"https:\/\/martinluther.ca\/wp-content\/uploads\/2020\/08\/CampLutherlynLogo-website-300x225.png"},{"@type":"BreadcrumbList","@id":"https:\/\/martinluther.ca\/programs-and-services\/summer-camp\/#breadcrumb","itemListElement":[{"@type":"ListItem","position":1,"name":"Home","item":"https:\/\/martinluther.ca\/de\/"},{"@type":"ListItem","position":2,"name":"Programme und Dienste","item":"https:\/\/martinluther.ca\/de\/programme-und-dienste\/"},{"@type":"ListItem","position":3,"name":"Sommercamp"}]},{"@type":"WebSite","@id":"https:\/\/martinluther.ca\/de\/#website","url":"https:\/\/martinluther.ca\/de\/","name":"Martin Luther Evangelical Church Toronto","description":"Deutsch &amp; Englisch","publisher":{"@id":"https:\/\/martinluther.ca\/de\/#organization"},"potentialAction":[{"@type":"SearchAction","target":{"@type":"EntryPoint","urlTemplate":"https:\/\/martinluther.ca\/de\/?s={search_term_string}"},"query-input":{"@type":"PropertyValueSpecification","valueRequired":true,"valueName":"search_term_string"}}],"inLanguage":"de"},{"@type":"Organization","@id":"https:\/\/martinluther.ca\/de\/#organization","name":"Martin Luther Evangelical Church Toronto","url":"https:\/\/martinluther.ca\/de\/","logo":{"@type":"ImageObject","inLanguage":"de","@id":"https:\/\/martinluther.ca\/de\/#\/schema\/logo\/image\/","url":"https:\/\/martinluther.ca\/wp-content\/uploads\/2016\/12\/ml-logo-300.png","contentUrl":"https:\/\/martinluther.ca\/wp-content\/uploads\/2016\/12\/ml-logo-300.png","width":300,"height":150,"caption":"Martin Luther Evangelical Church Toronto"},"image":{"@id":"https:\/\/martinluther.ca\/de\/#\/schema\/logo\/image\/"},"sameAs":["https:\/\/www.facebook.com\/martinlutherchurchtoronto","https:\/\/www.instagram.com\/lutheransbythelake\/","https:\/\/www.youtube.com\/MartinLutherChurchToronto"]}]}},"_links":{"self":[{"href":"https:\/\/martinluther.ca\/de\/wp-json\/wp\/v2\/pages\/18915","targetHints":{"allow":["GET"]}}],"collection":[{"href":"https:\/\/martinluther.ca\/de\/wp-json\/wp\/v2\/pages"}],"about":[{"href":"https:\/\/martinluther.ca\/de\/wp-json\/wp\/v2\/types\/page"}],"author":[{"embeddable":true,"href":"https:\/\/martinluther.ca\/de\/wp-json\/wp\/v2\/users\/9"}],"replies":[{"embeddable":true,"href":"https:\/\/martinluther.ca\/de\/wp-json\/wp\/v2\/comments?post=18915"}],"version-history":[{"count":102,"href":"https:\/\/martinluther.ca\/de\/wp-json\/wp\/v2\/pages\/18915\/revisions"}],"predecessor-version":[{"id":54907,"href":"https:\/\/martinluther.ca\/de\/wp-json\/wp\/v2\/pages\/18915\/revisions\/54907"}],"up":[{"embeddable":true,"href":"https:\/\/martinluther.ca\/de\/wp-json\/wp\/v2\/pages\/18913"}],"wp:attachment":[{"href":"https:\/\/martinluther.ca\/de\/wp-json\/wp\/v2\/media?parent=18915"}],"curies":[{"name":"wp","href":"https:\/\/api.w.org\/{rel}","templated":true}]}}