{"id":19108,"date":"2014-08-12T14:12:53","date_gmt":"2014-08-12T18:12:53","guid":{"rendered":"https:\/\/martinluther.ca\/?page_id=19108"},"modified":"2025-11-19T16:05:57","modified_gmt":"2025-11-19T21:05:57","slug":"konfirmation","status":"publish","type":"page","link":"https:\/\/martinluther.ca\/de\/programme-und-dienste\/konfirmation\/","title":{"rendered":"Konfirmation"},"content":{"rendered":"<figure id=\"attachment_30336\" aria-describedby=\"caption-attachment-30336\" style=\"width: 300px\" class=\"wp-caption alignright\"><img loading=\"lazy\" decoding=\"async\" class=\"size-medium wp-image-30336\" src=\"https:\/\/martinluther.ca\/wp-content\/uploads\/2016\/04\/Confirmands-Retreat-300x225.jpg\" alt=\"Confirmand's Retreat\" width=\"300\" height=\"225\" srcset=\"https:\/\/martinluther.ca\/wp-content\/uploads\/2016\/04\/Confirmands-Retreat-300x225.jpg 300w, https:\/\/martinluther.ca\/wp-content\/uploads\/2016\/04\/Confirmands-Retreat.jpg 1024w\" sizes=\"auto, (max-width: 300px) 100vw, 300px\" \/><figcaption id=\"caption-attachment-30336\" class=\"wp-caption-text\">Confirmand&#8217;s Retreat<\/figcaption><\/figure>\n<p><strong>Konfirmation <\/strong>ist nicht nur eine Schritt zum Erwachsenwerden in der Kirche und im Leben. Konfirmation ist vor allem eine Bekr\u00e4ftigung und ein deutliches Ja zur eigenen Taufe.<\/p>\n<p>Bevor man Ja sagen kann, muss man sich informieren. Darum bieten wir einen Konfirmandenkurs an, der im Herbst beginnt und fast ein Jahr lang dauert. Erlebnisorientiert m\u00f6chten wir den Jugendlichen ihre Tradition nahebringen und zeigen, was es bedeuet, Teil einer christlichem Gemeinschaft zu sein.<\/p>\n<p><strong>Konfirmation \u2013 Was macht man da eigentlich?<\/strong><br \/>\nViele erinnern sich vielleicht noch an ihre eigene Konfirmationszeit vor allem als eine \u00dcbung im Auswendiglernen: Die 10 Gebote, Psalm 23 Glaubensbekenntnis, Vater Unser\u2026<\/p>\n<p>Nat\u00fcrlich geh\u00f6rt die Besch\u00e4ftigung mit den Grundlagen des protestantischen Glaubens nach wie vor dazu- in einer Form, die zu den Jugendlichen, ihrer Sprache und Lebenswelt passt. Der Schwerpunkt liegt dabei darauf, eigenen Antworten auf die Fragen zu finden, die junge Menschen mitbringen \u2013 wer ist Gott f\u00fcr mich? Was macht meinen Glauben aus? Was hat die christliche Tradition von \u00fcber 2000 Jahren mit meinem Leben zu tun?<\/p>\n<p>Ein weiteres Kernelement jeder Konfirmationsklasse ist das Bilden einer tragf\u00e4higen Gemeinschaft. Zusammen spielen, essen, feiern, Gottesdienste vorbereiten und gestalten, sich austauschen, vielleicht auch mal verschiedener Meinung sein und doch zusammen auf ein Ziel hinarbeiten. Das k\u00f6nnen Jugendliche bei uns erfahren.<\/p>\n<p>Das Wort Konfirmation kommt aus dem Lateinischen und bedeutet: St\u00e4rken, festigen. Unsere Treffen sollen den Jugendlichen helfen, am Ende der gemeinsamen Zeit das \u201eJa\u201c zum Glauben, das bei ihrer Taufe f\u00fcr sie ausgesprochen wurde zu best\u00e4tigen. Unsere Aufgabe als Wegbegleiter*innen besteht darin, ihnen dabei Mut zu machen: Ihnen zu zeigen, dass sie so wie sind, von Gott geliebt sind und wie sie damit umgehen k\u00f6nnen, das niemand von uns perfekt ist. Wir hoffen, dass dieses lutherische Reisegep\u00e4ck eine Hilfe f\u00fcr Jugendliche und ihre Familien auf der f\u00fcr alle Beteiligten spannenden Reise ins Erwachsenwerden ist.<\/p>\n<p><strong>Anmeldung<\/strong><\/p>\n<p>Bei Fragen und zur Anmeldung f\u00fcr den Konfirmandenkurs wenden Sie sich bitte an Pastorin Annika Klappert <a href=\"mailto:pastor@martinluther.ca\">pastor@martinluther.ca<\/a>, Cell (416) 567-2487 oder im Kirchenb\u00fcro. Der Unterricht endet mit der Konfirmation an Pfingsten. Er wendet sich an Jugendliche, die nach den Sommerferien die 7. Klasse besuchen oder zwischen 12 und 14 Jahre alt sind (Ausnahmen sind in Absprache m\u00f6glich).<\/p>\n<p><strong>Noch nicht getauft?<\/strong><\/p>\n<p>Kein Problem. Um am Konfirmandenkurs teilzunehmen, muss man nicht getauft sein. Komm einfach und schau, ob Glaube Dein Ding ist. Wenn Du Dich entscheidest Deinen Weg mit Gott zu gehen, dann f\u00fchrt der Weg \u00fcber die Taufe w\u00e4hrend der Konfirmandenzeit zur Konfirmation.<\/p>\n<p>Fotogalerie auf unserer Webseite zur <a href=\"https:\/\/martinluther.ca\/de\/programme-und-dienste\/konfirmation\/konfirmation-fotogalerie\/\" target=\"_blank\" rel=\"noopener\">Konfirmation \u2013 Fotogalerie<\/a>.<\/p>\n","protected":false},"excerpt":{"rendered":"<p>Konfirmation ist nicht nur eine Schritt zum Erwachsenwerden in der Kirche und im Leben. Konfirmation ist vor allem eine Bekr\u00e4ftigung und ein deutliches Ja zur eigenen Taufe. Bevor man Ja sagen kann, muss man sich informieren. Darum bieten wir einen Konfirmandenkurs an, der im Herbst beginnt und fast ein Jahr lang dauert. Erlebnisorientiert m\u00f6chten wir&hellip;<\/p>\n","protected":false},"author":9,"featured_media":0,"parent":18913,"menu_order":0,"comment_status":"open","ping_status":"open","template":"","meta":{"footnotes":""},"class_list":["post-19108","page","type-page","status-publish","hentry","entry","no-media"],"yoast_head":"<!-- This site is optimized with the Yoast SEO plugin v27.4 - https:\/\/yoast.com\/product\/yoast-seo-wordpress\/ -->\n<title>Konfirmation - Martin Luther Evangelische Kirche Toronto<\/title>\n<meta name=\"robots\" content=\"index, follow, max-snippet:-1, max-image-preview:large, max-video-preview:-1\" \/>\n<link rel=\"canonical\" href=\"https:\/\/martinluther.ca\/de\/programme-und-dienste\/konfirmation\/\" \/>\n<meta property=\"og:locale\" content=\"de_DE\" \/>\n<meta property=\"og:type\" content=\"article\" \/>\n<meta property=\"og:title\" content=\"Konfirmation - Martin Luther Evangelische Kirche Toronto\" \/>\n<meta property=\"og:description\" content=\"Konfirmation ist nicht nur eine Schritt zum Erwachsenwerden in der Kirche und im Leben. Konfirmation ist vor allem eine Bekr\u00e4ftigung und ein deutliches Ja zur eigenen Taufe. Bevor man Ja sagen kann, muss man sich informieren. Darum bieten wir einen Konfirmandenkurs an, der im Herbst beginnt und fast ein Jahr lang dauert. Erlebnisorientiert m\u00f6chten wir&hellip;\" \/>\n<meta property=\"og:url\" content=\"https:\/\/martinluther.ca\/de\/programme-und-dienste\/konfirmation\/\" \/>\n<meta property=\"og:site_name\" content=\"Martin Luther Evangelische Kirche Toronto\" \/>\n<meta property=\"article:publisher\" content=\"https:\/\/www.facebook.com\/martinlutherchurchtoronto\" \/>\n<meta property=\"article:modified_time\" content=\"2025-11-19T21:05:57+00:00\" \/>\n<meta property=\"og:image\" content=\"https:\/\/martinluther.ca\/wp-content\/uploads\/2016\/04\/Confirmands-Retreat-300x225.jpg\" \/>\n<meta name=\"twitter:card\" content=\"summary_large_image\" \/>\n<meta name=\"twitter:label1\" content=\"Gesch\u00e4tzte Lesezeit\" \/>\n\t<meta name=\"twitter:data1\" content=\"3\u00a0Minuten\" \/>\n<script type=\"application\/ld+json\" class=\"yoast-schema-graph\">{\"@context\":\"https:\\\/\\\/schema.org\",\"@graph\":[{\"@type\":\"WebPage\",\"@id\":\"https:\\\/\\\/martinluther.ca\\\/de\\\/programme-und-dienste\\\/konfirmation\\\/\",\"url\":\"https:\\\/\\\/martinluther.ca\\\/de\\\/programme-und-dienste\\\/konfirmation\\\/\",\"name\":\"Konfirmation - Martin Luther Evangelische Kirche Toronto\",\"isPartOf\":{\"@id\":\"https:\\\/\\\/martinluther.ca\\\/de\\\/#website\"},\"primaryImageOfPage\":{\"@id\":\"https:\\\/\\\/martinluther.ca\\\/de\\\/programme-und-dienste\\\/konfirmation\\\/#primaryimage\"},\"image\":{\"@id\":\"https:\\\/\\\/martinluther.ca\\\/de\\\/programme-und-dienste\\\/konfirmation\\\/#primaryimage\"},\"thumbnailUrl\":\"https:\\\/\\\/martinluther.ca\\\/wp-content\\\/uploads\\\/2016\\\/04\\\/Confirmands-Retreat-300x225.jpg\",\"datePublished\":\"2014-08-12T18:12:53+00:00\",\"dateModified\":\"2025-11-19T21:05:57+00:00\",\"breadcrumb\":{\"@id\":\"https:\\\/\\\/martinluther.ca\\\/de\\\/programme-und-dienste\\\/konfirmation\\\/#breadcrumb\"},\"inLanguage\":\"de\",\"potentialAction\":[{\"@type\":\"ReadAction\",\"target\":[\"https:\\\/\\\/martinluther.ca\\\/de\\\/programme-und-dienste\\\/konfirmation\\\/\"]}]},{\"@type\":\"ImageObject\",\"inLanguage\":\"de\",\"@id\":\"https:\\\/\\\/martinluther.ca\\\/de\\\/programme-und-dienste\\\/konfirmation\\\/#primaryimage\",\"url\":\"https:\\\/\\\/martinluther.ca\\\/wp-content\\\/uploads\\\/2016\\\/04\\\/Confirmands-Retreat-300x225.jpg\",\"contentUrl\":\"https:\\\/\\\/martinluther.ca\\\/wp-content\\\/uploads\\\/2016\\\/04\\\/Confirmands-Retreat-300x225.jpg\"},{\"@type\":\"BreadcrumbList\",\"@id\":\"https:\\\/\\\/martinluther.ca\\\/de\\\/programme-und-dienste\\\/konfirmation\\\/#breadcrumb\",\"itemListElement\":[{\"@type\":\"ListItem\",\"position\":1,\"name\":\"Home\",\"item\":\"https:\\\/\\\/martinluther.ca\\\/de\\\/\"},{\"@type\":\"ListItem\",\"position\":2,\"name\":\"Programme und Dienste\",\"item\":\"https:\\\/\\\/martinluther.ca\\\/de\\\/programme-und-dienste\\\/\"},{\"@type\":\"ListItem\",\"position\":3,\"name\":\"Konfirmation\"}]},{\"@type\":\"WebSite\",\"@id\":\"https:\\\/\\\/martinluther.ca\\\/de\\\/#website\",\"url\":\"https:\\\/\\\/martinluther.ca\\\/de\\\/\",\"name\":\"Martin Luther Evangelical Church Toronto\",\"description\":\"Deutsch &amp; Englisch\",\"publisher\":{\"@id\":\"https:\\\/\\\/martinluther.ca\\\/de\\\/#organization\"},\"potentialAction\":[{\"@type\":\"SearchAction\",\"target\":{\"@type\":\"EntryPoint\",\"urlTemplate\":\"https:\\\/\\\/martinluther.ca\\\/de\\\/?s={search_term_string}\"},\"query-input\":{\"@type\":\"PropertyValueSpecification\",\"valueRequired\":true,\"valueName\":\"search_term_string\"}}],\"inLanguage\":\"de\"},{\"@type\":\"Organization\",\"@id\":\"https:\\\/\\\/martinluther.ca\\\/de\\\/#organization\",\"name\":\"Martin Luther Evangelical Church Toronto\",\"url\":\"https:\\\/\\\/martinluther.ca\\\/de\\\/\",\"logo\":{\"@type\":\"ImageObject\",\"inLanguage\":\"de\",\"@id\":\"https:\\\/\\\/martinluther.ca\\\/de\\\/#\\\/schema\\\/logo\\\/image\\\/\",\"url\":\"https:\\\/\\\/martinluther.ca\\\/wp-content\\\/uploads\\\/2016\\\/12\\\/ml-logo-300.png\",\"contentUrl\":\"https:\\\/\\\/martinluther.ca\\\/wp-content\\\/uploads\\\/2016\\\/12\\\/ml-logo-300.png\",\"width\":300,\"height\":150,\"caption\":\"Martin Luther Evangelical Church Toronto\"},\"image\":{\"@id\":\"https:\\\/\\\/martinluther.ca\\\/de\\\/#\\\/schema\\\/logo\\\/image\\\/\"},\"sameAs\":[\"https:\\\/\\\/www.facebook.com\\\/martinlutherchurchtoronto\",\"https:\\\/\\\/www.instagram.com\\\/lutheransbythelake\\\/\",\"https:\\\/\\\/www.youtube.com\\\/MartinLutherChurchToronto\"]}]}<\/script>\n<!-- \/ Yoast SEO plugin. -->","yoast_head_json":{"title":"Konfirmation - Martin Luther Evangelische Kirche Toronto","robots":{"index":"index","follow":"follow","max-snippet":"max-snippet:-1","max-image-preview":"max-image-preview:large","max-video-preview":"max-video-preview:-1"},"canonical":"https:\/\/martinluther.ca\/de\/programme-und-dienste\/konfirmation\/","og_locale":"de_DE","og_type":"article","og_title":"Konfirmation - Martin Luther Evangelische Kirche Toronto","og_description":"Konfirmation ist nicht nur eine Schritt zum Erwachsenwerden in der Kirche und im Leben. Konfirmation ist vor allem eine Bekr\u00e4ftigung und ein deutliches Ja zur eigenen Taufe. Bevor man Ja sagen kann, muss man sich informieren. Darum bieten wir einen Konfirmandenkurs an, der im Herbst beginnt und fast ein Jahr lang dauert. Erlebnisorientiert m\u00f6chten wir&hellip;","og_url":"https:\/\/martinluther.ca\/de\/programme-und-dienste\/konfirmation\/","og_site_name":"Martin Luther Evangelische Kirche Toronto","article_publisher":"https:\/\/www.facebook.com\/martinlutherchurchtoronto","article_modified_time":"2025-11-19T21:05:57+00:00","og_image":[{"url":"https:\/\/martinluther.ca\/wp-content\/uploads\/2016\/04\/Confirmands-Retreat-300x225.jpg","type":"","width":"","height":""}],"twitter_card":"summary_large_image","twitter_misc":{"Gesch\u00e4tzte Lesezeit":"3\u00a0Minuten"},"schema":{"@context":"https:\/\/schema.org","@graph":[{"@type":"WebPage","@id":"https:\/\/martinluther.ca\/de\/programme-und-dienste\/konfirmation\/","url":"https:\/\/martinluther.ca\/de\/programme-und-dienste\/konfirmation\/","name":"Konfirmation - Martin Luther Evangelische Kirche Toronto","isPartOf":{"@id":"https:\/\/martinluther.ca\/de\/#website"},"primaryImageOfPage":{"@id":"https:\/\/martinluther.ca\/de\/programme-und-dienste\/konfirmation\/#primaryimage"},"image":{"@id":"https:\/\/martinluther.ca\/de\/programme-und-dienste\/konfirmation\/#primaryimage"},"thumbnailUrl":"https:\/\/martinluther.ca\/wp-content\/uploads\/2016\/04\/Confirmands-Retreat-300x225.jpg","datePublished":"2014-08-12T18:12:53+00:00","dateModified":"2025-11-19T21:05:57+00:00","breadcrumb":{"@id":"https:\/\/martinluther.ca\/de\/programme-und-dienste\/konfirmation\/#breadcrumb"},"inLanguage":"de","potentialAction":[{"@type":"ReadAction","target":["https:\/\/martinluther.ca\/de\/programme-und-dienste\/konfirmation\/"]}]},{"@type":"ImageObject","inLanguage":"de","@id":"https:\/\/martinluther.ca\/de\/programme-und-dienste\/konfirmation\/#primaryimage","url":"https:\/\/martinluther.ca\/wp-content\/uploads\/2016\/04\/Confirmands-Retreat-300x225.jpg","contentUrl":"https:\/\/martinluther.ca\/wp-content\/uploads\/2016\/04\/Confirmands-Retreat-300x225.jpg"},{"@type":"BreadcrumbList","@id":"https:\/\/martinluther.ca\/de\/programme-und-dienste\/konfirmation\/#breadcrumb","itemListElement":[{"@type":"ListItem","position":1,"name":"Home","item":"https:\/\/martinluther.ca\/de\/"},{"@type":"ListItem","position":2,"name":"Programme und Dienste","item":"https:\/\/martinluther.ca\/de\/programme-und-dienste\/"},{"@type":"ListItem","position":3,"name":"Konfirmation"}]},{"@type":"WebSite","@id":"https:\/\/martinluther.ca\/de\/#website","url":"https:\/\/martinluther.ca\/de\/","name":"Martin Luther Evangelical Church Toronto","description":"Deutsch &amp; Englisch","publisher":{"@id":"https:\/\/martinluther.ca\/de\/#organization"},"potentialAction":[{"@type":"SearchAction","target":{"@type":"EntryPoint","urlTemplate":"https:\/\/martinluther.ca\/de\/?s={search_term_string}"},"query-input":{"@type":"PropertyValueSpecification","valueRequired":true,"valueName":"search_term_string"}}],"inLanguage":"de"},{"@type":"Organization","@id":"https:\/\/martinluther.ca\/de\/#organization","name":"Martin Luther Evangelical Church Toronto","url":"https:\/\/martinluther.ca\/de\/","logo":{"@type":"ImageObject","inLanguage":"de","@id":"https:\/\/martinluther.ca\/de\/#\/schema\/logo\/image\/","url":"https:\/\/martinluther.ca\/wp-content\/uploads\/2016\/12\/ml-logo-300.png","contentUrl":"https:\/\/martinluther.ca\/wp-content\/uploads\/2016\/12\/ml-logo-300.png","width":300,"height":150,"caption":"Martin Luther Evangelical Church Toronto"},"image":{"@id":"https:\/\/martinluther.ca\/de\/#\/schema\/logo\/image\/"},"sameAs":["https:\/\/www.facebook.com\/martinlutherchurchtoronto","https:\/\/www.instagram.com\/lutheransbythelake\/","https:\/\/www.youtube.com\/MartinLutherChurchToronto"]}]}},"_links":{"self":[{"href":"https:\/\/martinluther.ca\/de\/wp-json\/wp\/v2\/pages\/19108","targetHints":{"allow":["GET"]}}],"collection":[{"href":"https:\/\/martinluther.ca\/de\/wp-json\/wp\/v2\/pages"}],"about":[{"href":"https:\/\/martinluther.ca\/de\/wp-json\/wp\/v2\/types\/page"}],"author":[{"embeddable":true,"href":"https:\/\/martinluther.ca\/de\/wp-json\/wp\/v2\/users\/9"}],"replies":[{"embeddable":true,"href":"https:\/\/martinluther.ca\/de\/wp-json\/wp\/v2\/comments?post=19108"}],"version-history":[{"count":46,"href":"https:\/\/martinluther.ca\/de\/wp-json\/wp\/v2\/pages\/19108\/revisions"}],"predecessor-version":[{"id":56109,"href":"https:\/\/martinluther.ca\/de\/wp-json\/wp\/v2\/pages\/19108\/revisions\/56109"}],"up":[{"embeddable":true,"href":"https:\/\/martinluther.ca\/de\/wp-json\/wp\/v2\/pages\/18913"}],"wp:attachment":[{"href":"https:\/\/martinluther.ca\/de\/wp-json\/wp\/v2\/media?parent=19108"}],"curies":[{"name":"wp","href":"https:\/\/api.w.org\/{rel}","templated":true}]}}