{"id":26103,"date":"2017-04-06T15:39:47","date_gmt":"2017-04-06T19:39:47","guid":{"rendered":"https:\/\/martinluther.ca\/?page_id=26103\/"},"modified":"2025-11-19T16:04:48","modified_gmt":"2025-11-19T21:04:48","slug":"fluechtlingsunterstuetzungteam","status":"publish","type":"page","link":"https:\/\/martinluther.ca\/de\/nachbarschaftsarbeit\/fluechtlingsunterstuetzungteam\/","title":{"rendered":"Fl\u00fcchtlingsunterst\u00fctzungteam"},"content":{"rendered":"<p><img loading=\"lazy\" decoding=\"async\" class=\"alignright size-medium wp-image-26108\" src=\"https:\/\/martinluther.ca\/wp-content\/uploads\/2017\/04\/20160815_SyrianFamilyWithBikes-3-4-1200-300x225.jpg\" alt=\"2016 Syrian Family With Bikes\" width=\"300\" height=\"225\" srcset=\"https:\/\/martinluther.ca\/wp-content\/uploads\/2017\/04\/20160815_SyrianFamilyWithBikes-3-4-1200-300x225.jpg 300w, https:\/\/martinluther.ca\/wp-content\/uploads\/2017\/04\/20160815_SyrianFamilyWithBikes-3-4-1200-768x575.jpg 768w, https:\/\/martinluther.ca\/wp-content\/uploads\/2017\/04\/20160815_SyrianFamilyWithBikes-3-4-1200-1024x767.jpg 1024w, https:\/\/martinluther.ca\/wp-content\/uploads\/2017\/04\/20160815_SyrianFamilyWithBikes-3-4-1200.jpg 1200w\" sizes=\"auto, (max-width: 300px) 100vw, 300px\" \/>IIm November 2014 begann die Martin-Luther-Kirche gemeinsam mit der Canadian Lutheran World Relief (<a href=\"https:\/\/elcic.ca\/canadian-lutheran-world-relief\/\" target=\"_blank\" rel=\"noopener\">https:\/\/elcic.ca\/canadian-lutheran-world-relief\/<\/a>) bei der Fl\u00fcchtlingsansiedlung zu helfen und gr\u00fcndete zun\u00e4chst f\u00fcr syrische Fl\u00fcchtlinge das Fl\u00fcchtlingsunterst\u00fctzungteam (Refugee Support Team).<\/p>\n<p>Im Laufe der Jahre half das Refugee Support Team unseren Fl\u00fcchtlingsfamilien bei der Integration in die kanadische Gesellschaft durch Ansiedlungshilfe (Wohnungssuche, Umzugshilfe, Bereitstellung gespendeter M\u00f6bel, Fahrr\u00e4der usw.), indem es sie mit den erforderlichen kommunalen und staatlichen Ressourcen in Verbindung brachte, ihnen bei der Arbeitssuche half, Nachhilfe gab, Bildungskontakte vermittelte und ihnen fortlaufende unterst\u00fctzende Ermutigung und Kommunikation bot. Die Bem\u00fchungen unseres Teams wurden von Kirchenmitgliedern aktiv unterst\u00fctzt, unter anderem durch die Durchf\u00fchrung bedeutender Spendenaktionen.<\/p>\n<p>Als Christen sind wir aufgerufen, unseren Glauben und unsere Hoffnung in die Tat umzusetzen und die Bed\u00fcrfnisse der Unterdr\u00fcckten und Verletzlichen zu erf\u00fcllen, indem wir unsere eigene Erfahrung der Liebe Gottes zu uns widerspiegeln.<\/p>\n<p>\u201eDen Fremden, der bei euch wohnt, sollt ihr wie einen Einheimischen behandeln und ihn lieben wie euch selbst.\u201c \u2013 Lev. 19:34<\/p>\n<p>Kontakt:<br \/>\nGreg und Anneli Andre-Barrett,<br \/>\nCo-Vorsitzende des MLC Refugee Support Team, <a href=\"mailto:refugeesupport@martinluther.ca\" target=\"_blank\" rel=\"noopener\">refugeesupport@martinluther.ca<\/a><\/p>\n","protected":false},"excerpt":{"rendered":"<p>IIm November 2014 begann die Martin-Luther-Kirche gemeinsam mit der Canadian Lutheran World Relief (https:\/\/elcic.ca\/canadian-lutheran-world-relief\/) bei der Fl\u00fcchtlingsansiedlung zu helfen und gr\u00fcndete zun\u00e4chst f\u00fcr syrische Fl\u00fcchtlinge das Fl\u00fcchtlingsunterst\u00fctzungteam (Refugee Support Team). Im Laufe der Jahre half das Refugee Support Team unseren Fl\u00fcchtlingsfamilien bei der Integration in die kanadische Gesellschaft durch Ansiedlungshilfe (Wohnungssuche, Umzugshilfe, Bereitstellung gespendeter M\u00f6bel,&hellip;<\/p>\n","protected":false},"author":9,"featured_media":0,"parent":54614,"menu_order":0,"comment_status":"closed","ping_status":"closed","template":"","meta":{"footnotes":""},"class_list":["post-26103","page","type-page","status-publish","hentry","entry","no-media"],"yoast_head":"<!-- This site is optimized with the Yoast SEO plugin v27.4 - https:\/\/yoast.com\/product\/yoast-seo-wordpress\/ -->\n<title>Fl\u00fcchtlingsunterst\u00fctzungteam - Martin Luther Evangelische Kirche Toronto<\/title>\n<meta name=\"robots\" content=\"index, follow, max-snippet:-1, max-image-preview:large, max-video-preview:-1\" \/>\n<link rel=\"canonical\" href=\"https:\/\/martinluther.ca\/de\/nachbarschaftsarbeit\/fluechtlingsunterstuetzungteam\/\" \/>\n<meta property=\"og:locale\" content=\"de_DE\" \/>\n<meta property=\"og:type\" content=\"article\" \/>\n<meta property=\"og:title\" content=\"Fl\u00fcchtlingsunterst\u00fctzungteam - Martin Luther Evangelische Kirche Toronto\" \/>\n<meta property=\"og:description\" content=\"IIm November 2014 begann die Martin-Luther-Kirche gemeinsam mit der Canadian Lutheran World Relief (https:\/\/elcic.ca\/canadian-lutheran-world-relief\/) bei der Fl\u00fcchtlingsansiedlung zu helfen und gr\u00fcndete zun\u00e4chst f\u00fcr syrische Fl\u00fcchtlinge das Fl\u00fcchtlingsunterst\u00fctzungteam (Refugee Support Team). Im Laufe der Jahre half das Refugee Support Team unseren Fl\u00fcchtlingsfamilien bei der Integration in die kanadische Gesellschaft durch Ansiedlungshilfe (Wohnungssuche, Umzugshilfe, Bereitstellung gespendeter M\u00f6bel,&hellip;\" \/>\n<meta property=\"og:url\" content=\"https:\/\/martinluther.ca\/de\/nachbarschaftsarbeit\/fluechtlingsunterstuetzungteam\/\" \/>\n<meta property=\"og:site_name\" content=\"Martin Luther Evangelische Kirche Toronto\" \/>\n<meta property=\"article:publisher\" content=\"https:\/\/www.facebook.com\/martinlutherchurchtoronto\" \/>\n<meta property=\"article:modified_time\" content=\"2025-11-19T21:04:48+00:00\" \/>\n<meta property=\"og:image\" content=\"https:\/\/martinluther.ca\/wp-content\/uploads\/2017\/04\/20160815_SyrianFamilyWithBikes-3-4-1200-300x225.jpg\" \/>\n<meta name=\"twitter:card\" content=\"summary_large_image\" \/>\n<meta name=\"twitter:label1\" content=\"Gesch\u00e4tzte Lesezeit\" \/>\n\t<meta name=\"twitter:data1\" content=\"1\u00a0Minute\" \/>\n<script type=\"application\/ld+json\" class=\"yoast-schema-graph\">{\"@context\":\"https:\\\/\\\/schema.org\",\"@graph\":[{\"@type\":\"WebPage\",\"@id\":\"https:\\\/\\\/martinluther.ca\\\/de\\\/nachbarschaftsarbeit\\\/fluechtlingsunterstuetzungteam\\\/\",\"url\":\"https:\\\/\\\/martinluther.ca\\\/de\\\/nachbarschaftsarbeit\\\/fluechtlingsunterstuetzungteam\\\/\",\"name\":\"Fl\u00fcchtlingsunterst\u00fctzungteam - Martin Luther Evangelische Kirche Toronto\",\"isPartOf\":{\"@id\":\"https:\\\/\\\/martinluther.ca\\\/de\\\/#website\"},\"primaryImageOfPage\":{\"@id\":\"https:\\\/\\\/martinluther.ca\\\/de\\\/nachbarschaftsarbeit\\\/fluechtlingsunterstuetzungteam\\\/#primaryimage\"},\"image\":{\"@id\":\"https:\\\/\\\/martinluther.ca\\\/de\\\/nachbarschaftsarbeit\\\/fluechtlingsunterstuetzungteam\\\/#primaryimage\"},\"thumbnailUrl\":\"https:\\\/\\\/martinluther.ca\\\/wp-content\\\/uploads\\\/2017\\\/04\\\/20160815_SyrianFamilyWithBikes-3-4-1200-300x225.jpg\",\"datePublished\":\"2017-04-06T19:39:47+00:00\",\"dateModified\":\"2025-11-19T21:04:48+00:00\",\"breadcrumb\":{\"@id\":\"https:\\\/\\\/martinluther.ca\\\/de\\\/nachbarschaftsarbeit\\\/fluechtlingsunterstuetzungteam\\\/#breadcrumb\"},\"inLanguage\":\"de\",\"potentialAction\":[{\"@type\":\"ReadAction\",\"target\":[\"https:\\\/\\\/martinluther.ca\\\/de\\\/nachbarschaftsarbeit\\\/fluechtlingsunterstuetzungteam\\\/\"]}]},{\"@type\":\"ImageObject\",\"inLanguage\":\"de\",\"@id\":\"https:\\\/\\\/martinluther.ca\\\/de\\\/nachbarschaftsarbeit\\\/fluechtlingsunterstuetzungteam\\\/#primaryimage\",\"url\":\"https:\\\/\\\/martinluther.ca\\\/wp-content\\\/uploads\\\/2017\\\/04\\\/20160815_SyrianFamilyWithBikes-3-4-1200-300x225.jpg\",\"contentUrl\":\"https:\\\/\\\/martinluther.ca\\\/wp-content\\\/uploads\\\/2017\\\/04\\\/20160815_SyrianFamilyWithBikes-3-4-1200-300x225.jpg\"},{\"@type\":\"BreadcrumbList\",\"@id\":\"https:\\\/\\\/martinluther.ca\\\/de\\\/nachbarschaftsarbeit\\\/fluechtlingsunterstuetzungteam\\\/#breadcrumb\",\"itemListElement\":[{\"@type\":\"ListItem\",\"position\":1,\"name\":\"Home\",\"item\":\"https:\\\/\\\/martinluther.ca\\\/de\\\/\"},{\"@type\":\"ListItem\",\"position\":2,\"name\":\"Nachbarschaftsarbeit\",\"item\":\"https:\\\/\\\/martinluther.ca\\\/de\\\/nachbarschaftsarbeit\\\/\"},{\"@type\":\"ListItem\",\"position\":3,\"name\":\"Fl\u00fcchtlingsunterst\u00fctzungteam\"}]},{\"@type\":\"WebSite\",\"@id\":\"https:\\\/\\\/martinluther.ca\\\/de\\\/#website\",\"url\":\"https:\\\/\\\/martinluther.ca\\\/de\\\/\",\"name\":\"Martin Luther Evangelical Church Toronto\",\"description\":\"Deutsch &amp; Englisch\",\"publisher\":{\"@id\":\"https:\\\/\\\/martinluther.ca\\\/de\\\/#organization\"},\"potentialAction\":[{\"@type\":\"SearchAction\",\"target\":{\"@type\":\"EntryPoint\",\"urlTemplate\":\"https:\\\/\\\/martinluther.ca\\\/de\\\/?s={search_term_string}\"},\"query-input\":{\"@type\":\"PropertyValueSpecification\",\"valueRequired\":true,\"valueName\":\"search_term_string\"}}],\"inLanguage\":\"de\"},{\"@type\":\"Organization\",\"@id\":\"https:\\\/\\\/martinluther.ca\\\/de\\\/#organization\",\"name\":\"Martin Luther Evangelical Church Toronto\",\"url\":\"https:\\\/\\\/martinluther.ca\\\/de\\\/\",\"logo\":{\"@type\":\"ImageObject\",\"inLanguage\":\"de\",\"@id\":\"https:\\\/\\\/martinluther.ca\\\/de\\\/#\\\/schema\\\/logo\\\/image\\\/\",\"url\":\"https:\\\/\\\/martinluther.ca\\\/wp-content\\\/uploads\\\/2016\\\/12\\\/ml-logo-300.png\",\"contentUrl\":\"https:\\\/\\\/martinluther.ca\\\/wp-content\\\/uploads\\\/2016\\\/12\\\/ml-logo-300.png\",\"width\":300,\"height\":150,\"caption\":\"Martin Luther Evangelical Church Toronto\"},\"image\":{\"@id\":\"https:\\\/\\\/martinluther.ca\\\/de\\\/#\\\/schema\\\/logo\\\/image\\\/\"},\"sameAs\":[\"https:\\\/\\\/www.facebook.com\\\/martinlutherchurchtoronto\",\"https:\\\/\\\/www.instagram.com\\\/lutheransbythelake\\\/\",\"https:\\\/\\\/www.youtube.com\\\/MartinLutherChurchToronto\"]}]}<\/script>\n<!-- \/ Yoast SEO plugin. -->","yoast_head_json":{"title":"Fl\u00fcchtlingsunterst\u00fctzungteam - Martin Luther Evangelische Kirche Toronto","robots":{"index":"index","follow":"follow","max-snippet":"max-snippet:-1","max-image-preview":"max-image-preview:large","max-video-preview":"max-video-preview:-1"},"canonical":"https:\/\/martinluther.ca\/de\/nachbarschaftsarbeit\/fluechtlingsunterstuetzungteam\/","og_locale":"de_DE","og_type":"article","og_title":"Fl\u00fcchtlingsunterst\u00fctzungteam - Martin Luther Evangelische Kirche Toronto","og_description":"IIm November 2014 begann die Martin-Luther-Kirche gemeinsam mit der Canadian Lutheran World Relief (https:\/\/elcic.ca\/canadian-lutheran-world-relief\/) bei der Fl\u00fcchtlingsansiedlung zu helfen und gr\u00fcndete zun\u00e4chst f\u00fcr syrische Fl\u00fcchtlinge das Fl\u00fcchtlingsunterst\u00fctzungteam (Refugee Support Team). Im Laufe der Jahre half das Refugee Support Team unseren Fl\u00fcchtlingsfamilien bei der Integration in die kanadische Gesellschaft durch Ansiedlungshilfe (Wohnungssuche, Umzugshilfe, Bereitstellung gespendeter M\u00f6bel,&hellip;","og_url":"https:\/\/martinluther.ca\/de\/nachbarschaftsarbeit\/fluechtlingsunterstuetzungteam\/","og_site_name":"Martin Luther Evangelische Kirche Toronto","article_publisher":"https:\/\/www.facebook.com\/martinlutherchurchtoronto","article_modified_time":"2025-11-19T21:04:48+00:00","og_image":[{"url":"https:\/\/martinluther.ca\/wp-content\/uploads\/2017\/04\/20160815_SyrianFamilyWithBikes-3-4-1200-300x225.jpg","type":"","width":"","height":""}],"twitter_card":"summary_large_image","twitter_misc":{"Gesch\u00e4tzte Lesezeit":"1\u00a0Minute"},"schema":{"@context":"https:\/\/schema.org","@graph":[{"@type":"WebPage","@id":"https:\/\/martinluther.ca\/de\/nachbarschaftsarbeit\/fluechtlingsunterstuetzungteam\/","url":"https:\/\/martinluther.ca\/de\/nachbarschaftsarbeit\/fluechtlingsunterstuetzungteam\/","name":"Fl\u00fcchtlingsunterst\u00fctzungteam - Martin Luther Evangelische Kirche Toronto","isPartOf":{"@id":"https:\/\/martinluther.ca\/de\/#website"},"primaryImageOfPage":{"@id":"https:\/\/martinluther.ca\/de\/nachbarschaftsarbeit\/fluechtlingsunterstuetzungteam\/#primaryimage"},"image":{"@id":"https:\/\/martinluther.ca\/de\/nachbarschaftsarbeit\/fluechtlingsunterstuetzungteam\/#primaryimage"},"thumbnailUrl":"https:\/\/martinluther.ca\/wp-content\/uploads\/2017\/04\/20160815_SyrianFamilyWithBikes-3-4-1200-300x225.jpg","datePublished":"2017-04-06T19:39:47+00:00","dateModified":"2025-11-19T21:04:48+00:00","breadcrumb":{"@id":"https:\/\/martinluther.ca\/de\/nachbarschaftsarbeit\/fluechtlingsunterstuetzungteam\/#breadcrumb"},"inLanguage":"de","potentialAction":[{"@type":"ReadAction","target":["https:\/\/martinluther.ca\/de\/nachbarschaftsarbeit\/fluechtlingsunterstuetzungteam\/"]}]},{"@type":"ImageObject","inLanguage":"de","@id":"https:\/\/martinluther.ca\/de\/nachbarschaftsarbeit\/fluechtlingsunterstuetzungteam\/#primaryimage","url":"https:\/\/martinluther.ca\/wp-content\/uploads\/2017\/04\/20160815_SyrianFamilyWithBikes-3-4-1200-300x225.jpg","contentUrl":"https:\/\/martinluther.ca\/wp-content\/uploads\/2017\/04\/20160815_SyrianFamilyWithBikes-3-4-1200-300x225.jpg"},{"@type":"BreadcrumbList","@id":"https:\/\/martinluther.ca\/de\/nachbarschaftsarbeit\/fluechtlingsunterstuetzungteam\/#breadcrumb","itemListElement":[{"@type":"ListItem","position":1,"name":"Home","item":"https:\/\/martinluther.ca\/de\/"},{"@type":"ListItem","position":2,"name":"Nachbarschaftsarbeit","item":"https:\/\/martinluther.ca\/de\/nachbarschaftsarbeit\/"},{"@type":"ListItem","position":3,"name":"Fl\u00fcchtlingsunterst\u00fctzungteam"}]},{"@type":"WebSite","@id":"https:\/\/martinluther.ca\/de\/#website","url":"https:\/\/martinluther.ca\/de\/","name":"Martin Luther Evangelical Church Toronto","description":"Deutsch &amp; Englisch","publisher":{"@id":"https:\/\/martinluther.ca\/de\/#organization"},"potentialAction":[{"@type":"SearchAction","target":{"@type":"EntryPoint","urlTemplate":"https:\/\/martinluther.ca\/de\/?s={search_term_string}"},"query-input":{"@type":"PropertyValueSpecification","valueRequired":true,"valueName":"search_term_string"}}],"inLanguage":"de"},{"@type":"Organization","@id":"https:\/\/martinluther.ca\/de\/#organization","name":"Martin Luther Evangelical Church Toronto","url":"https:\/\/martinluther.ca\/de\/","logo":{"@type":"ImageObject","inLanguage":"de","@id":"https:\/\/martinluther.ca\/de\/#\/schema\/logo\/image\/","url":"https:\/\/martinluther.ca\/wp-content\/uploads\/2016\/12\/ml-logo-300.png","contentUrl":"https:\/\/martinluther.ca\/wp-content\/uploads\/2016\/12\/ml-logo-300.png","width":300,"height":150,"caption":"Martin Luther Evangelical Church Toronto"},"image":{"@id":"https:\/\/martinluther.ca\/de\/#\/schema\/logo\/image\/"},"sameAs":["https:\/\/www.facebook.com\/martinlutherchurchtoronto","https:\/\/www.instagram.com\/lutheransbythelake\/","https:\/\/www.youtube.com\/MartinLutherChurchToronto"]}]}},"_links":{"self":[{"href":"https:\/\/martinluther.ca\/de\/wp-json\/wp\/v2\/pages\/26103","targetHints":{"allow":["GET"]}}],"collection":[{"href":"https:\/\/martinluther.ca\/de\/wp-json\/wp\/v2\/pages"}],"about":[{"href":"https:\/\/martinluther.ca\/de\/wp-json\/wp\/v2\/types\/page"}],"author":[{"embeddable":true,"href":"https:\/\/martinluther.ca\/de\/wp-json\/wp\/v2\/users\/9"}],"replies":[{"embeddable":true,"href":"https:\/\/martinluther.ca\/de\/wp-json\/wp\/v2\/comments?post=26103"}],"version-history":[{"count":15,"href":"https:\/\/martinluther.ca\/de\/wp-json\/wp\/v2\/pages\/26103\/revisions"}],"predecessor-version":[{"id":50420,"href":"https:\/\/martinluther.ca\/de\/wp-json\/wp\/v2\/pages\/26103\/revisions\/50420"}],"up":[{"embeddable":true,"href":"https:\/\/martinluther.ca\/de\/wp-json\/wp\/v2\/pages\/54614"}],"wp:attachment":[{"href":"https:\/\/martinluther.ca\/de\/wp-json\/wp\/v2\/media?parent=26103"}],"curies":[{"name":"wp","href":"https:\/\/api.w.org\/{rel}","templated":true}]}}