{"id":31138,"date":"2019-03-09T13:25:24","date_gmt":"2019-03-09T18:25:24","guid":{"rendered":"https:\/\/martinluther.ca\/?page_id=31138"},"modified":"2024-08-03T17:54:39","modified_gmt":"2024-08-03T21:54:39","slug":"spenden","status":"publish","type":"page","link":"https:\/\/martinluther.ca\/de\/spenden\/","title":{"rendered":"Spenden"},"content":{"rendered":"<p><strong>1. E-\u00dcberweisung an unseren Schatzmeister\u00a0unter <a href=\"mailto:treasurer@martinluther.ca\" target=\"_blank\" rel=\"noopener\">treasurer@martinluther.ca<\/a><br \/>\n<\/strong>Denken Sie beim Versenden von E-\u00dcberweisungen bitte daran, eine Nachricht mit Ihrer Postanschrift anzugeben, um eine offizielle Steuerquittung zu erhalten. F\u00fcgen Sie au\u00dferdem hinzu, wof\u00fcr Sie spenden m\u00f6chten, z. B. in Erinnerung an, zu Ehren, ggf.<\/p>\n<p><strong>2. Pre-Authorized Remittance (PAR)<\/strong><br \/>\nBeteiligen Sie sich am automatischen Spendenprogramm mit monatlichen Abhebungen von Ihrem Bankkonto. Laden Sie das <strong>PAR-Informationsblatt und das Spenderautorisierungsformular <a href=\"https:\/\/martinluther.ca\/wp-content\/uploads\/2020\/04\/MLC-PAR_authorization_form-updated.pdf\" target=\"_blank\" rel=\"noopener\">herunter<\/a> ,<\/strong>\u00a0drucken Sie es aus, f\u00fcllen Sie es aus und senden Sie es an: Martin Luther Evangelical Lutheran Church 2379 Lake Shore Blvd West, Toronto, ON M8V 1B7. Fragen an das Kirchenb\u00fcro: Tel.: (416) 251-8293, <a href=\"mailto:office@martinluther.ca\" target=\"_blank\" rel=\"noopener\">office@martinluther.ca<\/a><\/p>\n<p><strong>3. Schecks per Post an das Kirchenb\u00fcro (Adresse wie oben)<\/strong> Bitte senden Sie kein Bargeld per Post.<\/p>\n<p><strong>4. PayPal -use your PayPal account! International donate-friendly!<\/strong><\/p>\n<form action=\"https:\/\/www.paypal.com\/donate\" method=\"post\" target=\"_top\"><input name=\"hosted_button_id\" type=\"hidden\" value=\"FTEHCD5NE8UQL\" \/>Our PayPal account is now available for donations (and other payments) to our Church!\u00a0 You are not charged any fees whatsoever.\u00a0 Click on logo to open the PayPal webpage or direct your donation to: <a href=\"mailto:treasurer@martinluther.ca\" target=\"_blank\" rel=\"noopener\">treasurer@martinluther.ca<\/a>\u00a0&#8211;with your own PayPal account.<\/p>\n<\/form>\n<form action=\"https:\/\/www.paypal.com\/donate\" method=\"post\" target=\"_top\"><input name=\"hosted_button_id\" type=\"hidden\" value=\"FTEHCD5NE8UQL\" \/><br \/>\n<input title=\"PayPal - The safer, easier way to pay online!\" alt=\"Donate with PayPal button\" name=\"submit\" src=\"https:\/\/www.paypalobjects.com\/en_US\/i\/btn\/btn_donateCC_LG.gif\" type=\"image\" \/><br \/>\n<img loading=\"lazy\" decoding=\"async\" src=\"https:\/\/www.paypal.com\/en_CA\/i\/scr\/pixel.gif\" alt=\"\" width=\"1\" height=\"1\" border=\"0\" \/><\/form>\n<form action=\"https:\/\/www.paypal.com\/donate\" method=\"post\" target=\"_top\"><strong>5. <a href=\"https:\/\/www.canadahelps.org\/dn\/29127\" target=\"_blank\" rel=\"noopener\"><img loading=\"lazy\" decoding=\"async\" class=\"wp-image-32235 size-thumbnail alignright\" src=\"https:\/\/martinluther.ca\/wp-content\/uploads\/2019\/10\/canadahelps-donate-logo-600w-300x217-150x150.png\" alt=\"canadahelps-donate-logo\" width=\"150\" height=\"150\" \/><\/a> &#8222;CanadaHelps&#8220;<\/strong> <a style=\"font-family: var(--wpex-body-font-family, var(--wpex-font-sans));\" href=\"https:\/\/www.canadahelps.org\/dn\/29127\" target=\"_blank\" rel=\"noopener noreferrer\">https:\/\/www.canadahelps.org\/dn\/29127<\/a><\/p>\n<p>Klicken Sie auf das Logo oder \u00f6ffnen Sie den Hyperlink. Bezeichnung w\u00e4hlen. Die eingetragene Wohlt\u00e4tigkeitsorganisation \u201eCanadaHelps\u201c erscheint auf Ihrem Kontoauszug und Spendenbescheinigung werden Ihnen umgehend zugesandt.<\/p>\n<p><img loading=\"lazy\" decoding=\"async\" class=\"alignright wp-image-32256 size-thumbnail\" src=\"https:\/\/martinluther.ca\/wp-content\/uploads\/2019\/10\/solidbrassofferingcollectionplate-150x150.jpg\" alt=\"solidbrass offering collection plate\" width=\"150\" height=\"150\" \/><\/p>\n<p><strong>5. Hinterlassen Sie der Kirche ein Verm\u00e4chtnisgeschenk in Nachlassplanung.<\/strong><\/p>\n<p>Wir begr\u00fc\u00dfen Ihre Philanthropie! Wir sind allen Mitgliedern und Freunden sehr dankbar, die mit einer geplanten Spende ein <strong>bleibendes Verm\u00e4chtnis hinterlassen<\/strong>, um die Martin-Luther-Kirche und ihren Dienst f\u00fcr zuk\u00fcnftige Generationen zu unterst\u00fctzen. \u00a0Zu den geplanten Schenkungen geh\u00f6ren Verm\u00e4chtnisse, Schenkungen von Lebensversicherungen, Schenkungen von Wertpapieren und RRSP\/RRIF-Schenkungen.<\/p>\n<p>Notiz: Unsere Martin Luther Kirche ist wie alle Kirchen in Kanada <strong>vollst\u00e4ndig von Spenden, Zusch\u00fcssen und Freiwilligen abh\u00e4ngig<\/strong>. Im Gegensatz zum deutschen System flie\u00dfen uns keinerlei Steuergelder zu.<\/p>\n<div id=\"gallery-1\" class=\"wpex-gallery wpex-grid wpex-grid-cols-4 wpex-gap-20 wpex-lightbox-group wpex-mb-20\"><figure class=\"gallery-item\"><a href=\"https:\/\/martinluther.ca\/wp-content\/uploads\/2023\/12\/2023-Giving-Tuesday-image-ad-04-217KB.jpg\" class=\"wpex-lightbox-group-item\"><img loading=\"lazy\" decoding=\"async\" src=\"https:\/\/martinluther.ca\/wp-content\/uploads\/2023\/12\/2023-Giving-Tuesday-image-ad-04-217KB-300x300.jpg\" alt=\"\" srcset=\"https:\/\/martinluther.ca\/wp-content\/uploads\/2023\/12\/2023-Giving-Tuesday-image-ad-04-217KB-300x300.jpg 300w, https:\/\/martinluther.ca\/wp-content\/uploads\/2023\/12\/2023-Giving-Tuesday-image-ad-04-217KB-1024x1024.jpg 1024w, https:\/\/martinluther.ca\/wp-content\/uploads\/2023\/12\/2023-Giving-Tuesday-image-ad-04-217KB-150x150.jpg 150w, https:\/\/martinluther.ca\/wp-content\/uploads\/2023\/12\/2023-Giving-Tuesday-image-ad-04-217KB-768x768.jpg 768w, https:\/\/martinluther.ca\/wp-content\/uploads\/2023\/12\/2023-Giving-Tuesday-image-ad-04-217KB.jpg 1080w\" width=\"300\" height=\"300\"><\/a><\/figure><figure class=\"gallery-item\"><a href=\"https:\/\/martinluther.ca\/wp-content\/uploads\/2023\/12\/2023-Giving-Tuesday-image-ad-03-219KB.jpg\" class=\"wpex-lightbox-group-item\"><img loading=\"lazy\" decoding=\"async\" src=\"https:\/\/martinluther.ca\/wp-content\/uploads\/2023\/12\/2023-Giving-Tuesday-image-ad-03-219KB-300x300.jpg\" alt=\"\" srcset=\"https:\/\/martinluther.ca\/wp-content\/uploads\/2023\/12\/2023-Giving-Tuesday-image-ad-03-219KB-300x300.jpg 300w, https:\/\/martinluther.ca\/wp-content\/uploads\/2023\/12\/2023-Giving-Tuesday-image-ad-03-219KB-1024x1024.jpg 1024w, https:\/\/martinluther.ca\/wp-content\/uploads\/2023\/12\/2023-Giving-Tuesday-image-ad-03-219KB-150x150.jpg 150w, https:\/\/martinluther.ca\/wp-content\/uploads\/2023\/12\/2023-Giving-Tuesday-image-ad-03-219KB-768x768.jpg 768w, https:\/\/martinluther.ca\/wp-content\/uploads\/2023\/12\/2023-Giving-Tuesday-image-ad-03-219KB.jpg 1080w\" width=\"300\" height=\"300\"><\/a><\/figure><figure class=\"gallery-item\"><a href=\"https:\/\/martinluther.ca\/wp-content\/uploads\/2023\/12\/2023-Giving-Tuesday-image-ad-02-218KB.jpg\" class=\"wpex-lightbox-group-item\"><img loading=\"lazy\" decoding=\"async\" src=\"https:\/\/martinluther.ca\/wp-content\/uploads\/2023\/12\/2023-Giving-Tuesday-image-ad-02-218KB-300x300.jpg\" alt=\"\" srcset=\"https:\/\/martinluther.ca\/wp-content\/uploads\/2023\/12\/2023-Giving-Tuesday-image-ad-02-218KB-300x300.jpg 300w, https:\/\/martinluther.ca\/wp-content\/uploads\/2023\/12\/2023-Giving-Tuesday-image-ad-02-218KB-1024x1024.jpg 1024w, https:\/\/martinluther.ca\/wp-content\/uploads\/2023\/12\/2023-Giving-Tuesday-image-ad-02-218KB-150x150.jpg 150w, https:\/\/martinluther.ca\/wp-content\/uploads\/2023\/12\/2023-Giving-Tuesday-image-ad-02-218KB-768x768.jpg 768w, https:\/\/martinluther.ca\/wp-content\/uploads\/2023\/12\/2023-Giving-Tuesday-image-ad-02-218KB.jpg 1080w\" width=\"300\" height=\"300\"><\/a><\/figure><figure class=\"gallery-item\"><a href=\"https:\/\/martinluther.ca\/wp-content\/uploads\/2023\/12\/2023-Giving-Tuesday-image-ad-01-224KB.jpg\" class=\"wpex-lightbox-group-item\" data-title=\"2023 Giving Tuesday image ad \"><img loading=\"lazy\" alt=\"2023 Giving Tuesday Image Ad\" decoding=\"async\" src=\"https:\/\/martinluther.ca\/wp-content\/uploads\/2023\/12\/2023-Giving-Tuesday-image-ad-01-224KB-300x300.jpg\" srcset=\"https:\/\/martinluther.ca\/wp-content\/uploads\/2023\/12\/2023-Giving-Tuesday-image-ad-01-224KB-300x300.jpg 300w, https:\/\/martinluther.ca\/wp-content\/uploads\/2023\/12\/2023-Giving-Tuesday-image-ad-01-224KB-1024x1024.jpg 1024w, https:\/\/martinluther.ca\/wp-content\/uploads\/2023\/12\/2023-Giving-Tuesday-image-ad-01-224KB-150x150.jpg 150w, https:\/\/martinluther.ca\/wp-content\/uploads\/2023\/12\/2023-Giving-Tuesday-image-ad-01-224KB-768x768.jpg 768w, https:\/\/martinluther.ca\/wp-content\/uploads\/2023\/12\/2023-Giving-Tuesday-image-ad-01-224KB.jpg 1080w\" width=\"300\" height=\"300\"><\/a><\/figure><\/div>\n\n<p>Damit unsere Kirche weiterhin ihre gute Arbeit leisten kann, brauchen wir finanzielle Hilfe. Bitte erw\u00e4gen Sie, das ganze Jahr \u00fcber zu spenden, um unsere T\u00fcren und Programme offen zu halten.<\/p>\n<p><strong>Gef\u00e4llt Ihnen, was wir anbieten?<\/strong><br \/>\nTaufen, Hochzeiten, Beerdigungen, Konfirmationsunterricht, Gottesdienste, Radioandachten auf Deutsch, Hausbesuche, Gemeindebriefe, Kontaktpflege mit Senioren und Geburtstagskarten, Bibelstunden, Gemeindefreizeit, Gruppenaktivit\u00e4ten, Chor, Lebensmitteldienst, Dinner Church, Fl\u00fcchtlingshilfe, Nachbarschaftsg\u00e4rten.<\/p>\n<p><strong>Wie k\u00f6nnen Sie uns helfen, anderen zu helfen?<\/strong><br \/>\nSpenden Sie Zeit und Geld, damit unsere zweisprachige Gemeinde weiterhin ihre deutschen Wurzeln Lutherische Konfession feiern und Ihnen \u2014unsere Nachbarn und Freunden aus allen Lebensbereichen\u2014 im n\u00e4chsten Jahr und in vielen kommenden Jahren helfen kann.<\/p>\n<\/form>\n","protected":false},"excerpt":{"rendered":"<p>1. E-\u00dcberweisung an unseren Schatzmeister\u00a0unter treasurer@martinluther.ca Denken Sie beim Versenden von E-\u00dcberweisungen bitte daran, eine Nachricht mit Ihrer Postanschrift anzugeben, um eine offizielle Steuerquittung zu erhalten. F\u00fcgen Sie au\u00dferdem hinzu, wof\u00fcr Sie spenden m\u00f6chten, z. B. in Erinnerung an, zu Ehren, ggf. 2. Pre-Authorized Remittance (PAR) Beteiligen Sie sich am automatischen Spendenprogramm mit monatlichen Abhebungen&hellip;<\/p>\n","protected":false},"author":9,"featured_media":0,"parent":0,"menu_order":0,"comment_status":"closed","ping_status":"closed","template":"","meta":{"footnotes":""},"class_list":["post-31138","page","type-page","status-publish","hentry","entry","no-media"],"yoast_head":"<!-- This site is optimized with the Yoast SEO plugin v27.4 - https:\/\/yoast.com\/product\/yoast-seo-wordpress\/ -->\n<title>Spenden - Martin Luther Evangelische Kirche Toronto<\/title>\n<meta name=\"robots\" content=\"index, follow, max-snippet:-1, max-image-preview:large, max-video-preview:-1\" \/>\n<link rel=\"canonical\" href=\"https:\/\/martinluther.ca\/de\/spenden\/\" \/>\n<meta property=\"og:locale\" content=\"de_DE\" \/>\n<meta property=\"og:type\" content=\"article\" \/>\n<meta property=\"og:title\" content=\"Spenden - Martin Luther Evangelische Kirche Toronto\" \/>\n<meta property=\"og:description\" content=\"1. E-\u00dcberweisung an unseren Schatzmeister\u00a0unter treasurer@martinluther.ca Denken Sie beim Versenden von E-\u00dcberweisungen bitte daran, eine Nachricht mit Ihrer Postanschrift anzugeben, um eine offizielle Steuerquittung zu erhalten. F\u00fcgen Sie au\u00dferdem hinzu, wof\u00fcr Sie spenden m\u00f6chten, z. B. in Erinnerung an, zu Ehren, ggf. 2. Pre-Authorized Remittance (PAR) Beteiligen Sie sich am automatischen Spendenprogramm mit monatlichen Abhebungen&hellip;\" \/>\n<meta property=\"og:url\" content=\"https:\/\/martinluther.ca\/de\/spenden\/\" \/>\n<meta property=\"og:site_name\" content=\"Martin Luther Evangelische Kirche Toronto\" \/>\n<meta property=\"article:publisher\" content=\"https:\/\/www.facebook.com\/martinlutherchurchtoronto\" \/>\n<meta property=\"article:modified_time\" content=\"2024-08-03T21:54:39+00:00\" \/>\n<meta property=\"og:image\" content=\"https:\/\/martinluther.ca\/wp-content\/uploads\/2023\/12\/2023-Giving-Tuesday-image-ad-04-217KB-300x300.jpg\" \/>\n<meta name=\"twitter:card\" content=\"summary_large_image\" \/>\n<meta name=\"twitter:label1\" content=\"Gesch\u00e4tzte Lesezeit\" \/>\n\t<meta name=\"twitter:data1\" content=\"2\u00a0Minuten\" \/>\n<script type=\"application\/ld+json\" class=\"yoast-schema-graph\">{\"@context\":\"https:\\\/\\\/schema.org\",\"@graph\":[{\"@type\":\"WebPage\",\"@id\":\"https:\\\/\\\/martinluther.ca\\\/de\\\/spenden\\\/\",\"url\":\"https:\\\/\\\/martinluther.ca\\\/de\\\/spenden\\\/\",\"name\":\"Spenden - Martin Luther Evangelische Kirche Toronto\",\"isPartOf\":{\"@id\":\"https:\\\/\\\/martinluther.ca\\\/de\\\/#website\"},\"primaryImageOfPage\":{\"@id\":\"https:\\\/\\\/martinluther.ca\\\/de\\\/spenden\\\/#primaryimage\"},\"image\":{\"@id\":\"https:\\\/\\\/martinluther.ca\\\/de\\\/spenden\\\/#primaryimage\"},\"thumbnailUrl\":\"https:\\\/\\\/www.paypal.com\\\/en_CA\\\/i\\\/scr\\\/pixel.gif\",\"datePublished\":\"2019-03-09T18:25:24+00:00\",\"dateModified\":\"2024-08-03T21:54:39+00:00\",\"breadcrumb\":{\"@id\":\"https:\\\/\\\/martinluther.ca\\\/de\\\/spenden\\\/#breadcrumb\"},\"inLanguage\":\"de\",\"potentialAction\":[{\"@type\":\"ReadAction\",\"target\":[\"https:\\\/\\\/martinluther.ca\\\/de\\\/spenden\\\/\"]}]},{\"@type\":\"ImageObject\",\"inLanguage\":\"de\",\"@id\":\"https:\\\/\\\/martinluther.ca\\\/de\\\/spenden\\\/#primaryimage\",\"url\":\"https:\\\/\\\/www.paypal.com\\\/en_CA\\\/i\\\/scr\\\/pixel.gif\",\"contentUrl\":\"https:\\\/\\\/www.paypal.com\\\/en_CA\\\/i\\\/scr\\\/pixel.gif\"},{\"@type\":\"BreadcrumbList\",\"@id\":\"https:\\\/\\\/martinluther.ca\\\/de\\\/spenden\\\/#breadcrumb\",\"itemListElement\":[{\"@type\":\"ListItem\",\"position\":1,\"name\":\"Home\",\"item\":\"https:\\\/\\\/martinluther.ca\\\/de\\\/\"},{\"@type\":\"ListItem\",\"position\":2,\"name\":\"Spenden\"}]},{\"@type\":\"WebSite\",\"@id\":\"https:\\\/\\\/martinluther.ca\\\/de\\\/#website\",\"url\":\"https:\\\/\\\/martinluther.ca\\\/de\\\/\",\"name\":\"Martin Luther Evangelical Church Toronto\",\"description\":\"Deutsch &amp; Englisch\",\"publisher\":{\"@id\":\"https:\\\/\\\/martinluther.ca\\\/de\\\/#organization\"},\"potentialAction\":[{\"@type\":\"SearchAction\",\"target\":{\"@type\":\"EntryPoint\",\"urlTemplate\":\"https:\\\/\\\/martinluther.ca\\\/de\\\/?s={search_term_string}\"},\"query-input\":{\"@type\":\"PropertyValueSpecification\",\"valueRequired\":true,\"valueName\":\"search_term_string\"}}],\"inLanguage\":\"de\"},{\"@type\":\"Organization\",\"@id\":\"https:\\\/\\\/martinluther.ca\\\/de\\\/#organization\",\"name\":\"Martin Luther Evangelical Church Toronto\",\"url\":\"https:\\\/\\\/martinluther.ca\\\/de\\\/\",\"logo\":{\"@type\":\"ImageObject\",\"inLanguage\":\"de\",\"@id\":\"https:\\\/\\\/martinluther.ca\\\/de\\\/#\\\/schema\\\/logo\\\/image\\\/\",\"url\":\"https:\\\/\\\/martinluther.ca\\\/wp-content\\\/uploads\\\/2016\\\/12\\\/ml-logo-300.png\",\"contentUrl\":\"https:\\\/\\\/martinluther.ca\\\/wp-content\\\/uploads\\\/2016\\\/12\\\/ml-logo-300.png\",\"width\":300,\"height\":150,\"caption\":\"Martin Luther Evangelical Church Toronto\"},\"image\":{\"@id\":\"https:\\\/\\\/martinluther.ca\\\/de\\\/#\\\/schema\\\/logo\\\/image\\\/\"},\"sameAs\":[\"https:\\\/\\\/www.facebook.com\\\/martinlutherchurchtoronto\",\"https:\\\/\\\/www.instagram.com\\\/lutheransbythelake\\\/\",\"https:\\\/\\\/www.youtube.com\\\/MartinLutherChurchToronto\"]}]}<\/script>\n<!-- \/ Yoast SEO plugin. -->","yoast_head_json":{"title":"Spenden - Martin Luther Evangelische Kirche Toronto","robots":{"index":"index","follow":"follow","max-snippet":"max-snippet:-1","max-image-preview":"max-image-preview:large","max-video-preview":"max-video-preview:-1"},"canonical":"https:\/\/martinluther.ca\/de\/spenden\/","og_locale":"de_DE","og_type":"article","og_title":"Spenden - Martin Luther Evangelische Kirche Toronto","og_description":"1. E-\u00dcberweisung an unseren Schatzmeister\u00a0unter treasurer@martinluther.ca Denken Sie beim Versenden von E-\u00dcberweisungen bitte daran, eine Nachricht mit Ihrer Postanschrift anzugeben, um eine offizielle Steuerquittung zu erhalten. F\u00fcgen Sie au\u00dferdem hinzu, wof\u00fcr Sie spenden m\u00f6chten, z. B. in Erinnerung an, zu Ehren, ggf. 2. Pre-Authorized Remittance (PAR) Beteiligen Sie sich am automatischen Spendenprogramm mit monatlichen Abhebungen&hellip;","og_url":"https:\/\/martinluther.ca\/de\/spenden\/","og_site_name":"Martin Luther Evangelische Kirche Toronto","article_publisher":"https:\/\/www.facebook.com\/martinlutherchurchtoronto","article_modified_time":"2024-08-03T21:54:39+00:00","og_image":[{"url":"https:\/\/martinluther.ca\/wp-content\/uploads\/2023\/12\/2023-Giving-Tuesday-image-ad-04-217KB-300x300.jpg","type":"","width":"","height":""}],"twitter_card":"summary_large_image","twitter_misc":{"Gesch\u00e4tzte Lesezeit":"2\u00a0Minuten"},"schema":{"@context":"https:\/\/schema.org","@graph":[{"@type":"WebPage","@id":"https:\/\/martinluther.ca\/de\/spenden\/","url":"https:\/\/martinluther.ca\/de\/spenden\/","name":"Spenden - Martin Luther Evangelische Kirche Toronto","isPartOf":{"@id":"https:\/\/martinluther.ca\/de\/#website"},"primaryImageOfPage":{"@id":"https:\/\/martinluther.ca\/de\/spenden\/#primaryimage"},"image":{"@id":"https:\/\/martinluther.ca\/de\/spenden\/#primaryimage"},"thumbnailUrl":"https:\/\/www.paypal.com\/en_CA\/i\/scr\/pixel.gif","datePublished":"2019-03-09T18:25:24+00:00","dateModified":"2024-08-03T21:54:39+00:00","breadcrumb":{"@id":"https:\/\/martinluther.ca\/de\/spenden\/#breadcrumb"},"inLanguage":"de","potentialAction":[{"@type":"ReadAction","target":["https:\/\/martinluther.ca\/de\/spenden\/"]}]},{"@type":"ImageObject","inLanguage":"de","@id":"https:\/\/martinluther.ca\/de\/spenden\/#primaryimage","url":"https:\/\/www.paypal.com\/en_CA\/i\/scr\/pixel.gif","contentUrl":"https:\/\/www.paypal.com\/en_CA\/i\/scr\/pixel.gif"},{"@type":"BreadcrumbList","@id":"https:\/\/martinluther.ca\/de\/spenden\/#breadcrumb","itemListElement":[{"@type":"ListItem","position":1,"name":"Home","item":"https:\/\/martinluther.ca\/de\/"},{"@type":"ListItem","position":2,"name":"Spenden"}]},{"@type":"WebSite","@id":"https:\/\/martinluther.ca\/de\/#website","url":"https:\/\/martinluther.ca\/de\/","name":"Martin Luther Evangelical Church Toronto","description":"Deutsch &amp; Englisch","publisher":{"@id":"https:\/\/martinluther.ca\/de\/#organization"},"potentialAction":[{"@type":"SearchAction","target":{"@type":"EntryPoint","urlTemplate":"https:\/\/martinluther.ca\/de\/?s={search_term_string}"},"query-input":{"@type":"PropertyValueSpecification","valueRequired":true,"valueName":"search_term_string"}}],"inLanguage":"de"},{"@type":"Organization","@id":"https:\/\/martinluther.ca\/de\/#organization","name":"Martin Luther Evangelical Church Toronto","url":"https:\/\/martinluther.ca\/de\/","logo":{"@type":"ImageObject","inLanguage":"de","@id":"https:\/\/martinluther.ca\/de\/#\/schema\/logo\/image\/","url":"https:\/\/martinluther.ca\/wp-content\/uploads\/2016\/12\/ml-logo-300.png","contentUrl":"https:\/\/martinluther.ca\/wp-content\/uploads\/2016\/12\/ml-logo-300.png","width":300,"height":150,"caption":"Martin Luther Evangelical Church Toronto"},"image":{"@id":"https:\/\/martinluther.ca\/de\/#\/schema\/logo\/image\/"},"sameAs":["https:\/\/www.facebook.com\/martinlutherchurchtoronto","https:\/\/www.instagram.com\/lutheransbythelake\/","https:\/\/www.youtube.com\/MartinLutherChurchToronto"]}]}},"_links":{"self":[{"href":"https:\/\/martinluther.ca\/de\/wp-json\/wp\/v2\/pages\/31138","targetHints":{"allow":["GET"]}}],"collection":[{"href":"https:\/\/martinluther.ca\/de\/wp-json\/wp\/v2\/pages"}],"about":[{"href":"https:\/\/martinluther.ca\/de\/wp-json\/wp\/v2\/types\/page"}],"author":[{"embeddable":true,"href":"https:\/\/martinluther.ca\/de\/wp-json\/wp\/v2\/users\/9"}],"replies":[{"embeddable":true,"href":"https:\/\/martinluther.ca\/de\/wp-json\/wp\/v2\/comments?post=31138"}],"version-history":[{"count":33,"href":"https:\/\/martinluther.ca\/de\/wp-json\/wp\/v2\/pages\/31138\/revisions"}],"predecessor-version":[{"id":49656,"href":"https:\/\/martinluther.ca\/de\/wp-json\/wp\/v2\/pages\/31138\/revisions\/49656"}],"wp:attachment":[{"href":"https:\/\/martinluther.ca\/de\/wp-json\/wp\/v2\/media?parent=31138"}],"curies":[{"name":"wp","href":"https:\/\/api.w.org\/{rel}","templated":true}]}}