{"id":31985,"date":"2019-10-16T20:53:07","date_gmt":"2019-10-17T00:53:07","guid":{"rendered":"https:\/\/martinluther.ca\/?page_id=31985"},"modified":"2025-11-19T16:05:49","modified_gmt":"2025-11-19T21:05:49","slug":"kirchenachor","status":"publish","type":"page","link":"https:\/\/martinluther.ca\/de\/programme-und-dienste\/kirchenachor\/","title":{"rendered":"Kirchenachor"},"content":{"rendered":"<figure id=\"attachment_52371\" aria-describedby=\"caption-attachment-52371\" style=\"width: 300px\" class=\"wp-caption alignright\"><img loading=\"lazy\" decoding=\"async\" class=\"wp-image-52371 size-medium\" src=\"https:\/\/martinluther.ca\/wp-content\/uploads\/2025\/04\/2025-04-20-Easter-76-Linda-300x300.jpg\" alt=\"\" width=\"300\" height=\"300\" \/><figcaption id=\"caption-attachment-52371\" class=\"wp-caption-text\">Linda Marcinkus, unsere Organistin und Chorleiterin<\/figcaption><\/figure>\n<p>Singen Sie gerne? Dann treten Sie dem Kirchenchor der Martin-Luther-Kirche bei. Wir proben jeden Dienstag um 18:00 Uhr im Kirchenschiff zur Vorbereitung auf unsere Auftritte in besonderen Gottesdiensten.<\/p>\n<p>Der Kirchenchor muss neu aufgebaut werden und wir freuen uns \u00fcber neue S\u00e4ngerinnen und S\u00e4nger in allen Stimmlagen: Sopran, Alt, Tenor und Bass. Wir werden vom Klavier begleitet. Unser Repertoire ist vielseitig und unser kleiner Chor ist fr\u00f6hlich und enthusiastisch.<\/p>\n<p>Bitte kontaktieren Sie Linda Marcinkus, Organistin und Chorleiterin, unter <a href=\"mailto:office@martinluther.ca\" target=\"_blank\" rel=\"noopener\">office@martinluther.ca<\/a>.<\/p>\n<p>Wir \u00fcben uns in der Regel vier Wochen vor Erntedank, Allerheiligen, dem 1. Adventssonntag, Heiligabend, Karfreitag, Ostern und Pfingsten auf die gro\u00dfen Sonntage und besonderen Gottesdienste des liturgischen Kalenders.<\/p>\n<p>Wir hoffen, dass unser Chor unsere Gemeinde noch viele Jahre mit einem reichen Liederrepertoire erfreuen kann. Wir laden neue Mitglieder ein, unserem Chor beizutreten und uns zu helfen, unsere reiche Gesangstradition fortzuf\u00fchren.<\/p>\n<p><strong>Fotogalerie &#8211; Zum \u00d6ffnen klicken<\/strong><\/p>\n<p>&nbsp;<\/p>\n<div id=\"gallery-1\" class=\"wpex-gallery wpex-grid wpex-grid-cols-3 wpex-gap-20 wpex-lightbox-group wpex-mb-20\"><figure class=\"gallery-item\"><a href=\"https:\/\/martinluther.ca\/wp-content\/uploads\/2014\/11\/MLC-Choir-Easter-2012.png\" class=\"wpex-lightbox-group-item\"><img loading=\"lazy\" decoding=\"async\" src=\"https:\/\/martinluther.ca\/wp-content\/uploads\/2014\/11\/MLC-Choir-Easter-2012-300x146.png\" alt=\"\" srcset=\"https:\/\/martinluther.ca\/wp-content\/uploads\/2014\/11\/MLC-Choir-Easter-2012-300x146.png 300w, https:\/\/martinluther.ca\/wp-content\/uploads\/2014\/11\/MLC-Choir-Easter-2012.png 1000w\" width=\"300\" height=\"146\"><\/a><\/figure><figure class=\"gallery-item\"><a href=\"https:\/\/martinluther.ca\/wp-content\/uploads\/2015\/02\/Choir-Practice-Feb-122015-2-small.jpg\" class=\"wpex-lightbox-group-item\" data-title=\"2015 Choir Practice with Linda Marcinkus, Director\"><img loading=\"lazy\" alt=\"2015 Choir Practice With Linda Marcinkus, Director\" decoding=\"async\" src=\"https:\/\/martinluther.ca\/wp-content\/uploads\/2015\/02\/Choir-Practice-Feb-122015-2-small-300x225.jpg\" srcset=\"https:\/\/martinluther.ca\/wp-content\/uploads\/2015\/02\/Choir-Practice-Feb-122015-2-small-300x225.jpg 300w, https:\/\/martinluther.ca\/wp-content\/uploads\/2015\/02\/Choir-Practice-Feb-122015-2-small-1024x768.jpg 1024w, https:\/\/martinluther.ca\/wp-content\/uploads\/2015\/02\/Choir-Practice-Feb-122015-2-small.jpg 1280w\" width=\"300\" height=\"225\"><\/a><\/figure><figure class=\"gallery-item\"><a href=\"https:\/\/martinluther.ca\/wp-content\/uploads\/2015\/02\/Choir-Practice-Feb-122015-3-small.jpg\" class=\"wpex-lightbox-group-item\"><img loading=\"lazy\" decoding=\"async\" src=\"https:\/\/martinluther.ca\/wp-content\/uploads\/2015\/02\/Choir-Practice-Feb-122015-3-small-300x225.jpg\" alt=\"\" srcset=\"https:\/\/martinluther.ca\/wp-content\/uploads\/2015\/02\/Choir-Practice-Feb-122015-3-small-300x225.jpg 300w, https:\/\/martinluther.ca\/wp-content\/uploads\/2015\/02\/Choir-Practice-Feb-122015-3-small-1024x768.jpg 1024w, https:\/\/martinluther.ca\/wp-content\/uploads\/2015\/02\/Choir-Practice-Feb-122015-3-small.jpg 1280w\" width=\"300\" height=\"225\"><\/a><\/figure><figure class=\"gallery-item\"><a href=\"https:\/\/martinluther.ca\/wp-content\/uploads\/2015\/02\/Choir-Practice-Feb-122015-6-small.jpg\" class=\"wpex-lightbox-group-item\"><img loading=\"lazy\" decoding=\"async\" src=\"https:\/\/martinluther.ca\/wp-content\/uploads\/2015\/02\/Choir-Practice-Feb-122015-6-small-300x225.jpg\" alt=\"\" srcset=\"https:\/\/martinluther.ca\/wp-content\/uploads\/2015\/02\/Choir-Practice-Feb-122015-6-small-300x225.jpg 300w, https:\/\/martinluther.ca\/wp-content\/uploads\/2015\/02\/Choir-Practice-Feb-122015-6-small-1024x768.jpg 1024w, https:\/\/martinluther.ca\/wp-content\/uploads\/2015\/02\/Choir-Practice-Feb-122015-6-small.jpg 1280w\" width=\"300\" height=\"225\"><\/a><\/figure><figure class=\"gallery-item\"><a href=\"https:\/\/martinluther.ca\/wp-content\/uploads\/2014\/04\/2102-Choir-GoodFriday2.jpg\" class=\"wpex-lightbox-group-item\"><img loading=\"lazy\" decoding=\"async\" src=\"https:\/\/martinluther.ca\/wp-content\/uploads\/2014\/04\/2102-Choir-GoodFriday2-300x188.jpg\" alt=\"\" srcset=\"https:\/\/martinluther.ca\/wp-content\/uploads\/2014\/04\/2102-Choir-GoodFriday2-300x188.jpg 300w, https:\/\/martinluther.ca\/wp-content\/uploads\/2014\/04\/2102-Choir-GoodFriday2.jpg 628w\" width=\"300\" height=\"188\"><\/a><\/figure><figure class=\"gallery-item\"><a href=\"https:\/\/martinluther.ca\/wp-content\/uploads\/2024\/12\/2024-12-24-Christmas-Eve-01-Linda-Marcinkus-sq.jpg\" class=\"wpex-lightbox-group-item\"><img loading=\"lazy\" decoding=\"async\" src=\"https:\/\/martinluther.ca\/wp-content\/uploads\/2024\/12\/2024-12-24-Christmas-Eve-01-Linda-Marcinkus-sq-300x300.jpg\" alt=\"\" srcset=\"https:\/\/martinluther.ca\/wp-content\/uploads\/2024\/12\/2024-12-24-Christmas-Eve-01-Linda-Marcinkus-sq-300x300.jpg 300w, https:\/\/martinluther.ca\/wp-content\/uploads\/2024\/12\/2024-12-24-Christmas-Eve-01-Linda-Marcinkus-sq-1024x1024.jpg 1024w, https:\/\/martinluther.ca\/wp-content\/uploads\/2024\/12\/2024-12-24-Christmas-Eve-01-Linda-Marcinkus-sq-150x150.jpg 150w, https:\/\/martinluther.ca\/wp-content\/uploads\/2024\/12\/2024-12-24-Christmas-Eve-01-Linda-Marcinkus-sq-768x768.jpg 768w, https:\/\/martinluther.ca\/wp-content\/uploads\/2024\/12\/2024-12-24-Christmas-Eve-01-Linda-Marcinkus-sq-1536x1536.jpg 1536w, https:\/\/martinluther.ca\/wp-content\/uploads\/2024\/12\/2024-12-24-Christmas-Eve-01-Linda-Marcinkus-sq.jpg 1908w\" width=\"300\" height=\"300\"><\/a><\/figure><figure class=\"gallery-item\"><a href=\"https:\/\/martinluther.ca\/wp-content\/uploads\/2022\/05\/2022-Easter-Service-54-Linda-Marcinkus-choir-2-scaled.jpg\" class=\"wpex-lightbox-group-item\" data-title=\"2022 Easter Service -54 Linda Marcinkus choir\"><img loading=\"lazy\" alt=\"2022 Easter Service -54 Linda Marcinkus Choir\" decoding=\"async\" src=\"https:\/\/martinluther.ca\/wp-content\/uploads\/2022\/05\/2022-Easter-Service-54-Linda-Marcinkus-choir-2-scaled-300x134.jpg\" srcset=\"https:\/\/martinluther.ca\/wp-content\/uploads\/2022\/05\/2022-Easter-Service-54-Linda-Marcinkus-choir-2-scaled-300x134.jpg 300w, https:\/\/martinluther.ca\/wp-content\/uploads\/2022\/05\/2022-Easter-Service-54-Linda-Marcinkus-choir-2-scaled-1024x456.jpg 1024w, https:\/\/martinluther.ca\/wp-content\/uploads\/2022\/05\/2022-Easter-Service-54-Linda-Marcinkus-choir-2-768x342.jpg 768w, https:\/\/martinluther.ca\/wp-content\/uploads\/2022\/05\/2022-Easter-Service-54-Linda-Marcinkus-choir-2-1536x684.jpg 1536w, https:\/\/martinluther.ca\/wp-content\/uploads\/2022\/05\/2022-Easter-Service-54-Linda-Marcinkus-choir-2-2048x912.jpg 2048w\" width=\"300\" height=\"134\"><\/a><\/figure><figure class=\"gallery-item\"><a href=\"https:\/\/martinluther.ca\/wp-content\/uploads\/2024\/03\/2024-03-31-Easter-Sunday-39ab-choir.jpg\" class=\"wpex-lightbox-group-item\"><img loading=\"lazy\" decoding=\"async\" src=\"https:\/\/martinluther.ca\/wp-content\/uploads\/2024\/03\/2024-03-31-Easter-Sunday-39ab-choir-300x225.jpg\" alt=\"\" srcset=\"https:\/\/martinluther.ca\/wp-content\/uploads\/2024\/03\/2024-03-31-Easter-Sunday-39ab-choir-300x225.jpg 300w, https:\/\/martinluther.ca\/wp-content\/uploads\/2024\/03\/2024-03-31-Easter-Sunday-39ab-choir-1024x768.jpg 1024w, https:\/\/martinluther.ca\/wp-content\/uploads\/2024\/03\/2024-03-31-Easter-Sunday-39ab-choir-768x576.jpg 768w, https:\/\/martinluther.ca\/wp-content\/uploads\/2024\/03\/2024-03-31-Easter-Sunday-39ab-choir-1536x1152.jpg 1536w, https:\/\/martinluther.ca\/wp-content\/uploads\/2024\/03\/2024-03-31-Easter-Sunday-39ab-choir.jpg 2016w\" width=\"300\" height=\"225\"><\/a><\/figure><figure class=\"gallery-item\"><a href=\"https:\/\/martinluther.ca\/wp-content\/uploads\/2024\/04\/2024-03-31-Easter-Sunday-Church-Choir-02.jpeg\" class=\"wpex-lightbox-group-item\"><img loading=\"lazy\" decoding=\"async\" src=\"https:\/\/martinluther.ca\/wp-content\/uploads\/2024\/04\/2024-03-31-Easter-Sunday-Church-Choir-02-300x225.jpeg\" alt=\"\" srcset=\"https:\/\/martinluther.ca\/wp-content\/uploads\/2024\/04\/2024-03-31-Easter-Sunday-Church-Choir-02-300x225.jpeg 300w, https:\/\/martinluther.ca\/wp-content\/uploads\/2024\/04\/2024-03-31-Easter-Sunday-Church-Choir-02-1024x768.jpeg 1024w, https:\/\/martinluther.ca\/wp-content\/uploads\/2024\/04\/2024-03-31-Easter-Sunday-Church-Choir-02-768x576.jpeg 768w, https:\/\/martinluther.ca\/wp-content\/uploads\/2024\/04\/2024-03-31-Easter-Sunday-Church-Choir-02-1536x1152.jpeg 1536w, https:\/\/martinluther.ca\/wp-content\/uploads\/2024\/04\/2024-03-31-Easter-Sunday-Church-Choir-02.jpeg 2048w\" width=\"300\" height=\"225\"><\/a><\/figure><figure class=\"gallery-item\"><a href=\"https:\/\/martinluther.ca\/wp-content\/uploads\/2023\/05\/2023-Pentecost-Choir-01-scaled.jpg\" class=\"wpex-lightbox-group-item\" data-title=\"2023 Pentecost Choir \"><img loading=\"lazy\" alt=\"2023 Pentecost Choir\" decoding=\"async\" src=\"https:\/\/martinluther.ca\/wp-content\/uploads\/2023\/05\/2023-Pentecost-Choir-01-scaled-300x169.jpg\" srcset=\"https:\/\/martinluther.ca\/wp-content\/uploads\/2023\/05\/2023-Pentecost-Choir-01-scaled-300x169.jpg 300w, https:\/\/martinluther.ca\/wp-content\/uploads\/2023\/05\/2023-Pentecost-Choir-01-scaled-1024x576.jpg 1024w, https:\/\/martinluther.ca\/wp-content\/uploads\/2023\/05\/2023-Pentecost-Choir-01-768x432.jpg 768w, https:\/\/martinluther.ca\/wp-content\/uploads\/2023\/05\/2023-Pentecost-Choir-01-1536x865.jpg 1536w, https:\/\/martinluther.ca\/wp-content\/uploads\/2023\/05\/2023-Pentecost-Choir-01-2048x1153.jpg 2048w\" width=\"300\" height=\"169\"><\/a><\/figure><figure class=\"gallery-item\"><a href=\"https:\/\/martinluther.ca\/wp-content\/uploads\/2024\/05\/2024-Pentecost-08-choir.jpg\" class=\"wpex-lightbox-group-item\"><img loading=\"lazy\" decoding=\"async\" src=\"https:\/\/martinluther.ca\/wp-content\/uploads\/2024\/05\/2024-Pentecost-08-choir-300x139.jpg\" alt=\"\" srcset=\"https:\/\/martinluther.ca\/wp-content\/uploads\/2024\/05\/2024-Pentecost-08-choir-300x139.jpg 300w, https:\/\/martinluther.ca\/wp-content\/uploads\/2024\/05\/2024-Pentecost-08-choir-1024x474.jpg 1024w, https:\/\/martinluther.ca\/wp-content\/uploads\/2024\/05\/2024-Pentecost-08-choir-768x355.jpg 768w, https:\/\/martinluther.ca\/wp-content\/uploads\/2024\/05\/2024-Pentecost-08-choir.jpg 1193w\" width=\"300\" height=\"139\"><\/a><\/figure><figure class=\"gallery-item\"><a href=\"https:\/\/martinluther.ca\/wp-content\/uploads\/2024\/12\/2024-12-24-Christmas-Eve-35-choir-view-and-Mona-sq.jpg\" class=\"wpex-lightbox-group-item\"><img loading=\"lazy\" decoding=\"async\" src=\"https:\/\/martinluther.ca\/wp-content\/uploads\/2024\/12\/2024-12-24-Christmas-Eve-35-choir-view-and-Mona-sq-300x300.jpg\" alt=\"\" srcset=\"https:\/\/martinluther.ca\/wp-content\/uploads\/2024\/12\/2024-12-24-Christmas-Eve-35-choir-view-and-Mona-sq-300x300.jpg 300w, https:\/\/martinluther.ca\/wp-content\/uploads\/2024\/12\/2024-12-24-Christmas-Eve-35-choir-view-and-Mona-sq-1024x1024.jpg 1024w, https:\/\/martinluther.ca\/wp-content\/uploads\/2024\/12\/2024-12-24-Christmas-Eve-35-choir-view-and-Mona-sq-150x150.jpg 150w, https:\/\/martinluther.ca\/wp-content\/uploads\/2024\/12\/2024-12-24-Christmas-Eve-35-choir-view-and-Mona-sq-768x768.jpg 768w, https:\/\/martinluther.ca\/wp-content\/uploads\/2024\/12\/2024-12-24-Christmas-Eve-35-choir-view-and-Mona-sq-1536x1536.jpg 1536w, https:\/\/martinluther.ca\/wp-content\/uploads\/2024\/12\/2024-12-24-Christmas-Eve-35-choir-view-and-Mona-sq-2048x2048.jpg 2048w\" width=\"300\" height=\"300\"><\/a><\/figure><\/div>\n\n","protected":false},"excerpt":{"rendered":"<p>Singen Sie gerne? Dann treten Sie dem Kirchenchor der Martin-Luther-Kirche bei. Wir proben jeden Dienstag um 18:00 Uhr im Kirchenschiff zur Vorbereitung auf unsere Auftritte in besonderen Gottesdiensten. Der Kirchenchor muss neu aufgebaut werden und wir freuen uns \u00fcber neue S\u00e4ngerinnen und S\u00e4nger in allen Stimmlagen: Sopran, Alt, Tenor und Bass. Wir werden vom Klavier&hellip;<\/p>\n","protected":false},"author":9,"featured_media":0,"parent":18913,"menu_order":0,"comment_status":"closed","ping_status":"closed","template":"","meta":{"footnotes":""},"class_list":["post-31985","page","type-page","status-publish","hentry","entry","no-media"],"yoast_head":"<!-- This site is optimized with the Yoast SEO plugin v27.4 - https:\/\/yoast.com\/product\/yoast-seo-wordpress\/ -->\n<title>Kirchenachor - Martin Luther Evangelische Kirche Toronto<\/title>\n<meta name=\"robots\" content=\"index, follow, max-snippet:-1, max-image-preview:large, max-video-preview:-1\" \/>\n<link rel=\"canonical\" href=\"https:\/\/martinluther.ca\/de\/programme-und-dienste\/kirchenachor\/\" \/>\n<meta property=\"og:locale\" content=\"de_DE\" \/>\n<meta property=\"og:type\" content=\"article\" \/>\n<meta property=\"og:title\" content=\"Kirchenachor - Martin Luther Evangelische Kirche Toronto\" \/>\n<meta property=\"og:description\" content=\"Singen Sie gerne? Dann treten Sie dem Kirchenchor der Martin-Luther-Kirche bei. Wir proben jeden Dienstag um 18:00 Uhr im Kirchenschiff zur Vorbereitung auf unsere Auftritte in besonderen Gottesdiensten. Der Kirchenchor muss neu aufgebaut werden und wir freuen uns \u00fcber neue S\u00e4ngerinnen und S\u00e4nger in allen Stimmlagen: Sopran, Alt, Tenor und Bass. Wir werden vom Klavier&hellip;\" \/>\n<meta property=\"og:url\" content=\"https:\/\/martinluther.ca\/de\/programme-und-dienste\/kirchenachor\/\" \/>\n<meta property=\"og:site_name\" content=\"Martin Luther Evangelische Kirche Toronto\" \/>\n<meta property=\"article:publisher\" content=\"https:\/\/www.facebook.com\/martinlutherchurchtoronto\" \/>\n<meta property=\"article:modified_time\" content=\"2025-11-19T21:05:49+00:00\" \/>\n<meta property=\"og:image\" content=\"https:\/\/martinluther.ca\/wp-content\/uploads\/2014\/11\/MLC-Choir-Easter-2012-300x146.png\" \/>\n<meta name=\"twitter:card\" content=\"summary_large_image\" \/>\n<meta name=\"twitter:label1\" content=\"Gesch\u00e4tzte Lesezeit\" \/>\n\t<meta name=\"twitter:data1\" content=\"1\u00a0Minute\" \/>\n<script type=\"application\/ld+json\" class=\"yoast-schema-graph\">{\"@context\":\"https:\\\/\\\/schema.org\",\"@graph\":[{\"@type\":\"WebPage\",\"@id\":\"https:\\\/\\\/martinluther.ca\\\/de\\\/programme-und-dienste\\\/kirchenachor\\\/\",\"url\":\"https:\\\/\\\/martinluther.ca\\\/de\\\/programme-und-dienste\\\/kirchenachor\\\/\",\"name\":\"Kirchenachor - Martin Luther Evangelische Kirche Toronto\",\"isPartOf\":{\"@id\":\"https:\\\/\\\/martinluther.ca\\\/de\\\/#website\"},\"primaryImageOfPage\":{\"@id\":\"https:\\\/\\\/martinluther.ca\\\/de\\\/programme-und-dienste\\\/kirchenachor\\\/#primaryimage\"},\"image\":{\"@id\":\"https:\\\/\\\/martinluther.ca\\\/de\\\/programme-und-dienste\\\/kirchenachor\\\/#primaryimage\"},\"thumbnailUrl\":\"https:\\\/\\\/martinluther.ca\\\/wp-content\\\/uploads\\\/2025\\\/04\\\/2025-04-20-Easter-76-Linda-300x300.jpg\",\"datePublished\":\"2019-10-17T00:53:07+00:00\",\"dateModified\":\"2025-11-19T21:05:49+00:00\",\"breadcrumb\":{\"@id\":\"https:\\\/\\\/martinluther.ca\\\/de\\\/programme-und-dienste\\\/kirchenachor\\\/#breadcrumb\"},\"inLanguage\":\"de\",\"potentialAction\":[{\"@type\":\"ReadAction\",\"target\":[\"https:\\\/\\\/martinluther.ca\\\/de\\\/programme-und-dienste\\\/kirchenachor\\\/\"]}]},{\"@type\":\"ImageObject\",\"inLanguage\":\"de\",\"@id\":\"https:\\\/\\\/martinluther.ca\\\/de\\\/programme-und-dienste\\\/kirchenachor\\\/#primaryimage\",\"url\":\"https:\\\/\\\/martinluther.ca\\\/wp-content\\\/uploads\\\/2025\\\/04\\\/2025-04-20-Easter-76-Linda-300x300.jpg\",\"contentUrl\":\"https:\\\/\\\/martinluther.ca\\\/wp-content\\\/uploads\\\/2025\\\/04\\\/2025-04-20-Easter-76-Linda-300x300.jpg\"},{\"@type\":\"BreadcrumbList\",\"@id\":\"https:\\\/\\\/martinluther.ca\\\/de\\\/programme-und-dienste\\\/kirchenachor\\\/#breadcrumb\",\"itemListElement\":[{\"@type\":\"ListItem\",\"position\":1,\"name\":\"Home\",\"item\":\"https:\\\/\\\/martinluther.ca\\\/de\\\/\"},{\"@type\":\"ListItem\",\"position\":2,\"name\":\"Programme und Dienste\",\"item\":\"https:\\\/\\\/martinluther.ca\\\/de\\\/programme-und-dienste\\\/\"},{\"@type\":\"ListItem\",\"position\":3,\"name\":\"Kirchenachor\"}]},{\"@type\":\"WebSite\",\"@id\":\"https:\\\/\\\/martinluther.ca\\\/de\\\/#website\",\"url\":\"https:\\\/\\\/martinluther.ca\\\/de\\\/\",\"name\":\"Martin Luther Evangelical Church Toronto\",\"description\":\"Deutsch &amp; Englisch\",\"publisher\":{\"@id\":\"https:\\\/\\\/martinluther.ca\\\/de\\\/#organization\"},\"potentialAction\":[{\"@type\":\"SearchAction\",\"target\":{\"@type\":\"EntryPoint\",\"urlTemplate\":\"https:\\\/\\\/martinluther.ca\\\/de\\\/?s={search_term_string}\"},\"query-input\":{\"@type\":\"PropertyValueSpecification\",\"valueRequired\":true,\"valueName\":\"search_term_string\"}}],\"inLanguage\":\"de\"},{\"@type\":\"Organization\",\"@id\":\"https:\\\/\\\/martinluther.ca\\\/de\\\/#organization\",\"name\":\"Martin Luther Evangelical Church Toronto\",\"url\":\"https:\\\/\\\/martinluther.ca\\\/de\\\/\",\"logo\":{\"@type\":\"ImageObject\",\"inLanguage\":\"de\",\"@id\":\"https:\\\/\\\/martinluther.ca\\\/de\\\/#\\\/schema\\\/logo\\\/image\\\/\",\"url\":\"https:\\\/\\\/martinluther.ca\\\/wp-content\\\/uploads\\\/2016\\\/12\\\/ml-logo-300.png\",\"contentUrl\":\"https:\\\/\\\/martinluther.ca\\\/wp-content\\\/uploads\\\/2016\\\/12\\\/ml-logo-300.png\",\"width\":300,\"height\":150,\"caption\":\"Martin Luther Evangelical Church Toronto\"},\"image\":{\"@id\":\"https:\\\/\\\/martinluther.ca\\\/de\\\/#\\\/schema\\\/logo\\\/image\\\/\"},\"sameAs\":[\"https:\\\/\\\/www.facebook.com\\\/martinlutherchurchtoronto\",\"https:\\\/\\\/www.instagram.com\\\/lutheransbythelake\\\/\",\"https:\\\/\\\/www.youtube.com\\\/MartinLutherChurchToronto\"]}]}<\/script>\n<!-- \/ Yoast SEO plugin. -->","yoast_head_json":{"title":"Kirchenachor - Martin Luther Evangelische Kirche Toronto","robots":{"index":"index","follow":"follow","max-snippet":"max-snippet:-1","max-image-preview":"max-image-preview:large","max-video-preview":"max-video-preview:-1"},"canonical":"https:\/\/martinluther.ca\/de\/programme-und-dienste\/kirchenachor\/","og_locale":"de_DE","og_type":"article","og_title":"Kirchenachor - Martin Luther Evangelische Kirche Toronto","og_description":"Singen Sie gerne? Dann treten Sie dem Kirchenchor der Martin-Luther-Kirche bei. Wir proben jeden Dienstag um 18:00 Uhr im Kirchenschiff zur Vorbereitung auf unsere Auftritte in besonderen Gottesdiensten. Der Kirchenchor muss neu aufgebaut werden und wir freuen uns \u00fcber neue S\u00e4ngerinnen und S\u00e4nger in allen Stimmlagen: Sopran, Alt, Tenor und Bass. Wir werden vom Klavier&hellip;","og_url":"https:\/\/martinluther.ca\/de\/programme-und-dienste\/kirchenachor\/","og_site_name":"Martin Luther Evangelische Kirche Toronto","article_publisher":"https:\/\/www.facebook.com\/martinlutherchurchtoronto","article_modified_time":"2025-11-19T21:05:49+00:00","og_image":[{"url":"https:\/\/martinluther.ca\/wp-content\/uploads\/2014\/11\/MLC-Choir-Easter-2012-300x146.png","type":"","width":"","height":""}],"twitter_card":"summary_large_image","twitter_misc":{"Gesch\u00e4tzte Lesezeit":"1\u00a0Minute"},"schema":{"@context":"https:\/\/schema.org","@graph":[{"@type":"WebPage","@id":"https:\/\/martinluther.ca\/de\/programme-und-dienste\/kirchenachor\/","url":"https:\/\/martinluther.ca\/de\/programme-und-dienste\/kirchenachor\/","name":"Kirchenachor - Martin Luther Evangelische Kirche Toronto","isPartOf":{"@id":"https:\/\/martinluther.ca\/de\/#website"},"primaryImageOfPage":{"@id":"https:\/\/martinluther.ca\/de\/programme-und-dienste\/kirchenachor\/#primaryimage"},"image":{"@id":"https:\/\/martinluther.ca\/de\/programme-und-dienste\/kirchenachor\/#primaryimage"},"thumbnailUrl":"https:\/\/martinluther.ca\/wp-content\/uploads\/2025\/04\/2025-04-20-Easter-76-Linda-300x300.jpg","datePublished":"2019-10-17T00:53:07+00:00","dateModified":"2025-11-19T21:05:49+00:00","breadcrumb":{"@id":"https:\/\/martinluther.ca\/de\/programme-und-dienste\/kirchenachor\/#breadcrumb"},"inLanguage":"de","potentialAction":[{"@type":"ReadAction","target":["https:\/\/martinluther.ca\/de\/programme-und-dienste\/kirchenachor\/"]}]},{"@type":"ImageObject","inLanguage":"de","@id":"https:\/\/martinluther.ca\/de\/programme-und-dienste\/kirchenachor\/#primaryimage","url":"https:\/\/martinluther.ca\/wp-content\/uploads\/2025\/04\/2025-04-20-Easter-76-Linda-300x300.jpg","contentUrl":"https:\/\/martinluther.ca\/wp-content\/uploads\/2025\/04\/2025-04-20-Easter-76-Linda-300x300.jpg"},{"@type":"BreadcrumbList","@id":"https:\/\/martinluther.ca\/de\/programme-und-dienste\/kirchenachor\/#breadcrumb","itemListElement":[{"@type":"ListItem","position":1,"name":"Home","item":"https:\/\/martinluther.ca\/de\/"},{"@type":"ListItem","position":2,"name":"Programme und Dienste","item":"https:\/\/martinluther.ca\/de\/programme-und-dienste\/"},{"@type":"ListItem","position":3,"name":"Kirchenachor"}]},{"@type":"WebSite","@id":"https:\/\/martinluther.ca\/de\/#website","url":"https:\/\/martinluther.ca\/de\/","name":"Martin Luther Evangelical Church Toronto","description":"Deutsch &amp; Englisch","publisher":{"@id":"https:\/\/martinluther.ca\/de\/#organization"},"potentialAction":[{"@type":"SearchAction","target":{"@type":"EntryPoint","urlTemplate":"https:\/\/martinluther.ca\/de\/?s={search_term_string}"},"query-input":{"@type":"PropertyValueSpecification","valueRequired":true,"valueName":"search_term_string"}}],"inLanguage":"de"},{"@type":"Organization","@id":"https:\/\/martinluther.ca\/de\/#organization","name":"Martin Luther Evangelical Church Toronto","url":"https:\/\/martinluther.ca\/de\/","logo":{"@type":"ImageObject","inLanguage":"de","@id":"https:\/\/martinluther.ca\/de\/#\/schema\/logo\/image\/","url":"https:\/\/martinluther.ca\/wp-content\/uploads\/2016\/12\/ml-logo-300.png","contentUrl":"https:\/\/martinluther.ca\/wp-content\/uploads\/2016\/12\/ml-logo-300.png","width":300,"height":150,"caption":"Martin Luther Evangelical Church Toronto"},"image":{"@id":"https:\/\/martinluther.ca\/de\/#\/schema\/logo\/image\/"},"sameAs":["https:\/\/www.facebook.com\/martinlutherchurchtoronto","https:\/\/www.instagram.com\/lutheransbythelake\/","https:\/\/www.youtube.com\/MartinLutherChurchToronto"]}]}},"_links":{"self":[{"href":"https:\/\/martinluther.ca\/de\/wp-json\/wp\/v2\/pages\/31985","targetHints":{"allow":["GET"]}}],"collection":[{"href":"https:\/\/martinluther.ca\/de\/wp-json\/wp\/v2\/pages"}],"about":[{"href":"https:\/\/martinluther.ca\/de\/wp-json\/wp\/v2\/types\/page"}],"author":[{"embeddable":true,"href":"https:\/\/martinluther.ca\/de\/wp-json\/wp\/v2\/users\/9"}],"replies":[{"embeddable":true,"href":"https:\/\/martinluther.ca\/de\/wp-json\/wp\/v2\/comments?post=31985"}],"version-history":[{"count":12,"href":"https:\/\/martinluther.ca\/de\/wp-json\/wp\/v2\/pages\/31985\/revisions"}],"predecessor-version":[{"id":56154,"href":"https:\/\/martinluther.ca\/de\/wp-json\/wp\/v2\/pages\/31985\/revisions\/56154"}],"up":[{"embeddable":true,"href":"https:\/\/martinluther.ca\/de\/wp-json\/wp\/v2\/pages\/18913"}],"wp:attachment":[{"href":"https:\/\/martinluther.ca\/de\/wp-json\/wp\/v2\/media?parent=31985"}],"curies":[{"name":"wp","href":"https:\/\/api.w.org\/{rel}","templated":true}]}}