{"id":32025,"date":"2019-10-17T12:03:14","date_gmt":"2019-10-17T16:03:14","guid":{"rendered":"https:\/\/martinluther.ca\/?page_id=32025"},"modified":"2025-11-19T16:05:29","modified_gmt":"2025-11-19T21:05:29","slug":"altargilde","status":"publish","type":"page","link":"https:\/\/martinluther.ca\/de\/programme-und-dienste\/altargilde\/","title":{"rendered":"Altargilde"},"content":{"rendered":"<p><strong><img loading=\"lazy\" decoding=\"async\" class=\"alignright size-medium wp-image-55700\" src=\"https:\/\/martinluther.ca\/wp-content\/uploads\/2025\/11\/2025-11-02-All-Saints-10mf-Annette-R-4x3-1-300x225.jpg\" alt=\"\" width=\"300\" height=\"225\" srcset=\"https:\/\/martinluther.ca\/wp-content\/uploads\/2025\/11\/2025-11-02-All-Saints-10mf-Annette-R-4x3-1-300x225.jpg 300w, https:\/\/martinluther.ca\/wp-content\/uploads\/2025\/11\/2025-11-02-All-Saints-10mf-Annette-R-4x3-1-1024x768.jpg 1024w, https:\/\/martinluther.ca\/wp-content\/uploads\/2025\/11\/2025-11-02-All-Saints-10mf-Annette-R-4x3-1-768x576.jpg 768w, https:\/\/martinluther.ca\/wp-content\/uploads\/2025\/11\/2025-11-02-All-Saints-10mf-Annette-R-4x3-1-1536x1152.jpg 1536w, https:\/\/martinluther.ca\/wp-content\/uploads\/2025\/11\/2025-11-02-All-Saints-10mf-Annette-R-4x3-1-2048x1536.jpg 2048w\" sizes=\"auto, (max-width: 300px) 100vw, 300px\" \/>Abendmahlsgeschirr<br \/>\n<\/strong>Abendmahlsgeschirr k\u00f6nnen sich nicht aufstellen und f\u00fcr sich selbst sorgen!<\/p>\n<p><strong>Paramente<\/strong><br \/>\nDie Paramente \u00e4ndern ihre Farbe nicht von selbst. Je nach Zyklus des liturgischen Kalenders gibt es sechs Jahreszeiten \u2013 jede betont einen Abschnitt aus dem Leben Jesu. Wir befinden uns derzeit im \u201eJahr C\u201c, das sich auf das Lukasevangelium konzentriert: Advent: 1. Dezember 2024 bis 23. Dezember 2024, Weihnachten: 24. Dezember 2024 bis 6. Januar 2025, Zeit nach Epiphanias: 7. Januar bis 4. M\u00e4rz 2025, Fastenzeit: 5. M\u00e4rz bis 16. April 2025, Die drei Tage: 17. April bis 19. April 2025, Ostern: 20. April bis 11. Juni 2025, Zeit nach Pfingsten: 12. Juni bis 26. November 2025. Die Farben der Paramente sind im Revised Common Lectionary (RCL) vorgeschrieben, wie es f\u00fcr den Gebrauch im evangelisch-lutherischen Gottesdienst in Nordamerika angepasst wurde.<\/p>\n<p><strong>Altarblumen<\/strong> sind ein wundersch\u00f6ner Ausdruck des Dankes, den wir Gott im Gottesdienst anbieten. Alle Mitglieder sind eingeladen, den Altar des Herrn mit ihrem Opfer an einem bestimmten Sonntag zu versch\u00f6nern, und sie k\u00f6nnen dieses Opfer auch als Erinnerung an und \/ oder Feier von Ereignissen, die f\u00fcr sie wichtig sind, erw\u00e4hnen. Alle wissen Ihre Sch\u00f6nheit im Altarraum zu sch\u00e4tzen.<\/p>\n<p><strong>Altarpflege und Blumen<\/strong><\/p>\n<p>Blumen auf dem Altar k\u00f6nnen sich nicht aufstellen und f\u00fcr sich selbst sorgen! Falls Sie einen gr\u00fcnen Daumen und ein paar Stunden Zeit haben, nehmen Sie die Rolle des\/der Blumenpflegers\/-pflegerin an.<\/p>\n<p>Kontakt: Annette Rowles, Altargilde, durch das Kirchenb\u00fcro Tel: 416-251-8293, <a href=\"mailto:office@martinluther.ca\" target=\"_blank\" rel=\"noopener\">office@martinluther.ca<\/a><\/p>\n<p><img loading=\"lazy\" decoding=\"async\" class=\"alignleft size-full wp-image-55697\" src=\"https:\/\/martinluther.ca\/wp-content\/uploads\/2025\/11\/2025-11-02-All-Saints-16mf-Annette-R-scaled.jpg\" alt=\"\" width=\"2560\" height=\"1920\" srcset=\"https:\/\/martinluther.ca\/wp-content\/uploads\/2025\/11\/2025-11-02-All-Saints-16mf-Annette-R-scaled.jpg 2560w, https:\/\/martinluther.ca\/wp-content\/uploads\/2025\/11\/2025-11-02-All-Saints-16mf-Annette-R-300x225.jpg 300w, https:\/\/martinluther.ca\/wp-content\/uploads\/2025\/11\/2025-11-02-All-Saints-16mf-Annette-R-1024x768.jpg 1024w, https:\/\/martinluther.ca\/wp-content\/uploads\/2025\/11\/2025-11-02-All-Saints-16mf-Annette-R-768x576.jpg 768w, https:\/\/martinluther.ca\/wp-content\/uploads\/2025\/11\/2025-11-02-All-Saints-16mf-Annette-R-1536x1152.jpg 1536w, https:\/\/martinluther.ca\/wp-content\/uploads\/2025\/11\/2025-11-02-All-Saints-16mf-Annette-R-2048x1536.jpg 2048w\" sizes=\"auto, (max-width: 2560px) 100vw, 2560px\" \/><\/p>\n<p><strong>&#8230;. in der Vergangenheit<\/strong><\/p>\n<p>Viele Jahre lang k\u00fcmmerte sich der ehrenamtliche Helfer <strong>Karl Kriese \u2020<\/strong> vorbildlich um den Blumenschmuck. Wir m\u00f6chten ihm und seiner Familie f\u00fcr diesen Dienst danken. Da er sehr sparsam war, kontaktierte er Gemeindemitglieder, die Blumen in ihren G\u00e4rten hatten, um in den Sommermonaten Blumenstr\u00e4u\u00dfe zu sammeln. Au\u00dferdem fertigte und h\u00e4ngte er jedes Jahr den echten, lebenden Adventskranz auf.<\/p>\n<p>Ebenfalls viele Jahre lang hat die ehrenamtliche Helferin <strong>Else Weigelin \u2020<\/strong> das Abendmahlsgeschirr vorbereitet und gereinigt. Auch ihr und ihrer Familie m\u00f6chten wir f\u00fcr diesen Dienst danken.<\/p>\n","protected":false},"excerpt":{"rendered":"<p>Abendmahlsgeschirr Abendmahlsgeschirr k\u00f6nnen sich nicht aufstellen und f\u00fcr sich selbst sorgen! Paramente Die Paramente \u00e4ndern ihre Farbe nicht von selbst. Je nach Zyklus des liturgischen Kalenders gibt es sechs Jahreszeiten \u2013 jede betont einen Abschnitt aus dem Leben Jesu. Wir befinden uns derzeit im \u201eJahr C\u201c, das sich auf das Lukasevangelium konzentriert: Advent: 1. Dezember&hellip;<\/p>\n","protected":false},"author":9,"featured_media":0,"parent":18913,"menu_order":0,"comment_status":"closed","ping_status":"closed","template":"","meta":{"footnotes":""},"class_list":["post-32025","page","type-page","status-publish","hentry","entry","no-media"],"yoast_head":"<!-- This site is optimized with the Yoast SEO plugin v27.4 - https:\/\/yoast.com\/product\/yoast-seo-wordpress\/ -->\n<title>Altargilde - Martin Luther Evangelische Kirche Toronto<\/title>\n<meta name=\"robots\" content=\"index, follow, max-snippet:-1, max-image-preview:large, max-video-preview:-1\" \/>\n<link rel=\"canonical\" href=\"https:\/\/martinluther.ca\/de\/programme-und-dienste\/altargilde\/\" \/>\n<meta property=\"og:locale\" content=\"de_DE\" \/>\n<meta property=\"og:type\" content=\"article\" \/>\n<meta property=\"og:title\" content=\"Altargilde - Martin Luther Evangelische Kirche Toronto\" \/>\n<meta property=\"og:description\" content=\"Abendmahlsgeschirr Abendmahlsgeschirr k\u00f6nnen sich nicht aufstellen und f\u00fcr sich selbst sorgen! Paramente Die Paramente \u00e4ndern ihre Farbe nicht von selbst. Je nach Zyklus des liturgischen Kalenders gibt es sechs Jahreszeiten \u2013 jede betont einen Abschnitt aus dem Leben Jesu. Wir befinden uns derzeit im \u201eJahr C\u201c, das sich auf das Lukasevangelium konzentriert: Advent: 1. Dezember&hellip;\" \/>\n<meta property=\"og:url\" content=\"https:\/\/martinluther.ca\/de\/programme-und-dienste\/altargilde\/\" \/>\n<meta property=\"og:site_name\" content=\"Martin Luther Evangelische Kirche Toronto\" \/>\n<meta property=\"article:publisher\" content=\"https:\/\/www.facebook.com\/martinlutherchurchtoronto\" \/>\n<meta property=\"article:modified_time\" content=\"2025-11-19T21:05:29+00:00\" \/>\n<meta property=\"og:image\" content=\"https:\/\/martinluther.ca\/wp-content\/uploads\/2025\/11\/2025-11-02-All-Saints-10mf-Annette-R-4x3-1-300x225.jpg\" \/>\n<meta name=\"twitter:card\" content=\"summary_large_image\" \/>\n<meta name=\"twitter:label1\" content=\"Gesch\u00e4tzte Lesezeit\" \/>\n\t<meta name=\"twitter:data1\" content=\"2\u00a0Minuten\" \/>\n<script type=\"application\/ld+json\" class=\"yoast-schema-graph\">{\"@context\":\"https:\\\/\\\/schema.org\",\"@graph\":[{\"@type\":\"WebPage\",\"@id\":\"https:\\\/\\\/martinluther.ca\\\/de\\\/programme-und-dienste\\\/altargilde\\\/\",\"url\":\"https:\\\/\\\/martinluther.ca\\\/de\\\/programme-und-dienste\\\/altargilde\\\/\",\"name\":\"Altargilde - Martin Luther Evangelische Kirche Toronto\",\"isPartOf\":{\"@id\":\"https:\\\/\\\/martinluther.ca\\\/de\\\/#website\"},\"primaryImageOfPage\":{\"@id\":\"https:\\\/\\\/martinluther.ca\\\/de\\\/programme-und-dienste\\\/altargilde\\\/#primaryimage\"},\"image\":{\"@id\":\"https:\\\/\\\/martinluther.ca\\\/de\\\/programme-und-dienste\\\/altargilde\\\/#primaryimage\"},\"thumbnailUrl\":\"https:\\\/\\\/martinluther.ca\\\/wp-content\\\/uploads\\\/2025\\\/11\\\/2025-11-02-All-Saints-10mf-Annette-R-4x3-1-300x225.jpg\",\"datePublished\":\"2019-10-17T16:03:14+00:00\",\"dateModified\":\"2025-11-19T21:05:29+00:00\",\"breadcrumb\":{\"@id\":\"https:\\\/\\\/martinluther.ca\\\/de\\\/programme-und-dienste\\\/altargilde\\\/#breadcrumb\"},\"inLanguage\":\"de\",\"potentialAction\":[{\"@type\":\"ReadAction\",\"target\":[\"https:\\\/\\\/martinluther.ca\\\/de\\\/programme-und-dienste\\\/altargilde\\\/\"]}]},{\"@type\":\"ImageObject\",\"inLanguage\":\"de\",\"@id\":\"https:\\\/\\\/martinluther.ca\\\/de\\\/programme-und-dienste\\\/altargilde\\\/#primaryimage\",\"url\":\"https:\\\/\\\/martinluther.ca\\\/wp-content\\\/uploads\\\/2025\\\/11\\\/2025-11-02-All-Saints-10mf-Annette-R-4x3-1-300x225.jpg\",\"contentUrl\":\"https:\\\/\\\/martinluther.ca\\\/wp-content\\\/uploads\\\/2025\\\/11\\\/2025-11-02-All-Saints-10mf-Annette-R-4x3-1-300x225.jpg\"},{\"@type\":\"BreadcrumbList\",\"@id\":\"https:\\\/\\\/martinluther.ca\\\/de\\\/programme-und-dienste\\\/altargilde\\\/#breadcrumb\",\"itemListElement\":[{\"@type\":\"ListItem\",\"position\":1,\"name\":\"Home\",\"item\":\"https:\\\/\\\/martinluther.ca\\\/de\\\/\"},{\"@type\":\"ListItem\",\"position\":2,\"name\":\"Programme und Dienste\",\"item\":\"https:\\\/\\\/martinluther.ca\\\/de\\\/programme-und-dienste\\\/\"},{\"@type\":\"ListItem\",\"position\":3,\"name\":\"Altargilde\"}]},{\"@type\":\"WebSite\",\"@id\":\"https:\\\/\\\/martinluther.ca\\\/de\\\/#website\",\"url\":\"https:\\\/\\\/martinluther.ca\\\/de\\\/\",\"name\":\"Martin Luther Evangelical Church Toronto\",\"description\":\"Deutsch &amp; Englisch\",\"publisher\":{\"@id\":\"https:\\\/\\\/martinluther.ca\\\/de\\\/#organization\"},\"potentialAction\":[{\"@type\":\"SearchAction\",\"target\":{\"@type\":\"EntryPoint\",\"urlTemplate\":\"https:\\\/\\\/martinluther.ca\\\/de\\\/?s={search_term_string}\"},\"query-input\":{\"@type\":\"PropertyValueSpecification\",\"valueRequired\":true,\"valueName\":\"search_term_string\"}}],\"inLanguage\":\"de\"},{\"@type\":\"Organization\",\"@id\":\"https:\\\/\\\/martinluther.ca\\\/de\\\/#organization\",\"name\":\"Martin Luther Evangelical Church Toronto\",\"url\":\"https:\\\/\\\/martinluther.ca\\\/de\\\/\",\"logo\":{\"@type\":\"ImageObject\",\"inLanguage\":\"de\",\"@id\":\"https:\\\/\\\/martinluther.ca\\\/de\\\/#\\\/schema\\\/logo\\\/image\\\/\",\"url\":\"https:\\\/\\\/martinluther.ca\\\/wp-content\\\/uploads\\\/2016\\\/12\\\/ml-logo-300.png\",\"contentUrl\":\"https:\\\/\\\/martinluther.ca\\\/wp-content\\\/uploads\\\/2016\\\/12\\\/ml-logo-300.png\",\"width\":300,\"height\":150,\"caption\":\"Martin Luther Evangelical Church Toronto\"},\"image\":{\"@id\":\"https:\\\/\\\/martinluther.ca\\\/de\\\/#\\\/schema\\\/logo\\\/image\\\/\"},\"sameAs\":[\"https:\\\/\\\/www.facebook.com\\\/martinlutherchurchtoronto\",\"https:\\\/\\\/www.instagram.com\\\/lutheransbythelake\\\/\",\"https:\\\/\\\/www.youtube.com\\\/MartinLutherChurchToronto\"]}]}<\/script>\n<!-- \/ Yoast SEO plugin. -->","yoast_head_json":{"title":"Altargilde - Martin Luther Evangelische Kirche Toronto","robots":{"index":"index","follow":"follow","max-snippet":"max-snippet:-1","max-image-preview":"max-image-preview:large","max-video-preview":"max-video-preview:-1"},"canonical":"https:\/\/martinluther.ca\/de\/programme-und-dienste\/altargilde\/","og_locale":"de_DE","og_type":"article","og_title":"Altargilde - Martin Luther Evangelische Kirche Toronto","og_description":"Abendmahlsgeschirr Abendmahlsgeschirr k\u00f6nnen sich nicht aufstellen und f\u00fcr sich selbst sorgen! Paramente Die Paramente \u00e4ndern ihre Farbe nicht von selbst. Je nach Zyklus des liturgischen Kalenders gibt es sechs Jahreszeiten \u2013 jede betont einen Abschnitt aus dem Leben Jesu. Wir befinden uns derzeit im \u201eJahr C\u201c, das sich auf das Lukasevangelium konzentriert: Advent: 1. Dezember&hellip;","og_url":"https:\/\/martinluther.ca\/de\/programme-und-dienste\/altargilde\/","og_site_name":"Martin Luther Evangelische Kirche Toronto","article_publisher":"https:\/\/www.facebook.com\/martinlutherchurchtoronto","article_modified_time":"2025-11-19T21:05:29+00:00","og_image":[{"url":"https:\/\/martinluther.ca\/wp-content\/uploads\/2025\/11\/2025-11-02-All-Saints-10mf-Annette-R-4x3-1-300x225.jpg","type":"","width":"","height":""}],"twitter_card":"summary_large_image","twitter_misc":{"Gesch\u00e4tzte Lesezeit":"2\u00a0Minuten"},"schema":{"@context":"https:\/\/schema.org","@graph":[{"@type":"WebPage","@id":"https:\/\/martinluther.ca\/de\/programme-und-dienste\/altargilde\/","url":"https:\/\/martinluther.ca\/de\/programme-und-dienste\/altargilde\/","name":"Altargilde - Martin Luther Evangelische Kirche Toronto","isPartOf":{"@id":"https:\/\/martinluther.ca\/de\/#website"},"primaryImageOfPage":{"@id":"https:\/\/martinluther.ca\/de\/programme-und-dienste\/altargilde\/#primaryimage"},"image":{"@id":"https:\/\/martinluther.ca\/de\/programme-und-dienste\/altargilde\/#primaryimage"},"thumbnailUrl":"https:\/\/martinluther.ca\/wp-content\/uploads\/2025\/11\/2025-11-02-All-Saints-10mf-Annette-R-4x3-1-300x225.jpg","datePublished":"2019-10-17T16:03:14+00:00","dateModified":"2025-11-19T21:05:29+00:00","breadcrumb":{"@id":"https:\/\/martinluther.ca\/de\/programme-und-dienste\/altargilde\/#breadcrumb"},"inLanguage":"de","potentialAction":[{"@type":"ReadAction","target":["https:\/\/martinluther.ca\/de\/programme-und-dienste\/altargilde\/"]}]},{"@type":"ImageObject","inLanguage":"de","@id":"https:\/\/martinluther.ca\/de\/programme-und-dienste\/altargilde\/#primaryimage","url":"https:\/\/martinluther.ca\/wp-content\/uploads\/2025\/11\/2025-11-02-All-Saints-10mf-Annette-R-4x3-1-300x225.jpg","contentUrl":"https:\/\/martinluther.ca\/wp-content\/uploads\/2025\/11\/2025-11-02-All-Saints-10mf-Annette-R-4x3-1-300x225.jpg"},{"@type":"BreadcrumbList","@id":"https:\/\/martinluther.ca\/de\/programme-und-dienste\/altargilde\/#breadcrumb","itemListElement":[{"@type":"ListItem","position":1,"name":"Home","item":"https:\/\/martinluther.ca\/de\/"},{"@type":"ListItem","position":2,"name":"Programme und Dienste","item":"https:\/\/martinluther.ca\/de\/programme-und-dienste\/"},{"@type":"ListItem","position":3,"name":"Altargilde"}]},{"@type":"WebSite","@id":"https:\/\/martinluther.ca\/de\/#website","url":"https:\/\/martinluther.ca\/de\/","name":"Martin Luther Evangelical Church Toronto","description":"Deutsch &amp; Englisch","publisher":{"@id":"https:\/\/martinluther.ca\/de\/#organization"},"potentialAction":[{"@type":"SearchAction","target":{"@type":"EntryPoint","urlTemplate":"https:\/\/martinluther.ca\/de\/?s={search_term_string}"},"query-input":{"@type":"PropertyValueSpecification","valueRequired":true,"valueName":"search_term_string"}}],"inLanguage":"de"},{"@type":"Organization","@id":"https:\/\/martinluther.ca\/de\/#organization","name":"Martin Luther Evangelical Church Toronto","url":"https:\/\/martinluther.ca\/de\/","logo":{"@type":"ImageObject","inLanguage":"de","@id":"https:\/\/martinluther.ca\/de\/#\/schema\/logo\/image\/","url":"https:\/\/martinluther.ca\/wp-content\/uploads\/2016\/12\/ml-logo-300.png","contentUrl":"https:\/\/martinluther.ca\/wp-content\/uploads\/2016\/12\/ml-logo-300.png","width":300,"height":150,"caption":"Martin Luther Evangelical Church Toronto"},"image":{"@id":"https:\/\/martinluther.ca\/de\/#\/schema\/logo\/image\/"},"sameAs":["https:\/\/www.facebook.com\/martinlutherchurchtoronto","https:\/\/www.instagram.com\/lutheransbythelake\/","https:\/\/www.youtube.com\/MartinLutherChurchToronto"]}]}},"_links":{"self":[{"href":"https:\/\/martinluther.ca\/de\/wp-json\/wp\/v2\/pages\/32025","targetHints":{"allow":["GET"]}}],"collection":[{"href":"https:\/\/martinluther.ca\/de\/wp-json\/wp\/v2\/pages"}],"about":[{"href":"https:\/\/martinluther.ca\/de\/wp-json\/wp\/v2\/types\/page"}],"author":[{"embeddable":true,"href":"https:\/\/martinluther.ca\/de\/wp-json\/wp\/v2\/users\/9"}],"replies":[{"embeddable":true,"href":"https:\/\/martinluther.ca\/de\/wp-json\/wp\/v2\/comments?post=32025"}],"version-history":[{"count":12,"href":"https:\/\/martinluther.ca\/de\/wp-json\/wp\/v2\/pages\/32025\/revisions"}],"predecessor-version":[{"id":55703,"href":"https:\/\/martinluther.ca\/de\/wp-json\/wp\/v2\/pages\/32025\/revisions\/55703"}],"up":[{"embeddable":true,"href":"https:\/\/martinluther.ca\/de\/wp-json\/wp\/v2\/pages\/18913"}],"wp:attachment":[{"href":"https:\/\/martinluther.ca\/de\/wp-json\/wp\/v2\/media?parent=32025"}],"curies":[{"name":"wp","href":"https:\/\/api.w.org\/{rel}","templated":true}]}}