{"id":38068,"date":"2021-04-26T18:12:22","date_gmt":"2021-04-26T22:12:22","guid":{"rendered":"https:\/\/martinluther.ca\/?page_id=38068"},"modified":"2025-11-19T16:07:19","modified_gmt":"2025-11-19T21:07:19","slug":"spendenaktion-weihnachtsbasar","status":"publish","type":"page","link":"https:\/\/martinluther.ca\/de\/programme-und-dienste\/spendenaktion-weihnachtsbasar\/","title":{"rendered":"Spendenaktion, Weihnachtsbasar"},"content":{"rendered":"<p>Die alte Tradition, einen Weihnachtsbasar zu veranstalten, ist im Dezember 2022 wieder aufgenommen worden (nach die Covid-19-Pandemie) und soll wieder j\u00e4hrlich als Fundraiser organisiert werden. Der gro\u00dfe ger\u00e4umige Gemeindesaal, unten in der Kirche bietet beste Gelegenheit, an vielen Tischen Adventliches und Weihnachtliches feilzubieten und au\u00dferdem bei Kaffee und Kuchen und vielleicht Gl\u00fchwein miteinander zu feiern.<\/p>\n<p>Die gesammelten Gelder\u00a0 werden derzeit f\u00fcr unsere allgemeine Haushaltskasse ben\u00f6tigt. Fr\u00fchermal unterst\u00fctzten wir unsere Outreach-Programme (Bowls and Blessings, und Partnerschaften zur Unterst\u00fctzung von Fl\u00fcchtlingen).<\/p>\n<p>&nbsp;<\/p>\n<p>\u00dcber den Basar<br \/>\nDer Martin Luther Church Basar wird von Freiwilligen betrieben, die es lieben, f\u00fcr eine gute Sache kreativ zu seien.\u00a0Diese Veranstaltung bietet der Gemeinde und den Menschen aus der Nachbarschaft die M\u00f6glichkeit, Kontakte zu kn\u00fcpfen.<\/p>\n<p>Die zum Verkauf angebotenen Gegenst\u00e4nde werden von der Gemeinde oder Freunden der Kirche gespendet, und Ihr Verkauf wird uns helfen, unsere Arbeit fortzusetzen, um unserer Gemeinde zu dienen und sie zu inspirieren! Wir danken allen unseren gro\u00dfz\u00fcgigen Handwerkern und Spendern nachdr\u00fccklich f\u00fcr ihre wertvollen Beitr\u00e4ge ob Zeit, M\u00fche oder Sachspenden.<\/p>\n<p>Auf der Suche nach Geschenken?<br \/>\nAuf der Basarseite finden Sie handgemachte Ziegenmilchseife, bunte Stricksocken, Blumenschmuck, hausgemachte Marmeladen, Kunstvolles, Holzhandarbeit, und Feingeb\u00e4ck!<\/p>\n<p>Alle Gegenst\u00e4nde wurden von Gemeindemitgliedern f\u00fcr diese Spendenaktion liebevoll hergestellt und gespendet, so dass der gesamte Erl\u00f6s direkt an die Martin-Luther-Kirche geht! Denken Sie nur: Sie spenden gro\u00dfz\u00fcgig f\u00fcr den Kirchenbasar, und im Gegenzug erhalten Sie f\u00fcr Ihre gro\u00dfz\u00fcgige Spende sch\u00f6ne, nachhaltige und lokal produzierte Gegenst\u00e4nde! Wie toll ist das wohl?<\/p>\n<p><strong>\u00dcber die Martin-Luther-Kirche<\/strong><br \/>\nDie Martin-Luther-Kirche befindet sich in Toronto, ON und wurde 1954 von deutschen Einwanderern gegr\u00fcndet. Heute ist sie Teil der Evangelisch-Lutherischen Kirche in Kanada (ELCIC). Heute bietet die Martin-Luther-Kirche Programme in deutscher und englischer Sprache an und ist Partner der Evangelischen Kirche in Deutschland (EKD).<\/p>\n","protected":false},"excerpt":{"rendered":"<p>Die alte Tradition, einen Weihnachtsbasar zu veranstalten, ist im Dezember 2022 wieder aufgenommen worden (nach die Covid-19-Pandemie) und soll wieder j\u00e4hrlich als Fundraiser organisiert werden. Der gro\u00dfe ger\u00e4umige Gemeindesaal, unten in der Kirche bietet beste Gelegenheit, an vielen Tischen Adventliches und Weihnachtliches feilzubieten und au\u00dferdem bei Kaffee und Kuchen und vielleicht Gl\u00fchwein miteinander zu feiern.&hellip;<\/p>\n","protected":false},"author":9,"featured_media":0,"parent":18913,"menu_order":0,"comment_status":"closed","ping_status":"closed","template":"","meta":{"footnotes":""},"class_list":["post-38068","page","type-page","status-publish","hentry","entry","no-media"],"yoast_head":"<!-- This site is optimized with the Yoast SEO plugin v27.4 - https:\/\/yoast.com\/product\/yoast-seo-wordpress\/ -->\n<title>Spendenaktion, Weihnachtsbasar - Martin Luther Evangelische Kirche Toronto<\/title>\n<meta name=\"robots\" content=\"index, follow, max-snippet:-1, max-image-preview:large, max-video-preview:-1\" \/>\n<link rel=\"canonical\" href=\"https:\/\/martinluther.ca\/programs-and-services\/fundraiser-bazaar\/\" \/>\n<meta property=\"og:locale\" content=\"de_DE\" \/>\n<meta property=\"og:type\" content=\"article\" \/>\n<meta property=\"og:title\" content=\"Spendenaktion, Weihnachtsbasar - Martin Luther Evangelische Kirche Toronto\" \/>\n<meta property=\"og:description\" content=\"Die alte Tradition, einen Weihnachtsbasar zu veranstalten, ist im Dezember 2022 wieder aufgenommen worden (nach die Covid-19-Pandemie) und soll wieder j\u00e4hrlich als Fundraiser organisiert werden. Der gro\u00dfe ger\u00e4umige Gemeindesaal, unten in der Kirche bietet beste Gelegenheit, an vielen Tischen Adventliches und Weihnachtliches feilzubieten und au\u00dferdem bei Kaffee und Kuchen und vielleicht Gl\u00fchwein miteinander zu feiern.&hellip;\" \/>\n<meta property=\"og:url\" content=\"https:\/\/martinluther.ca\/programs-and-services\/fundraiser-bazaar\/\" \/>\n<meta property=\"og:site_name\" content=\"Martin Luther Evangelische Kirche Toronto\" \/>\n<meta property=\"article:publisher\" content=\"https:\/\/www.facebook.com\/martinlutherchurchtoronto\" \/>\n<meta property=\"article:modified_time\" content=\"2025-11-19T21:07:19+00:00\" \/>\n<meta name=\"twitter:card\" content=\"summary_large_image\" \/>\n<meta name=\"twitter:label1\" content=\"Gesch\u00e4tzte Lesezeit\" \/>\n\t<meta name=\"twitter:data1\" content=\"2\u00a0Minuten\" \/>\n<script type=\"application\/ld+json\" class=\"yoast-schema-graph\">{\"@context\":\"https:\\\/\\\/schema.org\",\"@graph\":[{\"@type\":\"WebPage\",\"@id\":\"https:\\\/\\\/martinluther.ca\\\/programs-and-services\\\/fundraiser-bazaar\\\/\",\"url\":\"https:\\\/\\\/martinluther.ca\\\/programs-and-services\\\/fundraiser-bazaar\\\/\",\"name\":\"Spendenaktion, Weihnachtsbasar - Martin Luther Evangelische Kirche Toronto\",\"isPartOf\":{\"@id\":\"https:\\\/\\\/martinluther.ca\\\/de\\\/#website\"},\"datePublished\":\"2021-04-26T22:12:22+00:00\",\"dateModified\":\"2025-11-19T21:07:19+00:00\",\"breadcrumb\":{\"@id\":\"https:\\\/\\\/martinluther.ca\\\/programs-and-services\\\/fundraiser-bazaar\\\/#breadcrumb\"},\"inLanguage\":\"de\",\"potentialAction\":[{\"@type\":\"ReadAction\",\"target\":[\"https:\\\/\\\/martinluther.ca\\\/programs-and-services\\\/fundraiser-bazaar\\\/\"]}]},{\"@type\":\"BreadcrumbList\",\"@id\":\"https:\\\/\\\/martinluther.ca\\\/programs-and-services\\\/fundraiser-bazaar\\\/#breadcrumb\",\"itemListElement\":[{\"@type\":\"ListItem\",\"position\":1,\"name\":\"Home\",\"item\":\"https:\\\/\\\/martinluther.ca\\\/de\\\/\"},{\"@type\":\"ListItem\",\"position\":2,\"name\":\"Programme und Dienste\",\"item\":\"https:\\\/\\\/martinluther.ca\\\/de\\\/programme-und-dienste\\\/\"},{\"@type\":\"ListItem\",\"position\":3,\"name\":\"Spendenaktion, Weihnachtsbasar\"}]},{\"@type\":\"WebSite\",\"@id\":\"https:\\\/\\\/martinluther.ca\\\/de\\\/#website\",\"url\":\"https:\\\/\\\/martinluther.ca\\\/de\\\/\",\"name\":\"Martin Luther Evangelical Church Toronto\",\"description\":\"Deutsch &amp; Englisch\",\"publisher\":{\"@id\":\"https:\\\/\\\/martinluther.ca\\\/de\\\/#organization\"},\"potentialAction\":[{\"@type\":\"SearchAction\",\"target\":{\"@type\":\"EntryPoint\",\"urlTemplate\":\"https:\\\/\\\/martinluther.ca\\\/de\\\/?s={search_term_string}\"},\"query-input\":{\"@type\":\"PropertyValueSpecification\",\"valueRequired\":true,\"valueName\":\"search_term_string\"}}],\"inLanguage\":\"de\"},{\"@type\":\"Organization\",\"@id\":\"https:\\\/\\\/martinluther.ca\\\/de\\\/#organization\",\"name\":\"Martin Luther Evangelical Church Toronto\",\"url\":\"https:\\\/\\\/martinluther.ca\\\/de\\\/\",\"logo\":{\"@type\":\"ImageObject\",\"inLanguage\":\"de\",\"@id\":\"https:\\\/\\\/martinluther.ca\\\/de\\\/#\\\/schema\\\/logo\\\/image\\\/\",\"url\":\"https:\\\/\\\/martinluther.ca\\\/wp-content\\\/uploads\\\/2016\\\/12\\\/ml-logo-300.png\",\"contentUrl\":\"https:\\\/\\\/martinluther.ca\\\/wp-content\\\/uploads\\\/2016\\\/12\\\/ml-logo-300.png\",\"width\":300,\"height\":150,\"caption\":\"Martin Luther Evangelical Church Toronto\"},\"image\":{\"@id\":\"https:\\\/\\\/martinluther.ca\\\/de\\\/#\\\/schema\\\/logo\\\/image\\\/\"},\"sameAs\":[\"https:\\\/\\\/www.facebook.com\\\/martinlutherchurchtoronto\",\"https:\\\/\\\/www.instagram.com\\\/lutheransbythelake\\\/\",\"https:\\\/\\\/www.youtube.com\\\/MartinLutherChurchToronto\"]}]}<\/script>\n<!-- \/ Yoast SEO plugin. -->","yoast_head_json":{"title":"Spendenaktion, Weihnachtsbasar - Martin Luther Evangelische Kirche Toronto","robots":{"index":"index","follow":"follow","max-snippet":"max-snippet:-1","max-image-preview":"max-image-preview:large","max-video-preview":"max-video-preview:-1"},"canonical":"https:\/\/martinluther.ca\/programs-and-services\/fundraiser-bazaar\/","og_locale":"de_DE","og_type":"article","og_title":"Spendenaktion, Weihnachtsbasar - Martin Luther Evangelische Kirche Toronto","og_description":"Die alte Tradition, einen Weihnachtsbasar zu veranstalten, ist im Dezember 2022 wieder aufgenommen worden (nach die Covid-19-Pandemie) und soll wieder j\u00e4hrlich als Fundraiser organisiert werden. Der gro\u00dfe ger\u00e4umige Gemeindesaal, unten in der Kirche bietet beste Gelegenheit, an vielen Tischen Adventliches und Weihnachtliches feilzubieten und au\u00dferdem bei Kaffee und Kuchen und vielleicht Gl\u00fchwein miteinander zu feiern.&hellip;","og_url":"https:\/\/martinluther.ca\/programs-and-services\/fundraiser-bazaar\/","og_site_name":"Martin Luther Evangelische Kirche Toronto","article_publisher":"https:\/\/www.facebook.com\/martinlutherchurchtoronto","article_modified_time":"2025-11-19T21:07:19+00:00","twitter_card":"summary_large_image","twitter_misc":{"Gesch\u00e4tzte Lesezeit":"2\u00a0Minuten"},"schema":{"@context":"https:\/\/schema.org","@graph":[{"@type":"WebPage","@id":"https:\/\/martinluther.ca\/programs-and-services\/fundraiser-bazaar\/","url":"https:\/\/martinluther.ca\/programs-and-services\/fundraiser-bazaar\/","name":"Spendenaktion, Weihnachtsbasar - Martin Luther Evangelische Kirche Toronto","isPartOf":{"@id":"https:\/\/martinluther.ca\/de\/#website"},"datePublished":"2021-04-26T22:12:22+00:00","dateModified":"2025-11-19T21:07:19+00:00","breadcrumb":{"@id":"https:\/\/martinluther.ca\/programs-and-services\/fundraiser-bazaar\/#breadcrumb"},"inLanguage":"de","potentialAction":[{"@type":"ReadAction","target":["https:\/\/martinluther.ca\/programs-and-services\/fundraiser-bazaar\/"]}]},{"@type":"BreadcrumbList","@id":"https:\/\/martinluther.ca\/programs-and-services\/fundraiser-bazaar\/#breadcrumb","itemListElement":[{"@type":"ListItem","position":1,"name":"Home","item":"https:\/\/martinluther.ca\/de\/"},{"@type":"ListItem","position":2,"name":"Programme und Dienste","item":"https:\/\/martinluther.ca\/de\/programme-und-dienste\/"},{"@type":"ListItem","position":3,"name":"Spendenaktion, Weihnachtsbasar"}]},{"@type":"WebSite","@id":"https:\/\/martinluther.ca\/de\/#website","url":"https:\/\/martinluther.ca\/de\/","name":"Martin Luther Evangelical Church Toronto","description":"Deutsch &amp; Englisch","publisher":{"@id":"https:\/\/martinluther.ca\/de\/#organization"},"potentialAction":[{"@type":"SearchAction","target":{"@type":"EntryPoint","urlTemplate":"https:\/\/martinluther.ca\/de\/?s={search_term_string}"},"query-input":{"@type":"PropertyValueSpecification","valueRequired":true,"valueName":"search_term_string"}}],"inLanguage":"de"},{"@type":"Organization","@id":"https:\/\/martinluther.ca\/de\/#organization","name":"Martin Luther Evangelical Church Toronto","url":"https:\/\/martinluther.ca\/de\/","logo":{"@type":"ImageObject","inLanguage":"de","@id":"https:\/\/martinluther.ca\/de\/#\/schema\/logo\/image\/","url":"https:\/\/martinluther.ca\/wp-content\/uploads\/2016\/12\/ml-logo-300.png","contentUrl":"https:\/\/martinluther.ca\/wp-content\/uploads\/2016\/12\/ml-logo-300.png","width":300,"height":150,"caption":"Martin Luther Evangelical Church Toronto"},"image":{"@id":"https:\/\/martinluther.ca\/de\/#\/schema\/logo\/image\/"},"sameAs":["https:\/\/www.facebook.com\/martinlutherchurchtoronto","https:\/\/www.instagram.com\/lutheransbythelake\/","https:\/\/www.youtube.com\/MartinLutherChurchToronto"]}]}},"_links":{"self":[{"href":"https:\/\/martinluther.ca\/de\/wp-json\/wp\/v2\/pages\/38068","targetHints":{"allow":["GET"]}}],"collection":[{"href":"https:\/\/martinluther.ca\/de\/wp-json\/wp\/v2\/pages"}],"about":[{"href":"https:\/\/martinluther.ca\/de\/wp-json\/wp\/v2\/types\/page"}],"author":[{"embeddable":true,"href":"https:\/\/martinluther.ca\/de\/wp-json\/wp\/v2\/users\/9"}],"replies":[{"embeddable":true,"href":"https:\/\/martinluther.ca\/de\/wp-json\/wp\/v2\/comments?post=38068"}],"version-history":[{"count":11,"href":"https:\/\/martinluther.ca\/de\/wp-json\/wp\/v2\/pages\/38068\/revisions"}],"predecessor-version":[{"id":46176,"href":"https:\/\/martinluther.ca\/de\/wp-json\/wp\/v2\/pages\/38068\/revisions\/46176"}],"up":[{"embeddable":true,"href":"https:\/\/martinluther.ca\/de\/wp-json\/wp\/v2\/pages\/18913"}],"wp:attachment":[{"href":"https:\/\/martinluther.ca\/de\/wp-json\/wp\/v2\/media?parent=38068"}],"curies":[{"name":"wp","href":"https:\/\/api.w.org\/{rel}","templated":true}]}}