{"id":39451,"date":"2021-11-11T15:13:24","date_gmt":"2021-11-11T20:13:24","guid":{"rendered":"https:\/\/martinluther.ca\/?page_id=39451"},"modified":"2025-11-19T16:05:01","modified_gmt":"2025-11-19T21:05:01","slug":"nachbarschafts-speisekammer","status":"publish","type":"page","link":"https:\/\/martinluther.ca\/de\/nachbarschaftsarbeit\/nachbarschafts-speisekammer\/","title":{"rendered":"Nachbarschafts Speisekammer"},"content":{"rendered":"<p><strong>Nachbarschafts Speisekammer<\/strong><\/p>\n<p>Am 13. August 2021 er\u00f6ffnete die Martin-Luther-Kirche vor der Kirche eine Gemeinschaftspantry, die rund um die Uhr ge\u00f6ffnet ist. Die Leute k\u00f6nnen nehmen, was sie brauchen, oder nicht verderbliche Lebensmittel spenden, um die Vorratskammer zu f\u00fcllen. Wir hoffen, dass dieses Projekt die Ern\u00e4hrungssicherheit im Stadtteil Mimico verbessert und zum Aufbau einer f\u00fcrsorglichen und unterst\u00fctzenden Gemeinschaft beitr\u00e4gt.<\/p>\n<p><strong>Fotogallerie<\/strong><\/p>\n<div id=\"gallery-1\" class=\"wpex-gallery wpex-grid wpex-grid-cols-6 wpex-gap-20 wpex-lightbox-group wpex-mb-20\"><figure class=\"gallery-item\"><a href=\"https:\/\/martinluther.ca\/wp-content\/uploads\/2021\/08\/2021-08-23-Community-Pantry-Donation-by-Koo-Tze-Mews2.jpeg\" class=\"wpex-lightbox-group-item\" data-title=\"2021-08-23 Community Pantry Donation by Koo Tze Mews2\"><img loading=\"lazy\" alt=\"2021-08-23 Community Pantry Donation By Koo Tze Mews2\" decoding=\"async\" src=\"https:\/\/martinluther.ca\/wp-content\/uploads\/2021\/08\/2021-08-23-Community-Pantry-Donation-by-Koo-Tze-Mews2-768x1024.jpeg\" srcset=\"https:\/\/martinluther.ca\/wp-content\/uploads\/2021\/08\/2021-08-23-Community-Pantry-Donation-by-Koo-Tze-Mews2-768x1024.jpeg 768w, https:\/\/martinluther.ca\/wp-content\/uploads\/2021\/08\/2021-08-23-Community-Pantry-Donation-by-Koo-Tze-Mews2-225x300.jpeg 225w, https:\/\/martinluther.ca\/wp-content\/uploads\/2021\/08\/2021-08-23-Community-Pantry-Donation-by-Koo-Tze-Mews2-1152x1536.jpeg 1152w, https:\/\/martinluther.ca\/wp-content\/uploads\/2021\/08\/2021-08-23-Community-Pantry-Donation-by-Koo-Tze-Mews2.jpeg 1200w\" width=\"768\" height=\"1024\"><\/a><\/figure><figure class=\"gallery-item\"><a href=\"https:\/\/martinluther.ca\/wp-content\/uploads\/2021\/08\/2021-08-23-Community-Pantry-Donation-by-Koo-Tze-Mews.jpeg\" class=\"wpex-lightbox-group-item\" data-title=\"2021-08-23 Community Pantry Donation by Koo Tze Mews\"><img loading=\"lazy\" alt=\"2021-08-23 Community Pantry Donation By Koo Tze Mews\" decoding=\"async\" src=\"https:\/\/martinluther.ca\/wp-content\/uploads\/2021\/08\/2021-08-23-Community-Pantry-Donation-by-Koo-Tze-Mews-768x1024.jpeg\" srcset=\"https:\/\/martinluther.ca\/wp-content\/uploads\/2021\/08\/2021-08-23-Community-Pantry-Donation-by-Koo-Tze-Mews-768x1024.jpeg 768w, https:\/\/martinluther.ca\/wp-content\/uploads\/2021\/08\/2021-08-23-Community-Pantry-Donation-by-Koo-Tze-Mews-225x300.jpeg 225w, https:\/\/martinluther.ca\/wp-content\/uploads\/2021\/08\/2021-08-23-Community-Pantry-Donation-by-Koo-Tze-Mews-1152x1536.jpeg 1152w, https:\/\/martinluther.ca\/wp-content\/uploads\/2021\/08\/2021-08-23-Community-Pantry-Donation-by-Koo-Tze-Mews.jpeg 1200w\" width=\"768\" height=\"1024\"><\/a><\/figure><figure class=\"gallery-item\"><a href=\"https:\/\/martinluther.ca\/wp-content\/uploads\/2021\/08\/2021-8-19-Pantry-Sign-4x3-1-scaled.jpg\" class=\"wpex-lightbox-group-item\" data-title=\"2021-8-19 Pantry Sign\"><img loading=\"lazy\" alt=\"2021-8-19 Pantry Sign\" decoding=\"async\" src=\"https:\/\/martinluther.ca\/wp-content\/uploads\/2021\/08\/2021-8-19-Pantry-Sign-4x3-1-scaled-768x1024.jpg\" srcset=\"https:\/\/martinluther.ca\/wp-content\/uploads\/2021\/08\/2021-8-19-Pantry-Sign-4x3-1-768x1024.jpg 768w, https:\/\/martinluther.ca\/wp-content\/uploads\/2021\/08\/2021-8-19-Pantry-Sign-4x3-1-225x300.jpg 225w, https:\/\/martinluther.ca\/wp-content\/uploads\/2021\/08\/2021-8-19-Pantry-Sign-4x3-1-1152x1536.jpg 1152w, https:\/\/martinluther.ca\/wp-content\/uploads\/2021\/08\/2021-8-19-Pantry-Sign-4x3-1-1536x2048.jpg 1536w, https:\/\/martinluther.ca\/wp-content\/uploads\/2021\/08\/2021-8-19-Pantry-Sign-4x3-1-scaled.jpg 1920w\" width=\"768\" height=\"1024\"><\/a><\/figure><figure class=\"gallery-item\"><a href=\"https:\/\/martinluther.ca\/wp-content\/uploads\/2021\/08\/2021-8-19-Pantry-in-Front-of-Church-panorama-scaled.jpg\" class=\"wpex-lightbox-group-item\" data-title=\"2021-8-19 Pantry in Front of Church (panorama)\"><img loading=\"lazy\" alt=\"2021-8-19 Pantry In Front Of Church (panorama)\" decoding=\"async\" src=\"https:\/\/martinluther.ca\/wp-content\/uploads\/2021\/08\/2021-8-19-Pantry-in-Front-of-Church-panorama-scaled-1024x409.jpg\" srcset=\"https:\/\/martinluther.ca\/wp-content\/uploads\/2021\/08\/2021-8-19-Pantry-in-Front-of-Church-panorama-scaled-1024x409.jpg 1024w, https:\/\/martinluther.ca\/wp-content\/uploads\/2021\/08\/2021-8-19-Pantry-in-Front-of-Church-panorama-300x120.jpg 300w, https:\/\/martinluther.ca\/wp-content\/uploads\/2021\/08\/2021-8-19-Pantry-in-Front-of-Church-panorama-768x307.jpg 768w, https:\/\/martinluther.ca\/wp-content\/uploads\/2021\/08\/2021-8-19-Pantry-in-Front-of-Church-panorama-1536x614.jpg 1536w, https:\/\/martinluther.ca\/wp-content\/uploads\/2021\/08\/2021-8-19-Pantry-in-Front-of-Church-panorama-2048x818.jpg 2048w\" width=\"1024\" height=\"409\"><\/a><\/figure><figure class=\"gallery-item\"><a href=\"https:\/\/martinluther.ca\/wp-content\/uploads\/2021\/08\/2021-Pantry-Installed-Johnny-and-Dan-4x3-1.jpg\" class=\"wpex-lightbox-group-item\" data-title=\"2021 Pantry - Installed Johnny and Dan\"><img loading=\"lazy\" alt=\"2021 Pantry - Installed Johnny And Dan\" decoding=\"async\" src=\"https:\/\/martinluther.ca\/wp-content\/uploads\/2021\/08\/2021-Pantry-Installed-Johnny-and-Dan-4x3-1-768x1024.jpg\" srcset=\"https:\/\/martinluther.ca\/wp-content\/uploads\/2021\/08\/2021-Pantry-Installed-Johnny-and-Dan-4x3-1-768x1024.jpg 768w, https:\/\/martinluther.ca\/wp-content\/uploads\/2021\/08\/2021-Pantry-Installed-Johnny-and-Dan-4x3-1-225x300.jpg 225w, https:\/\/martinluther.ca\/wp-content\/uploads\/2021\/08\/2021-Pantry-Installed-Johnny-and-Dan-4x3-1.jpg 897w\" width=\"768\" height=\"1024\"><\/a><\/figure><figure class=\"gallery-item\"><a href=\"https:\/\/martinluther.ca\/wp-content\/uploads\/2021\/08\/2021-Pantry-Open-on-Reveal-Day-putting-in-new-items-4x3-1.jpg\" class=\"wpex-lightbox-group-item\" data-title=\"2021 Pantry - Open on Reveal Day -putting in new items\"><img loading=\"lazy\" alt=\"2021 Pantry - Open On Reveal Day -putting In New Items\" decoding=\"async\" src=\"https:\/\/martinluther.ca\/wp-content\/uploads\/2021\/08\/2021-Pantry-Open-on-Reveal-Day-putting-in-new-items-4x3-1-1024x769.jpg\" srcset=\"https:\/\/martinluther.ca\/wp-content\/uploads\/2021\/08\/2021-Pantry-Open-on-Reveal-Day-putting-in-new-items-4x3-1-1024x769.jpg 1024w, https:\/\/martinluther.ca\/wp-content\/uploads\/2021\/08\/2021-Pantry-Open-on-Reveal-Day-putting-in-new-items-4x3-1-300x225.jpg 300w, https:\/\/martinluther.ca\/wp-content\/uploads\/2021\/08\/2021-Pantry-Open-on-Reveal-Day-putting-in-new-items-4x3-1-768x577.jpg 768w, https:\/\/martinluther.ca\/wp-content\/uploads\/2021\/08\/2021-Pantry-Open-on-Reveal-Day-putting-in-new-items-4x3-1.jpg 1196w\" width=\"1024\" height=\"769\"><\/a><\/figure><figure class=\"gallery-item\"><a href=\"https:\/\/martinluther.ca\/wp-content\/uploads\/2021\/08\/2021-08-13-Pantry-Summer-Students-Johnny-and-Maliha-4x3-1.jpeg\" class=\"wpex-lightbox-group-item\" data-title=\"2021-08-13 Pantry -Summer Students Johnny and Maliha \"><img loading=\"lazy\" alt=\"2021-08-13 Pantry -Summer Students Johnny And Maliha\" decoding=\"async\" src=\"https:\/\/martinluther.ca\/wp-content\/uploads\/2021\/08\/2021-08-13-Pantry-Summer-Students-Johnny-and-Maliha-4x3-1-768x1024.jpeg\" srcset=\"https:\/\/martinluther.ca\/wp-content\/uploads\/2021\/08\/2021-08-13-Pantry-Summer-Students-Johnny-and-Maliha-4x3-1-768x1024.jpeg 768w, https:\/\/martinluther.ca\/wp-content\/uploads\/2021\/08\/2021-08-13-Pantry-Summer-Students-Johnny-and-Maliha-4x3-1-225x300.jpeg 225w, https:\/\/martinluther.ca\/wp-content\/uploads\/2021\/08\/2021-08-13-Pantry-Summer-Students-Johnny-and-Maliha-4x3-1.jpeg 897w\" width=\"768\" height=\"1024\"><\/a><\/figure><\/div>\n\n","protected":false},"excerpt":{"rendered":"<p>Nachbarschafts Speisekammer Am 13. August 2021 er\u00f6ffnete die Martin-Luther-Kirche vor der Kirche eine Gemeinschaftspantry, die rund um die Uhr ge\u00f6ffnet ist. Die Leute k\u00f6nnen nehmen, was sie brauchen, oder nicht verderbliche Lebensmittel spenden, um die Vorratskammer zu f\u00fcllen. Wir hoffen, dass dieses Projekt die Ern\u00e4hrungssicherheit im Stadtteil Mimico verbessert und zum Aufbau einer f\u00fcrsorglichen und&hellip;<\/p>\n","protected":false},"author":9,"featured_media":0,"parent":54614,"menu_order":0,"comment_status":"closed","ping_status":"closed","template":"","meta":{"footnotes":""},"class_list":["post-39451","page","type-page","status-publish","hentry","entry","no-media"],"yoast_head":"<!-- This site is optimized with the Yoast SEO plugin v27.4 - https:\/\/yoast.com\/product\/yoast-seo-wordpress\/ -->\n<title>Nachbarschafts Speisekammer - Martin Luther Evangelische Kirche Toronto<\/title>\n<meta name=\"robots\" content=\"index, follow, max-snippet:-1, max-image-preview:large, max-video-preview:-1\" \/>\n<link rel=\"canonical\" href=\"https:\/\/martinluther.ca\/community-outreach\/community-food-pantry\/\" \/>\n<meta property=\"og:locale\" content=\"de_DE\" \/>\n<meta property=\"og:type\" content=\"article\" \/>\n<meta property=\"og:title\" content=\"Nachbarschafts Speisekammer - Martin Luther Evangelische Kirche Toronto\" \/>\n<meta property=\"og:description\" content=\"Nachbarschafts Speisekammer Am 13. August 2021 er\u00f6ffnete die Martin-Luther-Kirche vor der Kirche eine Gemeinschaftspantry, die rund um die Uhr ge\u00f6ffnet ist. Die Leute k\u00f6nnen nehmen, was sie brauchen, oder nicht verderbliche Lebensmittel spenden, um die Vorratskammer zu f\u00fcllen. Wir hoffen, dass dieses Projekt die Ern\u00e4hrungssicherheit im Stadtteil Mimico verbessert und zum Aufbau einer f\u00fcrsorglichen und&hellip;\" \/>\n<meta property=\"og:url\" content=\"https:\/\/martinluther.ca\/community-outreach\/community-food-pantry\/\" \/>\n<meta property=\"og:site_name\" content=\"Martin Luther Evangelische Kirche Toronto\" \/>\n<meta property=\"article:publisher\" content=\"https:\/\/www.facebook.com\/martinlutherchurchtoronto\" \/>\n<meta property=\"article:modified_time\" content=\"2025-11-19T21:05:01+00:00\" \/>\n<meta property=\"og:image\" content=\"https:\/\/martinluther.ca\/wp-content\/uploads\/2021\/08\/2021-08-23-Community-Pantry-Donation-by-Koo-Tze-Mews2-768x1024.jpeg\" \/>\n<meta name=\"twitter:card\" content=\"summary_large_image\" \/>\n<meta name=\"twitter:label1\" content=\"Gesch\u00e4tzte Lesezeit\" \/>\n\t<meta name=\"twitter:data1\" content=\"1\u00a0Minute\" \/>\n<script type=\"application\/ld+json\" class=\"yoast-schema-graph\">{\"@context\":\"https:\\\/\\\/schema.org\",\"@graph\":[{\"@type\":\"WebPage\",\"@id\":\"https:\\\/\\\/martinluther.ca\\\/community-outreach\\\/community-food-pantry\\\/\",\"url\":\"https:\\\/\\\/martinluther.ca\\\/community-outreach\\\/community-food-pantry\\\/\",\"name\":\"Nachbarschafts Speisekammer - Martin Luther Evangelische Kirche Toronto\",\"isPartOf\":{\"@id\":\"https:\\\/\\\/martinluther.ca\\\/de\\\/#website\"},\"datePublished\":\"2021-11-11T20:13:24+00:00\",\"dateModified\":\"2025-11-19T21:05:01+00:00\",\"breadcrumb\":{\"@id\":\"https:\\\/\\\/martinluther.ca\\\/community-outreach\\\/community-food-pantry\\\/#breadcrumb\"},\"inLanguage\":\"de\",\"potentialAction\":[{\"@type\":\"ReadAction\",\"target\":[\"https:\\\/\\\/martinluther.ca\\\/community-outreach\\\/community-food-pantry\\\/\"]}]},{\"@type\":\"BreadcrumbList\",\"@id\":\"https:\\\/\\\/martinluther.ca\\\/community-outreach\\\/community-food-pantry\\\/#breadcrumb\",\"itemListElement\":[{\"@type\":\"ListItem\",\"position\":1,\"name\":\"Home\",\"item\":\"https:\\\/\\\/martinluther.ca\\\/de\\\/\"},{\"@type\":\"ListItem\",\"position\":2,\"name\":\"Nachbarschaftsarbeit\",\"item\":\"https:\\\/\\\/martinluther.ca\\\/de\\\/nachbarschaftsarbeit\\\/\"},{\"@type\":\"ListItem\",\"position\":3,\"name\":\"Nachbarschafts Speisekammer\"}]},{\"@type\":\"WebSite\",\"@id\":\"https:\\\/\\\/martinluther.ca\\\/de\\\/#website\",\"url\":\"https:\\\/\\\/martinluther.ca\\\/de\\\/\",\"name\":\"Martin Luther Evangelical Church Toronto\",\"description\":\"Deutsch &amp; Englisch\",\"publisher\":{\"@id\":\"https:\\\/\\\/martinluther.ca\\\/de\\\/#organization\"},\"potentialAction\":[{\"@type\":\"SearchAction\",\"target\":{\"@type\":\"EntryPoint\",\"urlTemplate\":\"https:\\\/\\\/martinluther.ca\\\/de\\\/?s={search_term_string}\"},\"query-input\":{\"@type\":\"PropertyValueSpecification\",\"valueRequired\":true,\"valueName\":\"search_term_string\"}}],\"inLanguage\":\"de\"},{\"@type\":\"Organization\",\"@id\":\"https:\\\/\\\/martinluther.ca\\\/de\\\/#organization\",\"name\":\"Martin Luther Evangelical Church Toronto\",\"url\":\"https:\\\/\\\/martinluther.ca\\\/de\\\/\",\"logo\":{\"@type\":\"ImageObject\",\"inLanguage\":\"de\",\"@id\":\"https:\\\/\\\/martinluther.ca\\\/de\\\/#\\\/schema\\\/logo\\\/image\\\/\",\"url\":\"https:\\\/\\\/martinluther.ca\\\/wp-content\\\/uploads\\\/2016\\\/12\\\/ml-logo-300.png\",\"contentUrl\":\"https:\\\/\\\/martinluther.ca\\\/wp-content\\\/uploads\\\/2016\\\/12\\\/ml-logo-300.png\",\"width\":300,\"height\":150,\"caption\":\"Martin Luther Evangelical Church Toronto\"},\"image\":{\"@id\":\"https:\\\/\\\/martinluther.ca\\\/de\\\/#\\\/schema\\\/logo\\\/image\\\/\"},\"sameAs\":[\"https:\\\/\\\/www.facebook.com\\\/martinlutherchurchtoronto\",\"https:\\\/\\\/www.instagram.com\\\/lutheransbythelake\\\/\",\"https:\\\/\\\/www.youtube.com\\\/MartinLutherChurchToronto\"]}]}<\/script>\n<!-- \/ Yoast SEO plugin. -->","yoast_head_json":{"title":"Nachbarschafts Speisekammer - Martin Luther Evangelische Kirche Toronto","robots":{"index":"index","follow":"follow","max-snippet":"max-snippet:-1","max-image-preview":"max-image-preview:large","max-video-preview":"max-video-preview:-1"},"canonical":"https:\/\/martinluther.ca\/community-outreach\/community-food-pantry\/","og_locale":"de_DE","og_type":"article","og_title":"Nachbarschafts Speisekammer - Martin Luther Evangelische Kirche Toronto","og_description":"Nachbarschafts Speisekammer Am 13. August 2021 er\u00f6ffnete die Martin-Luther-Kirche vor der Kirche eine Gemeinschaftspantry, die rund um die Uhr ge\u00f6ffnet ist. Die Leute k\u00f6nnen nehmen, was sie brauchen, oder nicht verderbliche Lebensmittel spenden, um die Vorratskammer zu f\u00fcllen. Wir hoffen, dass dieses Projekt die Ern\u00e4hrungssicherheit im Stadtteil Mimico verbessert und zum Aufbau einer f\u00fcrsorglichen und&hellip;","og_url":"https:\/\/martinluther.ca\/community-outreach\/community-food-pantry\/","og_site_name":"Martin Luther Evangelische Kirche Toronto","article_publisher":"https:\/\/www.facebook.com\/martinlutherchurchtoronto","article_modified_time":"2025-11-19T21:05:01+00:00","og_image":[{"url":"https:\/\/martinluther.ca\/wp-content\/uploads\/2021\/08\/2021-08-23-Community-Pantry-Donation-by-Koo-Tze-Mews2-768x1024.jpeg","type":"","width":"","height":""}],"twitter_card":"summary_large_image","twitter_misc":{"Gesch\u00e4tzte Lesezeit":"1\u00a0Minute"},"schema":{"@context":"https:\/\/schema.org","@graph":[{"@type":"WebPage","@id":"https:\/\/martinluther.ca\/community-outreach\/community-food-pantry\/","url":"https:\/\/martinluther.ca\/community-outreach\/community-food-pantry\/","name":"Nachbarschafts Speisekammer - Martin Luther Evangelische Kirche Toronto","isPartOf":{"@id":"https:\/\/martinluther.ca\/de\/#website"},"datePublished":"2021-11-11T20:13:24+00:00","dateModified":"2025-11-19T21:05:01+00:00","breadcrumb":{"@id":"https:\/\/martinluther.ca\/community-outreach\/community-food-pantry\/#breadcrumb"},"inLanguage":"de","potentialAction":[{"@type":"ReadAction","target":["https:\/\/martinluther.ca\/community-outreach\/community-food-pantry\/"]}]},{"@type":"BreadcrumbList","@id":"https:\/\/martinluther.ca\/community-outreach\/community-food-pantry\/#breadcrumb","itemListElement":[{"@type":"ListItem","position":1,"name":"Home","item":"https:\/\/martinluther.ca\/de\/"},{"@type":"ListItem","position":2,"name":"Nachbarschaftsarbeit","item":"https:\/\/martinluther.ca\/de\/nachbarschaftsarbeit\/"},{"@type":"ListItem","position":3,"name":"Nachbarschafts Speisekammer"}]},{"@type":"WebSite","@id":"https:\/\/martinluther.ca\/de\/#website","url":"https:\/\/martinluther.ca\/de\/","name":"Martin Luther Evangelical Church Toronto","description":"Deutsch &amp; Englisch","publisher":{"@id":"https:\/\/martinluther.ca\/de\/#organization"},"potentialAction":[{"@type":"SearchAction","target":{"@type":"EntryPoint","urlTemplate":"https:\/\/martinluther.ca\/de\/?s={search_term_string}"},"query-input":{"@type":"PropertyValueSpecification","valueRequired":true,"valueName":"search_term_string"}}],"inLanguage":"de"},{"@type":"Organization","@id":"https:\/\/martinluther.ca\/de\/#organization","name":"Martin Luther Evangelical Church Toronto","url":"https:\/\/martinluther.ca\/de\/","logo":{"@type":"ImageObject","inLanguage":"de","@id":"https:\/\/martinluther.ca\/de\/#\/schema\/logo\/image\/","url":"https:\/\/martinluther.ca\/wp-content\/uploads\/2016\/12\/ml-logo-300.png","contentUrl":"https:\/\/martinluther.ca\/wp-content\/uploads\/2016\/12\/ml-logo-300.png","width":300,"height":150,"caption":"Martin Luther Evangelical Church Toronto"},"image":{"@id":"https:\/\/martinluther.ca\/de\/#\/schema\/logo\/image\/"},"sameAs":["https:\/\/www.facebook.com\/martinlutherchurchtoronto","https:\/\/www.instagram.com\/lutheransbythelake\/","https:\/\/www.youtube.com\/MartinLutherChurchToronto"]}]}},"_links":{"self":[{"href":"https:\/\/martinluther.ca\/de\/wp-json\/wp\/v2\/pages\/39451","targetHints":{"allow":["GET"]}}],"collection":[{"href":"https:\/\/martinluther.ca\/de\/wp-json\/wp\/v2\/pages"}],"about":[{"href":"https:\/\/martinluther.ca\/de\/wp-json\/wp\/v2\/types\/page"}],"author":[{"embeddable":true,"href":"https:\/\/martinluther.ca\/de\/wp-json\/wp\/v2\/users\/9"}],"replies":[{"embeddable":true,"href":"https:\/\/martinluther.ca\/de\/wp-json\/wp\/v2\/comments?post=39451"}],"version-history":[{"count":19,"href":"https:\/\/martinluther.ca\/de\/wp-json\/wp\/v2\/pages\/39451\/revisions"}],"predecessor-version":[{"id":42687,"href":"https:\/\/martinluther.ca\/de\/wp-json\/wp\/v2\/pages\/39451\/revisions\/42687"}],"up":[{"embeddable":true,"href":"https:\/\/martinluther.ca\/de\/wp-json\/wp\/v2\/pages\/54614"}],"wp:attachment":[{"href":"https:\/\/martinluther.ca\/de\/wp-json\/wp\/v2\/media?parent=39451"}],"curies":[{"name":"wp","href":"https:\/\/api.w.org\/{rel}","templated":true}]}}