{"id":39498,"date":"2021-11-01T13:36:59","date_gmt":"2021-11-01T17:36:59","guid":{"rendered":"https:\/\/martinluther.ca\/?page_id=39498"},"modified":"2025-11-19T16:06:07","modified_gmt":"2025-11-19T21:06:07","slug":"seelsorge-hausbesuch-taufe-hochzeit-beerdigung","status":"publish","type":"page","link":"https:\/\/martinluther.ca\/de\/programme-und-dienste\/seelsorge-hausbesuch-taufe-hochzeit-beerdigung\/","title":{"rendered":"Seelsorge -Hausbesuch, Taufe, Hochzeit, Beerdigung"},"content":{"rendered":"<p>Wir sind f\u00fcr Sie da, wenn Sie einen Besuch w\u00fcnschen oder einen besonderen Anlass mit einem Gottesdienst feiern m\u00f6chten, wie z. B. Taufen, Hochzeiten, Hochzeitsjubil\u00e4en oder den Einzug in eine neue Wohnung. Im Trauerfall begleiten wir Sie nicht nur im Rahmen der Beerdigung, sondern auch danach. Au\u00dferdem bieten wir geistliche Begleitung an &#8211; sie kann helfen, Ihre Beziehung zu Gott in verschiedenen Lebensphasen zu verstehen und Ansto\u00df zu neuen Einsichten geben. Sprechen Sie uns gerne an!<\/p>\n<p>*****************************<\/p>\n<figure id=\"attachment_30006\" aria-describedby=\"caption-attachment-30006\" style=\"width: 245px\" class=\"wp-caption alignright\"><img loading=\"lazy\" decoding=\"async\" class=\"size-medium wp-image-30006\" src=\"https:\/\/martinluther.ca\/wp-content\/uploads\/2015\/03\/2015-Home-Visit-to-Gunter-Gall-15CC-245x300.jpg\" alt=\"2015 Home Visit to Gunter Gall for pastoral care\" width=\"245\" height=\"300\" srcset=\"https:\/\/martinluther.ca\/wp-content\/uploads\/2015\/03\/2015-Home-Visit-to-Gunter-Gall-15CC-245x300.jpg 245w, https:\/\/martinluther.ca\/wp-content\/uploads\/2015\/03\/2015-Home-Visit-to-Gunter-Gall-15CC-836x1024.jpg 836w\" sizes=\"auto, (max-width: 245px) 100vw, 245px\" \/><figcaption id=\"caption-attachment-30006\" class=\"wp-caption-text\">2015 Home Visit for pastoral care<\/figcaption><\/figure>\n<p><strong>Hausbesuche<\/strong><\/p>\n<p>\u201eEin Besuch braucht keinen Anlass\u201c, so sagte mal ein Pastor. In der Tat, wenn Sie gerne besucht werden m\u00f6chten, dann lassen Sie es doch einfach Kirchenb\u00fcro wissen \u2013 die k\u00f6nnen Ihnen oft sofort einen Termin mit unser Pastoralteam anbieten.<\/p>\n<p><strong>Falls Sie lieber mit einem Anlass anrufen, dann sind hier ein paar Ideen:<\/strong><\/p>\n<ul>\n<li>Sie sind gerade nach Toronto gezogen und suchen einen ersten Kontakt.<\/li>\n<li>Sie ziehen weg aus Toronto und suchen ein Gespr\u00e4ch \u00fcber die anstehenden Ver\u00e4nderungen.<\/li>\n<li>Sie feiern demn\u00e4chst ein Jubil\u00e4um oder ziehen in eine neue Wohnung ein und Sie w\u00fcnschen sich aus diesem Anlass einen Gottesdienst oder eine Andacht.<\/li>\n<li>Sie trinken genauso gerne Tee oder Kaffee wie unser Pastoralteam.<\/li>\n<li>Sie wollen sich schon lange engagieren und brauchen Rat, wie Sie das am besten anfangen k\u00f6nnen.<\/li>\n<\/ul>\n<p>Der kluge Theologe und Seelsorger S\u00f6ren Kierkegaard hat einmal gesagt: &#8222;Verstehen kann man das Leben nur r\u00fcckw\u00e4rts &#8211; leben muss man es vorw\u00e4rts.&#8220;<\/p>\n<p>Ein gutes Gespr\u00e4ch kann helfen, um diesen Weg nach vorne zu finden und das zu verstehen, was war. Manchmal hilft ein Gespr\u00e4ch mit einem Pastor, die Gedanken zu strukturieren und geistliche Impulse f\u00fcr das Weiterdenken zu bekommen.<\/p>\n<p>Nicht immer ist das mit einem Gebet verbunden, aber ein Gebet ist oft hilfreich \u2013 ob und wie das geschieht, das bestimmen Sie im Gespr\u00e4ch. Wenn Sie es w\u00fcnschen, dann beten wir auch f\u00fcr Sie.<\/p>\n<p>*******************************<br \/>\n<strong>Taufe<\/strong><\/p>\n<p><strong><img loading=\"lazy\" decoding=\"async\" class=\"alignright size-medium wp-image-40334\" src=\"https:\/\/martinluther.ca\/wp-content\/uploads\/2022\/01\/2021-Baptism-at-MLC-01-email-300x225.jpg\" alt=\"2021 Baptism at MLC\" width=\"300\" height=\"225\" srcset=\"https:\/\/martinluther.ca\/wp-content\/uploads\/2022\/01\/2021-Baptism-at-MLC-01-email-300x225.jpg 300w, https:\/\/martinluther.ca\/wp-content\/uploads\/2022\/01\/2021-Baptism-at-MLC-01-email-1024x768.jpg 1024w, https:\/\/martinluther.ca\/wp-content\/uploads\/2022\/01\/2021-Baptism-at-MLC-01-email-768x576.jpg 768w, https:\/\/martinluther.ca\/wp-content\/uploads\/2022\/01\/2021-Baptism-at-MLC-01-email-1536x1152.jpg 1536w, https:\/\/martinluther.ca\/wp-content\/uploads\/2022\/01\/2021-Baptism-at-MLC-01-email.jpg 1672w\" sizes=\"auto, (max-width: 300px) 100vw, 300px\" \/>Taufe ist der Beginn des Weges mit Gott.<\/strong><\/p>\n<p>Genaugenommen beginnt dieser Weg schon vorher, n\u00e4mlich mit der Entscheidung die Kirche kennenzulernen und sich auf die Taufe vorzubereiten. In der Taufe bekommt der T\u00e4ufling zugesagt: Du geh\u00f6rst zu Gott.<\/p>\n<p>Alles, was dich von Gott trennt (traditionell S\u00fcnde genannt) soll nicht mehr z\u00e4hlen, sondern allein, dass Gott dich liebt und annimmt.<\/p>\n<figure id=\"attachment_40336\" aria-describedby=\"caption-attachment-40336\" style=\"width: 300px\" class=\"wp-caption alignleft\"><img loading=\"lazy\" decoding=\"async\" class=\"wp-image-40336 size-medium\" src=\"https:\/\/martinluther.ca\/wp-content\/uploads\/2022\/01\/2021-Baptism-at-MLC-05-sq-300x300.jpg\" alt=\"2021 Baptism at MLC \" width=\"300\" height=\"300\" srcset=\"https:\/\/martinluther.ca\/wp-content\/uploads\/2022\/01\/2021-Baptism-at-MLC-05-sq-300x300.jpg 300w, https:\/\/martinluther.ca\/wp-content\/uploads\/2022\/01\/2021-Baptism-at-MLC-05-sq-1024x1024.jpg 1024w, https:\/\/martinluther.ca\/wp-content\/uploads\/2022\/01\/2021-Baptism-at-MLC-05-sq-150x150.jpg 150w, https:\/\/martinluther.ca\/wp-content\/uploads\/2022\/01\/2021-Baptism-at-MLC-05-sq-768x768.jpg 768w, https:\/\/martinluther.ca\/wp-content\/uploads\/2022\/01\/2021-Baptism-at-MLC-05-sq-1536x1536.jpg 1536w, https:\/\/martinluther.ca\/wp-content\/uploads\/2022\/01\/2021-Baptism-at-MLC-05-sq-2048x2048.jpg 2048w\" sizes=\"auto, (max-width: 300px) 100vw, 300px\" \/><figcaption id=\"caption-attachment-40336\" class=\"wp-caption-text\">2021 Baptism at Martin Luther Church with Pastor Annika Klappert<\/figcaption><\/figure>\n<p><strong>Gott ist die Quelle deines Lebens \u2013 auch \u00fcber den Tod hinaus.<\/strong><\/p>\n<p>Manche Menschen werden bereits als S\u00e4uglinge getauft, andere als Erwachsene. Wenn Sie den Weg in Richtung Taufe gehen m\u00f6chten, ganz gleich ob mit ihrem (Paten)Kind oder Sie selbst, dann sprechen Sie uns an. Wir bieten Ihnen in unserer Gemeinde einen Ort, wo Sie mehr \u00fcber den Glauben an Jesus Christus erfahren und auch nach der Taufe im Glauben weiter wachsen k\u00f6nnen.<\/p>\n<p>Vereinbaren Sie doch einfach ein orientierendes Gespr\u00e4ch mit Pastorin Annika Klappert. Cell: (416) 567-2487 Email: <a href=\"mailto:pastor@martinluther.ca\">pastor@martinluther.ca<\/a><\/p>\n<p>&nbsp;<\/p>\n<p><strong>Eine Brosch\u00fcre der Evangelischen Landeskirche Hannovers zum Thema Taufe k\u00f6nnen Sie hier downloaden<\/strong><strong>.<\/strong>\u00a0<a href=\"http:\/\/www.landeskirche-hannovers.de\/dms\/evlka\/wir-fuer-sie\/kinder\/geburt-taufe\/broschuere_taufe\/taufbroschuere\/taufbroschuere.pdf?1337592089\" target=\"_blank\" rel=\"noopener\">[Herunterladen]<\/a><\/p>\n<p>*************************<br \/>\n<strong>Hochzeit<\/strong><\/p>\n<p><strong>Sie haben den Partner oder die Partnerin f\u00fcrs Leben gefunden?<\/strong><\/p>\n<figure id=\"attachment_20004\" aria-describedby=\"caption-attachment-20004\" style=\"width: 300px\" class=\"wp-caption alignright\"><img loading=\"lazy\" decoding=\"async\" class=\"size-medium wp-image-20004\" src=\"https:\/\/martinluther.ca\/wp-content\/uploads\/2014\/11\/2008-Wedding-at-Martin-Luther-Church-300x225.jpg\" alt=\"2008 Wedding at Martin Luther Church\" width=\"300\" height=\"225\" srcset=\"https:\/\/martinluther.ca\/wp-content\/uploads\/2014\/11\/2008-Wedding-at-Martin-Luther-Church-300x225.jpg 300w, https:\/\/martinluther.ca\/wp-content\/uploads\/2014\/11\/2008-Wedding-at-Martin-Luther-Church-1024x768.jpg 1024w\" sizes=\"auto, (max-width: 300px) 100vw, 300px\" \/><figcaption id=\"caption-attachment-20004\" class=\"wp-caption-text\">2008 Wedding at Martin Luther Church<\/figcaption><\/figure>\n<p>Sie wollen in der Kirche heiraten und gemeinsam unter Gottes Segen Ihren Weg gehen?<br \/>\nDann sollten wir miteinander ins Gespr\u00e4ch kommen.<\/p>\n<p>Gemeinsam planen wir mit Ihnen, wie der Gottesdienst eine Gestalt findet, die nicht nur einen festlichen Rahmen bildet, sondern in dem Sie beide in Ihrer Einmaligkeit erkennbar werden. Und, was am wichtigsten ist: In dem Sie etwas von Gottes Segen zu sp\u00fcren bekommen.<\/p>\n<p>Vielleicht haben Sie schon angefangen zu planen und sind auf der Suche nach Anregungen. Dann kann Ihnen eine kurze<br \/>\n<a href=\"http:\/\/www.landeskirche-hannovers.de\/dms\/emsz\/oeffentlichkeitsarbeit\/materialien\/Traubroschuere_web\/Traubroschuere.neu%20web.pdf\" target=\"_blank\" rel=\"noopener noreferrer\">Ehebrosch\u00fcre der evangelischen Kirche Hannover weiterhelfen, die Sie hier mit einem Klick downloaden k\u00f6nnen.<\/a><\/p>\n<p>Sind Sie noch unsicher, ob eine kirchliche Trauung f\u00fcr Sie das Richtige ist? Dann sind Sie herzlich zu einem informierenden und orientierenden Gespr\u00e4ch willkommen. Schreiben Sie uns oder rufen Sie uns an!<\/p>\n<p>**********************<br \/>\n<strong>Beerdigung<\/strong><br \/>\n<img loading=\"lazy\" decoding=\"async\" class=\"alignright wp-image-26674 size-medium\" src=\"https:\/\/martinluther.ca\/wp-content\/uploads\/2017\/06\/2017-Knaack-Funeral-16-cropped-1200-3-4-300x225.jpg\" alt=\"2017 Pastor Knaack Funeral\" width=\"300\" height=\"225\" srcset=\"https:\/\/martinluther.ca\/wp-content\/uploads\/2017\/06\/2017-Knaack-Funeral-16-cropped-1200-3-4-300x225.jpg 300w, https:\/\/martinluther.ca\/wp-content\/uploads\/2017\/06\/2017-Knaack-Funeral-16-cropped-1200-3-4-768x576.jpg 768w, https:\/\/martinluther.ca\/wp-content\/uploads\/2017\/06\/2017-Knaack-Funeral-16-cropped-1200-3-4-1024x768.jpg 1024w\" sizes=\"auto, (max-width: 300px) 100vw, 300px\" \/><\/p>\n<p><strong>In Zeiten des Abschieds und der Trauer sind wir f\u00fcr Sie da.<\/strong><\/p>\n<p>Sie k\u00f6nnen Pastor Annika Klappert\u00a0 jederzeit direkt anrufen (Tel. 416 567 2487) oder ihm eine e-Mail senden an <a href=\"mailto:pastor@martinluther.ca\">pastor@martinluther.ca<\/a>. Sollten Sie ihr einmal nicht sofort erreichen, dann hinterlassen Sie bitte Ihre Telefonnummer, damit sie Sie so bald wie m\u00f6glich zur\u00fcckrufen kann.<\/p>\n<p>Sie wird dann mit Ihnen einen pers\u00f6nlichen Gespr\u00e4chstermin vereinbaren, bei dem Sie alle weiteren Fragen kl\u00e4ren k\u00f6nnen.<\/p>\n<figure id=\"attachment_30719\" aria-describedby=\"caption-attachment-30719\" style=\"width: 300px\" class=\"wp-caption alignleft\"><img loading=\"lazy\" decoding=\"async\" class=\"wp-image-30719 size-medium\" src=\"https:\/\/martinluther.ca\/wp-content\/uploads\/2017\/06\/2017-Knaack-Funeral-3-cropped-1200-3-4-300x225.jpg\" alt=\"2017 2017 Church front from across the street\" width=\"300\" height=\"225\" srcset=\"https:\/\/martinluther.ca\/wp-content\/uploads\/2017\/06\/2017-Knaack-Funeral-3-cropped-1200-3-4-300x225.jpg 300w, https:\/\/martinluther.ca\/wp-content\/uploads\/2017\/06\/2017-Knaack-Funeral-3-cropped-1200-3-4-768x577.jpg 768w, https:\/\/martinluther.ca\/wp-content\/uploads\/2017\/06\/2017-Knaack-Funeral-3-cropped-1200-3-4-1024x769.jpg 1024w, https:\/\/martinluther.ca\/wp-content\/uploads\/2017\/06\/2017-Knaack-Funeral-3-cropped-1200-3-4.jpg 1200w\" sizes=\"auto, (max-width: 300px) 100vw, 300px\" \/><figcaption id=\"caption-attachment-30719\" class=\"wp-caption-text\">Martin Luther Church Toronto<\/figcaption><\/figure>\n<p><strong>Wenn Sie von einem Menschen Abschied nehmen, dann k\u00f6nnen Sie den Trauergottesdienst gerne in unserer Kirche feiern. Das gilt auch dann, wenn der Verstorbene nicht Mitglied unserer Gemeinde war.<\/strong><\/p>\n<p>Individuell wird unser Pastor mit Ihnen nach einer Form suchen, die Ihrer Familie und den Teilnehmern der Trauerfeier entspricht. Sie k\u00f6nnen dabei aus der reichen Tradition an Texten und Liedern unserer Kirche sch\u00f6pfen.<\/p>\n<p>Rufen Sie uns auch an, wenn ein Leben zu Ende geht oder Sie eine Andacht oder das Abendmahl am Kranken- oder Sterbebett w\u00fcnschen. Oft ist es gut, schon vor dem Tod den Weg gemeinsam zu gehen.<\/p>\n","protected":false},"excerpt":{"rendered":"<p>Wir sind f\u00fcr Sie da, wenn Sie einen Besuch w\u00fcnschen oder einen besonderen Anlass mit einem Gottesdienst feiern m\u00f6chten, wie z. B. Taufen, Hochzeiten, Hochzeitsjubil\u00e4en oder den Einzug in eine neue Wohnung. Im Trauerfall begleiten wir Sie nicht nur im Rahmen der Beerdigung, sondern auch danach. Au\u00dferdem bieten wir geistliche Begleitung an &#8211; sie kann&hellip;<\/p>\n","protected":false},"author":9,"featured_media":0,"parent":18913,"menu_order":0,"comment_status":"closed","ping_status":"closed","template":"","meta":{"footnotes":""},"class_list":["post-39498","page","type-page","status-publish","hentry","entry","no-media"],"yoast_head":"<!-- This site is optimized with the Yoast SEO plugin v27.4 - https:\/\/yoast.com\/product\/yoast-seo-wordpress\/ -->\n<title>Seelsorge -Hausbesuch, Taufe, Hochzeit, Beerdigung - Martin Luther Evangelische Kirche Toronto<\/title>\n<meta name=\"robots\" content=\"index, follow, max-snippet:-1, max-image-preview:large, max-video-preview:-1\" \/>\n<link rel=\"canonical\" href=\"https:\/\/martinluther.ca\/de\/programme-und-dienste\/seelsorge-hausbesuch-taufe-hochzeit-beerdigung\/\" \/>\n<meta property=\"og:locale\" content=\"de_DE\" \/>\n<meta property=\"og:type\" content=\"article\" \/>\n<meta property=\"og:title\" content=\"Seelsorge -Hausbesuch, Taufe, Hochzeit, Beerdigung - Martin Luther Evangelische Kirche Toronto\" \/>\n<meta property=\"og:description\" content=\"Wir sind f\u00fcr Sie da, wenn Sie einen Besuch w\u00fcnschen oder einen besonderen Anlass mit einem Gottesdienst feiern m\u00f6chten, wie z. B. Taufen, Hochzeiten, Hochzeitsjubil\u00e4en oder den Einzug in eine neue Wohnung. Im Trauerfall begleiten wir Sie nicht nur im Rahmen der Beerdigung, sondern auch danach. Au\u00dferdem bieten wir geistliche Begleitung an &#8211; sie kann&hellip;\" \/>\n<meta property=\"og:url\" content=\"https:\/\/martinluther.ca\/de\/programme-und-dienste\/seelsorge-hausbesuch-taufe-hochzeit-beerdigung\/\" \/>\n<meta property=\"og:site_name\" content=\"Martin Luther Evangelische Kirche Toronto\" \/>\n<meta property=\"article:publisher\" content=\"https:\/\/www.facebook.com\/martinlutherchurchtoronto\" \/>\n<meta property=\"article:modified_time\" content=\"2025-11-19T21:06:07+00:00\" \/>\n<meta property=\"og:image\" content=\"https:\/\/martinluther.ca\/wp-content\/uploads\/2015\/03\/2015-Home-Visit-to-Gunter-Gall-15CC-245x300.jpg\" \/>\n<meta name=\"twitter:card\" content=\"summary_large_image\" \/>\n<meta name=\"twitter:label1\" content=\"Gesch\u00e4tzte Lesezeit\" \/>\n\t<meta name=\"twitter:data1\" content=\"5\u00a0Minuten\" \/>\n<script type=\"application\/ld+json\" class=\"yoast-schema-graph\">{\"@context\":\"https:\\\/\\\/schema.org\",\"@graph\":[{\"@type\":\"WebPage\",\"@id\":\"https:\\\/\\\/martinluther.ca\\\/de\\\/programme-und-dienste\\\/seelsorge-hausbesuch-taufe-hochzeit-beerdigung\\\/\",\"url\":\"https:\\\/\\\/martinluther.ca\\\/de\\\/programme-und-dienste\\\/seelsorge-hausbesuch-taufe-hochzeit-beerdigung\\\/\",\"name\":\"Seelsorge -Hausbesuch, Taufe, Hochzeit, Beerdigung - Martin Luther Evangelische Kirche Toronto\",\"isPartOf\":{\"@id\":\"https:\\\/\\\/martinluther.ca\\\/de\\\/#website\"},\"primaryImageOfPage\":{\"@id\":\"https:\\\/\\\/martinluther.ca\\\/de\\\/programme-und-dienste\\\/seelsorge-hausbesuch-taufe-hochzeit-beerdigung\\\/#primaryimage\"},\"image\":{\"@id\":\"https:\\\/\\\/martinluther.ca\\\/de\\\/programme-und-dienste\\\/seelsorge-hausbesuch-taufe-hochzeit-beerdigung\\\/#primaryimage\"},\"thumbnailUrl\":\"https:\\\/\\\/martinluther.ca\\\/wp-content\\\/uploads\\\/2015\\\/03\\\/2015-Home-Visit-to-Gunter-Gall-15CC-245x300.jpg\",\"datePublished\":\"2021-11-01T17:36:59+00:00\",\"dateModified\":\"2025-11-19T21:06:07+00:00\",\"breadcrumb\":{\"@id\":\"https:\\\/\\\/martinluther.ca\\\/de\\\/programme-und-dienste\\\/seelsorge-hausbesuch-taufe-hochzeit-beerdigung\\\/#breadcrumb\"},\"inLanguage\":\"de\",\"potentialAction\":[{\"@type\":\"ReadAction\",\"target\":[\"https:\\\/\\\/martinluther.ca\\\/de\\\/programme-und-dienste\\\/seelsorge-hausbesuch-taufe-hochzeit-beerdigung\\\/\"]}]},{\"@type\":\"ImageObject\",\"inLanguage\":\"de\",\"@id\":\"https:\\\/\\\/martinluther.ca\\\/de\\\/programme-und-dienste\\\/seelsorge-hausbesuch-taufe-hochzeit-beerdigung\\\/#primaryimage\",\"url\":\"https:\\\/\\\/martinluther.ca\\\/wp-content\\\/uploads\\\/2015\\\/03\\\/2015-Home-Visit-to-Gunter-Gall-15CC-245x300.jpg\",\"contentUrl\":\"https:\\\/\\\/martinluther.ca\\\/wp-content\\\/uploads\\\/2015\\\/03\\\/2015-Home-Visit-to-Gunter-Gall-15CC-245x300.jpg\"},{\"@type\":\"BreadcrumbList\",\"@id\":\"https:\\\/\\\/martinluther.ca\\\/de\\\/programme-und-dienste\\\/seelsorge-hausbesuch-taufe-hochzeit-beerdigung\\\/#breadcrumb\",\"itemListElement\":[{\"@type\":\"ListItem\",\"position\":1,\"name\":\"Home\",\"item\":\"https:\\\/\\\/martinluther.ca\\\/de\\\/\"},{\"@type\":\"ListItem\",\"position\":2,\"name\":\"Programme und Dienste\",\"item\":\"https:\\\/\\\/martinluther.ca\\\/de\\\/programme-und-dienste\\\/\"},{\"@type\":\"ListItem\",\"position\":3,\"name\":\"Seelsorge -Hausbesuch, Taufe, Hochzeit, Beerdigung\"}]},{\"@type\":\"WebSite\",\"@id\":\"https:\\\/\\\/martinluther.ca\\\/de\\\/#website\",\"url\":\"https:\\\/\\\/martinluther.ca\\\/de\\\/\",\"name\":\"Martin Luther Evangelical Church Toronto\",\"description\":\"Deutsch &amp; Englisch\",\"publisher\":{\"@id\":\"https:\\\/\\\/martinluther.ca\\\/de\\\/#organization\"},\"potentialAction\":[{\"@type\":\"SearchAction\",\"target\":{\"@type\":\"EntryPoint\",\"urlTemplate\":\"https:\\\/\\\/martinluther.ca\\\/de\\\/?s={search_term_string}\"},\"query-input\":{\"@type\":\"PropertyValueSpecification\",\"valueRequired\":true,\"valueName\":\"search_term_string\"}}],\"inLanguage\":\"de\"},{\"@type\":\"Organization\",\"@id\":\"https:\\\/\\\/martinluther.ca\\\/de\\\/#organization\",\"name\":\"Martin Luther Evangelical Church Toronto\",\"url\":\"https:\\\/\\\/martinluther.ca\\\/de\\\/\",\"logo\":{\"@type\":\"ImageObject\",\"inLanguage\":\"de\",\"@id\":\"https:\\\/\\\/martinluther.ca\\\/de\\\/#\\\/schema\\\/logo\\\/image\\\/\",\"url\":\"https:\\\/\\\/martinluther.ca\\\/wp-content\\\/uploads\\\/2016\\\/12\\\/ml-logo-300.png\",\"contentUrl\":\"https:\\\/\\\/martinluther.ca\\\/wp-content\\\/uploads\\\/2016\\\/12\\\/ml-logo-300.png\",\"width\":300,\"height\":150,\"caption\":\"Martin Luther Evangelical Church Toronto\"},\"image\":{\"@id\":\"https:\\\/\\\/martinluther.ca\\\/de\\\/#\\\/schema\\\/logo\\\/image\\\/\"},\"sameAs\":[\"https:\\\/\\\/www.facebook.com\\\/martinlutherchurchtoronto\",\"https:\\\/\\\/www.instagram.com\\\/lutheransbythelake\\\/\",\"https:\\\/\\\/www.youtube.com\\\/MartinLutherChurchToronto\"]}]}<\/script>\n<!-- \/ Yoast SEO plugin. -->","yoast_head_json":{"title":"Seelsorge -Hausbesuch, Taufe, Hochzeit, Beerdigung - Martin Luther Evangelische Kirche Toronto","robots":{"index":"index","follow":"follow","max-snippet":"max-snippet:-1","max-image-preview":"max-image-preview:large","max-video-preview":"max-video-preview:-1"},"canonical":"https:\/\/martinluther.ca\/de\/programme-und-dienste\/seelsorge-hausbesuch-taufe-hochzeit-beerdigung\/","og_locale":"de_DE","og_type":"article","og_title":"Seelsorge -Hausbesuch, Taufe, Hochzeit, Beerdigung - Martin Luther Evangelische Kirche Toronto","og_description":"Wir sind f\u00fcr Sie da, wenn Sie einen Besuch w\u00fcnschen oder einen besonderen Anlass mit einem Gottesdienst feiern m\u00f6chten, wie z. B. Taufen, Hochzeiten, Hochzeitsjubil\u00e4en oder den Einzug in eine neue Wohnung. Im Trauerfall begleiten wir Sie nicht nur im Rahmen der Beerdigung, sondern auch danach. Au\u00dferdem bieten wir geistliche Begleitung an &#8211; sie kann&hellip;","og_url":"https:\/\/martinluther.ca\/de\/programme-und-dienste\/seelsorge-hausbesuch-taufe-hochzeit-beerdigung\/","og_site_name":"Martin Luther Evangelische Kirche Toronto","article_publisher":"https:\/\/www.facebook.com\/martinlutherchurchtoronto","article_modified_time":"2025-11-19T21:06:07+00:00","og_image":[{"url":"https:\/\/martinluther.ca\/wp-content\/uploads\/2015\/03\/2015-Home-Visit-to-Gunter-Gall-15CC-245x300.jpg","type":"","width":"","height":""}],"twitter_card":"summary_large_image","twitter_misc":{"Gesch\u00e4tzte Lesezeit":"5\u00a0Minuten"},"schema":{"@context":"https:\/\/schema.org","@graph":[{"@type":"WebPage","@id":"https:\/\/martinluther.ca\/de\/programme-und-dienste\/seelsorge-hausbesuch-taufe-hochzeit-beerdigung\/","url":"https:\/\/martinluther.ca\/de\/programme-und-dienste\/seelsorge-hausbesuch-taufe-hochzeit-beerdigung\/","name":"Seelsorge -Hausbesuch, Taufe, Hochzeit, Beerdigung - Martin Luther Evangelische Kirche Toronto","isPartOf":{"@id":"https:\/\/martinluther.ca\/de\/#website"},"primaryImageOfPage":{"@id":"https:\/\/martinluther.ca\/de\/programme-und-dienste\/seelsorge-hausbesuch-taufe-hochzeit-beerdigung\/#primaryimage"},"image":{"@id":"https:\/\/martinluther.ca\/de\/programme-und-dienste\/seelsorge-hausbesuch-taufe-hochzeit-beerdigung\/#primaryimage"},"thumbnailUrl":"https:\/\/martinluther.ca\/wp-content\/uploads\/2015\/03\/2015-Home-Visit-to-Gunter-Gall-15CC-245x300.jpg","datePublished":"2021-11-01T17:36:59+00:00","dateModified":"2025-11-19T21:06:07+00:00","breadcrumb":{"@id":"https:\/\/martinluther.ca\/de\/programme-und-dienste\/seelsorge-hausbesuch-taufe-hochzeit-beerdigung\/#breadcrumb"},"inLanguage":"de","potentialAction":[{"@type":"ReadAction","target":["https:\/\/martinluther.ca\/de\/programme-und-dienste\/seelsorge-hausbesuch-taufe-hochzeit-beerdigung\/"]}]},{"@type":"ImageObject","inLanguage":"de","@id":"https:\/\/martinluther.ca\/de\/programme-und-dienste\/seelsorge-hausbesuch-taufe-hochzeit-beerdigung\/#primaryimage","url":"https:\/\/martinluther.ca\/wp-content\/uploads\/2015\/03\/2015-Home-Visit-to-Gunter-Gall-15CC-245x300.jpg","contentUrl":"https:\/\/martinluther.ca\/wp-content\/uploads\/2015\/03\/2015-Home-Visit-to-Gunter-Gall-15CC-245x300.jpg"},{"@type":"BreadcrumbList","@id":"https:\/\/martinluther.ca\/de\/programme-und-dienste\/seelsorge-hausbesuch-taufe-hochzeit-beerdigung\/#breadcrumb","itemListElement":[{"@type":"ListItem","position":1,"name":"Home","item":"https:\/\/martinluther.ca\/de\/"},{"@type":"ListItem","position":2,"name":"Programme und Dienste","item":"https:\/\/martinluther.ca\/de\/programme-und-dienste\/"},{"@type":"ListItem","position":3,"name":"Seelsorge -Hausbesuch, Taufe, Hochzeit, Beerdigung"}]},{"@type":"WebSite","@id":"https:\/\/martinluther.ca\/de\/#website","url":"https:\/\/martinluther.ca\/de\/","name":"Martin Luther Evangelical Church Toronto","description":"Deutsch &amp; Englisch","publisher":{"@id":"https:\/\/martinluther.ca\/de\/#organization"},"potentialAction":[{"@type":"SearchAction","target":{"@type":"EntryPoint","urlTemplate":"https:\/\/martinluther.ca\/de\/?s={search_term_string}"},"query-input":{"@type":"PropertyValueSpecification","valueRequired":true,"valueName":"search_term_string"}}],"inLanguage":"de"},{"@type":"Organization","@id":"https:\/\/martinluther.ca\/de\/#organization","name":"Martin Luther Evangelical Church Toronto","url":"https:\/\/martinluther.ca\/de\/","logo":{"@type":"ImageObject","inLanguage":"de","@id":"https:\/\/martinluther.ca\/de\/#\/schema\/logo\/image\/","url":"https:\/\/martinluther.ca\/wp-content\/uploads\/2016\/12\/ml-logo-300.png","contentUrl":"https:\/\/martinluther.ca\/wp-content\/uploads\/2016\/12\/ml-logo-300.png","width":300,"height":150,"caption":"Martin Luther Evangelical Church Toronto"},"image":{"@id":"https:\/\/martinluther.ca\/de\/#\/schema\/logo\/image\/"},"sameAs":["https:\/\/www.facebook.com\/martinlutherchurchtoronto","https:\/\/www.instagram.com\/lutheransbythelake\/","https:\/\/www.youtube.com\/MartinLutherChurchToronto"]}]}},"_links":{"self":[{"href":"https:\/\/martinluther.ca\/de\/wp-json\/wp\/v2\/pages\/39498","targetHints":{"allow":["GET"]}}],"collection":[{"href":"https:\/\/martinluther.ca\/de\/wp-json\/wp\/v2\/pages"}],"about":[{"href":"https:\/\/martinluther.ca\/de\/wp-json\/wp\/v2\/types\/page"}],"author":[{"embeddable":true,"href":"https:\/\/martinluther.ca\/de\/wp-json\/wp\/v2\/users\/9"}],"replies":[{"embeddable":true,"href":"https:\/\/martinluther.ca\/de\/wp-json\/wp\/v2\/comments?post=39498"}],"version-history":[{"count":9,"href":"https:\/\/martinluther.ca\/de\/wp-json\/wp\/v2\/pages\/39498\/revisions"}],"predecessor-version":[{"id":50637,"href":"https:\/\/martinluther.ca\/de\/wp-json\/wp\/v2\/pages\/39498\/revisions\/50637"}],"up":[{"embeddable":true,"href":"https:\/\/martinluther.ca\/de\/wp-json\/wp\/v2\/pages\/18913"}],"wp:attachment":[{"href":"https:\/\/martinluther.ca\/de\/wp-json\/wp\/v2\/media?parent=39498"}],"curies":[{"name":"wp","href":"https:\/\/api.w.org\/{rel}","templated":true}]}}