{"id":40254,"date":"2022-01-06T14:05:14","date_gmt":"2022-01-06T19:05:14","guid":{"rendered":"https:\/\/martinluther.ca\/?page_id=40254"},"modified":"2026-02-14T16:31:08","modified_gmt":"2026-02-14T21:31:08","slug":"suppe-und-segen-lebensmitteldienst","status":"publish","type":"page","link":"https:\/\/martinluther.ca\/de\/nachbarschaftsarbeit\/suppe-und-segen-lebensmitteldienst\/","title":{"rendered":"Suppe und Segen -Lebensmitteldienst"},"content":{"rendered":"<p><img loading=\"lazy\" decoding=\"async\" class=\"alignright size-medium wp-image-40670\" src=\"https:\/\/martinluther.ca\/wp-content\/uploads\/2022\/03\/2022-Bowls-and-Blessings-logo-300x300.jpg\" alt=\"2022 Bowls and Blessings logo\" width=\"300\" height=\"300\" \/><strong>Suppe und Segen Lebensmitteldienst (Bowls and Blessings food ministry)<br \/>\n<\/strong><\/p>\n<p>M\u00f6chten Sie sich nicht auch ehrenamtlich engagieren um beim betreuen unserer Suppenk\u00fcche mitzuhelfen? Dann wenden Sie sich bitte ans Kirchenb\u00fcro und <a href=\"https:\/\/docs.google.com\/document\/d\/11TnCJGTsKvKpWf1pE54FAg9tAd3333ZXQvFeW3LivP0\/edit\" target=\"_blank\" rel=\"noopener\"><strong><em>melden Sie sich an<\/em><\/strong><\/a> um gelegentlich Essen mitzubringen bzw. beim Servieren mitzuhelfen!<\/p>\n<p>Die w\u00f6chentlichen Termine sind jeweils Dienstags und Freitags um 12 Uhr Mittag.<\/p>\n<p>Kontakt: Emma via\u00a0the church office.at (416) 251-8293 office: <a href=\"mailto:office@martinluther.ca\" target=\"_blank\" rel=\"noopener\">office@martinluther.ca<\/a><\/p>\n<p>Besuchen (und liken) Sie unsere Facebook-Seite \u201eBowls and Blessings\u201c unter <a href=\"https:\/\/www.facebook.com\/bowlsandblessings\" target=\"_blank\" rel=\"noopener\">https:\/\/www.facebook.com\/bowlsandblessings<\/a><\/p>\n<p>***Der monatliche Anmeldeplan f\u00fcr 2026 ist verf\u00fcgbar.*** Melden Sie sich in unserem Google-Dokument an, um Essen mitzubringen oder zu servieren <a href=\"https:\/\/docs.google.com\/document\/d\/11TnCJGTsKvKpWf1pE54FAg9tAd3333ZXQvFeW3LivP0\/edit\" target=\"_blank\" rel=\"noopener\">Bowls and Blessings Calendar<\/a><\/p>\n<p><strong>Volunteer Duties and House rules<\/strong><\/p>\n<ul>\n<li style=\"text-align: left;\">Call \/ email Emma or the church office to confirm your day and\u00a0let Emma or the church office know if you are unable to serve or make at least two days before.<\/li>\n<li style=\"text-align: left;\">Plan on arriving half and hour ahead for set-up and staying half and hour later for take-down.<\/li>\n<li style=\"text-align: left;\">Do not go down to the church basement unless expressly asked and you have permission.<\/li>\n<li>We will serve inside or outside depending on the weather.<\/li>\n<li>Try to be as environmentally friendly as possible.<\/li>\n<li>If you receive any donations of food directly, please put them in the storage room in the basement with a note.<\/li>\n<li>If people ask when they can donate, tell them they can put the clothes on the rails, or leave bags on Tuesdays, Fridays 12-1pm, inside the doors. Ask them not to leave the stuff outside.<\/li>\n<li>Before leaving ensure that everything used is clean.<\/li>\n<li>Don\u2019t leave the table, especially the donation jar, unattended.<\/li>\n<li>Ensure when you are finished, the donation jar is taken to the office.<\/li>\n<li>If there is any left-over soup, fill containers and put them in the 24\/7 community food pantry. For larger left-overs carry the pot in the fridge in the basement.<\/li>\n<\/ul>\n<p><strong>Hintergrund<\/strong><\/p>\n<p>Seit dem 1. Dezember 2020 serviert die Martin-Luther-Kirche Essen etc. vor den Kirchent\u00fcren an unsere Nachbarn. Die Tage und Stunden variieren je nach Verf\u00fcgbarkeit unserer Freiwilligen, derzeit streben wir <strong>dienstags und freitags zwischen 12:00 und 13:00 Uhr<\/strong> an.<\/p>\n<p><strong>Community food pantry<\/strong> for left-overs.<\/p>\n<p>Wir m\u00f6chten unseren Suppenmachern und Kellnern und denen danken, die uns anderweitig unterst\u00fctzt haben: Eastern Synod Mission Grant, Mimico Presbyterian Church, Mimico Baptist Church, Stonegate Ministry, Wesley Mimico United Church, Paris Bakery, The Portuguese Chicken House und schlie\u00dflich den vielen Nachbarn und Freunde, die gro\u00dfz\u00fcgig gespendet haben.<\/p>\n<p>Unser Einsatz schaffte es auf die Titelseite einer Lokalzeitung. Link zum Artikel in den South Etobicoke News f\u00fcr Januar 2022: <a href=\"https:\/\/torontonenewswire.com\/january-2022\/\" target=\"_blank\" rel=\"noopener\">https:\/\/torontonenewswire.com\/january-2022\/<\/a><\/p>\n<p><strong>Fotogallerie<\/strong><\/p>\n<div id=\"gallery-1\" class=\"wpex-gallery wpex-grid wpex-grid-cols-3 wpex-gap-20 wpex-lightbox-group wpex-mb-20\"><figure class=\"gallery-item\"><a href=\"https:\/\/martinluther.ca\/wp-content\/uploads\/2021\/01\/2020-Bowls-and-Blessings-Dec-1-to-24-in-front-of-church-07-4x3-1.jpg\" class=\"wpex-lightbox-group-item\" data-title=\"2020 Bowls and Blessings Dec 1 to 24 in front of church \"><img loading=\"lazy\" alt=\"2020 Bowls And Blessings Dec 1 To 24 In Front Of Church\" decoding=\"async\" src=\"https:\/\/martinluther.ca\/wp-content\/uploads\/2021\/01\/2020-Bowls-and-Blessings-Dec-1-to-24-in-front-of-church-07-4x3-1.jpg\" srcset=\"https:\/\/martinluther.ca\/wp-content\/uploads\/2021\/01\/2020-Bowls-and-Blessings-Dec-1-to-24-in-front-of-church-07-4x3-1.jpg 899w, https:\/\/martinluther.ca\/wp-content\/uploads\/2021\/01\/2020-Bowls-and-Blessings-Dec-1-to-24-in-front-of-church-07-4x3-1-300x225.jpg 300w, https:\/\/martinluther.ca\/wp-content\/uploads\/2021\/01\/2020-Bowls-and-Blessings-Dec-1-to-24-in-front-of-church-07-4x3-1-768x575.jpg 768w\" width=\"899\" height=\"673\"><\/a><\/figure><figure class=\"gallery-item\"><a href=\"https:\/\/martinluther.ca\/wp-content\/uploads\/2021\/01\/2020-Bowls-and-Blessings-Dec-1-to-24-in-front-of-church-05-4x3-1-scaled.jpg\" class=\"wpex-lightbox-group-item\" data-title=\"2020 Bowls and Blessings Dec 1 to 24 in front of church \"><img loading=\"lazy\" alt=\"2020 Bowls And Blessings Dec 1 To 24 In Front Of Church\" decoding=\"async\" src=\"https:\/\/martinluther.ca\/wp-content\/uploads\/2021\/01\/2020-Bowls-and-Blessings-Dec-1-to-24-in-front-of-church-05-4x3-1-scaled-1024x768.jpg\" srcset=\"https:\/\/martinluther.ca\/wp-content\/uploads\/2021\/01\/2020-Bowls-and-Blessings-Dec-1-to-24-in-front-of-church-05-4x3-1-scaled-1024x768.jpg 1024w, https:\/\/martinluther.ca\/wp-content\/uploads\/2021\/01\/2020-Bowls-and-Blessings-Dec-1-to-24-in-front-of-church-05-4x3-1-300x225.jpg 300w, https:\/\/martinluther.ca\/wp-content\/uploads\/2021\/01\/2020-Bowls-and-Blessings-Dec-1-to-24-in-front-of-church-05-4x3-1-768x576.jpg 768w, https:\/\/martinluther.ca\/wp-content\/uploads\/2021\/01\/2020-Bowls-and-Blessings-Dec-1-to-24-in-front-of-church-05-4x3-1-1536x1152.jpg 1536w, https:\/\/martinluther.ca\/wp-content\/uploads\/2021\/01\/2020-Bowls-and-Blessings-Dec-1-to-24-in-front-of-church-05-4x3-1-2048x1536.jpg 2048w\" width=\"1024\" height=\"768\"><\/a><\/figure><figure class=\"gallery-item\"><a href=\"https:\/\/martinluther.ca\/wp-content\/uploads\/2020\/12\/2020-Bowls-and-Blessings-Dec-1-to-24-in-front-of-church.jpg\" class=\"wpex-lightbox-group-item\"><img loading=\"lazy\" decoding=\"async\" src=\"https:\/\/martinluther.ca\/wp-content\/uploads\/2020\/12\/2020-Bowls-and-Blessings-Dec-1-to-24-in-front-of-church.jpg\" alt=\"\" srcset=\"https:\/\/martinluther.ca\/wp-content\/uploads\/2020\/12\/2020-Bowls-and-Blessings-Dec-1-to-24-in-front-of-church.jpg 640w, https:\/\/martinluther.ca\/wp-content\/uploads\/2020\/12\/2020-Bowls-and-Blessings-Dec-1-to-24-in-front-of-church-300x300.jpg 300w, https:\/\/martinluther.ca\/wp-content\/uploads\/2020\/12\/2020-Bowls-and-Blessings-Dec-1-to-24-in-front-of-church-150x150.jpg 150w\" width=\"640\" height=\"640\"><\/a><\/figure><figure class=\"gallery-item\"><a href=\"https:\/\/martinluther.ca\/wp-content\/uploads\/2021\/01\/2020-Bowls-and-Blessings-Dec-1-to-24-in-front-of-church-03-4x3-1-scaled.jpg\" class=\"wpex-lightbox-group-item\" data-title=\"2020 Bowls and Blessings Dec 1 to 24 in front of church\"><img loading=\"lazy\" alt=\"2020 Bowls And Blessings Dec 1 To 24 In Front Of Church\" decoding=\"async\" src=\"https:\/\/martinluther.ca\/wp-content\/uploads\/2021\/01\/2020-Bowls-and-Blessings-Dec-1-to-24-in-front-of-church-03-4x3-1-scaled-1024x768.jpg\" srcset=\"https:\/\/martinluther.ca\/wp-content\/uploads\/2021\/01\/2020-Bowls-and-Blessings-Dec-1-to-24-in-front-of-church-03-4x3-1-scaled-1024x768.jpg 1024w, https:\/\/martinluther.ca\/wp-content\/uploads\/2021\/01\/2020-Bowls-and-Blessings-Dec-1-to-24-in-front-of-church-03-4x3-1-300x225.jpg 300w, https:\/\/martinluther.ca\/wp-content\/uploads\/2021\/01\/2020-Bowls-and-Blessings-Dec-1-to-24-in-front-of-church-03-4x3-1-768x576.jpg 768w, https:\/\/martinluther.ca\/wp-content\/uploads\/2021\/01\/2020-Bowls-and-Blessings-Dec-1-to-24-in-front-of-church-03-4x3-1-1536x1153.jpg 1536w, https:\/\/martinluther.ca\/wp-content\/uploads\/2021\/01\/2020-Bowls-and-Blessings-Dec-1-to-24-in-front-of-church-03-4x3-1-2048x1537.jpg 2048w\" width=\"1024\" height=\"768\"><\/a><\/figure><figure class=\"gallery-item\"><a href=\"https:\/\/martinluther.ca\/wp-content\/uploads\/2021\/01\/2020-Bowls-and-Blessings-Dec-1-to-24-in-front-of-church-04-4x3-1-scaled.jpg\" class=\"wpex-lightbox-group-item\" data-title=\"2020 Bowls and Blessings Dec 1 to 24 in front of church\"><img loading=\"lazy\" alt=\"2020 Bowls And Blessings Dec 1 To 24 In Front Of Church\" decoding=\"async\" src=\"https:\/\/martinluther.ca\/wp-content\/uploads\/2021\/01\/2020-Bowls-and-Blessings-Dec-1-to-24-in-front-of-church-04-4x3-1-scaled-1024x768.jpg\" srcset=\"https:\/\/martinluther.ca\/wp-content\/uploads\/2021\/01\/2020-Bowls-and-Blessings-Dec-1-to-24-in-front-of-church-04-4x3-1-scaled-1024x768.jpg 1024w, https:\/\/martinluther.ca\/wp-content\/uploads\/2021\/01\/2020-Bowls-and-Blessings-Dec-1-to-24-in-front-of-church-04-4x3-1-300x225.jpg 300w, https:\/\/martinluther.ca\/wp-content\/uploads\/2021\/01\/2020-Bowls-and-Blessings-Dec-1-to-24-in-front-of-church-04-4x3-1-768x576.jpg 768w, https:\/\/martinluther.ca\/wp-content\/uploads\/2021\/01\/2020-Bowls-and-Blessings-Dec-1-to-24-in-front-of-church-04-4x3-1-1536x1152.jpg 1536w, https:\/\/martinluther.ca\/wp-content\/uploads\/2021\/01\/2020-Bowls-and-Blessings-Dec-1-to-24-in-front-of-church-04-4x3-1-2048x1536.jpg 2048w\" width=\"1024\" height=\"768\"><\/a><\/figure><figure class=\"gallery-item\"><a href=\"https:\/\/martinluther.ca\/wp-content\/uploads\/2022\/01\/2022-Bowls-and-Blessings-Jan10th-01.jpg\" class=\"wpex-lightbox-group-item\"><img loading=\"lazy\" decoding=\"async\" src=\"https:\/\/martinluther.ca\/wp-content\/uploads\/2022\/01\/2022-Bowls-and-Blessings-Jan10th-01-1024x763.jpg\" alt=\"\" srcset=\"https:\/\/martinluther.ca\/wp-content\/uploads\/2022\/01\/2022-Bowls-and-Blessings-Jan10th-01-1024x763.jpg 1024w, https:\/\/martinluther.ca\/wp-content\/uploads\/2022\/01\/2022-Bowls-and-Blessings-Jan10th-01-300x224.jpg 300w, https:\/\/martinluther.ca\/wp-content\/uploads\/2022\/01\/2022-Bowls-and-Blessings-Jan10th-01-768x572.jpg 768w, https:\/\/martinluther.ca\/wp-content\/uploads\/2022\/01\/2022-Bowls-and-Blessings-Jan10th-01.jpg 1079w\" width=\"1024\" height=\"763\"><\/a><\/figure><\/div>\n\n","protected":false},"excerpt":{"rendered":"<p>Suppe und Segen Lebensmitteldienst (Bowls and Blessings food ministry) M\u00f6chten Sie sich nicht auch ehrenamtlich engagieren um beim betreuen unserer Suppenk\u00fcche mitzuhelfen? Dann wenden Sie sich bitte ans Kirchenb\u00fcro und melden Sie sich an um gelegentlich Essen mitzubringen bzw. beim Servieren mitzuhelfen! Die w\u00f6chentlichen Termine sind jeweils Dienstags und Freitags um 12 Uhr Mittag. Kontakt:&hellip;<\/p>\n","protected":false},"author":9,"featured_media":0,"parent":54614,"menu_order":0,"comment_status":"closed","ping_status":"closed","template":"","meta":{"footnotes":""},"class_list":["post-40254","page","type-page","status-publish","hentry","entry","no-media"],"yoast_head":"<!-- This site is optimized with the Yoast SEO plugin v27.4 - https:\/\/yoast.com\/product\/yoast-seo-wordpress\/ -->\n<title>Suppe und Segen -Lebensmitteldienst - Martin Luther Evangelische Kirche Toronto<\/title>\n<meta name=\"robots\" content=\"index, follow, max-snippet:-1, max-image-preview:large, max-video-preview:-1\" \/>\n<link rel=\"canonical\" href=\"https:\/\/martinluther.ca\/de\/nachbarschaftsarbeit\/suppe-und-segen-lebensmitteldienst\/\" \/>\n<meta property=\"og:locale\" content=\"de_DE\" \/>\n<meta property=\"og:type\" content=\"article\" \/>\n<meta property=\"og:title\" content=\"Suppe und Segen -Lebensmitteldienst - Martin Luther Evangelische Kirche Toronto\" \/>\n<meta property=\"og:description\" content=\"Suppe und Segen Lebensmitteldienst (Bowls and Blessings food ministry) M\u00f6chten Sie sich nicht auch ehrenamtlich engagieren um beim betreuen unserer Suppenk\u00fcche mitzuhelfen? Dann wenden Sie sich bitte ans Kirchenb\u00fcro und melden Sie sich an um gelegentlich Essen mitzubringen bzw. beim Servieren mitzuhelfen! Die w\u00f6chentlichen Termine sind jeweils Dienstags und Freitags um 12 Uhr Mittag. Kontakt:&hellip;\" \/>\n<meta property=\"og:url\" content=\"https:\/\/martinluther.ca\/de\/nachbarschaftsarbeit\/suppe-und-segen-lebensmitteldienst\/\" \/>\n<meta property=\"og:site_name\" content=\"Martin Luther Evangelische Kirche Toronto\" \/>\n<meta property=\"article:publisher\" content=\"https:\/\/www.facebook.com\/martinlutherchurchtoronto\" \/>\n<meta property=\"article:modified_time\" content=\"2026-02-14T21:31:08+00:00\" \/>\n<meta property=\"og:image\" content=\"https:\/\/martinluther.ca\/wp-content\/uploads\/2021\/01\/2020-Bowls-and-Blessings-Dec-1-to-24-in-front-of-church-07-4x3-1-150x150.jpg\" \/>\n<meta name=\"twitter:card\" content=\"summary_large_image\" \/>\n<meta name=\"twitter:label1\" content=\"Gesch\u00e4tzte Lesezeit\" \/>\n\t<meta name=\"twitter:data1\" content=\"3\u00a0Minuten\" \/>\n<script type=\"application\/ld+json\" class=\"yoast-schema-graph\">{\"@context\":\"https:\\\/\\\/schema.org\",\"@graph\":[{\"@type\":\"WebPage\",\"@id\":\"https:\\\/\\\/martinluther.ca\\\/de\\\/nachbarschaftsarbeit\\\/suppe-und-segen-lebensmitteldienst\\\/\",\"url\":\"https:\\\/\\\/martinluther.ca\\\/de\\\/nachbarschaftsarbeit\\\/suppe-und-segen-lebensmitteldienst\\\/\",\"name\":\"Suppe und Segen -Lebensmitteldienst - Martin Luther Evangelische Kirche Toronto\",\"isPartOf\":{\"@id\":\"https:\\\/\\\/martinluther.ca\\\/de\\\/#website\"},\"primaryImageOfPage\":{\"@id\":\"https:\\\/\\\/martinluther.ca\\\/de\\\/nachbarschaftsarbeit\\\/suppe-und-segen-lebensmitteldienst\\\/#primaryimage\"},\"image\":{\"@id\":\"https:\\\/\\\/martinluther.ca\\\/de\\\/nachbarschaftsarbeit\\\/suppe-und-segen-lebensmitteldienst\\\/#primaryimage\"},\"thumbnailUrl\":\"https:\\\/\\\/martinluther.ca\\\/wp-content\\\/uploads\\\/2022\\\/03\\\/2022-Bowls-and-Blessings-logo-300x300.jpg\",\"datePublished\":\"2022-01-06T19:05:14+00:00\",\"dateModified\":\"2026-02-14T21:31:08+00:00\",\"breadcrumb\":{\"@id\":\"https:\\\/\\\/martinluther.ca\\\/de\\\/nachbarschaftsarbeit\\\/suppe-und-segen-lebensmitteldienst\\\/#breadcrumb\"},\"inLanguage\":\"de\",\"potentialAction\":[{\"@type\":\"ReadAction\",\"target\":[\"https:\\\/\\\/martinluther.ca\\\/de\\\/nachbarschaftsarbeit\\\/suppe-und-segen-lebensmitteldienst\\\/\"]}]},{\"@type\":\"ImageObject\",\"inLanguage\":\"de\",\"@id\":\"https:\\\/\\\/martinluther.ca\\\/de\\\/nachbarschaftsarbeit\\\/suppe-und-segen-lebensmitteldienst\\\/#primaryimage\",\"url\":\"https:\\\/\\\/martinluther.ca\\\/wp-content\\\/uploads\\\/2022\\\/03\\\/2022-Bowls-and-Blessings-logo-300x300.jpg\",\"contentUrl\":\"https:\\\/\\\/martinluther.ca\\\/wp-content\\\/uploads\\\/2022\\\/03\\\/2022-Bowls-and-Blessings-logo-300x300.jpg\"},{\"@type\":\"BreadcrumbList\",\"@id\":\"https:\\\/\\\/martinluther.ca\\\/de\\\/nachbarschaftsarbeit\\\/suppe-und-segen-lebensmitteldienst\\\/#breadcrumb\",\"itemListElement\":[{\"@type\":\"ListItem\",\"position\":1,\"name\":\"Home\",\"item\":\"https:\\\/\\\/martinluther.ca\\\/de\\\/\"},{\"@type\":\"ListItem\",\"position\":2,\"name\":\"Nachbarschaftsarbeit\",\"item\":\"https:\\\/\\\/martinluther.ca\\\/de\\\/nachbarschaftsarbeit\\\/\"},{\"@type\":\"ListItem\",\"position\":3,\"name\":\"Suppe und Segen -Lebensmitteldienst\"}]},{\"@type\":\"WebSite\",\"@id\":\"https:\\\/\\\/martinluther.ca\\\/de\\\/#website\",\"url\":\"https:\\\/\\\/martinluther.ca\\\/de\\\/\",\"name\":\"Martin Luther Evangelical Church Toronto\",\"description\":\"Deutsch &amp; Englisch\",\"publisher\":{\"@id\":\"https:\\\/\\\/martinluther.ca\\\/de\\\/#organization\"},\"potentialAction\":[{\"@type\":\"SearchAction\",\"target\":{\"@type\":\"EntryPoint\",\"urlTemplate\":\"https:\\\/\\\/martinluther.ca\\\/de\\\/?s={search_term_string}\"},\"query-input\":{\"@type\":\"PropertyValueSpecification\",\"valueRequired\":true,\"valueName\":\"search_term_string\"}}],\"inLanguage\":\"de\"},{\"@type\":\"Organization\",\"@id\":\"https:\\\/\\\/martinluther.ca\\\/de\\\/#organization\",\"name\":\"Martin Luther Evangelical Church Toronto\",\"url\":\"https:\\\/\\\/martinluther.ca\\\/de\\\/\",\"logo\":{\"@type\":\"ImageObject\",\"inLanguage\":\"de\",\"@id\":\"https:\\\/\\\/martinluther.ca\\\/de\\\/#\\\/schema\\\/logo\\\/image\\\/\",\"url\":\"https:\\\/\\\/martinluther.ca\\\/wp-content\\\/uploads\\\/2016\\\/12\\\/ml-logo-300.png\",\"contentUrl\":\"https:\\\/\\\/martinluther.ca\\\/wp-content\\\/uploads\\\/2016\\\/12\\\/ml-logo-300.png\",\"width\":300,\"height\":150,\"caption\":\"Martin Luther Evangelical Church Toronto\"},\"image\":{\"@id\":\"https:\\\/\\\/martinluther.ca\\\/de\\\/#\\\/schema\\\/logo\\\/image\\\/\"},\"sameAs\":[\"https:\\\/\\\/www.facebook.com\\\/martinlutherchurchtoronto\",\"https:\\\/\\\/www.instagram.com\\\/lutheransbythelake\\\/\",\"https:\\\/\\\/www.youtube.com\\\/MartinLutherChurchToronto\"]}]}<\/script>\n<!-- \/ Yoast SEO plugin. -->","yoast_head_json":{"title":"Suppe und Segen -Lebensmitteldienst - Martin Luther Evangelische Kirche Toronto","robots":{"index":"index","follow":"follow","max-snippet":"max-snippet:-1","max-image-preview":"max-image-preview:large","max-video-preview":"max-video-preview:-1"},"canonical":"https:\/\/martinluther.ca\/de\/nachbarschaftsarbeit\/suppe-und-segen-lebensmitteldienst\/","og_locale":"de_DE","og_type":"article","og_title":"Suppe und Segen -Lebensmitteldienst - Martin Luther Evangelische Kirche Toronto","og_description":"Suppe und Segen Lebensmitteldienst (Bowls and Blessings food ministry) M\u00f6chten Sie sich nicht auch ehrenamtlich engagieren um beim betreuen unserer Suppenk\u00fcche mitzuhelfen? Dann wenden Sie sich bitte ans Kirchenb\u00fcro und melden Sie sich an um gelegentlich Essen mitzubringen bzw. beim Servieren mitzuhelfen! Die w\u00f6chentlichen Termine sind jeweils Dienstags und Freitags um 12 Uhr Mittag. Kontakt:&hellip;","og_url":"https:\/\/martinluther.ca\/de\/nachbarschaftsarbeit\/suppe-und-segen-lebensmitteldienst\/","og_site_name":"Martin Luther Evangelische Kirche Toronto","article_publisher":"https:\/\/www.facebook.com\/martinlutherchurchtoronto","article_modified_time":"2026-02-14T21:31:08+00:00","og_image":[{"url":"https:\/\/martinluther.ca\/wp-content\/uploads\/2021\/01\/2020-Bowls-and-Blessings-Dec-1-to-24-in-front-of-church-07-4x3-1-150x150.jpg","type":"","width":"","height":""}],"twitter_card":"summary_large_image","twitter_misc":{"Gesch\u00e4tzte Lesezeit":"3\u00a0Minuten"},"schema":{"@context":"https:\/\/schema.org","@graph":[{"@type":"WebPage","@id":"https:\/\/martinluther.ca\/de\/nachbarschaftsarbeit\/suppe-und-segen-lebensmitteldienst\/","url":"https:\/\/martinluther.ca\/de\/nachbarschaftsarbeit\/suppe-und-segen-lebensmitteldienst\/","name":"Suppe und Segen -Lebensmitteldienst - Martin Luther Evangelische Kirche Toronto","isPartOf":{"@id":"https:\/\/martinluther.ca\/de\/#website"},"primaryImageOfPage":{"@id":"https:\/\/martinluther.ca\/de\/nachbarschaftsarbeit\/suppe-und-segen-lebensmitteldienst\/#primaryimage"},"image":{"@id":"https:\/\/martinluther.ca\/de\/nachbarschaftsarbeit\/suppe-und-segen-lebensmitteldienst\/#primaryimage"},"thumbnailUrl":"https:\/\/martinluther.ca\/wp-content\/uploads\/2022\/03\/2022-Bowls-and-Blessings-logo-300x300.jpg","datePublished":"2022-01-06T19:05:14+00:00","dateModified":"2026-02-14T21:31:08+00:00","breadcrumb":{"@id":"https:\/\/martinluther.ca\/de\/nachbarschaftsarbeit\/suppe-und-segen-lebensmitteldienst\/#breadcrumb"},"inLanguage":"de","potentialAction":[{"@type":"ReadAction","target":["https:\/\/martinluther.ca\/de\/nachbarschaftsarbeit\/suppe-und-segen-lebensmitteldienst\/"]}]},{"@type":"ImageObject","inLanguage":"de","@id":"https:\/\/martinluther.ca\/de\/nachbarschaftsarbeit\/suppe-und-segen-lebensmitteldienst\/#primaryimage","url":"https:\/\/martinluther.ca\/wp-content\/uploads\/2022\/03\/2022-Bowls-and-Blessings-logo-300x300.jpg","contentUrl":"https:\/\/martinluther.ca\/wp-content\/uploads\/2022\/03\/2022-Bowls-and-Blessings-logo-300x300.jpg"},{"@type":"BreadcrumbList","@id":"https:\/\/martinluther.ca\/de\/nachbarschaftsarbeit\/suppe-und-segen-lebensmitteldienst\/#breadcrumb","itemListElement":[{"@type":"ListItem","position":1,"name":"Home","item":"https:\/\/martinluther.ca\/de\/"},{"@type":"ListItem","position":2,"name":"Nachbarschaftsarbeit","item":"https:\/\/martinluther.ca\/de\/nachbarschaftsarbeit\/"},{"@type":"ListItem","position":3,"name":"Suppe und Segen -Lebensmitteldienst"}]},{"@type":"WebSite","@id":"https:\/\/martinluther.ca\/de\/#website","url":"https:\/\/martinluther.ca\/de\/","name":"Martin Luther Evangelical Church Toronto","description":"Deutsch &amp; Englisch","publisher":{"@id":"https:\/\/martinluther.ca\/de\/#organization"},"potentialAction":[{"@type":"SearchAction","target":{"@type":"EntryPoint","urlTemplate":"https:\/\/martinluther.ca\/de\/?s={search_term_string}"},"query-input":{"@type":"PropertyValueSpecification","valueRequired":true,"valueName":"search_term_string"}}],"inLanguage":"de"},{"@type":"Organization","@id":"https:\/\/martinluther.ca\/de\/#organization","name":"Martin Luther Evangelical Church Toronto","url":"https:\/\/martinluther.ca\/de\/","logo":{"@type":"ImageObject","inLanguage":"de","@id":"https:\/\/martinluther.ca\/de\/#\/schema\/logo\/image\/","url":"https:\/\/martinluther.ca\/wp-content\/uploads\/2016\/12\/ml-logo-300.png","contentUrl":"https:\/\/martinluther.ca\/wp-content\/uploads\/2016\/12\/ml-logo-300.png","width":300,"height":150,"caption":"Martin Luther Evangelical Church Toronto"},"image":{"@id":"https:\/\/martinluther.ca\/de\/#\/schema\/logo\/image\/"},"sameAs":["https:\/\/www.facebook.com\/martinlutherchurchtoronto","https:\/\/www.instagram.com\/lutheransbythelake\/","https:\/\/www.youtube.com\/MartinLutherChurchToronto"]}]}},"_links":{"self":[{"href":"https:\/\/martinluther.ca\/de\/wp-json\/wp\/v2\/pages\/40254","targetHints":{"allow":["GET"]}}],"collection":[{"href":"https:\/\/martinluther.ca\/de\/wp-json\/wp\/v2\/pages"}],"about":[{"href":"https:\/\/martinluther.ca\/de\/wp-json\/wp\/v2\/types\/page"}],"author":[{"embeddable":true,"href":"https:\/\/martinluther.ca\/de\/wp-json\/wp\/v2\/users\/9"}],"replies":[{"embeddable":true,"href":"https:\/\/martinluther.ca\/de\/wp-json\/wp\/v2\/comments?post=40254"}],"version-history":[{"count":16,"href":"https:\/\/martinluther.ca\/de\/wp-json\/wp\/v2\/pages\/40254\/revisions"}],"predecessor-version":[{"id":58877,"href":"https:\/\/martinluther.ca\/de\/wp-json\/wp\/v2\/pages\/40254\/revisions\/58877"}],"up":[{"embeddable":true,"href":"https:\/\/martinluther.ca\/de\/wp-json\/wp\/v2\/pages\/54614"}],"wp:attachment":[{"href":"https:\/\/martinluther.ca\/de\/wp-json\/wp\/v2\/media?parent=40254"}],"curies":[{"name":"wp","href":"https:\/\/api.w.org\/{rel}","templated":true}]}}