{"id":43595,"date":"2022-12-13T11:23:26","date_gmt":"2022-12-13T16:23:26","guid":{"rendered":"https:\/\/martinluther.ca\/?page_id=43595"},"modified":"2025-11-19T16:03:06","modified_gmt":"2025-11-19T21:03:06","slug":"der-kirche-ein-vermaechtnisgeschenk-hinterlassen","status":"publish","type":"page","link":"https:\/\/martinluther.ca\/de\/der-kirche-ein-vermaechtnisgeschenk-hinterlassen\/","title":{"rendered":"Der Kirche ein Verm\u00e4chtnisgeschenk hinterlassen"},"content":{"rendered":"<p>Hinterlassen Sie der Kirche ein Verm\u00e4chtnisgeschenk &#8211; wie es geht &#8230; in Nachlassplanung.<\/p>\n<p>Bitte lassen Sie uns telefonisch oder per E-Mail wissen, ob Sie am Anfang des neuen Jahres 2023 an einem <strong>Workshop zur Nachlassplanung in der Martin-Luther-Kirche<\/strong> teilnehmen m\u00f6chten. Wir begr\u00fc\u00dfen Ihre Philanthropie!<\/p>\n<p><strong>Die zehn Hauptgr\u00fcnde daf\u00fcr, der Kirche etwas zu hinterlassen<\/strong><br \/>\n1. Menschen wie Sie sind VON NATUR AUS GROSSZ\u00dcGIG.<\/p>\n<p>2. Sie k\u00f6nnen sich vielleicht gar nicht VORSTELLEN, was f\u00fcr AUSWIRKUNGEN Ihre Schenkung haben kann.<\/p>\n<p>3. Durch eine Schenkung aus Ihrem Nachlass k\u00f6nnen Sie einige sehr g\u00fcnstige STEUERLICHE VORTEILE ausnutzen.<\/p>\n<p>4. Durch eine strategische Schenkung oder eine Hinterlassenschaft k\u00f6nnen auch Sie zum \u201cWOHLT\u00c4TER\u201d werden.<\/p>\n<p>5. Kanada hat die GROSSZ\u00dcGIGSTEN STEUERANREIZE weltweit f\u00fcr Spenden.<\/p>\n<p>6. Sie k\u00f6nnen S\u00c4MTLICHE STEUERN AUSSCHLIESSEN, wenn Sie eine gemeinn\u00fctzige Organisation zum Erben einsetzen &#8211; das ist wirklich drastisch!<\/p>\n<p>7. Wenn Sie einen Nachlass mit einer gro\u00dfen Steuernachzahlung in der LETZTEN NACHLASS-STEUERERKL\u00c4RUNG haben, k\u00f6nnen Sie Schenkungen von bis zu 100% Ihres Einkommens in Ihrem letzten Lebensjahr und im Jahr davor geltend machen. Wenn Sie gen\u00fcgend spenden, kann das die Steuern der LETZTEN STEUERERKL\u00c4RUNG komplett eliminieren. Auf diese Weise w\u00fcrde Ihre Familie keinerlei Steuern auf Ihren Nachlass zahlen m\u00fcssen.<\/p>\n<p>8. Bei einer Schenkung aus einem Nachlass geht es NICHT darum, \u201cf\u00fcr wohlt\u00e4tige Zwecke zu spenden und die Familie zu enterben\u201d, \u2013 sondern es geht um einen AUSGLEICHENDEN Vorgang.<\/p>\n<p>9. In der Tat k\u00f6nnen IHREN KINDERN MEHR GELD HINTERLASSEN, wenn Sie der Kirche etwas vermachen.<br \/>\n10. Auch wenn Viele von uns es vorziehen, nicht daran zu denken, was nach unserem Ableben passiert, KANN EIN POSITIVES VORAUSPLANEN DAZU BEITRAGEN, DASS WIR UNS DABEI SEHR VIEL BESSER F\u00dcHLEN.<\/p>\n","protected":false},"excerpt":{"rendered":"<p>Hinterlassen Sie der Kirche ein Verm\u00e4chtnisgeschenk &#8211; wie es geht &#8230; in Nachlassplanung. Bitte lassen Sie uns telefonisch oder per E-Mail wissen, ob Sie am Anfang des neuen Jahres 2023 an einem Workshop zur Nachlassplanung in der Martin-Luther-Kirche teilnehmen m\u00f6chten. Wir begr\u00fc\u00dfen Ihre Philanthropie! Die zehn Hauptgr\u00fcnde daf\u00fcr, der Kirche etwas zu hinterlassen 1. Menschen&hellip;<\/p>\n","protected":false},"author":9,"featured_media":0,"parent":0,"menu_order":0,"comment_status":"closed","ping_status":"closed","template":"","meta":{"footnotes":""},"class_list":["post-43595","page","type-page","status-publish","hentry","entry","no-media"],"yoast_head":"<!-- This site is optimized with the Yoast SEO plugin v27.4 - https:\/\/yoast.com\/product\/yoast-seo-wordpress\/ -->\n<title>Der Kirche ein Verm\u00e4chtnisgeschenk hinterlassen - Martin Luther Evangelische Kirche Toronto<\/title>\n<meta name=\"robots\" content=\"index, follow, max-snippet:-1, max-image-preview:large, max-video-preview:-1\" \/>\n<link rel=\"canonical\" href=\"https:\/\/martinluther.ca\/leave-a-legacy-gift-to-the-church\/\" \/>\n<meta property=\"og:locale\" content=\"de_DE\" \/>\n<meta property=\"og:type\" content=\"article\" \/>\n<meta property=\"og:title\" content=\"Der Kirche ein Verm\u00e4chtnisgeschenk hinterlassen - Martin Luther Evangelische Kirche Toronto\" \/>\n<meta property=\"og:description\" content=\"Hinterlassen Sie der Kirche ein Verm\u00e4chtnisgeschenk &#8211; wie es geht &#8230; in Nachlassplanung. Bitte lassen Sie uns telefonisch oder per E-Mail wissen, ob Sie am Anfang des neuen Jahres 2023 an einem Workshop zur Nachlassplanung in der Martin-Luther-Kirche teilnehmen m\u00f6chten. Wir begr\u00fc\u00dfen Ihre Philanthropie! Die zehn Hauptgr\u00fcnde daf\u00fcr, der Kirche etwas zu hinterlassen 1. Menschen&hellip;\" \/>\n<meta property=\"og:url\" content=\"https:\/\/martinluther.ca\/leave-a-legacy-gift-to-the-church\/\" \/>\n<meta property=\"og:site_name\" content=\"Martin Luther Evangelische Kirche Toronto\" \/>\n<meta property=\"article:publisher\" content=\"https:\/\/www.facebook.com\/martinlutherchurchtoronto\" \/>\n<meta property=\"article:modified_time\" content=\"2025-11-19T21:03:06+00:00\" \/>\n<meta name=\"twitter:card\" content=\"summary_large_image\" \/>\n<meta name=\"twitter:label1\" content=\"Gesch\u00e4tzte Lesezeit\" \/>\n\t<meta name=\"twitter:data1\" content=\"2\u00a0Minuten\" \/>\n<script type=\"application\/ld+json\" class=\"yoast-schema-graph\">{\"@context\":\"https:\\\/\\\/schema.org\",\"@graph\":[{\"@type\":\"WebPage\",\"@id\":\"https:\\\/\\\/martinluther.ca\\\/leave-a-legacy-gift-to-the-church\\\/\",\"url\":\"https:\\\/\\\/martinluther.ca\\\/leave-a-legacy-gift-to-the-church\\\/\",\"name\":\"Der Kirche ein Verm\u00e4chtnisgeschenk hinterlassen - Martin Luther Evangelische Kirche Toronto\",\"isPartOf\":{\"@id\":\"https:\\\/\\\/martinluther.ca\\\/de\\\/#website\"},\"datePublished\":\"2022-12-13T16:23:26+00:00\",\"dateModified\":\"2025-11-19T21:03:06+00:00\",\"breadcrumb\":{\"@id\":\"https:\\\/\\\/martinluther.ca\\\/leave-a-legacy-gift-to-the-church\\\/#breadcrumb\"},\"inLanguage\":\"de\",\"potentialAction\":[{\"@type\":\"ReadAction\",\"target\":[\"https:\\\/\\\/martinluther.ca\\\/leave-a-legacy-gift-to-the-church\\\/\"]}]},{\"@type\":\"BreadcrumbList\",\"@id\":\"https:\\\/\\\/martinluther.ca\\\/leave-a-legacy-gift-to-the-church\\\/#breadcrumb\",\"itemListElement\":[{\"@type\":\"ListItem\",\"position\":1,\"name\":\"Home\",\"item\":\"https:\\\/\\\/martinluther.ca\\\/de\\\/\"},{\"@type\":\"ListItem\",\"position\":2,\"name\":\"Der Kirche ein Verm\u00e4chtnisgeschenk hinterlassen\"}]},{\"@type\":\"WebSite\",\"@id\":\"https:\\\/\\\/martinluther.ca\\\/de\\\/#website\",\"url\":\"https:\\\/\\\/martinluther.ca\\\/de\\\/\",\"name\":\"Martin Luther Evangelical Church Toronto\",\"description\":\"Deutsch &amp; Englisch\",\"publisher\":{\"@id\":\"https:\\\/\\\/martinluther.ca\\\/de\\\/#organization\"},\"potentialAction\":[{\"@type\":\"SearchAction\",\"target\":{\"@type\":\"EntryPoint\",\"urlTemplate\":\"https:\\\/\\\/martinluther.ca\\\/de\\\/?s={search_term_string}\"},\"query-input\":{\"@type\":\"PropertyValueSpecification\",\"valueRequired\":true,\"valueName\":\"search_term_string\"}}],\"inLanguage\":\"de\"},{\"@type\":\"Organization\",\"@id\":\"https:\\\/\\\/martinluther.ca\\\/de\\\/#organization\",\"name\":\"Martin Luther Evangelical Church Toronto\",\"url\":\"https:\\\/\\\/martinluther.ca\\\/de\\\/\",\"logo\":{\"@type\":\"ImageObject\",\"inLanguage\":\"de\",\"@id\":\"https:\\\/\\\/martinluther.ca\\\/de\\\/#\\\/schema\\\/logo\\\/image\\\/\",\"url\":\"https:\\\/\\\/martinluther.ca\\\/wp-content\\\/uploads\\\/2016\\\/12\\\/ml-logo-300.png\",\"contentUrl\":\"https:\\\/\\\/martinluther.ca\\\/wp-content\\\/uploads\\\/2016\\\/12\\\/ml-logo-300.png\",\"width\":300,\"height\":150,\"caption\":\"Martin Luther Evangelical Church Toronto\"},\"image\":{\"@id\":\"https:\\\/\\\/martinluther.ca\\\/de\\\/#\\\/schema\\\/logo\\\/image\\\/\"},\"sameAs\":[\"https:\\\/\\\/www.facebook.com\\\/martinlutherchurchtoronto\",\"https:\\\/\\\/www.instagram.com\\\/lutheransbythelake\\\/\",\"https:\\\/\\\/www.youtube.com\\\/MartinLutherChurchToronto\"]}]}<\/script>\n<!-- \/ Yoast SEO plugin. -->","yoast_head_json":{"title":"Der Kirche ein Verm\u00e4chtnisgeschenk hinterlassen - Martin Luther Evangelische Kirche Toronto","robots":{"index":"index","follow":"follow","max-snippet":"max-snippet:-1","max-image-preview":"max-image-preview:large","max-video-preview":"max-video-preview:-1"},"canonical":"https:\/\/martinluther.ca\/leave-a-legacy-gift-to-the-church\/","og_locale":"de_DE","og_type":"article","og_title":"Der Kirche ein Verm\u00e4chtnisgeschenk hinterlassen - Martin Luther Evangelische Kirche Toronto","og_description":"Hinterlassen Sie der Kirche ein Verm\u00e4chtnisgeschenk &#8211; wie es geht &#8230; in Nachlassplanung. Bitte lassen Sie uns telefonisch oder per E-Mail wissen, ob Sie am Anfang des neuen Jahres 2023 an einem Workshop zur Nachlassplanung in der Martin-Luther-Kirche teilnehmen m\u00f6chten. Wir begr\u00fc\u00dfen Ihre Philanthropie! Die zehn Hauptgr\u00fcnde daf\u00fcr, der Kirche etwas zu hinterlassen 1. Menschen&hellip;","og_url":"https:\/\/martinluther.ca\/leave-a-legacy-gift-to-the-church\/","og_site_name":"Martin Luther Evangelische Kirche Toronto","article_publisher":"https:\/\/www.facebook.com\/martinlutherchurchtoronto","article_modified_time":"2025-11-19T21:03:06+00:00","twitter_card":"summary_large_image","twitter_misc":{"Gesch\u00e4tzte Lesezeit":"2\u00a0Minuten"},"schema":{"@context":"https:\/\/schema.org","@graph":[{"@type":"WebPage","@id":"https:\/\/martinluther.ca\/leave-a-legacy-gift-to-the-church\/","url":"https:\/\/martinluther.ca\/leave-a-legacy-gift-to-the-church\/","name":"Der Kirche ein Verm\u00e4chtnisgeschenk hinterlassen - Martin Luther Evangelische Kirche Toronto","isPartOf":{"@id":"https:\/\/martinluther.ca\/de\/#website"},"datePublished":"2022-12-13T16:23:26+00:00","dateModified":"2025-11-19T21:03:06+00:00","breadcrumb":{"@id":"https:\/\/martinluther.ca\/leave-a-legacy-gift-to-the-church\/#breadcrumb"},"inLanguage":"de","potentialAction":[{"@type":"ReadAction","target":["https:\/\/martinluther.ca\/leave-a-legacy-gift-to-the-church\/"]}]},{"@type":"BreadcrumbList","@id":"https:\/\/martinluther.ca\/leave-a-legacy-gift-to-the-church\/#breadcrumb","itemListElement":[{"@type":"ListItem","position":1,"name":"Home","item":"https:\/\/martinluther.ca\/de\/"},{"@type":"ListItem","position":2,"name":"Der Kirche ein Verm\u00e4chtnisgeschenk hinterlassen"}]},{"@type":"WebSite","@id":"https:\/\/martinluther.ca\/de\/#website","url":"https:\/\/martinluther.ca\/de\/","name":"Martin Luther Evangelical Church Toronto","description":"Deutsch &amp; Englisch","publisher":{"@id":"https:\/\/martinluther.ca\/de\/#organization"},"potentialAction":[{"@type":"SearchAction","target":{"@type":"EntryPoint","urlTemplate":"https:\/\/martinluther.ca\/de\/?s={search_term_string}"},"query-input":{"@type":"PropertyValueSpecification","valueRequired":true,"valueName":"search_term_string"}}],"inLanguage":"de"},{"@type":"Organization","@id":"https:\/\/martinluther.ca\/de\/#organization","name":"Martin Luther Evangelical Church Toronto","url":"https:\/\/martinluther.ca\/de\/","logo":{"@type":"ImageObject","inLanguage":"de","@id":"https:\/\/martinluther.ca\/de\/#\/schema\/logo\/image\/","url":"https:\/\/martinluther.ca\/wp-content\/uploads\/2016\/12\/ml-logo-300.png","contentUrl":"https:\/\/martinluther.ca\/wp-content\/uploads\/2016\/12\/ml-logo-300.png","width":300,"height":150,"caption":"Martin Luther Evangelical Church Toronto"},"image":{"@id":"https:\/\/martinluther.ca\/de\/#\/schema\/logo\/image\/"},"sameAs":["https:\/\/www.facebook.com\/martinlutherchurchtoronto","https:\/\/www.instagram.com\/lutheransbythelake\/","https:\/\/www.youtube.com\/MartinLutherChurchToronto"]}]}},"_links":{"self":[{"href":"https:\/\/martinluther.ca\/de\/wp-json\/wp\/v2\/pages\/43595","targetHints":{"allow":["GET"]}}],"collection":[{"href":"https:\/\/martinluther.ca\/de\/wp-json\/wp\/v2\/pages"}],"about":[{"href":"https:\/\/martinluther.ca\/de\/wp-json\/wp\/v2\/types\/page"}],"author":[{"embeddable":true,"href":"https:\/\/martinluther.ca\/de\/wp-json\/wp\/v2\/users\/9"}],"replies":[{"embeddable":true,"href":"https:\/\/martinluther.ca\/de\/wp-json\/wp\/v2\/comments?post=43595"}],"version-history":[{"count":1,"href":"https:\/\/martinluther.ca\/de\/wp-json\/wp\/v2\/pages\/43595\/revisions"}],"predecessor-version":[{"id":43596,"href":"https:\/\/martinluther.ca\/de\/wp-json\/wp\/v2\/pages\/43595\/revisions\/43596"}],"wp:attachment":[{"href":"https:\/\/martinluther.ca\/de\/wp-json\/wp\/v2\/media?parent=43595"}],"curies":[{"name":"wp","href":"https:\/\/api.w.org\/{rel}","templated":true}]}}