{"id":44095,"date":"2023-01-18T11:33:59","date_gmt":"2023-01-18T16:33:59","guid":{"rendered":"https:\/\/martinluther.ca\/?page_id=44095"},"modified":"2025-11-19T16:07:29","modified_gmt":"2025-11-19T21:07:29","slug":"tech-team-german","status":"publish","type":"page","link":"https:\/\/martinluther.ca\/de\/programme-und-dienste\/tech-team-german\/","title":{"rendered":"Tech-Team &#8211; German"},"content":{"rendered":"<p><img loading=\"lazy\" decoding=\"async\" class=\"alignright size-medium wp-image-41096\" src=\"https:\/\/martinluther.ca\/wp-content\/uploads\/2022\/05\/2022-Easter-Service-24-Andy-and-Alex-Boettcher-300x225.jpg\" alt=\"2022 Tech Team -Andy and Alex Boettcher\" width=\"300\" height=\"225\" srcset=\"https:\/\/martinluther.ca\/wp-content\/uploads\/2022\/05\/2022-Easter-Service-24-Andy-and-Alex-Boettcher-300x225.jpg 300w, https:\/\/martinluther.ca\/wp-content\/uploads\/2022\/05\/2022-Easter-Service-24-Andy-and-Alex-Boettcher-1024x768.jpg 1024w, https:\/\/martinluther.ca\/wp-content\/uploads\/2022\/05\/2022-Easter-Service-24-Andy-and-Alex-Boettcher-768x576.jpg 768w, https:\/\/martinluther.ca\/wp-content\/uploads\/2022\/05\/2022-Easter-Service-24-Andy-and-Alex-Boettcher.jpg 1280w\" sizes=\"auto, (max-width: 300px) 100vw, 300px\" \/>Haben Sie sich unsere YouTube-Videos angesehen? &#8211; Das ist unserem Tech-Team zu verdanken!<\/p>\n<p>Besuchen Sie unseren YouTube-Kanal unter <a href=\"https:\/\/www.youtube.com\/MartinLutherChurchToronto\" target=\"_blank\" rel=\"noopener\">https:\/\/www.youtube.com\/MartinLutherChurchToronto<\/a><\/p>\n<p><strong>Das Tech-Team reduziert sich!<\/strong><\/p>\n<p>Ab Januar 2023 hat das Tech-Team der Kirche die w\u00f6chentliche Aufzeichnung und Ver\u00f6ffentlichung der Predigten ausgesetzt und wird nur noch zu besonderen Anl\u00e4ssen in unserem liturgischen Jahr aufzeichnen.<\/p>\n<p>Dies liegt an der geringen Anzahl von Videoaufrufen, seit wir die Menschen wieder bei unseren pers\u00f6nlichen Diensten willkommen gehei\u00dfen haben, jetzt, da die Covid-19-Pandemie einigerma\u00dfen unter Kontrolle ist, und, was noch wichtiger ist, am Mangel an zus\u00e4tzlichen helfenden H\u00e4nden f\u00fcr das Technikteam. Bitte melden Sie sich, wenn Ihre Talente in diesem Bereich liegen.<\/p>\n<p>Geplante Drehtermine f\u00fcr 2023 sind: Epiphanias, Karfreitag, Ostersonntag, Pfingstsonntag, Deutsches Erntedankfest, Reformationssonntag, Allerheiligen, und Heiligabend.<\/p>\n<p>Wenn jemand m\u00f6chte, dass ein bestimmter Gottesdienst \u2013 abgesehen von diesen \u2013 gefilmt wird (z. B. Familienereignisse wie Taufen, Hochzeiten, Beerdigungen usw.), wird er gebeten, sich mindestens eine Woche im Voraus mit der Kirche in Verbindung zu setzen und eine entsprechende Spende zu leisten an die Kirche (empfohlener Betrag: 250 $\/Veranstaltung).<\/p>\n<p>Kontakt: Peter Schweiger, Alex Boettcher, Andy Boettcher via <a href=\"mailto:office@martinluther.ca\" target=\"_blank\" rel=\"noopener\">office@martinluther.ca<\/a><\/p>\n<p>&nbsp;<\/p>\n<p><img loading=\"lazy\" decoding=\"async\" class=\"alignleft size-large wp-image-41090\" src=\"https:\/\/martinluther.ca\/wp-content\/uploads\/2022\/05\/2022-MLC-Tech-Team-camera-Mar24-02-2-701x1024.jpg\" alt=\"2022 MLC Tech Team camera Mar24\" width=\"701\" height=\"1024\" srcset=\"https:\/\/martinluther.ca\/wp-content\/uploads\/2022\/05\/2022-MLC-Tech-Team-camera-Mar24-02-2-701x1024.jpg 701w, https:\/\/martinluther.ca\/wp-content\/uploads\/2022\/05\/2022-MLC-Tech-Team-camera-Mar24-02-2-205x300.jpg 205w, https:\/\/martinluther.ca\/wp-content\/uploads\/2022\/05\/2022-MLC-Tech-Team-camera-Mar24-02-2-768x1121.jpg 768w, https:\/\/martinluther.ca\/wp-content\/uploads\/2022\/05\/2022-MLC-Tech-Team-camera-Mar24-02-2-1052x1536.jpg 1052w, https:\/\/martinluther.ca\/wp-content\/uploads\/2022\/05\/2022-MLC-Tech-Team-camera-Mar24-02-2.jpg 1267w\" sizes=\"auto, (max-width: 701px) 100vw, 701px\" \/><\/p>\n","protected":false},"excerpt":{"rendered":"<p>Haben Sie sich unsere YouTube-Videos angesehen? &#8211; Das ist unserem Tech-Team zu verdanken! Besuchen Sie unseren YouTube-Kanal unter https:\/\/www.youtube.com\/MartinLutherChurchToronto Das Tech-Team reduziert sich! Ab Januar 2023 hat das Tech-Team der Kirche die w\u00f6chentliche Aufzeichnung und Ver\u00f6ffentlichung der Predigten ausgesetzt und wird nur noch zu besonderen Anl\u00e4ssen in unserem liturgischen Jahr aufzeichnen. Dies liegt an der&hellip;<\/p>\n","protected":false},"author":9,"featured_media":0,"parent":18913,"menu_order":0,"comment_status":"open","ping_status":"closed","template":"","meta":{"footnotes":""},"class_list":["post-44095","page","type-page","status-publish","hentry","entry","no-media"],"yoast_head":"<!-- This site is optimized with the Yoast SEO plugin v27.4 - https:\/\/yoast.com\/product\/yoast-seo-wordpress\/ -->\n<title>Tech-Team - German - Martin Luther Evangelische Kirche Toronto<\/title>\n<meta name=\"robots\" content=\"index, follow, max-snippet:-1, max-image-preview:large, max-video-preview:-1\" \/>\n<link rel=\"canonical\" href=\"https:\/\/martinluther.ca\/de\/programme-und-dienste\/tech-team-german\/\" \/>\n<meta property=\"og:locale\" content=\"de_DE\" \/>\n<meta property=\"og:type\" content=\"article\" \/>\n<meta property=\"og:title\" content=\"Tech-Team - German - Martin Luther Evangelische Kirche Toronto\" \/>\n<meta property=\"og:description\" content=\"Haben Sie sich unsere YouTube-Videos angesehen? &#8211; Das ist unserem Tech-Team zu verdanken! Besuchen Sie unseren YouTube-Kanal unter https:\/\/www.youtube.com\/MartinLutherChurchToronto Das Tech-Team reduziert sich! Ab Januar 2023 hat das Tech-Team der Kirche die w\u00f6chentliche Aufzeichnung und Ver\u00f6ffentlichung der Predigten ausgesetzt und wird nur noch zu besonderen Anl\u00e4ssen in unserem liturgischen Jahr aufzeichnen. Dies liegt an der&hellip;\" \/>\n<meta property=\"og:url\" content=\"https:\/\/martinluther.ca\/de\/programme-und-dienste\/tech-team-german\/\" \/>\n<meta property=\"og:site_name\" content=\"Martin Luther Evangelische Kirche Toronto\" \/>\n<meta property=\"article:publisher\" content=\"https:\/\/www.facebook.com\/martinlutherchurchtoronto\" \/>\n<meta property=\"article:modified_time\" content=\"2025-11-19T21:07:29+00:00\" \/>\n<meta property=\"og:image\" content=\"https:\/\/martinluther.ca\/wp-content\/uploads\/2022\/05\/2022-Easter-Service-24-Andy-and-Alex-Boettcher-300x225.jpg\" \/>\n<meta name=\"twitter:card\" content=\"summary_large_image\" \/>\n<meta name=\"twitter:label1\" content=\"Gesch\u00e4tzte Lesezeit\" \/>\n\t<meta name=\"twitter:data1\" content=\"2\u00a0Minuten\" \/>\n<script type=\"application\/ld+json\" class=\"yoast-schema-graph\">{\"@context\":\"https:\\\/\\\/schema.org\",\"@graph\":[{\"@type\":\"WebPage\",\"@id\":\"https:\\\/\\\/martinluther.ca\\\/de\\\/programme-und-dienste\\\/tech-team-german\\\/\",\"url\":\"https:\\\/\\\/martinluther.ca\\\/de\\\/programme-und-dienste\\\/tech-team-german\\\/\",\"name\":\"Tech-Team - German - Martin Luther Evangelische Kirche Toronto\",\"isPartOf\":{\"@id\":\"https:\\\/\\\/martinluther.ca\\\/de\\\/#website\"},\"primaryImageOfPage\":{\"@id\":\"https:\\\/\\\/martinluther.ca\\\/de\\\/programme-und-dienste\\\/tech-team-german\\\/#primaryimage\"},\"image\":{\"@id\":\"https:\\\/\\\/martinluther.ca\\\/de\\\/programme-und-dienste\\\/tech-team-german\\\/#primaryimage\"},\"thumbnailUrl\":\"https:\\\/\\\/martinluther.ca\\\/wp-content\\\/uploads\\\/2022\\\/05\\\/2022-Easter-Service-24-Andy-and-Alex-Boettcher-300x225.jpg\",\"datePublished\":\"2023-01-18T16:33:59+00:00\",\"dateModified\":\"2025-11-19T21:07:29+00:00\",\"breadcrumb\":{\"@id\":\"https:\\\/\\\/martinluther.ca\\\/de\\\/programme-und-dienste\\\/tech-team-german\\\/#breadcrumb\"},\"inLanguage\":\"de\",\"potentialAction\":[{\"@type\":\"ReadAction\",\"target\":[\"https:\\\/\\\/martinluther.ca\\\/de\\\/programme-und-dienste\\\/tech-team-german\\\/\"]}]},{\"@type\":\"ImageObject\",\"inLanguage\":\"de\",\"@id\":\"https:\\\/\\\/martinluther.ca\\\/de\\\/programme-und-dienste\\\/tech-team-german\\\/#primaryimage\",\"url\":\"https:\\\/\\\/martinluther.ca\\\/wp-content\\\/uploads\\\/2022\\\/05\\\/2022-Easter-Service-24-Andy-and-Alex-Boettcher-300x225.jpg\",\"contentUrl\":\"https:\\\/\\\/martinluther.ca\\\/wp-content\\\/uploads\\\/2022\\\/05\\\/2022-Easter-Service-24-Andy-and-Alex-Boettcher-300x225.jpg\"},{\"@type\":\"BreadcrumbList\",\"@id\":\"https:\\\/\\\/martinluther.ca\\\/de\\\/programme-und-dienste\\\/tech-team-german\\\/#breadcrumb\",\"itemListElement\":[{\"@type\":\"ListItem\",\"position\":1,\"name\":\"Home\",\"item\":\"https:\\\/\\\/martinluther.ca\\\/de\\\/\"},{\"@type\":\"ListItem\",\"position\":2,\"name\":\"Programme und Dienste\",\"item\":\"https:\\\/\\\/martinluther.ca\\\/de\\\/programme-und-dienste\\\/\"},{\"@type\":\"ListItem\",\"position\":3,\"name\":\"Tech-Team &#8211; German\"}]},{\"@type\":\"WebSite\",\"@id\":\"https:\\\/\\\/martinluther.ca\\\/de\\\/#website\",\"url\":\"https:\\\/\\\/martinluther.ca\\\/de\\\/\",\"name\":\"Martin Luther Evangelical Church Toronto\",\"description\":\"Deutsch &amp; Englisch\",\"publisher\":{\"@id\":\"https:\\\/\\\/martinluther.ca\\\/de\\\/#organization\"},\"potentialAction\":[{\"@type\":\"SearchAction\",\"target\":{\"@type\":\"EntryPoint\",\"urlTemplate\":\"https:\\\/\\\/martinluther.ca\\\/de\\\/?s={search_term_string}\"},\"query-input\":{\"@type\":\"PropertyValueSpecification\",\"valueRequired\":true,\"valueName\":\"search_term_string\"}}],\"inLanguage\":\"de\"},{\"@type\":\"Organization\",\"@id\":\"https:\\\/\\\/martinluther.ca\\\/de\\\/#organization\",\"name\":\"Martin Luther Evangelical Church Toronto\",\"url\":\"https:\\\/\\\/martinluther.ca\\\/de\\\/\",\"logo\":{\"@type\":\"ImageObject\",\"inLanguage\":\"de\",\"@id\":\"https:\\\/\\\/martinluther.ca\\\/de\\\/#\\\/schema\\\/logo\\\/image\\\/\",\"url\":\"https:\\\/\\\/martinluther.ca\\\/wp-content\\\/uploads\\\/2016\\\/12\\\/ml-logo-300.png\",\"contentUrl\":\"https:\\\/\\\/martinluther.ca\\\/wp-content\\\/uploads\\\/2016\\\/12\\\/ml-logo-300.png\",\"width\":300,\"height\":150,\"caption\":\"Martin Luther Evangelical Church Toronto\"},\"image\":{\"@id\":\"https:\\\/\\\/martinluther.ca\\\/de\\\/#\\\/schema\\\/logo\\\/image\\\/\"},\"sameAs\":[\"https:\\\/\\\/www.facebook.com\\\/martinlutherchurchtoronto\",\"https:\\\/\\\/www.instagram.com\\\/lutheransbythelake\\\/\",\"https:\\\/\\\/www.youtube.com\\\/MartinLutherChurchToronto\"]}]}<\/script>\n<!-- \/ Yoast SEO plugin. -->","yoast_head_json":{"title":"Tech-Team - German - Martin Luther Evangelische Kirche Toronto","robots":{"index":"index","follow":"follow","max-snippet":"max-snippet:-1","max-image-preview":"max-image-preview:large","max-video-preview":"max-video-preview:-1"},"canonical":"https:\/\/martinluther.ca\/de\/programme-und-dienste\/tech-team-german\/","og_locale":"de_DE","og_type":"article","og_title":"Tech-Team - German - Martin Luther Evangelische Kirche Toronto","og_description":"Haben Sie sich unsere YouTube-Videos angesehen? &#8211; Das ist unserem Tech-Team zu verdanken! Besuchen Sie unseren YouTube-Kanal unter https:\/\/www.youtube.com\/MartinLutherChurchToronto Das Tech-Team reduziert sich! Ab Januar 2023 hat das Tech-Team der Kirche die w\u00f6chentliche Aufzeichnung und Ver\u00f6ffentlichung der Predigten ausgesetzt und wird nur noch zu besonderen Anl\u00e4ssen in unserem liturgischen Jahr aufzeichnen. Dies liegt an der&hellip;","og_url":"https:\/\/martinluther.ca\/de\/programme-und-dienste\/tech-team-german\/","og_site_name":"Martin Luther Evangelische Kirche Toronto","article_publisher":"https:\/\/www.facebook.com\/martinlutherchurchtoronto","article_modified_time":"2025-11-19T21:07:29+00:00","og_image":[{"url":"https:\/\/martinluther.ca\/wp-content\/uploads\/2022\/05\/2022-Easter-Service-24-Andy-and-Alex-Boettcher-300x225.jpg","type":"","width":"","height":""}],"twitter_card":"summary_large_image","twitter_misc":{"Gesch\u00e4tzte Lesezeit":"2\u00a0Minuten"},"schema":{"@context":"https:\/\/schema.org","@graph":[{"@type":"WebPage","@id":"https:\/\/martinluther.ca\/de\/programme-und-dienste\/tech-team-german\/","url":"https:\/\/martinluther.ca\/de\/programme-und-dienste\/tech-team-german\/","name":"Tech-Team - German - Martin Luther Evangelische Kirche Toronto","isPartOf":{"@id":"https:\/\/martinluther.ca\/de\/#website"},"primaryImageOfPage":{"@id":"https:\/\/martinluther.ca\/de\/programme-und-dienste\/tech-team-german\/#primaryimage"},"image":{"@id":"https:\/\/martinluther.ca\/de\/programme-und-dienste\/tech-team-german\/#primaryimage"},"thumbnailUrl":"https:\/\/martinluther.ca\/wp-content\/uploads\/2022\/05\/2022-Easter-Service-24-Andy-and-Alex-Boettcher-300x225.jpg","datePublished":"2023-01-18T16:33:59+00:00","dateModified":"2025-11-19T21:07:29+00:00","breadcrumb":{"@id":"https:\/\/martinluther.ca\/de\/programme-und-dienste\/tech-team-german\/#breadcrumb"},"inLanguage":"de","potentialAction":[{"@type":"ReadAction","target":["https:\/\/martinluther.ca\/de\/programme-und-dienste\/tech-team-german\/"]}]},{"@type":"ImageObject","inLanguage":"de","@id":"https:\/\/martinluther.ca\/de\/programme-und-dienste\/tech-team-german\/#primaryimage","url":"https:\/\/martinluther.ca\/wp-content\/uploads\/2022\/05\/2022-Easter-Service-24-Andy-and-Alex-Boettcher-300x225.jpg","contentUrl":"https:\/\/martinluther.ca\/wp-content\/uploads\/2022\/05\/2022-Easter-Service-24-Andy-and-Alex-Boettcher-300x225.jpg"},{"@type":"BreadcrumbList","@id":"https:\/\/martinluther.ca\/de\/programme-und-dienste\/tech-team-german\/#breadcrumb","itemListElement":[{"@type":"ListItem","position":1,"name":"Home","item":"https:\/\/martinluther.ca\/de\/"},{"@type":"ListItem","position":2,"name":"Programme und Dienste","item":"https:\/\/martinluther.ca\/de\/programme-und-dienste\/"},{"@type":"ListItem","position":3,"name":"Tech-Team &#8211; German"}]},{"@type":"WebSite","@id":"https:\/\/martinluther.ca\/de\/#website","url":"https:\/\/martinluther.ca\/de\/","name":"Martin Luther Evangelical Church Toronto","description":"Deutsch &amp; Englisch","publisher":{"@id":"https:\/\/martinluther.ca\/de\/#organization"},"potentialAction":[{"@type":"SearchAction","target":{"@type":"EntryPoint","urlTemplate":"https:\/\/martinluther.ca\/de\/?s={search_term_string}"},"query-input":{"@type":"PropertyValueSpecification","valueRequired":true,"valueName":"search_term_string"}}],"inLanguage":"de"},{"@type":"Organization","@id":"https:\/\/martinluther.ca\/de\/#organization","name":"Martin Luther Evangelical Church Toronto","url":"https:\/\/martinluther.ca\/de\/","logo":{"@type":"ImageObject","inLanguage":"de","@id":"https:\/\/martinluther.ca\/de\/#\/schema\/logo\/image\/","url":"https:\/\/martinluther.ca\/wp-content\/uploads\/2016\/12\/ml-logo-300.png","contentUrl":"https:\/\/martinluther.ca\/wp-content\/uploads\/2016\/12\/ml-logo-300.png","width":300,"height":150,"caption":"Martin Luther Evangelical Church Toronto"},"image":{"@id":"https:\/\/martinluther.ca\/de\/#\/schema\/logo\/image\/"},"sameAs":["https:\/\/www.facebook.com\/martinlutherchurchtoronto","https:\/\/www.instagram.com\/lutheransbythelake\/","https:\/\/www.youtube.com\/MartinLutherChurchToronto"]}]}},"_links":{"self":[{"href":"https:\/\/martinluther.ca\/de\/wp-json\/wp\/v2\/pages\/44095","targetHints":{"allow":["GET"]}}],"collection":[{"href":"https:\/\/martinluther.ca\/de\/wp-json\/wp\/v2\/pages"}],"about":[{"href":"https:\/\/martinluther.ca\/de\/wp-json\/wp\/v2\/types\/page"}],"author":[{"embeddable":true,"href":"https:\/\/martinluther.ca\/de\/wp-json\/wp\/v2\/users\/9"}],"replies":[{"embeddable":true,"href":"https:\/\/martinluther.ca\/de\/wp-json\/wp\/v2\/comments?post=44095"}],"version-history":[{"count":4,"href":"https:\/\/martinluther.ca\/de\/wp-json\/wp\/v2\/pages\/44095\/revisions"}],"predecessor-version":[{"id":54596,"href":"https:\/\/martinluther.ca\/de\/wp-json\/wp\/v2\/pages\/44095\/revisions\/54596"}],"up":[{"embeddable":true,"href":"https:\/\/martinluther.ca\/de\/wp-json\/wp\/v2\/pages\/18913"}],"wp:attachment":[{"href":"https:\/\/martinluther.ca\/de\/wp-json\/wp\/v2\/media?parent=44095"}],"curies":[{"name":"wp","href":"https:\/\/api.w.org\/{rel}","templated":true}]}}