{"id":54627,"date":"2025-09-17T10:49:45","date_gmt":"2025-09-17T14:49:45","guid":{"rendered":"https:\/\/martinluther.ca\/?page_id=54627"},"modified":"2025-11-14T17:03:21","modified_gmt":"2025-11-14T22:03:21","slug":"mach-mit","status":"publish","type":"page","link":"https:\/\/martinluther.ca\/de\/mach-mit\/","title":{"rendered":"Mach mit"},"content":{"rendered":"<p>Wenn Sie einen spirituellen Anker und eine Kirchengemeinde suchen, in der Sie sich zu Hause f\u00fchlen, dann sind Sie hier genau richtig.<\/p>\n<p>Haben Sie Fragen? Sprechen Sie uns gerne pers\u00f6nlich an.<\/p>\n<p>Am Eingang zum Gottesdienst treffen Sie Mitglieder des Kirchenvorstands, die Ihre Fragen auf Englisch und Deutsch beantworten k\u00f6nnen. Selbstverst\u00e4ndlich k\u00f6nnen Sie auch einen Termin mit unserem Pastor Christian Ceconi vereinbaren oder sich nach dem Gottesdienst bei Kaffee und Kuchen im Untergeschoss mit uns unterhalten.<\/p>\n","protected":false},"excerpt":{"rendered":"<p>Wenn Sie einen spirituellen Anker und eine Kirchengemeinde suchen, in der Sie sich zu Hause f\u00fchlen, dann sind Sie hier genau richtig. Haben Sie Fragen? Sprechen Sie uns gerne pers\u00f6nlich an. Am Eingang zum Gottesdienst treffen Sie Mitglieder des Kirchenvorstands, die Ihre Fragen auf Englisch und Deutsch beantworten k\u00f6nnen. Selbstverst\u00e4ndlich k\u00f6nnen Sie auch einen Termin&hellip;<\/p>\n","protected":false},"author":9,"featured_media":0,"parent":0,"menu_order":0,"comment_status":"closed","ping_status":"closed","template":"","meta":{"footnotes":""},"class_list":["post-54627","page","type-page","status-publish","hentry","entry","no-media"],"yoast_head":"<!-- This site is optimized with the Yoast SEO plugin v27.5 - https:\/\/yoast.com\/product\/yoast-seo-wordpress\/ -->\n<title>Mach mit - Martin Luther Evangelische Kirche Toronto<\/title>\n<meta name=\"robots\" content=\"index, follow, max-snippet:-1, max-image-preview:large, max-video-preview:-1\" \/>\n<link rel=\"canonical\" href=\"https:\/\/martinluther.ca\/de\/mach-mit\/\" \/>\n<meta property=\"og:locale\" content=\"de_DE\" \/>\n<meta property=\"og:type\" content=\"article\" \/>\n<meta property=\"og:title\" content=\"Mach mit - Martin Luther Evangelische Kirche Toronto\" \/>\n<meta property=\"og:description\" content=\"Wenn Sie einen spirituellen Anker und eine Kirchengemeinde suchen, in der Sie sich zu Hause f\u00fchlen, dann sind Sie hier genau richtig. Haben Sie Fragen? Sprechen Sie uns gerne pers\u00f6nlich an. Am Eingang zum Gottesdienst treffen Sie Mitglieder des Kirchenvorstands, die Ihre Fragen auf Englisch und Deutsch beantworten k\u00f6nnen. Selbstverst\u00e4ndlich k\u00f6nnen Sie auch einen Termin&hellip;\" \/>\n<meta property=\"og:url\" content=\"https:\/\/martinluther.ca\/de\/mach-mit\/\" \/>\n<meta property=\"og:site_name\" content=\"Martin Luther Evangelische Kirche Toronto\" \/>\n<meta property=\"article:publisher\" content=\"https:\/\/www.facebook.com\/martinlutherchurchtoronto\" \/>\n<meta property=\"article:modified_time\" content=\"2025-11-14T22:03:21+00:00\" \/>\n<meta name=\"twitter:card\" content=\"summary_large_image\" \/>\n<meta name=\"twitter:label1\" content=\"Gesch\u00e4tzte Lesezeit\" \/>\n\t<meta name=\"twitter:data1\" content=\"1\u00a0Minute\" \/>\n<script type=\"application\/ld+json\" class=\"yoast-schema-graph\">{\"@context\":\"https:\\\/\\\/schema.org\",\"@graph\":[{\"@type\":\"WebPage\",\"@id\":\"https:\\\/\\\/martinluther.ca\\\/de\\\/mach-mit\\\/\",\"url\":\"https:\\\/\\\/martinluther.ca\\\/de\\\/mach-mit\\\/\",\"name\":\"Mach mit - Martin Luther Evangelische Kirche Toronto\",\"isPartOf\":{\"@id\":\"https:\\\/\\\/martinluther.ca\\\/de\\\/#website\"},\"datePublished\":\"2025-09-17T14:49:45+00:00\",\"dateModified\":\"2025-11-14T22:03:21+00:00\",\"breadcrumb\":{\"@id\":\"https:\\\/\\\/martinluther.ca\\\/de\\\/mach-mit\\\/#breadcrumb\"},\"inLanguage\":\"de\",\"potentialAction\":[{\"@type\":\"ReadAction\",\"target\":[\"https:\\\/\\\/martinluther.ca\\\/de\\\/mach-mit\\\/\"]}]},{\"@type\":\"BreadcrumbList\",\"@id\":\"https:\\\/\\\/martinluther.ca\\\/de\\\/mach-mit\\\/#breadcrumb\",\"itemListElement\":[{\"@type\":\"ListItem\",\"position\":1,\"name\":\"Home\",\"item\":\"https:\\\/\\\/martinluther.ca\\\/de\\\/\"},{\"@type\":\"ListItem\",\"position\":2,\"name\":\"Mach mit\"}]},{\"@type\":\"WebSite\",\"@id\":\"https:\\\/\\\/martinluther.ca\\\/de\\\/#website\",\"url\":\"https:\\\/\\\/martinluther.ca\\\/de\\\/\",\"name\":\"Martin Luther Evangelical Church Toronto\",\"description\":\"Deutsch &amp; Englisch\",\"publisher\":{\"@id\":\"https:\\\/\\\/martinluther.ca\\\/de\\\/#organization\"},\"potentialAction\":[{\"@type\":\"SearchAction\",\"target\":{\"@type\":\"EntryPoint\",\"urlTemplate\":\"https:\\\/\\\/martinluther.ca\\\/de\\\/?s={search_term_string}\"},\"query-input\":{\"@type\":\"PropertyValueSpecification\",\"valueRequired\":true,\"valueName\":\"search_term_string\"}}],\"inLanguage\":\"de\"},{\"@type\":\"Organization\",\"@id\":\"https:\\\/\\\/martinluther.ca\\\/de\\\/#organization\",\"name\":\"Martin Luther Evangelical Church Toronto\",\"url\":\"https:\\\/\\\/martinluther.ca\\\/de\\\/\",\"logo\":{\"@type\":\"ImageObject\",\"inLanguage\":\"de\",\"@id\":\"https:\\\/\\\/martinluther.ca\\\/de\\\/#\\\/schema\\\/logo\\\/image\\\/\",\"url\":\"https:\\\/\\\/martinluther.ca\\\/wp-content\\\/uploads\\\/2016\\\/12\\\/ml-logo-300.png\",\"contentUrl\":\"https:\\\/\\\/martinluther.ca\\\/wp-content\\\/uploads\\\/2016\\\/12\\\/ml-logo-300.png\",\"width\":300,\"height\":150,\"caption\":\"Martin Luther Evangelical Church Toronto\"},\"image\":{\"@id\":\"https:\\\/\\\/martinluther.ca\\\/de\\\/#\\\/schema\\\/logo\\\/image\\\/\"},\"sameAs\":[\"https:\\\/\\\/www.facebook.com\\\/martinlutherchurchtoronto\",\"https:\\\/\\\/www.instagram.com\\\/lutheransbythelake\\\/\",\"https:\\\/\\\/www.youtube.com\\\/MartinLutherChurchToronto\"]}]}<\/script>\n<!-- \/ Yoast SEO plugin. -->","yoast_head_json":{"title":"Mach mit - Martin Luther Evangelische Kirche Toronto","robots":{"index":"index","follow":"follow","max-snippet":"max-snippet:-1","max-image-preview":"max-image-preview:large","max-video-preview":"max-video-preview:-1"},"canonical":"https:\/\/martinluther.ca\/de\/mach-mit\/","og_locale":"de_DE","og_type":"article","og_title":"Mach mit - Martin Luther Evangelische Kirche Toronto","og_description":"Wenn Sie einen spirituellen Anker und eine Kirchengemeinde suchen, in der Sie sich zu Hause f\u00fchlen, dann sind Sie hier genau richtig. Haben Sie Fragen? Sprechen Sie uns gerne pers\u00f6nlich an. Am Eingang zum Gottesdienst treffen Sie Mitglieder des Kirchenvorstands, die Ihre Fragen auf Englisch und Deutsch beantworten k\u00f6nnen. Selbstverst\u00e4ndlich k\u00f6nnen Sie auch einen Termin&hellip;","og_url":"https:\/\/martinluther.ca\/de\/mach-mit\/","og_site_name":"Martin Luther Evangelische Kirche Toronto","article_publisher":"https:\/\/www.facebook.com\/martinlutherchurchtoronto","article_modified_time":"2025-11-14T22:03:21+00:00","twitter_card":"summary_large_image","twitter_misc":{"Gesch\u00e4tzte Lesezeit":"1\u00a0Minute"},"schema":{"@context":"https:\/\/schema.org","@graph":[{"@type":"WebPage","@id":"https:\/\/martinluther.ca\/de\/mach-mit\/","url":"https:\/\/martinluther.ca\/de\/mach-mit\/","name":"Mach mit - Martin Luther Evangelische Kirche Toronto","isPartOf":{"@id":"https:\/\/martinluther.ca\/de\/#website"},"datePublished":"2025-09-17T14:49:45+00:00","dateModified":"2025-11-14T22:03:21+00:00","breadcrumb":{"@id":"https:\/\/martinluther.ca\/de\/mach-mit\/#breadcrumb"},"inLanguage":"de","potentialAction":[{"@type":"ReadAction","target":["https:\/\/martinluther.ca\/de\/mach-mit\/"]}]},{"@type":"BreadcrumbList","@id":"https:\/\/martinluther.ca\/de\/mach-mit\/#breadcrumb","itemListElement":[{"@type":"ListItem","position":1,"name":"Home","item":"https:\/\/martinluther.ca\/de\/"},{"@type":"ListItem","position":2,"name":"Mach mit"}]},{"@type":"WebSite","@id":"https:\/\/martinluther.ca\/de\/#website","url":"https:\/\/martinluther.ca\/de\/","name":"Martin Luther Evangelical Church Toronto","description":"Deutsch &amp; Englisch","publisher":{"@id":"https:\/\/martinluther.ca\/de\/#organization"},"potentialAction":[{"@type":"SearchAction","target":{"@type":"EntryPoint","urlTemplate":"https:\/\/martinluther.ca\/de\/?s={search_term_string}"},"query-input":{"@type":"PropertyValueSpecification","valueRequired":true,"valueName":"search_term_string"}}],"inLanguage":"de"},{"@type":"Organization","@id":"https:\/\/martinluther.ca\/de\/#organization","name":"Martin Luther Evangelical Church Toronto","url":"https:\/\/martinluther.ca\/de\/","logo":{"@type":"ImageObject","inLanguage":"de","@id":"https:\/\/martinluther.ca\/de\/#\/schema\/logo\/image\/","url":"https:\/\/martinluther.ca\/wp-content\/uploads\/2016\/12\/ml-logo-300.png","contentUrl":"https:\/\/martinluther.ca\/wp-content\/uploads\/2016\/12\/ml-logo-300.png","width":300,"height":150,"caption":"Martin Luther Evangelical Church Toronto"},"image":{"@id":"https:\/\/martinluther.ca\/de\/#\/schema\/logo\/image\/"},"sameAs":["https:\/\/www.facebook.com\/martinlutherchurchtoronto","https:\/\/www.instagram.com\/lutheransbythelake\/","https:\/\/www.youtube.com\/MartinLutherChurchToronto"]}]}},"_links":{"self":[{"href":"https:\/\/martinluther.ca\/de\/wp-json\/wp\/v2\/pages\/54627","targetHints":{"allow":["GET"]}}],"collection":[{"href":"https:\/\/martinluther.ca\/de\/wp-json\/wp\/v2\/pages"}],"about":[{"href":"https:\/\/martinluther.ca\/de\/wp-json\/wp\/v2\/types\/page"}],"author":[{"embeddable":true,"href":"https:\/\/martinluther.ca\/de\/wp-json\/wp\/v2\/users\/9"}],"replies":[{"embeddable":true,"href":"https:\/\/martinluther.ca\/de\/wp-json\/wp\/v2\/comments?post=54627"}],"version-history":[{"count":3,"href":"https:\/\/martinluther.ca\/de\/wp-json\/wp\/v2\/pages\/54627\/revisions"}],"predecessor-version":[{"id":56106,"href":"https:\/\/martinluther.ca\/de\/wp-json\/wp\/v2\/pages\/54627\/revisions\/56106"}],"wp:attachment":[{"href":"https:\/\/martinluther.ca\/de\/wp-json\/wp\/v2\/media?parent=54627"}],"curies":[{"name":"wp","href":"https:\/\/api.w.org\/{rel}","templated":true}]}}